{"id":859,"date":"2019-02-06T23:54:55","date_gmt":"2019-02-06T20:54:55","guid":{"rendered":"http:\/\/hortum.com.tr\/product\/import-placeholder-for-573\/"},"modified":"2024-03-21T17:41:36","modified_gmt":"2024-03-21T14:41:36","slug":"vidanjor-hortumu","status":"publish","type":"product","link":"https:\/\/tuzlahortum.com.tr\/fr\/produit\/vidanjor-hortumu\/","title":{"rendered":"Tuyau d&#039;aspiration"},"content":{"rendered":"<h2>Tuyau d&#039;aspiration<\/h2>\n<p>Fonctionnalit\u00e9s<\/p>\n<p>Il peut \u00eatre utilis\u00e9 comme absorbeur et \u00e9metteur. Le PVC transparent flexible est produit avec un renfort en PVC rigide \u00e0 haute r\u00e9sistance et r\u00e9sistance maximale \u00e0 la rupture.<br \/>\nTemp\u00e9rature de fonctionnement<\/p>\n<p>-5\u00b0C \u00e0 +60\u00b0C<\/p>\n<p>Zones d&#039;utilisation<\/p>\n<p>Il peut \u00eatre utilis\u00e9 pour le transport intensif de toutes sortes de liquides et autres mat\u00e9riaux dans des camions aspirateurs.<\/p>\n<table class=\"table table-bordered\">\n<thead>\n<tr>\n<th><\/th>\n<th>Diam\u00e8tre (pouce)<\/th>\n<th>Diam\u00e8tre (mm)<\/th>\n<th>Longueur (mt)<\/th>\n<\/tr>\n<\/thead>\n<tbody>\n<tr>\n<th scope=\"row\"><\/th>\n<td>4\u2033<\/td>\n<td>102mm<\/td>\n<td>15<\/td>\n<\/tr>\n<\/tbody>\n<\/table>\n<div class=\"video video-fit mb\" style=\"padding-top:56.25%;\"><p><iframe loading=\"lazy\" title=\"Confusion des mesures (pouces, doigts, brume, millim\u00e8tres)\" width=\"1020\" height=\"574\" src=\"https:\/\/www.youtube.com\/embed\/uKk6AG_AZls?feature=oembed\" frameborder=\"0\" allow=\"accelerometer; autoplay; clipboard-write; encrypted-media; gyroscope; picture-in-picture\" allowfullscreen><\/iframe><\/p>\n<\/div>\n<div class=\"video video-fit mb\" style=\"padding-top:56.25%;\"><p>https:\/\/www.youtube.com\/watch?v=O8ZlzKEjfEQ%20<\/p>\n<\/div>","protected":false},"excerpt":{"rendered":"<p>Tuyau pi\u00e8ge \u00e0 vis Caract\u00e9ristiques Il peut \u00eatre utilis\u00e9 comme absorbant et comme transmetteur. Le PVC transparent flexible est produit avec un renfort en PVC dur de haute r\u00e9sistance, avec une r\u00e9sistance maximale \u00e0 la rupture. Temp\u00e9rature de fonctionnement -5\u00b0C \u00e0 +60\u00b0C Domaines d'utilisation Il peut \u00eatre utilis\u00e9 pour toutes sortes de transport de liquides et d'autres mat\u00e9riaux dans les fosses septiques. Diam\u00e8tre (pouce) Diam\u00e8tre (mm) Longueur (mt) 4\u2033 102 mm 15<\/p>","protected":false},"featured_media":1979,"comment_status":"open","ping_status":"closed","template":"","meta":{"jetpack_post_was_ever_published":false},"product_brand":[],"product_cat":[2327,168],"product_tag":[290,1103,1033,1058],"class_list":{"0":"post-859","1":"product","2":"type-product","3":"status-publish","4":"has-post-thumbnail","6":"product_cat-kanal-acma-hortumlari","7":"product_cat-pvc-spiralli-hortumlari","8":"product_tag-hortum","9":"product_tag-likit","10":"product_tag-vidanjor","11":"product_tag-vidanjor-hortumu","13":"first","14":"instock","15":"featured","16":"taxable","17":"shipping-taxable","18":"product-type-variable"},"jetpack-related-posts":[],"jetpack_sharing_enabled":true,"jetpack_likes_enabled":true,"_links":{"self":[{"href":"https:\/\/tuzlahortum.com.tr\/fr\/wp-json\/wp\/v2\/product\/859","targetHints":{"allow":["GET"]}}],"collection":[{"href":"https:\/\/tuzlahortum.com.tr\/fr\/wp-json\/wp\/v2\/product"}],"about":[{"href":"https:\/\/tuzlahortum.com.tr\/fr\/wp-json\/wp\/v2\/types\/product"}],"replies":[{"embeddable":true,"href":"https:\/\/tuzlahortum.com.tr\/fr\/wp-json\/wp\/v2\/comments?post=859"}],"wp:featuredmedia":[{"embeddable":true,"href":"https:\/\/tuzlahortum.com.tr\/fr\/wp-json\/wp\/v2\/media\/1979"}],"wp:attachment":[{"href":"https:\/\/tuzlahortum.com.tr\/fr\/wp-json\/wp\/v2\/media?parent=859"}],"wp:term":[{"taxonomy":"product_brand","embeddable":true,"href":"https:\/\/tuzlahortum.com.tr\/fr\/wp-json\/wp\/v2\/product_brand?post=859"},{"taxonomy":"product_cat","embeddable":true,"href":"https:\/\/tuzlahortum.com.tr\/fr\/wp-json\/wp\/v2\/product_cat?post=859"},{"taxonomy":"product_tag","embeddable":true,"href":"https:\/\/tuzlahortum.com.tr\/fr\/wp-json\/wp\/v2\/product_tag?post=859"}],"curies":[{"name":"wp","href":"https:\/\/api.w.org\/{rel}","templated":true}]}}