{"id":857,"date":"2019-02-06T23:54:54","date_gmt":"2019-02-06T20:54:54","guid":{"rendered":"http:\/\/hortum.com.tr\/product\/import-placeholder-for-589\/"},"modified":"2024-03-21T17:41:37","modified_gmt":"2024-03-21T14:41:37","slug":"seffaf-burflex-flexible-hortum","status":"publish","type":"product","link":"https:\/\/tuzlahortum.com.tr\/fr\/produit\/seffaf-burflex-flexible-hortum\/","title":{"rendered":"Tuyau Flexible Burflex Transparent"},"content":{"rendered":"<h2>Tuyau Flexible Burflex Transparent<\/h2>\n<table class=\"table table-striped\">\n<tbody>\n<tr>\n<td>MAT\u00c9RIEL: <strong>PVC<\/strong><\/td>\n<\/tr>\n<tr>\n<td>TYPE DE FIL\u00a0: <strong>FIL D&#039;ACIER RECOUVERT DE PVC<\/strong><\/td>\n<\/tr>\n<tr>\n<td>COULEUR: <strong>TRANSPARENT<\/strong><\/td>\n<\/tr>\n<tr>\n<td>\u00c9PAISSEUR DE LA VIANDE\u00a0: <strong>0.60MM<\/strong><\/td>\n<\/tr>\n<\/tbody>\n<\/table>\n<p><strong>POURQUOI PVC TRANSPARENT FLEX ?<\/strong><br \/>\n&gt; INT\u00c9RIEUR PVC TRANSPARENT<br \/>\n&gt; DUR<br \/>\n&gt; R\u00c9SISTANT AUX CHOCS<br \/>\n&gt; FAIBLE CO\u00dbT<\/p>\n<div class=\"video video-fit mb\" style=\"padding-top:56.25%;\"><p><iframe loading=\"lazy\" title=\"Confusion des mesures (pouces, doigts, brume, millim\u00e8tres)\" width=\"1020\" height=\"574\" src=\"https:\/\/www.youtube.com\/embed\/uKk6AG_AZls?feature=oembed\" frameborder=\"0\" allow=\"accelerometer; autoplay; clipboard-write; encrypted-media; gyroscope; picture-in-picture; web-share\" referrerpolicy=\"strict-origin-when-cross-origin\" allowfullscreen><\/iframe><\/p>\n<\/div>\n<p><strong>DOMAINE D&#039;UTILISATION<\/strong><\/p>\n<ul class=\"links\">\n<li>POUR LES ENVIRONNEMENTS \u00c0 FAIBLE MOUVEMENT<\/li>\n<li>DANS LES MACHINES DE CARRI\u00c8RE ET TEXTILE<\/li>\n<li>DANS LES SYST\u00c8MES D&#039;ASPIRATION DE POUSSI\u00c8RES<\/li>\n<li>DANS L&#039;AGRICULTURE, L&#039;INDUSTRIE ET LA CONSTRUCTION<\/li>\n<li>EN GAZ, POUDRE, FIBRE, TRANSFERT DE PUCES<\/li>\n<\/ul>","protected":false},"excerpt":{"rendered":"<p>\u015eeffaf Burflex Flexible Hortum MATERYAL: P.V.C TEL C\u0130NS\u0130: P.V.C KAPLI \u00c7EL\u0130K TEL RENK: \u015eEFFAF ET KALINLI\u011eI: 0,60 MM NEDEN P.V.C \u015eEFFAF FLEX ? &gt; \u015eEFFAF PVC \u0130\u00c7 Y\u00dcZEY &gt; SERT &gt; \u015eOKA DAYANIKLI &gt; D\u00dc\u015e\u00dcK MAL\u0130YET KULLANIM ALANI AZ HARAKETL\u0130 ORTAMLAR \u0130\u00c7\u0130N MARANGOZ VE TEKST\u0130L MAK\u0130NELER\u0130NDE TOZ EMME S\u0130STEMLER\u0130NDE TARIM , SANAY\u0130 VE \u0130N\u015eAATLARDA GAZ, [&#8230;]\n","protected":false},"featured_media":6316,"comment_status":"open","ping_status":"closed","template":"","meta":[],"product_brand":[],"product_cat":[148],"product_tag":[294,225,1102,338,625,1100,723,1019,1099,362,652,908,361,1101],"class_list":{"0":"post-857","1":"product","2":"type-product","3":"status-publish","4":"has-post-thumbnail","6":"product_cat-pvc-ozellikli-flex-hortumlar","7":"product_tag-dayanikli","8":"product_tag-dusuk-maliyet","9":"product_tag-elyaf","10":"product_tag-gaz","11":"product_tag-insaat","12":"product_tag-marangoz","13":"product_tag-sanayi","14":"product_tag-seffaf","15":"product_tag-sert","16":"product_tag-talas","17":"product_tag-tarim","18":"product_tag-tekstil","19":"product_tag-toz","20":"product_tag-toz-emme","22":"first","23":"instock","24":"taxable","25":"shipping-taxable","26":"product-type-variable"},"jetpack-related-posts":[{"id":12156,"url":"https:\/\/tuzlahortum.com.tr\/fr\/produit\/telli-seffaf-hortumlar-kopya\/","url_meta":{"origin":857,"position":0},"title":"Fil Transparent Tuyau Huile D&#039;Olive","author":"\u0130smail \u00c7elik","date":"7 octobre 2020","format":false,"excerpt":"Telli \u015eeffaf Hortum Zeytinya\u011f\u0131G\u0131da s\u0131v\u0131lar\u0131n\u0131n ve bitkisel ya\u011flar\u0131n\u0131n emilmesi ve iletilmesi i\u00e7in\u00a0 \u00e7elik telli spiralli PU hortum. Avrupa Birli\u011fi EU 10\/2011 A B C\u00a0 D2\u00a0 Normlar\u0131na uygun\u00a0 ve bitkisel ya\u011flar\u0131n, End\u00fcstriyel ya\u011flar\u0131n emilmesi ve iletilmesi kullan\u0131l\u0131r ve kokusuzdur. Hafif kimyasallar\u0131n transferlerinde kullan\u0131ma uygundur.","rel":"","context":"Article similaire","block_context":{"text":"Article similaire","link":""},"img":{"alt_text":"","src":"https:\/\/i0.wp.com\/tuzlahortum.com.tr\/wp-content\/uploads\/2020\/10\/TELLI-SEFFAF-ZEYTINYAGI-HORTUMU-5.jpeg?fit=1200%2C900&ssl=1&resize=350%2C200","width":350,"height":200,"srcset":"https:\/\/i0.wp.com\/tuzlahortum.com.tr\/wp-content\/uploads\/2020\/10\/TELLI-SEFFAF-ZEYTINYAGI-HORTUMU-5.jpeg?fit=1200%2C900&ssl=1&resize=350%2C200 1x, https:\/\/i0.wp.com\/tuzlahortum.com.tr\/wp-content\/uploads\/2020\/10\/TELLI-SEFFAF-ZEYTINYAGI-HORTUMU-5.jpeg?fit=1200%2C900&ssl=1&resize=525%2C300 1.5x, https:\/\/i0.wp.com\/tuzlahortum.com.tr\/wp-content\/uploads\/2020\/10\/TELLI-SEFFAF-ZEYTINYAGI-HORTUMU-5.jpeg?fit=1200%2C900&ssl=1&resize=700%2C400 2x, https:\/\/i0.wp.com\/tuzlahortum.com.tr\/wp-content\/uploads\/2020\/10\/TELLI-SEFFAF-ZEYTINYAGI-HORTUMU-5.jpeg?fit=1200%2C900&ssl=1&resize=1050%2C600 3x"},"classes":[]},{"id":813,"url":"https:\/\/tuzlahortum.com.tr\/fr\/produit\/orgulu-seffaf-hortum-ekonomik\/","url_meta":{"origin":857,"position":1},"title":"Tuyau Transparent Tress\u00e9 (\u00c9CONOMIQUE)","author":"admin","date":"6 f\u00e9vrier 2019","format":false,"excerpt":"\u00d6rg\u00fcl\u00fc \u015eeffaf Hortum (EKONOM\u0130K)\u00d6zellikler Alt kat \u015feffaf PVC ve y\u00fcksek mukavemetli polyester iplik, \u00fcst katta a\u015f\u0131nmaya dayan\u0131kl\u0131 \u015feffaf PVC ile \u00fcretilmi\u015ftir. \u00c7al\u0131\u015fma S\u0131cakl\u0131\u011f\u0131 -10\u00b0C ile +50\u00b0C aras\u0131 Kullan\u0131m Alanlar\u0131 Ev, bah\u00e7e, tarla, sanayi ve in\u015faat sekt\u00f6r\u00fcnde sulama ve tahliye i\u015flerinde kullan\u0131l\u0131r .","rel":"","context":"Article similaire","block_context":{"text":"Article similaire","link":""},"img":{"alt_text":"","src":"https:\/\/i0.wp.com\/tuzlahortum.com.tr\/wp-content\/uploads\/kategoriler\/orguluseffaf.png?fit=498%2C335&ssl=1&resize=350%2C200","width":350,"height":200},"classes":[]},{"id":814,"url":"https:\/\/tuzlahortum.com.tr\/fr\/produit\/orgulu-seffaf-hortum-standart\/","url_meta":{"origin":857,"position":2},"title":"Tuyau Transparent Tress\u00e9 (STANDARD)","author":"admin","date":"6 f\u00e9vrier 2019","format":false,"excerpt":"\u00d6rg\u00fcl\u00fc \u015eeffaf Hortum (STANDART)\u00d6zellikler Alt kat \u015feffaf PVC ve y\u00fcksek mukavemetli polyester iplik, \u00fcst katta a\u015f\u0131nmaya dayan\u0131kl\u0131 \u015feffaf PVC ile \u00fcretilmi\u015ftir. \u00c7al\u0131\u015fma S\u0131cakl\u0131\u011f\u0131 -10\u00b0C ile +50\u00b0C aras\u0131 Kullan\u0131m Alanlar\u0131 Ev, bah\u00e7e, tarla, sanayi ve in\u015faat sekt\u00f6r\u00fcnde sulama ve tahliye i\u015flerinde kullan\u0131l\u0131r.","rel":"","context":"Article similaire","block_context":{"text":"Article similaire","link":""},"img":{"alt_text":"","src":"https:\/\/i0.wp.com\/tuzlahortum.com.tr\/wp-content\/uploads\/kategoriler\/orguluseffaf.png?fit=498%2C335&ssl=1&resize=350%2C200","width":350,"height":200},"classes":[]},{"id":817,"url":"https:\/\/tuzlahortum.com.tr\/fr\/produit\/super-orgulu-seffaf-hortum\/","url_meta":{"origin":857,"position":3},"title":"Tuyau transparent super tress\u00e9","author":"admin","date":"6 f\u00e9vrier 2019","format":false,"excerpt":"S\u00fcper \u00d6rg\u00fcl\u00fc \u015eeffaf Hortum\u00d6zellikler Alt kat \u015feffaf PVC ve y\u00fcksek mukavemetli polyester iplik, \u00fcst katta a\u015f\u0131nmaya dayan\u0131kl\u0131 \u015feffaf PVC ile \u00fcretilmi\u015ftir. \u00c7al\u0131\u015fma S\u0131cakl\u0131\u011f\u0131 -10\u00b0C ile +50\u00b0C aras\u0131 Kullan\u0131m Alanlar\u0131 Ev, bah\u00e7e, tarla, sanayi ve in\u015faat sekt\u00f6r\u00fcnde sulama ve tahliye i\u015flerinde ve hafif kimyasal maddelerin naklinde kullan\u0131l\u0131r.","rel":"","context":"Article similaire","block_context":{"text":"Article similaire","link":""},"img":{"alt_text":"","src":"https:\/\/i0.wp.com\/tuzlahortum.com.tr\/wp-content\/uploads\/2019\/02\/S%C3%BCper-%C3%96rg%C3%BCl%C3%BC-%C5%9Eeffaf-Hortum.jpg?fit=640%2C480&ssl=1&resize=350%2C200","width":350,"height":200,"srcset":"https:\/\/i0.wp.com\/tuzlahortum.com.tr\/wp-content\/uploads\/2019\/02\/S%C3%BCper-%C3%96rg%C3%BCl%C3%BC-%C5%9Eeffaf-Hortum.jpg?fit=640%2C480&ssl=1&resize=350%2C200 1x, https:\/\/i0.wp.com\/tuzlahortum.com.tr\/wp-content\/uploads\/2019\/02\/S%C3%BCper-%C3%96rg%C3%BCl%C3%BC-%C5%9Eeffaf-Hortum.jpg?fit=640%2C480&ssl=1&resize=525%2C300 1.5x"},"classes":[]},{"id":930,"url":"https:\/\/tuzlahortum.com.tr\/fr\/produit\/telli-seffaf-hortumlar\/","url_meta":{"origin":857,"position":4},"title":"Tuyaux transparents en fil","author":"admin","date":"6 f\u00e9vrier 2019","format":false,"excerpt":"Telli \u015eeffaf Hortumlar\u00d6zellikler : \u2022 Emici ve verici olarak kullan\u0131labilir \u2022 Maksimum esneklik ve k\u0131r\u0131lmaya kar\u015f\u0131 son derece dayan\u0131kl\u0131d\u0131r. \u2022 -20\u00b0C and +65\u00b0C Dura\u011fan Halde \u2022 -5\u00b0C and +43\u00b0C Hareketli Halde\u00a0 Kullan\u0131m Alanlar\u0131 : \u2022 Hert\u00fcrl\u00fc s\u0131v\u0131 g\u0131da transferinde emme ve tahliye i\u015flerinde, emi\u015f pompalar\u0131nda, g\u0131da ve tar\u0131m sanayinde vb.\u2026","rel":"","context":"Article similaire","block_context":{"text":"Article similaire","link":""},"img":{"alt_text":"Telli \u015eeffaf Hortumlar","src":"https:\/\/i0.wp.com\/tuzlahortum.com.tr\/wp-content\/uploads\/2019\/02\/pvcflex.jpg?fit=510%2C433&ssl=1&resize=350%2C200","width":350,"height":200},"classes":[]},{"id":8132,"url":"https:\/\/tuzlahortum.com.tr\/fr\/produit\/super-extra-orgulu-seffaf-hortum\/","url_meta":{"origin":857,"position":5},"title":"Tuyau Transparent Tress\u00e9 Super Extra","author":"\u0130smail \u00c7elik","date":"14 mars 2019","format":false,"excerpt":"S\u00fcper Extra \u00d6rg\u00fcl\u00fc \u015eeffaf Hortum\u00d6zellikler : \u2022 1. S\u0131n\u0131f PVC\u2019 den imal edilmi\u015ftir. \u2022 Y\u00fcksek kaliteli polyester takviye edilmi\u015ftir \u2022 A\u015f\u0131nmaya dayan\u0131kl\u0131d\u0131r. \u2022 -20\u00b0C ile +65\u00b0C aras\u0131nda s\u0131cakl\u0131\u011fa dayan\u0131kl\u0131d\u0131r. Kullan\u0131m Alanlar\u0131 : \u2022 Sanayide, petrol-petrol t\u00fcrevleri, hafif kimyasal maddelerin tahliyesi ve bas\u0131n\u00e7l\u0131 sulama i\u015flemlerinde kullan\u0131l\u0131r.","rel":"","context":"Article similaire","block_context":{"text":"Article similaire","link":""},"img":{"alt_text":"","src":"https:\/\/i0.wp.com\/hortum.com.tr\/wp-content\/uploads\/2019\/03\/S%C3%BCper-Extra-%C3%96rg%C3%BCl%C3%BC-%C5%9Eeffaf-Hortum-2.jpg?resize=350%2C200","width":350,"height":200,"srcset":"https:\/\/i0.wp.com\/hortum.com.tr\/wp-content\/uploads\/2019\/03\/S%C3%BCper-Extra-%C3%96rg%C3%BCl%C3%BC-%C5%9Eeffaf-Hortum-2.jpg?resize=350%2C200 1x, https:\/\/i0.wp.com\/hortum.com.tr\/wp-content\/uploads\/2019\/03\/S%C3%BCper-Extra-%C3%96rg%C3%BCl%C3%BC-%C5%9Eeffaf-Hortum-2.jpg?resize=525%2C300 1.5x"},"classes":[]}],"jetpack_sharing_enabled":true,"jetpack_likes_enabled":true,"_links":{"self":[{"href":"https:\/\/tuzlahortum.com.tr\/fr\/wp-json\/wp\/v2\/product\/857","targetHints":{"allow":["GET"]}}],"collection":[{"href":"https:\/\/tuzlahortum.com.tr\/fr\/wp-json\/wp\/v2\/product"}],"about":[{"href":"https:\/\/tuzlahortum.com.tr\/fr\/wp-json\/wp\/v2\/types\/product"}],"replies":[{"embeddable":true,"href":"https:\/\/tuzlahortum.com.tr\/fr\/wp-json\/wp\/v2\/comments?post=857"}],"wp:featuredmedia":[{"embeddable":true,"href":"https:\/\/tuzlahortum.com.tr\/fr\/wp-json\/wp\/v2\/media\/6316"}],"wp:attachment":[{"href":"https:\/\/tuzlahortum.com.tr\/fr\/wp-json\/wp\/v2\/media?parent=857"}],"wp:term":[{"taxonomy":"product_brand","embeddable":true,"href":"https:\/\/tuzlahortum.com.tr\/fr\/wp-json\/wp\/v2\/product_brand?post=857"},{"taxonomy":"product_cat","embeddable":true,"href":"https:\/\/tuzlahortum.com.tr\/fr\/wp-json\/wp\/v2\/product_cat?post=857"},{"taxonomy":"product_tag","embeddable":true,"href":"https:\/\/tuzlahortum.com.tr\/fr\/wp-json\/wp\/v2\/product_tag?post=857"}],"curies":[{"name":"wp","href":"https:\/\/api.w.org\/{rel}","templated":true}]}}