{"id":854,"date":"2019-02-06T23:54:53","date_gmt":"2019-02-06T20:54:53","guid":{"rendered":"http:\/\/hortum.com.tr\/product\/import-placeholder-for-374\/"},"modified":"2024-03-21T17:41:38","modified_gmt":"2024-03-21T14:41:38","slug":"pvcafs-heavy","status":"publish","type":"product","link":"https:\/\/tuzlahortum.com.tr\/fr\/produit\/pvcafs-heavy\/","title":{"rendered":"PVCAFS-LOURD"},"content":{"rendered":"<h2>PVCAFS-LOURD<\/h2>\n<div>Conduits d&#039;air flexibles industriels en PVC renforc\u00e9 non isol\u00e9s<\/div>\n<div>\n<h4>Caract\u00e9ristiques g\u00e9n\u00e9rales<\/h4>\n<div class=\"txt\">\n<p>Les conduits d&#039;air flexibles industriels en PVC renforc\u00e9 non isol\u00e9s PVCAFS-HEAVY sont des conduits d&#039;air flexibles polyvalents non isol\u00e9s (non isol\u00e9s) sp\u00e9cialement con\u00e7us pour le chauffage, le refroidissement, la ventilation, la climatisation, les syst\u00e8mes de transfert de gaz r\u00e9siduaires et de poussi\u00e8re fonctionnant \u00e0 basse et basse temp\u00e9rature. moyenne pression.<\/p>\n<p>Il peut \u00eatre utilis\u00e9 dans des syst\u00e8mes n\u00e9cessitant des vibrations excessives et\/ou une mobilit\u00e9 continue.<\/p>\n<p>Il est produit en renfor\u00e7ant des bandes de PVC renforc\u00e9 extr\u00eamement durables avec du fil d&#039;acier spiral\u00e9 \u00e0 haute r\u00e9sistance.<\/p>\n<p>Les conduits d&#039;air flexibles en PVCAFS-HEAVY sont imperm\u00e9ables.<\/p>\n<p>PVCAFS-HEAVY a une flexibilit\u00e9, une flexion et une compressibilit\u00e9 extr\u00eamement \u00e9lev\u00e9es. Il est facile \u00e0 assembler dans des joints ovales, ronds et d&#039;angle.<\/p>\n<p>Les dimensions, les tol\u00e9rances et les propri\u00e9t\u00e9s de r\u00e9sistance m\u00e9canique des conduits d&#039;air flexibles en PVCAFS-HEAVY sont test\u00e9es, class\u00e9es et certifi\u00e9es selon la norme EN 13180.<\/p>\n<\/div>\n<\/div>\n<div class=\"video video-fit mb\" style=\"padding-top:56.25%;\"><p><iframe loading=\"lazy\" title=\"Confusion des mesures (pouces, doigts, brume, millim\u00e8tres)\" width=\"1020\" height=\"574\" src=\"https:\/\/www.youtube.com\/embed\/uKk6AG_AZls?feature=oembed\" frameborder=\"0\" allow=\"accelerometer; autoplay; clipboard-write; encrypted-media; gyroscope; picture-in-picture; web-share\" referrerpolicy=\"strict-origin-when-cross-origin\" allowfullscreen><\/iframe><\/p>\n<\/div>\n<div>\n<h4>Caract\u00e9ristiques et avantages<\/h4>\n<div class=\"wrp clearfix\">\n<div class=\"tripleContent\">\n<p><b>CONSTRUCTION EN PVC RENFORC\u00c9<\/b><\/p>\n<div class=\"txt\">\n<ul>\n<li>\u00a0 R\u00e9sistance aux vibrations excessives<\/li>\n<li>Transfert de poussi\u00e8re et\/ou de particules<\/li>\n<li>Ne laisse pas passer les rayons UV<\/li>\n<li>r\u00e9sistance chimique<\/li>\n<\/ul>\n<\/div>\n<\/div>\n<div class=\"tripleContent\">\n<p><b>STRUCTURE FLEXIBLE et CONTINUE<\/b><\/p>\n<div class=\"txt\">\n<ul>\n<li>\u00a0 \u00a0 Facilit\u00e9 de stockage<\/li>\n<li>Facilit\u00e9 de transport<\/li>\n<li>Faibles co\u00fbts de main-d&#039;\u0153uvre<\/li>\n<li>Haute r\u00e9sistance aux d\u00e9chirures et aux chocs<\/li>\n<li>\u00e9tanch\u00e9it\u00e9 \u00e0 l&#039;air<\/li>\n<li>Efficacit\u00e9 \u00e9nerg\u00e9tique<\/li>\n<li>Faibles co\u00fbts d&#039;exploitation et de maintenance<\/li>\n<\/ul>\n<\/div>\n<\/div>\n<div class=\"tripleContent\">\n<p><b>MUR INT\u00c9RIEUR LISSE<\/b><\/p>\n<div class=\"txt\">\n<ul>\n<li>Faible perte de pression<\/li>\n<li>Faibles charges d&#039;exploitation<\/li>\n<\/ul>\n<\/div>\n<\/div>\n<\/div>\n<div class=\"wrp clearfix\">\n<div class=\"tripleContent\">\n<p><b>FIL D&#039;ACIER \u00c0 HAUTE R\u00c9SISTANCE<\/b><\/p>\n<div class=\"txt\">\n<ul>\n<li>Haute r\u00e9sistance<\/li>\n<li>Non d\u00e9form\u00e9<\/li>\n<li>Montage facile<\/li>\n<\/ul>\n<\/div>\n<\/div>\n<\/div>\n<\/div>","protected":false},"excerpt":{"rendered":"<p>PVCAFS-HEAVY \u0130zolesiz, end\u00fcstriyel takviyeli PVC flexible hava kanallar\u0131 Genel \u00d6zellikler PVCAFS-HEAVY izolesiz end\u00fcstriyel takviyeli PVC flexible hava kanallar\u0131, d\u00fc\u015f\u00fck ve orta bas\u0131n\u00e7ta \u00e7al\u0131\u015fan \u0131s\u0131tma, so\u011futma, havaland\u0131rma, iklimlendirme, at\u0131k gaz ve toz aktarma sistemleri i\u00e7in \u00f6zel olarak dizayn edilmi\u015f, \u00e7ok ama\u00e7l\u0131 bir izolesiz (yal\u0131t\u0131ms\u0131z) flexible hava kanal\u0131d\u0131r. A\u015f\u0131r\u0131 titre\u015fimli ve\/veya s\u00fcrekli hareketlilik gerektiren sistemlerde kullan\u0131labilir. Son [&#8230;]\n","protected":false},"featured_media":6973,"comment_status":"open","ping_status":"closed","template":"","meta":{"jetpack_post_was_ever_published":false},"product_brand":[],"product_cat":[139],"product_tag":[265,264,260,261,258,266,262,259,267,263],"class_list":{"0":"post-854","1":"product","2":"type-product","3":"status-publish","4":"has-post-thumbnail","6":"product_cat-pvc-esnek-hava-kanali","7":"product_tag-bukulme","8":"product_tag-esneme","9":"product_tag-havalandirma-ve-iklimlendirme-sistemleri","10":"product_tag-helezon-celik","11":"product_tag-isitma","12":"product_tag-sikistirilabilme","13":"product_tag-sizdirmaz","14":"product_tag-sogutma","15":"product_tag-tasima-kolayligi","16":"product_tag-yogusmayi-engelleme","18":"first","19":"instock","20":"taxable","21":"shipping-taxable","22":"product-type-variable"},"jetpack-related-posts":[{"id":848,"url":"https:\/\/tuzlahortum.com.tr\/fr\/produit\/pvcafs\/","url_meta":{"origin":854,"position":0},"title":"PVCAFS","author":"admin","date":"6 f\u00e9vrier 2019","format":false,"excerpt":"PVCAFS\u0130zolesiz, takviyeli PVC flexible hava kanallar\u0131 Genel \u00d6zellikler PVCAFS izolesiz takviyeli PVC flexible hava kanallar\u0131, d\u00fc\u015f\u00fck ve orta bas\u0131n\u00e7ta \u00e7al\u0131\u015fan \u0131s\u0131tma, so\u011futma, havaland\u0131rma, iklimlendirme, at\u0131k gaz ve toz aktarma sistemleri i\u00e7in \u00f6zel olarak dizayn edilmi\u015f, \u00e7ok ama\u00e7l\u0131 bir izolesiz (yal\u0131t\u0131ms\u0131z) flexible hava kanal\u0131d\u0131r. A\u015f\u0131r\u0131 titre\u015fimli ve\/veya s\u00fcrekli hareketlilik gerektiren sistemlerde\u2026","rel":"","context":"Article similaire","block_context":{"text":"Article similaire","link":""},"img":{"alt_text":"","src":"https:\/\/i0.wp.com\/tuzlahortum.com.tr\/wp-content\/uploads\/2019\/03\/PVCAFS.png?fit=800%2C800&ssl=1&resize=350%2C200","width":350,"height":200,"srcset":"https:\/\/i0.wp.com\/tuzlahortum.com.tr\/wp-content\/uploads\/2019\/03\/PVCAFS.png?fit=800%2C800&ssl=1&resize=350%2C200 1x, https:\/\/i0.wp.com\/tuzlahortum.com.tr\/wp-content\/uploads\/2019\/03\/PVCAFS.png?fit=800%2C800&ssl=1&resize=525%2C300 1.5x, https:\/\/i0.wp.com\/tuzlahortum.com.tr\/wp-content\/uploads\/2019\/03\/PVCAFS.png?fit=800%2C800&ssl=1&resize=700%2C400 2x"},"classes":[]},{"id":849,"url":"https:\/\/tuzlahortum.com.tr\/fr\/produit\/pvcafs-m\/","url_meta":{"origin":854,"position":1},"title":"PVCAFS.M","author":"admin","date":"6 f\u00e9vrier 2019","format":false,"excerpt":"PVCAFS.M \u0130zolesiz, takviyeli PVC flexible hava kanallar\u0131 Genel \u00d6zellikler D\u00fc\u015f\u00fck ve orta bas\u0131n\u00e7ta \u00e7al\u0131\u015fan \u0131s\u0131tma, so\u011futma, havaland\u0131rma, iklimlendirme sistemleri i\u00e7in \u00f6zel olarak dizayn edilmi\u015f, \u00e7ok ama\u00e7l\u0131 bir izolesiz (yal\u0131t\u0131ms\u0131z) flexible hava kanal\u0131d\u0131r. PVC kapl\u0131 polyester yap\u0131n\u0131n y\u00fcksek gerilimli helezon \u00e7elik tel ile takviyesiyle \u00fcretilmi\u015ftir. PVCAFS.M son derece y\u00fcksek esneme, b\u00fck\u00fclme\u2026","rel":"","context":"Article similaire","block_context":{"text":"Article similaire","link":""},"img":{"alt_text":"","src":"https:\/\/i0.wp.com\/tuzlahortum.com.tr\/wp-content\/uploads\/2019\/03\/PVCFAS.M.png?fit=800%2C800&ssl=1&resize=350%2C200","width":350,"height":200,"srcset":"https:\/\/i0.wp.com\/tuzlahortum.com.tr\/wp-content\/uploads\/2019\/03\/PVCFAS.M.png?fit=800%2C800&ssl=1&resize=350%2C200 1x, https:\/\/i0.wp.com\/tuzlahortum.com.tr\/wp-content\/uploads\/2019\/03\/PVCFAS.M.png?fit=800%2C800&ssl=1&resize=525%2C300 1.5x, https:\/\/i0.wp.com\/tuzlahortum.com.tr\/wp-content\/uploads\/2019\/03\/PVCFAS.M.png?fit=800%2C800&ssl=1&resize=700%2C400 2x"},"classes":[]},{"id":525,"url":"https:\/\/tuzlahortum.com.tr\/fr\/produit\/combiafs-heavy\/","url_meta":{"origin":854,"position":2},"title":"COMBIAFS LOURDS","author":"admin","date":"6 f\u00e9vrier 2019","format":false,"excerpt":"COMBIAFS HEAVYY\u00fcksek mukavemetli, g\u00fc\u00e7l\u00fc dizayna sahip flexible hava kanallar\u0131 Genel \u00d6zellikler COMBIAFS-HEAVY al\u00fcminyum & PVC kombinasyonlu y\u00fcksek\u00a0mukavemetli g\u00fc\u00e7l\u00fc dizayna sahip flexible hava kanallar\u0131 kaynak duman\u0131 tahliyesi ve y\u00fcksek mekanik mukavemet istenilen uygulamalar i\u00e7in \u00f6zel olarak dizayn edilmi\u015f, \u00e7ok ama\u00e7l\u0131 bir flexible hava kanal\u0131d\u0131r. COMBIAFS-HEAVY \u0131s\u0131tma, so\u011futma, havaland\u0131rma ve iklimlendirme sistemleri\u2026","rel":"","context":"Article similaire","block_context":{"text":"Article similaire","link":""},"img":{"alt_text":"","src":"https:\/\/i0.wp.com\/tuzlahortum.com.tr\/wp-content\/uploads\/2019\/03\/COMBIAFS-HEAVY.png?fit=800%2C800&ssl=1&resize=350%2C200","width":350,"height":200,"srcset":"https:\/\/i0.wp.com\/tuzlahortum.com.tr\/wp-content\/uploads\/2019\/03\/COMBIAFS-HEAVY.png?fit=800%2C800&ssl=1&resize=350%2C200 1x, https:\/\/i0.wp.com\/tuzlahortum.com.tr\/wp-content\/uploads\/2019\/03\/COMBIAFS-HEAVY.png?fit=800%2C800&ssl=1&resize=525%2C300 1.5x, https:\/\/i0.wp.com\/tuzlahortum.com.tr\/wp-content\/uploads\/2019\/03\/COMBIAFS-HEAVY.png?fit=800%2C800&ssl=1&resize=700%2C400 2x"},"classes":[]},{"id":588,"url":"https:\/\/tuzlahortum.com.tr\/fr\/produit\/aluafs-hijyen-green\/","url_meta":{"origin":854,"position":3},"title":"ALUAFS HYGI\u00c8NE VERTE","author":"admin","date":"6 f\u00e9vrier 2019","format":false,"excerpt":"ALUAFS H\u0130JYEN GREENGreenguard sertifikal\u0131, izolesiz, hijyen al\u00fcminyum flexible hava kanallar\u0131 Genel \u00d6zellikler Flexible Kanal Konstr\u00fcksiyonu 3 kat Al\u00fcminyum + 2 kat Polyester + Hijyen Kaplama Flexible Kanal Nominal Kal\u0131nl\u0131\u011f\u0131 70 mikron + Hijyen Kaplama \u00c7ap Aral\u0131\u011f\u0131 82 mm - 800 mm \u00c7al\u0131\u015fma S\u0131cakl\u0131\u011f\u0131 Aral\u0131\u011f\u0131 -30 \u00b0C \/ +150 \u00b0C Hava\u2026","rel":"","context":"Article similaire","block_context":{"text":"Article similaire","link":""},"img":{"alt_text":"","src":"https:\/\/i0.wp.com\/tuzlahortum.com.tr\/wp-content\/uploads\/2019\/03\/ALUAFS-HYGIENE-GREEN.png?fit=800%2C800&ssl=1&resize=350%2C200","width":350,"height":200,"srcset":"https:\/\/i0.wp.com\/tuzlahortum.com.tr\/wp-content\/uploads\/2019\/03\/ALUAFS-HYGIENE-GREEN.png?fit=800%2C800&ssl=1&resize=350%2C200 1x, https:\/\/i0.wp.com\/tuzlahortum.com.tr\/wp-content\/uploads\/2019\/03\/ALUAFS-HYGIENE-GREEN.png?fit=800%2C800&ssl=1&resize=525%2C300 1.5x, https:\/\/i0.wp.com\/tuzlahortum.com.tr\/wp-content\/uploads\/2019\/03\/ALUAFS-HYGIENE-GREEN.png?fit=800%2C800&ssl=1&resize=700%2C400 2x"},"classes":[]},{"id":846,"url":"https:\/\/tuzlahortum.com.tr\/fr\/produit\/polyafs\/","url_meta":{"origin":854,"position":4},"title":"POLYAFS","author":"admin","date":"6 f\u00e9vrier 2019","format":false,"excerpt":"POLYAFS\u0130zolesiz polyester flexible flexible hava kanallar\u0131 Genel \u00d6zellikler Flexible Kanal Konstr\u00fcksiyonu 2 kat Polyester Flexible Kanal Nominal Kal\u0131nl\u0131\u011f\u0131 30 mikron \u00c7ap Aral\u0131\u011f\u0131 82 mm - 800 mm \u00c7al\u0131\u015fma S\u0131cakl\u0131\u011f\u0131 Aral\u0131\u011f\u0131 -30 \u00b0C \/ +120 \u00b0C Hava Ak\u0131\u015f H\u0131z\u0131 30 m\/s (maksimum) \u00c7al\u0131\u015fma Bas\u0131nc\u0131 3000 Pa (maksimum) Standart Uzunluk 7.6 m\u2026","rel":"","context":"Article similaire","block_context":{"text":"Article similaire","link":""},"img":{"alt_text":"","src":"https:\/\/i0.wp.com\/tuzlahortum.com.tr\/wp-content\/uploads\/2019\/03\/POLYAFS.png?fit=800%2C800&ssl=1&resize=350%2C200","width":350,"height":200,"srcset":"https:\/\/i0.wp.com\/tuzlahortum.com.tr\/wp-content\/uploads\/2019\/03\/POLYAFS.png?fit=800%2C800&ssl=1&resize=350%2C200 1x, https:\/\/i0.wp.com\/tuzlahortum.com.tr\/wp-content\/uploads\/2019\/03\/POLYAFS.png?fit=800%2C800&ssl=1&resize=525%2C300 1.5x, https:\/\/i0.wp.com\/tuzlahortum.com.tr\/wp-content\/uploads\/2019\/03\/POLYAFS.png?fit=800%2C800&ssl=1&resize=700%2C400 2x"},"classes":[]},{"id":586,"url":"https:\/\/tuzlahortum.com.tr\/fr\/produit\/aluafs-forte-green\/","url_meta":{"origin":854,"position":5},"title":"ALUAF FORTE VERT","author":"admin","date":"6 f\u00e9vrier 2019","format":false,"excerpt":"ALUAFS FORTE GREENGreenguard sertifikal\u0131, y\u00fcksek mukavemetli, izolesiz aluminyum flexible hava kanallar\u0131 Genel \u00d6zellikler Flexible Kanal Konstr\u00fcksiyonu 3 kat Al\u00fcminyum + 2 kat Polyester Flexible Kanal Nominal Kal\u0131nl\u0131\u011f\u0131 70 mikron \u00c7ap Aral\u0131\u011f\u0131 52 mm - 800 mm \u00c7al\u0131\u015fma S\u0131cakl\u0131\u011f\u0131 Aral\u0131\u011f\u0131 -30 \u00b0C \/ +150 \u00b0C Hava Ak\u0131\u015f H\u0131z\u0131 30 m\/s (maksimum)\u2026","rel":"","context":"Article similaire","block_context":{"text":"Article similaire","link":""},"img":{"alt_text":"","src":"https:\/\/i0.wp.com\/tuzlahortum.com.tr\/wp-content\/uploads\/2019\/03\/ALUAFS.70-FORTE-GREEN.png?fit=800%2C800&ssl=1&resize=350%2C200","width":350,"height":200,"srcset":"https:\/\/i0.wp.com\/tuzlahortum.com.tr\/wp-content\/uploads\/2019\/03\/ALUAFS.70-FORTE-GREEN.png?fit=800%2C800&ssl=1&resize=350%2C200 1x, https:\/\/i0.wp.com\/tuzlahortum.com.tr\/wp-content\/uploads\/2019\/03\/ALUAFS.70-FORTE-GREEN.png?fit=800%2C800&ssl=1&resize=525%2C300 1.5x, https:\/\/i0.wp.com\/tuzlahortum.com.tr\/wp-content\/uploads\/2019\/03\/ALUAFS.70-FORTE-GREEN.png?fit=800%2C800&ssl=1&resize=700%2C400 2x"},"classes":[]}],"jetpack_sharing_enabled":true,"jetpack_likes_enabled":true,"_links":{"self":[{"href":"https:\/\/tuzlahortum.com.tr\/fr\/wp-json\/wp\/v2\/product\/854","targetHints":{"allow":["GET"]}}],"collection":[{"href":"https:\/\/tuzlahortum.com.tr\/fr\/wp-json\/wp\/v2\/product"}],"about":[{"href":"https:\/\/tuzlahortum.com.tr\/fr\/wp-json\/wp\/v2\/types\/product"}],"replies":[{"embeddable":true,"href":"https:\/\/tuzlahortum.com.tr\/fr\/wp-json\/wp\/v2\/comments?post=854"}],"wp:featuredmedia":[{"embeddable":true,"href":"https:\/\/tuzlahortum.com.tr\/fr\/wp-json\/wp\/v2\/media\/6973"}],"wp:attachment":[{"href":"https:\/\/tuzlahortum.com.tr\/fr\/wp-json\/wp\/v2\/media?parent=854"}],"wp:term":[{"taxonomy":"product_brand","embeddable":true,"href":"https:\/\/tuzlahortum.com.tr\/fr\/wp-json\/wp\/v2\/product_brand?post=854"},{"taxonomy":"product_cat","embeddable":true,"href":"https:\/\/tuzlahortum.com.tr\/fr\/wp-json\/wp\/v2\/product_cat?post=854"},{"taxonomy":"product_tag","embeddable":true,"href":"https:\/\/tuzlahortum.com.tr\/fr\/wp-json\/wp\/v2\/product_tag?post=854"}],"curies":[{"name":"wp","href":"https:\/\/api.w.org\/{rel}","templated":true}]}}