{"id":848,"date":"2019-02-06T23:54:52","date_gmt":"2019-02-06T20:54:52","guid":{"rendered":"http:\/\/hortum.com.tr\/product\/import-placeholder-for-367\/"},"modified":"2024-03-21T17:41:40","modified_gmt":"2024-03-21T14:41:40","slug":"pvcafs","status":"publish","type":"product","link":"https:\/\/tuzlahortum.com.tr\/fr\/produit\/pvcafs\/","title":{"rendered":"PVCAFS"},"content":{"rendered":"<h2>PVCAFS<\/h2>\n<div>Conduits d&#039;air flexibles en PVC renforc\u00e9 non isol\u00e9s<\/div>\n<div>\n<h4>Caract\u00e9ristiques g\u00e9n\u00e9rales<\/h4>\n<div class=\"txt\">\n<p>Les conduits d&#039;air flexibles en PVC renforc\u00e9 non isol\u00e9 PVCAFS sont des conduits d&#039;air flexibles non isol\u00e9s (non isol\u00e9s) polyvalents sp\u00e9cialement con\u00e7us pour le chauffage, le refroidissement, la ventilation, la climatisation, les syst\u00e8mes de transfert de gaz r\u00e9siduaires et de poussi\u00e8re fonctionnant \u00e0 basse et moyenne pression.<\/p>\n<p>Il peut \u00eatre utilis\u00e9 dans des syst\u00e8mes n\u00e9cessitant des vibrations excessives et\/ou une mobilit\u00e9 continue.<\/p>\n<p>Il est produit en renfor\u00e7ant des bandes de PVC renforc\u00e9 extr\u00eamement durables avec du fil d&#039;acier spiral\u00e9 \u00e0 haute r\u00e9sistance.<\/p>\n<p>Les conduits d&#039;air flexibles en PVCAFS sont imperm\u00e9ables.<\/p>\n<p>PVCAFS a une flexibilit\u00e9, une flexion et une compressibilit\u00e9 extr\u00eamement \u00e9lev\u00e9es. Il est facile \u00e0 assembler dans des joints ovales, ronds et d&#039;angle.<\/p>\n<p>Les dimensions, les tol\u00e9rances et les propri\u00e9t\u00e9s de r\u00e9sistance m\u00e9canique des gaines d&#039;air flexibles en PVCAFS sont test\u00e9es, class\u00e9es et certifi\u00e9es selon la norme EN 13180.<\/p>\n<\/div>\n<\/div>\n<div class=\"video video-fit mb\" style=\"padding-top:56.25%;\"><p><iframe loading=\"lazy\" title=\"Confusion des mesures (pouces, doigts, brume, millim\u00e8tres)\" width=\"1020\" height=\"574\" src=\"https:\/\/www.youtube.com\/embed\/uKk6AG_AZls?feature=oembed\" frameborder=\"0\" allow=\"accelerometer; autoplay; clipboard-write; encrypted-media; gyroscope; picture-in-picture; web-share\" referrerpolicy=\"strict-origin-when-cross-origin\" allowfullscreen><\/iframe><\/p>\n<\/div>\n<div>\n<h4>Caract\u00e9ristiques et avantages<\/h4>\n<div class=\"wrp clearfix\">\n<div class=\"tripleContent\">\n<p><b>CONSTRUCTION EN PVC RENFORC\u00c9<\/b><\/p>\n<div class=\"txt\">\n<ul>\n<li>R\u00e9sistance aux vibrations excessives<\/li>\n<li>Transfert de poussi\u00e8re et\/ou de particules<\/li>\n<li>Ne laisse pas passer les rayons UV<\/li>\n<li>r\u00e9sistance chimique<\/li>\n<\/ul>\n<\/div>\n<\/div>\n<div class=\"tripleContent\">\n<p><b>STRUCTURE FLEXIBLE et CONTINUE<\/b><\/p>\n<div class=\"txt\">\n<ul>\n<li>Facilit\u00e9 de stockage<\/li>\n<li>Facilit\u00e9 de transport<\/li>\n<li>Faibles co\u00fbts de main-d&#039;\u0153uvre<\/li>\n<li>Haute r\u00e9sistance aux d\u00e9chirures et aux chocs<\/li>\n<li>\u00e9tanch\u00e9it\u00e9 \u00e0 l&#039;air<\/li>\n<li>Efficacit\u00e9 \u00e9nerg\u00e9tique<\/li>\n<li>Faibles co\u00fbts d&#039;exploitation et de maintenance<\/li>\n<\/ul>\n<\/div>\n<\/div>\n<div class=\"tripleContent\">\n<p><b>MUR INT\u00c9RIEUR LISSE<\/b><\/p>\n<div class=\"txt\">\n<ul>\n<li>Faible perte de pression<\/li>\n<li>Faibles charges d&#039;exploitation<\/li>\n<\/ul>\n<\/div>\n<\/div>\n<\/div>\n<div class=\"wrp clearfix\">\n<div class=\"tripleContent\">\n<p><b>FIL D&#039;ACIER \u00c0 HAUTE R\u00c9SISTANCE<\/b><\/p>\n<div class=\"txt\">\n<ul>\n<li>Haute r\u00e9sistance<\/li>\n<li>Non d\u00e9form\u00e9<\/li>\n<li>Montage facile<\/li>\n<\/ul>\n<\/div>\n<\/div>\n<\/div>\n<\/div>","protected":false},"excerpt":{"rendered":"<p>PVCAFS \u0130zolesiz, takviyeli PVC flexible hava kanallar\u0131 Genel \u00d6zellikler PVCAFS izolesiz takviyeli PVC flexible hava kanallar\u0131, d\u00fc\u015f\u00fck ve orta bas\u0131n\u00e7ta \u00e7al\u0131\u015fan \u0131s\u0131tma, so\u011futma, havaland\u0131rma, iklimlendirme, at\u0131k gaz ve toz aktarma sistemleri i\u00e7in \u00f6zel olarak dizayn edilmi\u015f, \u00e7ok ama\u00e7l\u0131 bir izolesiz (yal\u0131t\u0131ms\u0131z) flexible hava kanal\u0131d\u0131r. A\u015f\u0131r\u0131 titre\u015fimli ve\/veya s\u00fcrekli hareketlilik gerektiren sistemlerde kullan\u0131labilir. Son derece mukavim [&#8230;]\n","protected":false},"featured_media":6854,"comment_status":"open","ping_status":"closed","template":"","meta":{"jetpack_post_was_ever_published":false},"product_brand":[],"product_cat":[139],"product_tag":[265,264,260,261,258,266,262,259,267,263],"class_list":{"0":"post-848","1":"product","2":"type-product","3":"status-publish","4":"has-post-thumbnail","6":"product_cat-pvc-esnek-hava-kanali","7":"product_tag-bukulme","8":"product_tag-esneme","9":"product_tag-havalandirma-ve-iklimlendirme-sistemleri","10":"product_tag-helezon-celik","11":"product_tag-isitma","12":"product_tag-sikistirilabilme","13":"product_tag-sizdirmaz","14":"product_tag-sogutma","15":"product_tag-tasima-kolayligi","16":"product_tag-yogusmayi-engelleme","18":"first","19":"instock","20":"taxable","21":"shipping-taxable","22":"product-type-variable"},"jetpack-related-posts":[],"jetpack_sharing_enabled":true,"jetpack_likes_enabled":true,"_links":{"self":[{"href":"https:\/\/tuzlahortum.com.tr\/fr\/wp-json\/wp\/v2\/product\/848","targetHints":{"allow":["GET"]}}],"collection":[{"href":"https:\/\/tuzlahortum.com.tr\/fr\/wp-json\/wp\/v2\/product"}],"about":[{"href":"https:\/\/tuzlahortum.com.tr\/fr\/wp-json\/wp\/v2\/types\/product"}],"replies":[{"embeddable":true,"href":"https:\/\/tuzlahortum.com.tr\/fr\/wp-json\/wp\/v2\/comments?post=848"}],"wp:featuredmedia":[{"embeddable":true,"href":"https:\/\/tuzlahortum.com.tr\/fr\/wp-json\/wp\/v2\/media\/6854"}],"wp:attachment":[{"href":"https:\/\/tuzlahortum.com.tr\/fr\/wp-json\/wp\/v2\/media?parent=848"}],"wp:term":[{"taxonomy":"product_brand","embeddable":true,"href":"https:\/\/tuzlahortum.com.tr\/fr\/wp-json\/wp\/v2\/product_brand?post=848"},{"taxonomy":"product_cat","embeddable":true,"href":"https:\/\/tuzlahortum.com.tr\/fr\/wp-json\/wp\/v2\/product_cat?post=848"},{"taxonomy":"product_tag","embeddable":true,"href":"https:\/\/tuzlahortum.com.tr\/fr\/wp-json\/wp\/v2\/product_tag?post=848"}],"curies":[{"name":"wp","href":"https:\/\/api.w.org\/{rel}","templated":true}]}}