{"id":847,"date":"2019-02-06T23:54:35","date_gmt":"2019-02-06T20:54:35","guid":{"rendered":"http:\/\/hortum.com.tr\/product\/import-placeholder-for-375\/"},"modified":"2024-03-21T17:41:41","modified_gmt":"2024-03-21T14:41:41","slug":"isoafs-pvc-m","status":"publish","type":"product","link":"https:\/\/tuzlahortum.com.tr\/fr\/produit\/isoafs-pvc-m\/","title":{"rendered":"ISOAFS-PVC.M"},"content":{"rendered":"<h2>ISOAFS-PVC.M<\/h2>\n<div id=\"collapseThree\" class=\"panel-collapse collapse in\" role=\"tabpanel\" aria-labelledby=\"headingThree\" aria-expanded=\"true\">\n<div class=\"panel-body\">\n<div>\n<table class=\"table table-hover table-bordered\">\n<tbody>\n<tr>\n<th class=\"urunDetayth\">Mur<\/th>\n<td>Filet en polyester enduit de PVC<\/td>\n<\/tr>\n<tr>\n<th class=\"urunDetayth\">\u00c9paisseur du mur<\/th>\n<td>220 microns<\/td>\n<\/tr>\n<tr>\n<th class=\"urunDetayth\">D\u00e9bit d&#039;air<\/th>\n<td>30 m\/s (maximum)<\/td>\n<\/tr>\n<tr>\n<th class=\"urunDetayth\">Emballage<\/th>\n<td>bo\u00eete en carton simple<\/td>\n<\/tr>\n<\/tbody>\n<\/table>\n<\/div>\n<div class=\"video video-fit mb\" style=\"padding-top:56.25%;\"><p><iframe loading=\"lazy\" title=\"Confusion des mesures (pouces, doigts, brume, millim\u00e8tres)\" width=\"1020\" height=\"574\" src=\"https:\/\/www.youtube.com\/embed\/uKk6AG_AZls?feature=oembed\" frameborder=\"0\" allow=\"accelerometer; autoplay; clipboard-write; encrypted-media; gyroscope; picture-in-picture; web-share\" referrerpolicy=\"strict-origin-when-cross-origin\" allowfullscreen><\/iframe><\/p>\n<\/div>\n<div><\/div>\n<div>Les conduits d&#039;air flexibles en PVC renforc\u00e9 \u00e0 isolation thermique ISOAFS-PVC.M sont des conduits d&#039;air flexibles \u00e0 isolation thermique (isol\u00e9s) polyvalents sp\u00e9cialement con\u00e7us pour les syst\u00e8mes de chauffage, de refroidissement, de ventilation et de climatisation \u00e0 basse et moyenne pression.<\/div>\n<div><\/div>\n<div>Il est produit en isolant le produit PVCAFS.M, qui est obtenu en renfor\u00e7ant la structure en polyester enduit de PVC avec du fil d&#039;acier spiral\u00e9 \u00e0 haute r\u00e9sistance, avec de la laine de verre. Une gaine en poly\u00e9thyl\u00e8ne, c&#039;est-\u00e0-dire une barri\u00e8re contre l&#039;humidit\u00e9, est habill\u00e9e sur le mat\u00e9riau isolant.<\/div>\n<div><\/div>\n<div>ISOAFS-PVC.M a une flexibilit\u00e9, une flexion et une compressibilit\u00e9 extr\u00eamement \u00e9lev\u00e9es. Il est facile \u00e0 assembler dans des joints ovales, ronds et d&#039;angle.<\/div>\n<div><\/div>\n<div>Les dimensions, les tol\u00e9rances et les propri\u00e9t\u00e9s de r\u00e9sistance m\u00e9canique des gaines d&#039;air flexibles ISOAFS-PVC.M sont test\u00e9es, class\u00e9es et certifi\u00e9es selon la norme EN 13180.<\/div>\n<\/div>\n<\/div>","protected":false},"excerpt":{"rendered":"<p>ISOAFS-PVC.M Duvar PVC Kapl\u0131 Polyester A\u011f Duvar Kal\u0131nl\u0131\u011f\u0131 220 mikron Hava Ak\u0131\u015f H\u0131z\u0131 30 m\/s (maksimum) Paketleme Tekli karton kutu ISOAFS-PVC.M \u0131s\u0131 izoleli takviyeli PVC flexible hava kanallar\u0131, d\u00fc\u015f\u00fck ve orta bas\u0131n\u00e7ta \u00e7al\u0131\u015fan \u0131s\u0131tma, so\u011futma, havaland\u0131rma, iklimlendirme sistemleri i\u00e7in \u00f6zel olarak dizayn edilmi\u015f, \u00e7ok ama\u00e7l\u0131 bir \u0131s\u0131 izoleli (yal\u0131t\u0131ml\u0131) flexible hava kanal\u0131d\u0131r. PVC kapl\u0131 polyester [&#8230;]\n","protected":false},"featured_media":6747,"comment_status":"open","ping_status":"closed","template":"","meta":{"jetpack_post_was_ever_published":false},"product_brand":[],"product_cat":[139],"product_tag":[265,264,260,261,258,266,262,259,267,263],"class_list":{"0":"post-847","1":"product","2":"type-product","3":"status-publish","4":"has-post-thumbnail","6":"product_cat-pvc-esnek-hava-kanali","7":"product_tag-bukulme","8":"product_tag-esneme","9":"product_tag-havalandirma-ve-iklimlendirme-sistemleri","10":"product_tag-helezon-celik","11":"product_tag-isitma","12":"product_tag-sikistirilabilme","13":"product_tag-sizdirmaz","14":"product_tag-sogutma","15":"product_tag-tasima-kolayligi","16":"product_tag-yogusmayi-engelleme","18":"first","19":"instock","20":"taxable","21":"shipping-taxable","22":"product-type-variable"},"jetpack-related-posts":[],"jetpack_sharing_enabled":true,"jetpack_likes_enabled":true,"_links":{"self":[{"href":"https:\/\/tuzlahortum.com.tr\/fr\/wp-json\/wp\/v2\/product\/847","targetHints":{"allow":["GET"]}}],"collection":[{"href":"https:\/\/tuzlahortum.com.tr\/fr\/wp-json\/wp\/v2\/product"}],"about":[{"href":"https:\/\/tuzlahortum.com.tr\/fr\/wp-json\/wp\/v2\/types\/product"}],"replies":[{"embeddable":true,"href":"https:\/\/tuzlahortum.com.tr\/fr\/wp-json\/wp\/v2\/comments?post=847"}],"wp:featuredmedia":[{"embeddable":true,"href":"https:\/\/tuzlahortum.com.tr\/fr\/wp-json\/wp\/v2\/media\/6747"}],"wp:attachment":[{"href":"https:\/\/tuzlahortum.com.tr\/fr\/wp-json\/wp\/v2\/media?parent=847"}],"wp:term":[{"taxonomy":"product_brand","embeddable":true,"href":"https:\/\/tuzlahortum.com.tr\/fr\/wp-json\/wp\/v2\/product_brand?post=847"},{"taxonomy":"product_cat","embeddable":true,"href":"https:\/\/tuzlahortum.com.tr\/fr\/wp-json\/wp\/v2\/product_cat?post=847"},{"taxonomy":"product_tag","embeddable":true,"href":"https:\/\/tuzlahortum.com.tr\/fr\/wp-json\/wp\/v2\/product_tag?post=847"}],"curies":[{"name":"wp","href":"https:\/\/api.w.org\/{rel}","templated":true}]}}