{"id":844,"date":"2019-02-06T23:54:35","date_gmt":"2019-02-06T20:54:35","guid":{"rendered":"http:\/\/hortum.com.tr\/product\/import-placeholder-for-376\/"},"modified":"2024-03-21T17:41:43","modified_gmt":"2024-03-21T14:41:43","slug":"isoafs-poly","status":"publish","type":"product","link":"https:\/\/tuzlahortum.com.tr\/fr\/produit\/isoafs-poly\/","title":{"rendered":"ISOAFS-POLY"},"content":{"rendered":"<h2>ISOAFS-POLY<\/h2>\n<p>Conduit d&#039;air flexible en polyester isol\u00e9 thermiquement<\/p>\n<h4>Caract\u00e9ristiques g\u00e9n\u00e9rales<\/h4>\n<table class=\"table table-hover table-bordered\">\n<tbody>\n<tr>\n<th class=\"urunDetayth\">Construction de canal flexible<\/th>\n<td>Polyester 2 plis<\/td>\n<\/tr>\n<tr>\n<th class=\"urunDetayth\">\u00c9paisseur nominale du conduit flexible<\/th>\n<td>30 microns<\/td>\n<\/tr>\n<tr>\n<th class=\"urunDetayth\">Construction de la veste<\/th>\n<td>Polyester m\u00e9tallis\u00e9 2 plis<\/td>\n<\/tr>\n<tr>\n<th class=\"urunDetayth\">\u00c9paisseur nominale de la gaine<\/th>\n<td>30 microns<\/td>\n<\/tr>\n<tr>\n<th class=\"urunDetayth\">Isolation - \u00c9paisseur - Densit\u00e9<\/th>\n<td>Laine de verre 25 mm \u2013 16 kg\/m\u00b3<\/td>\n<\/tr>\n<tr>\n<th class=\"urunDetayth\">Gamme de diam\u00e8tre<\/th>\n<td>82mm \u2013 800mm<\/td>\n<\/tr>\n<tr>\n<th class=\"urunDetayth\">Plage de temp\u00e9ratures de fonctionnement<\/th>\n<td>-30 \u00b0C \/ +120 \u00b0C<\/td>\n<\/tr>\n<tr>\n<th class=\"urunDetayth\">D\u00e9bit d&#039;air<\/th>\n<td>30 m\/s (maximum)<\/td>\n<\/tr>\n<tr>\n<th class=\"urunDetayth\">Pression de service<\/th>\n<td>3000 Pa (maximum)<\/td>\n<\/tr>\n<tr>\n<th class=\"urunDetayth\">Longueur standard<\/th>\n<td>7.6m<\/td>\n<\/tr>\n<tr>\n<th class=\"urunDetayth\">Emballage<\/th>\n<td>bo\u00eete en carton simple<\/td>\n<\/tr>\n<\/tbody>\n<\/table>\n<div><\/div>\n<div><div class=\"video video-fit mb\" style=\"padding-top:56.25%;\"><p><iframe loading=\"lazy\" title=\"Confusion des mesures (pouces, doigts, brume, millim\u00e8tres)\" width=\"1020\" height=\"574\" src=\"https:\/\/www.youtube.com\/embed\/uKk6AG_AZls?feature=oembed\" frameborder=\"0\" allow=\"accelerometer; autoplay; clipboard-write; encrypted-media; gyroscope; picture-in-picture; web-share\" referrerpolicy=\"strict-origin-when-cross-origin\" allowfullscreen><\/iframe><\/p>\n<\/div><\/div>\n<div><\/div>\n<div class=\"txt\">Les conduits d&#039;air flexibles en polyester \u00e0 isolation thermique ISOAFS-POLY sont des conduits d&#039;air flexibles \u00e0 isolation thermique (isolation thermique) polyvalents sp\u00e9cialement con\u00e7us pour les syst\u00e8mes de chauffage, de refroidissement, de ventilation et de climatisation fonctionnant \u00e0 basse et moyenne pression. Il est produit en isolant des conduits d&#039;air flexibles en polyester non isol\u00e9s avec de la laine de verre, qui est produite par le renforcement d&#039;un mat\u00e9riau en polyester lamin\u00e9 multicouche avec un fil d&#039;acier en spirale \u00e0 haute r\u00e9sistance. Une gaine m\u00e9tallis\u00e9e renforc\u00e9e, c&#039;est-\u00e0-dire une barri\u00e8re contre l&#039;humidit\u00e9, est habill\u00e9e sur l&#039;isolant. Les conduits d&#039;air flexibles ISOAFS-POLY sont \u00e9tanches. ISOAFS-POLY a une flexibilit\u00e9, une flexion et une compressibilit\u00e9 extr\u00eamement \u00e9lev\u00e9es. Il est facile \u00e0 assembler dans des joints ovales, ronds et d&#039;angle. Les dimensions, les tol\u00e9rances et les propri\u00e9t\u00e9s de r\u00e9sistance m\u00e9canique des gaines d&#039;air flexibles ISOAFS-POLY sont test\u00e9es, class\u00e9es et certifi\u00e9es selon la norme EN 13180.<\/div>\n<h4>Caract\u00e9ristiques et avantages<\/h4>\n<div class=\"wrp clearfix\">\n<div class=\"tripleContent\">\n<p><b>CONSTRUCTION LAMIN\u00c9E EN POLYESTER<\/b><\/p>\n<div class=\"txt\">\n<ul>\n<li>Haute r\u00e9sistance aux rayons UV<\/li>\n<li>r\u00e9sistance chimique<\/li>\n<li>\u00c9conomique<\/li>\n<\/ul>\n<\/div>\n<\/div>\n<div class=\"tripleContent\">\n<p><b>STRUCTURE FLEXIBLE et CONTINUE<\/b><\/p>\n<div class=\"txt\">\n<ul>\n<li>Facilit\u00e9 de stockage<\/li>\n<li>Facilit\u00e9 de transport<\/li>\n<li>Faibles co\u00fbts de main-d&#039;\u0153uvre<\/li>\n<li>\u00e9tanch\u00e9it\u00e9 \u00e0 l&#039;air<\/li>\n<li>Efficacit\u00e9 \u00e9nerg\u00e9tique<\/li>\n<li>Faibles co\u00fbts d&#039;exploitation et de maintenance<\/li>\n<\/ul>\n<\/div>\n<\/div>\n<div class=\"tripleContent\">\n<p><b>MUR INT\u00c9RIEUR LISSE<\/b><\/p>\n<div class=\"txt\">\n<ul>\n<li>\u00a0Faible perte de pression<\/li>\n<li>Faibles charges d&#039;exploitation<\/li>\n<\/ul>\n<\/div>\n<\/div>\n<\/div>\n<div class=\"wrp clearfix\">\n<div class=\"tripleContent\">\n<p><b>FIL D&#039;ACIER \u00c0 HAUTE R\u00c9SISTANCE<\/b><\/p>\n<div class=\"txt\">\n<ul>\n<li>\u00a0Haute r\u00e9sistance<\/li>\n<li>Non d\u00e9form\u00e9<\/li>\n<li>Montage facile<\/li>\n<\/ul>\n<\/div>\n<\/div>\n<div class=\"tripleContent\">\n<p><b>Isolation en laine de verre<\/b><\/p>\n<div class=\"txt\">\n<ul>\n<li>% 100 Ininflammabilit\u00e9 (Certifi\u00e9, EN 13501-1, Classe A1)<\/li>\n<li>UL 723, indice de propagation de flamme = 0, indice de d\u00e9veloppement de fum\u00e9e = 0<\/li>\n<li>Pas d&#039;\u00e9rosion des fibres<\/li>\n<li>Efficacit\u00e9 \u00e9nerg\u00e9tique<\/li>\n<li>Excellente caract\u00e9ristique d&#039;isolation<\/li>\n<li>Pr\u00e9vention de la condensation<\/li>\n<\/ul>\n<\/div>\n<\/div>\n<div class=\"tripleContent\">\n<p><b>VESTE LAMIN\u00c9E EN POLYESTER M\u00c9TALLIS\u00c9 RENFORC\u00c9<\/b><\/p>\n<div class=\"txt\">\n<ul>\n<li>Haute r\u00e9sistance aux d\u00e9chirures et aux chocs<\/li>\n<li>Ne laisse pas passer les rayons UV<\/li>\n<li>Haute r\u00e9sistance aux rayons UV<\/li>\n<li>\u00e9l\u00e9ment r\u00e9fl\u00e9chissant<\/li>\n<li>r\u00e9sistance chimique<\/li>\n<\/ul>\n<\/div>\n<\/div>\n<\/div>","protected":false},"excerpt":{"rendered":"<p>ISOAFS-POLY Is\u0131 izoleli, polyester flexible hava kanal\u0131 Genel \u00d6zellikler Flexible Kanal Konstr\u00fcksiyonu 2 kat Polyester Flexible Kanal Nominal Kal\u0131nl\u0131\u011f\u0131 30 mikron Ceket Kontr\u00fcksiyonu 2 kat Metalize Polyester Ceket Nominal Kal\u0131nl\u0131\u011f\u0131 30 mikron \u0130zolasyon &#8211; Kal\u0131nl\u0131k &#8211; Yo\u011funluk Cam Y\u00fcn\u00fc 25 mm &#8211; 16 kg\/m\u00b3 \u00c7ap Aral\u0131\u011f\u0131 82 mm &#8211; 800 mm \u00c7al\u0131\u015fma S\u0131cakl\u0131\u011f\u0131 Aral\u0131\u011f\u0131 -30 [&#8230;]\n","protected":false},"featured_media":6970,"comment_status":"open","ping_status":"closed","template":"","meta":{"jetpack_post_was_ever_published":false},"product_brand":[],"product_cat":[138],"product_tag":[265,264,260,261,258,266,262,259,267,263],"class_list":{"0":"post-844","1":"product","2":"type-product","3":"status-publish","4":"has-post-thumbnail","6":"product_cat-polyester-esnek-havalandirma-kanali","7":"product_tag-bukulme","8":"product_tag-esneme","9":"product_tag-havalandirma-ve-iklimlendirme-sistemleri","10":"product_tag-helezon-celik","11":"product_tag-isitma","12":"product_tag-sikistirilabilme","13":"product_tag-sizdirmaz","14":"product_tag-sogutma","15":"product_tag-tasima-kolayligi","16":"product_tag-yogusmayi-engelleme","18":"first","19":"instock","20":"taxable","21":"shipping-taxable","22":"product-type-variable"},"jetpack-related-posts":[{"id":583,"url":"https:\/\/tuzlahortum.com.tr\/fr\/produit\/isoafs-alu-forte-green\/","url_meta":{"origin":844,"position":0},"title":"ISOAFS-ALU FORTE VERT","author":"admin","date":"6 f\u00e9vrier 2019","format":false,"excerpt":"ISOAFS-ALU FORTE GREENGreenguard Sertifikal\u0131 Is\u0131 \u0130zoleli Al\u00fcminyum Y\u00fcksek Mukavemetli Flexible Hava Kanallar\u0131 Tipler ISOAFS-ALU.F FORTE GREEN Genel \u00d6zellikler Flexible Kanal Konstr\u00fcksiyonu 3 kat Al\u00fcminyum + 2 kat Polyester Flexible Kanal Nominal Kal\u0131nl\u0131\u011f\u0131 70 mikron Ceket Kontr\u00fcksiyonu 1 kat Al\u00fcminyum + 2 kat Polyester Ceket Nominal Kal\u0131nl\u0131\u011f\u0131 45 mikron \u0130zolasyon -\u2026","rel":"","context":"Article similaire","block_context":{"text":"Article similaire","link":""},"img":{"alt_text":"","src":"https:\/\/i0.wp.com\/tuzlahortum.com.tr\/wp-content\/uploads\/2019\/03\/ISOAFS-ALU.70-FORTE-GREEN.png?fit=800%2C800&ssl=1&resize=350%2C200","width":350,"height":200,"srcset":"https:\/\/i0.wp.com\/tuzlahortum.com.tr\/wp-content\/uploads\/2019\/03\/ISOAFS-ALU.70-FORTE-GREEN.png?fit=800%2C800&ssl=1&resize=350%2C200 1x, https:\/\/i0.wp.com\/tuzlahortum.com.tr\/wp-content\/uploads\/2019\/03\/ISOAFS-ALU.70-FORTE-GREEN.png?fit=800%2C800&ssl=1&resize=525%2C300 1.5x, https:\/\/i0.wp.com\/tuzlahortum.com.tr\/wp-content\/uploads\/2019\/03\/ISOAFS-ALU.70-FORTE-GREEN.png?fit=800%2C800&ssl=1&resize=700%2C400 2x"},"classes":[]},{"id":590,"url":"https:\/\/tuzlahortum.com.tr\/fr\/produit\/isoafs-alu-green\/","url_meta":{"origin":844,"position":1},"title":"ISOAFS-ALU VERT","author":"admin","date":"6 f\u00e9vrier 2019","format":false,"excerpt":"ISOAFS-ALU GREENGreenguard Sertifikal\u0131 Is\u0131 \u0130zoleli Al\u00fcminyum Flexible Hava Kanallar\u0131 Tipler ISOAFS-ALU.70 GREEN ISOAFS-ALU F GREEN Genel \u00d6zellikler Flexible Kanal Konstr\u00fcksiyonu 3 kat Al\u00fcminyum + 1 kat Polyester Flexible Kanal Nominal Kal\u0131nl\u0131\u011f\u0131 74 mikron Ceket Kontr\u00fcksiyonu 1 kat Al\u00fcminyum + 2 kat Polyester Ceket Nominal Kal\u0131nl\u0131\u011f\u0131 45 mikron \u0130zolasyon - Kal\u0131nl\u0131k\u2026","rel":"","context":"Article similaire","block_context":{"text":"Article similaire","link":""},"img":{"alt_text":"","src":"https:\/\/i0.wp.com\/tuzlahortum.com.tr\/wp-content\/uploads\/2019\/03\/ISOAFS-ALU.70-GREEN.png?fit=800%2C800&ssl=1&resize=350%2C200","width":350,"height":200,"srcset":"https:\/\/i0.wp.com\/tuzlahortum.com.tr\/wp-content\/uploads\/2019\/03\/ISOAFS-ALU.70-GREEN.png?fit=800%2C800&ssl=1&resize=350%2C200 1x, https:\/\/i0.wp.com\/tuzlahortum.com.tr\/wp-content\/uploads\/2019\/03\/ISOAFS-ALU.70-GREEN.png?fit=800%2C800&ssl=1&resize=525%2C300 1.5x, https:\/\/i0.wp.com\/tuzlahortum.com.tr\/wp-content\/uploads\/2019\/03\/ISOAFS-ALU.70-GREEN.png?fit=800%2C800&ssl=1&resize=700%2C400 2x"},"classes":[]},{"id":591,"url":"https:\/\/tuzlahortum.com.tr\/fr\/produit\/isoafs-alu-hijyen-green\/","url_meta":{"origin":844,"position":2},"title":"ISOAFS-ALU HYGI\u00c8NE VERT","author":"admin","date":"6 f\u00e9vrier 2019","format":false,"excerpt":"ISOAFS-ALU H\u0130JYEN GREENGreenguard sertifikal\u0131, \u0131s\u0131 izoleli anti mikrobiyal al\u00fcminyum flexible hava kanallar\u0131 Tipler ISOAFS-ALU.F HYGIENE GREEN Genel \u00d6zellikler Flexible Kanal Konstr\u00fcksiyonu 3 kat Al\u00fcminyum + 2 kat Polyester + Hijyen Kaplama Flexible Kanal Nominal Kal\u0131nl\u0131\u011f\u0131 70 mikron + Hijyen Kaplama Ceket Kontr\u00fcksiyonu 1 kat Al\u00fcminyum + 2 kat Polyester Ceket\u2026","rel":"","context":"Article similaire","block_context":{"text":"Article similaire","link":""},"img":{"alt_text":"","src":"https:\/\/i0.wp.com\/tuzlahortum.com.tr\/wp-content\/uploads\/2019\/03\/ISOAFS-ALU-HYGIENE-GREEN.png?fit=800%2C800&ssl=1&resize=350%2C200","width":350,"height":200,"srcset":"https:\/\/i0.wp.com\/tuzlahortum.com.tr\/wp-content\/uploads\/2019\/03\/ISOAFS-ALU-HYGIENE-GREEN.png?fit=800%2C800&ssl=1&resize=350%2C200 1x, https:\/\/i0.wp.com\/tuzlahortum.com.tr\/wp-content\/uploads\/2019\/03\/ISOAFS-ALU-HYGIENE-GREEN.png?fit=800%2C800&ssl=1&resize=525%2C300 1.5x, https:\/\/i0.wp.com\/tuzlahortum.com.tr\/wp-content\/uploads\/2019\/03\/ISOAFS-ALU-HYGIENE-GREEN.png?fit=800%2C800&ssl=1&resize=700%2C400 2x"},"classes":[]},{"id":8675,"url":"https:\/\/tuzlahortum.com.tr\/fr\/produit\/sonoafs-alu-70b\/","url_meta":{"origin":844,"position":3},"title":"SONOAFS-ALU.70B (MANTEAU PE)","author":"\u0130smail \u00c7elik","date":"22 mars 2019","format":false,"excerpt":"SONOAFS-ALU.70B (PE CEKET) Du\u0308\u015fu\u0308k ve orta bas\u0131n\u00e7ta \u00e7al\u0131\u015fan havaland\u0131rma ve iklimlendirme sistemlerine uygun Is\u0131 ve ses yal\u0131t\u0131ml\u0131 (izoleli) Formaldehit i\u00e7ermeyen cam y\u00fcn\u00fc ile izoleli flexible hava kanal\u0131 Flexible Kanal Konstr\u00fcksiyonu [3 kat Al\u00fcminyum + 2 kat Polyester] (Perfore) \/ Bariyer Flexible Kanal Nominal Kal\u0131nl\u0131\u011f\u0131 70 mikron Ceket Kontr\u00fcksiyonu 1 kat\u2026","rel":"","context":"Article similaire","block_context":{"text":"Article similaire","link":""},"img":{"alt_text":"","src":"https:\/\/i0.wp.com\/tuzlahortum.com.tr\/wp-content\/uploads\/2019\/03\/SONOAFS-ALU.70B-PE-CEKET.png?fit=800%2C800&ssl=1&resize=350%2C200","width":350,"height":200,"srcset":"https:\/\/i0.wp.com\/tuzlahortum.com.tr\/wp-content\/uploads\/2019\/03\/SONOAFS-ALU.70B-PE-CEKET.png?fit=800%2C800&ssl=1&resize=350%2C200 1x, https:\/\/i0.wp.com\/tuzlahortum.com.tr\/wp-content\/uploads\/2019\/03\/SONOAFS-ALU.70B-PE-CEKET.png?fit=800%2C800&ssl=1&resize=525%2C300 1.5x, https:\/\/i0.wp.com\/tuzlahortum.com.tr\/wp-content\/uploads\/2019\/03\/SONOAFS-ALU.70B-PE-CEKET.png?fit=800%2C800&ssl=1&resize=700%2C400 2x"},"classes":[]},{"id":592,"url":"https:\/\/tuzlahortum.com.tr\/fr\/produit\/sonoafs-hijyen-green\/","url_meta":{"origin":844,"position":4},"title":"SONOAFS-ALU HYGIENE VERT","author":"admin","date":"6 f\u00e9vrier 2019","format":false,"excerpt":"SONOAFS-ALU H\u0130JYEN GREEN Greenguard Sertifikal\u0131 Is\u0131 ve Ses \u0130zoleli Al\u00fcminyum Hijyen Flexible Hava Kanallar\u0131 Flexible Kanal Konstr\u00fcksiyonu [3 kat Al\u00fcminyum + 2 kat Polyester + Hijyen Kaplama] (Perfore) \/ Bariyer Flexible Kanal Nominal Kal\u0131nl\u0131\u011f\u0131 70 mikron + Hijyen Kaplama Ceket Kontr\u00fcksiyonu 1 kat Al\u00fcminyum + 2 kat Polyester Ceket Nominal\u2026","rel":"","context":"Article similaire","block_context":{"text":"Article similaire","link":""},"img":{"alt_text":"","src":"https:\/\/i0.wp.com\/tuzlahortum.com.tr\/wp-content\/uploads\/2019\/03\/SONOAFS-ALU.B-HYGIENE-GREEN-1.png?fit=800%2C800&ssl=1&resize=350%2C200","width":350,"height":200,"srcset":"https:\/\/i0.wp.com\/tuzlahortum.com.tr\/wp-content\/uploads\/2019\/03\/SONOAFS-ALU.B-HYGIENE-GREEN-1.png?fit=800%2C800&ssl=1&resize=350%2C200 1x, https:\/\/i0.wp.com\/tuzlahortum.com.tr\/wp-content\/uploads\/2019\/03\/SONOAFS-ALU.B-HYGIENE-GREEN-1.png?fit=800%2C800&ssl=1&resize=525%2C300 1.5x, https:\/\/i0.wp.com\/tuzlahortum.com.tr\/wp-content\/uploads\/2019\/03\/SONOAFS-ALU.B-HYGIENE-GREEN-1.png?fit=800%2C800&ssl=1&resize=700%2C400 2x"},"classes":[]},{"id":593,"url":"https:\/\/tuzlahortum.com.tr\/fr\/produit\/sonoafs-alu-forte-green\/","url_meta":{"origin":844,"position":5},"title":"SONOAFS-ALU FORTE VERT","author":"admin","date":"6 f\u00e9vrier 2019","format":false,"excerpt":"SONOAFS-ALU FORTE GREENTipler Flexible Kanal Konstr\u00fcksiyonu 3 kat Al\u00fcminyum + 2 kat Polyester Flexible Kanal Nominal Kal\u0131nl\u0131\u011f\u0131 70 mikron Ceket Kontr\u00fcksiyonu 1 kat Al\u00fcminyum + 2 kat Polyester Ceket Nominal Kal\u0131nl\u0131\u011f\u0131 45 mikron \u0130zolasyon - Kal\u0131nl\u0131k - Yo\u011funluk Cam Y\u00fcn\u00fc 25 mm - 16 kg\/m\u00b3 \u00c7ap Aral\u0131\u011f\u0131 52 mm -\u2026","rel":"","context":"Article similaire","block_context":{"text":"Article similaire","link":""},"img":{"alt_text":"","src":"https:\/\/i0.wp.com\/tuzlahortum.com.tr\/wp-content\/uploads\/2019\/03\/SONOAFS-ALU.70B-FORTE-GREEN-1.png?fit=800%2C800&ssl=1&resize=350%2C200","width":350,"height":200,"srcset":"https:\/\/i0.wp.com\/tuzlahortum.com.tr\/wp-content\/uploads\/2019\/03\/SONOAFS-ALU.70B-FORTE-GREEN-1.png?fit=800%2C800&ssl=1&resize=350%2C200 1x, https:\/\/i0.wp.com\/tuzlahortum.com.tr\/wp-content\/uploads\/2019\/03\/SONOAFS-ALU.70B-FORTE-GREEN-1.png?fit=800%2C800&ssl=1&resize=525%2C300 1.5x, https:\/\/i0.wp.com\/tuzlahortum.com.tr\/wp-content\/uploads\/2019\/03\/SONOAFS-ALU.70B-FORTE-GREEN-1.png?fit=800%2C800&ssl=1&resize=700%2C400 2x"},"classes":[]}],"jetpack_sharing_enabled":true,"jetpack_likes_enabled":true,"_links":{"self":[{"href":"https:\/\/tuzlahortum.com.tr\/fr\/wp-json\/wp\/v2\/product\/844","targetHints":{"allow":["GET"]}}],"collection":[{"href":"https:\/\/tuzlahortum.com.tr\/fr\/wp-json\/wp\/v2\/product"}],"about":[{"href":"https:\/\/tuzlahortum.com.tr\/fr\/wp-json\/wp\/v2\/types\/product"}],"replies":[{"embeddable":true,"href":"https:\/\/tuzlahortum.com.tr\/fr\/wp-json\/wp\/v2\/comments?post=844"}],"wp:featuredmedia":[{"embeddable":true,"href":"https:\/\/tuzlahortum.com.tr\/fr\/wp-json\/wp\/v2\/media\/6970"}],"wp:attachment":[{"href":"https:\/\/tuzlahortum.com.tr\/fr\/wp-json\/wp\/v2\/media?parent=844"}],"wp:term":[{"taxonomy":"product_brand","embeddable":true,"href":"https:\/\/tuzlahortum.com.tr\/fr\/wp-json\/wp\/v2\/product_brand?post=844"},{"taxonomy":"product_cat","embeddable":true,"href":"https:\/\/tuzlahortum.com.tr\/fr\/wp-json\/wp\/v2\/product_cat?post=844"},{"taxonomy":"product_tag","embeddable":true,"href":"https:\/\/tuzlahortum.com.tr\/fr\/wp-json\/wp\/v2\/product_tag?post=844"}],"curies":[{"name":"wp","href":"https:\/\/api.w.org\/{rel}","templated":true}]}}