{"id":842,"date":"2019-02-06T23:54:34","date_gmt":"2019-02-06T20:54:34","guid":{"rendered":"http:\/\/hortum.com.tr\/product\/import-placeholder-for-597\/"},"modified":"2024-03-21T17:41:44","modified_gmt":"2024-03-21T14:41:44","slug":"e-tipi-poliropilen-kamlok","status":"publish","type":"product","link":"https:\/\/tuzlahortum.com.tr\/fr\/produit\/e-tipi-poliropilen-kamlok\/","title":{"rendered":"Camlock en polypropyl\u00e8ne de type E"},"content":{"rendered":"<h2>Camlock en polypropyl\u00e8ne de type E<\/h2>\n<p>https:\/\/www.youtube.com\/watch?v=O8ZlzKEjfEQ<\/p>\n<p style=\"text-align: center;\">\n    <a href=\"https:\/\/www.flow-hose.com.tr\/technical-info\/2-2\/kamloklar\" target=\"_blank\" class=\"button\" style=\"margin-top:12px;\" rel=\"noopener\">Cliquez pour le guide Kamlok<\/a><\/p>","protected":false},"excerpt":{"rendered":"<p>E Tipi Poliropilen Kamlok https:\/\/www.youtube.com\/watch?v=O8ZlzKEjfEQ Kamlok Rehberi i\u00e7in t\u0131klay\u0131n\u0131z<\/p>","protected":false},"featured_media":12590,"comment_status":"open","ping_status":"closed","template":"","meta":[],"product_brand":[],"product_cat":[2330],"product_tag":[271,279,278,270,269,277,2332,274,276,275],"class_list":{"0":"post-842","1":"product","2":"type-product","3":"status-publish","4":"has-post-thumbnail","6":"product_cat-polipropilen-kamloklar","7":"product_tag-baglanti-elemani","8":"product_tag-e-tipi","9":"product_tag-hizli-baglanti","10":"product_tag-hortum-baglantisi","11":"product_tag-kamlok","12":"product_tag-kolay-baglanti","13":"product_tag-poliropilen","14":"product_tag-sok","15":"product_tag-sok-tak","16":"product_tag-tak","18":"first","19":"instock","20":"taxable","21":"shipping-taxable","22":"product-type-variable"},"jetpack-related-posts":[{"id":705,"url":"https:\/\/tuzlahortum.com.tr\/fr\/produit\/a-tipi-poliropilen-kamlok\/","url_meta":{"origin":842,"position":0},"title":"Camlock en polypropyl\u00e8ne de type A","author":"admin","date":"6 f\u00e9vrier 2019","format":false,"excerpt":"A Tipi Poliropilen Kamlokhttps:\/\/www.youtube.com\/watch?v=O8ZlzKEjfEQ Kamlok Rehberi i\u00e7in t\u0131klay\u0131n\u0131z","rel":"","context":"Article similaire","block_context":{"text":"Article similaire","link":""},"img":{"alt_text":"","src":"https:\/\/i0.wp.com\/tuzlahortum.com.tr\/wp-content\/uploads\/2019\/02\/PPA.jpg?fit=901%2C579&ssl=1&resize=350%2C200","width":350,"height":200,"srcset":"https:\/\/i0.wp.com\/tuzlahortum.com.tr\/wp-content\/uploads\/2019\/02\/PPA.jpg?fit=901%2C579&ssl=1&resize=350%2C200 1x, https:\/\/i0.wp.com\/tuzlahortum.com.tr\/wp-content\/uploads\/2019\/02\/PPA.jpg?fit=901%2C579&ssl=1&resize=525%2C300 1.5x, https:\/\/i0.wp.com\/tuzlahortum.com.tr\/wp-content\/uploads\/2019\/02\/PPA.jpg?fit=901%2C579&ssl=1&resize=700%2C400 2x"},"classes":[]},{"id":707,"url":"https:\/\/tuzlahortum.com.tr\/fr\/produit\/c-tipi-poliropilen-kamlok\/","url_meta":{"origin":842,"position":1},"title":"Camlock en polypropyl\u00e8ne de type C","author":"admin","date":"6 f\u00e9vrier 2019","format":false,"excerpt":"C Tipi Poliropilen Kamlokhttps:\/\/www.youtube.com\/watch?v=O8ZlzKEjfEQ Kamlok Rehberi i\u00e7in t\u0131klay\u0131n\u0131z","rel":"","context":"Article similaire","block_context":{"text":"Article similaire","link":""},"img":{"alt_text":"","src":"https:\/\/i0.wp.com\/tuzlahortum.com.tr\/wp-content\/uploads\/2019\/02\/PPC.jpg?fit=900%2C580&ssl=1&resize=350%2C200","width":350,"height":200,"srcset":"https:\/\/i0.wp.com\/tuzlahortum.com.tr\/wp-content\/uploads\/2019\/02\/PPC.jpg?fit=900%2C580&ssl=1&resize=350%2C200 1x, https:\/\/i0.wp.com\/tuzlahortum.com.tr\/wp-content\/uploads\/2019\/02\/PPC.jpg?fit=900%2C580&ssl=1&resize=525%2C300 1.5x, https:\/\/i0.wp.com\/tuzlahortum.com.tr\/wp-content\/uploads\/2019\/02\/PPC.jpg?fit=900%2C580&ssl=1&resize=700%2C400 2x"},"classes":[]},{"id":708,"url":"https:\/\/tuzlahortum.com.tr\/fr\/produit\/dc-tipi-poliropilen-kamlok\/","url_meta":{"origin":842,"position":2},"title":"Camlock en polypropyl\u00e8ne de type DC","author":"admin","date":"6 f\u00e9vrier 2019","format":false,"excerpt":"DC Tipi Poliropilen Kamlokhttps:\/\/www.youtube.com\/watch?v=O8ZlzKEjfEQ Kamlok Rehberi i\u00e7in t\u0131klay\u0131n\u0131z","rel":"","context":"Article similaire","block_context":{"text":"Article similaire","link":""},"img":{"alt_text":"","src":"https:\/\/i0.wp.com\/tuzlahortum.com.tr\/wp-content\/uploads\/2019\/02\/PPDC.jpg?fit=900%2C579&ssl=1&resize=350%2C200","width":350,"height":200,"srcset":"https:\/\/i0.wp.com\/tuzlahortum.com.tr\/wp-content\/uploads\/2019\/02\/PPDC.jpg?fit=900%2C579&ssl=1&resize=350%2C200 1x, https:\/\/i0.wp.com\/tuzlahortum.com.tr\/wp-content\/uploads\/2019\/02\/PPDC.jpg?fit=900%2C579&ssl=1&resize=525%2C300 1.5x, https:\/\/i0.wp.com\/tuzlahortum.com.tr\/wp-content\/uploads\/2019\/02\/PPDC.jpg?fit=900%2C579&ssl=1&resize=700%2C400 2x"},"classes":[]},{"id":840,"url":"https:\/\/tuzlahortum.com.tr\/fr\/produit\/b-tipi-poliropilen-kamlok\/","url_meta":{"origin":842,"position":3},"title":"Camlock en polypropyl\u00e8ne de type B","author":"admin","date":"6 f\u00e9vrier 2019","format":false,"excerpt":"B Tipi Poliropilen Kamlokhttps:\/\/www.youtube.com\/watch?v=O8ZlzKEjfEQ Kamlok Rehberi i\u00e7in t\u0131klay\u0131n\u0131z","rel":"","context":"Article similaire","block_context":{"text":"Article similaire","link":""},"img":{"alt_text":"","src":"https:\/\/i0.wp.com\/tuzlahortum.com.tr\/wp-content\/uploads\/2019\/02\/PPB.jpg?fit=900%2C580&ssl=1&resize=350%2C200","width":350,"height":200,"srcset":"https:\/\/i0.wp.com\/tuzlahortum.com.tr\/wp-content\/uploads\/2019\/02\/PPB.jpg?fit=900%2C580&ssl=1&resize=350%2C200 1x, https:\/\/i0.wp.com\/tuzlahortum.com.tr\/wp-content\/uploads\/2019\/02\/PPB.jpg?fit=900%2C580&ssl=1&resize=525%2C300 1.5x, https:\/\/i0.wp.com\/tuzlahortum.com.tr\/wp-content\/uploads\/2019\/02\/PPB.jpg?fit=900%2C580&ssl=1&resize=700%2C400 2x"},"classes":[]},{"id":841,"url":"https:\/\/tuzlahortum.com.tr\/fr\/produit\/d-tipi-poliropilen-kamlok\/","url_meta":{"origin":842,"position":4},"title":"Camlock en polypropyl\u00e8ne de type D","author":"admin","date":"6 f\u00e9vrier 2019","format":false,"excerpt":"D Tipi Poliropilen Kamlokhttps:\/\/www.youtube.com\/watch?v=O8ZlzKEjfEQ Kamlok Rehberi i\u00e7in t\u0131klay\u0131n\u0131z","rel":"","context":"Article similaire","block_context":{"text":"Article similaire","link":""},"img":{"alt_text":"","src":"https:\/\/i0.wp.com\/tuzlahortum.com.tr\/wp-content\/uploads\/2019\/02\/PPD.jpg?fit=900%2C580&ssl=1&resize=350%2C200","width":350,"height":200,"srcset":"https:\/\/i0.wp.com\/tuzlahortum.com.tr\/wp-content\/uploads\/2019\/02\/PPD.jpg?fit=900%2C580&ssl=1&resize=350%2C200 1x, https:\/\/i0.wp.com\/tuzlahortum.com.tr\/wp-content\/uploads\/2019\/02\/PPD.jpg?fit=900%2C580&ssl=1&resize=525%2C300 1.5x, https:\/\/i0.wp.com\/tuzlahortum.com.tr\/wp-content\/uploads\/2019\/02\/PPD.jpg?fit=900%2C580&ssl=1&resize=700%2C400 2x"},"classes":[]},{"id":843,"url":"https:\/\/tuzlahortum.com.tr\/fr\/produit\/f-tipi-poliropilen-kamlok\/","url_meta":{"origin":842,"position":5},"title":"Camlock en polypropyl\u00e8ne de type F","author":"admin","date":"6 f\u00e9vrier 2019","format":false,"excerpt":"F Tipi Poliropilen Kamlokhttps:\/\/www.youtube.com\/watch?v=O8ZlzKEjfEQ Kamlok Rehberi i\u00e7in t\u0131klay\u0131n\u0131z","rel":"","context":"Article similaire","block_context":{"text":"Article similaire","link":""},"img":{"alt_text":"","src":"https:\/\/i0.wp.com\/tuzlahortum.com.tr\/wp-content\/uploads\/2019\/02\/PPF.jpg?fit=900%2C579&ssl=1&resize=350%2C200","width":350,"height":200,"srcset":"https:\/\/i0.wp.com\/tuzlahortum.com.tr\/wp-content\/uploads\/2019\/02\/PPF.jpg?fit=900%2C579&ssl=1&resize=350%2C200 1x, https:\/\/i0.wp.com\/tuzlahortum.com.tr\/wp-content\/uploads\/2019\/02\/PPF.jpg?fit=900%2C579&ssl=1&resize=525%2C300 1.5x, https:\/\/i0.wp.com\/tuzlahortum.com.tr\/wp-content\/uploads\/2019\/02\/PPF.jpg?fit=900%2C579&ssl=1&resize=700%2C400 2x"},"classes":[]}],"jetpack_sharing_enabled":true,"jetpack_likes_enabled":true,"_links":{"self":[{"href":"https:\/\/tuzlahortum.com.tr\/fr\/wp-json\/wp\/v2\/product\/842","targetHints":{"allow":["GET"]}}],"collection":[{"href":"https:\/\/tuzlahortum.com.tr\/fr\/wp-json\/wp\/v2\/product"}],"about":[{"href":"https:\/\/tuzlahortum.com.tr\/fr\/wp-json\/wp\/v2\/types\/product"}],"replies":[{"embeddable":true,"href":"https:\/\/tuzlahortum.com.tr\/fr\/wp-json\/wp\/v2\/comments?post=842"}],"wp:featuredmedia":[{"embeddable":true,"href":"https:\/\/tuzlahortum.com.tr\/fr\/wp-json\/wp\/v2\/media\/12590"}],"wp:attachment":[{"href":"https:\/\/tuzlahortum.com.tr\/fr\/wp-json\/wp\/v2\/media?parent=842"}],"wp:term":[{"taxonomy":"product_brand","embeddable":true,"href":"https:\/\/tuzlahortum.com.tr\/fr\/wp-json\/wp\/v2\/product_brand?post=842"},{"taxonomy":"product_cat","embeddable":true,"href":"https:\/\/tuzlahortum.com.tr\/fr\/wp-json\/wp\/v2\/product_cat?post=842"},{"taxonomy":"product_tag","embeddable":true,"href":"https:\/\/tuzlahortum.com.tr\/fr\/wp-json\/wp\/v2\/product_tag?post=842"}],"curies":[{"name":"wp","href":"https:\/\/api.w.org\/{rel}","templated":true}]}}