{"id":833,"date":"2019-02-06T23:54:32","date_gmt":"2019-02-06T20:54:32","guid":{"rendered":"http:\/\/hortum.com.tr\/product\/import-placeholder-for-564\/"},"modified":"2024-03-21T17:41:50","modified_gmt":"2024-03-21T14:41:50","slug":"polietilen-spiral-hortum","status":"publish","type":"product","link":"https:\/\/tuzlahortum.com.tr\/fr\/produit\/polietilen-spiral-hortum\/","title":{"rendered":"Tuyau spiral\u00e9 en poly\u00e9thyl\u00e8ne"},"content":{"rendered":"<h2>Tuyau spiral\u00e9 en poly\u00e9thyl\u00e8ne<\/h2>\n<p>R\u00e9tractable avec manchon 1\/4 aux deux extr\u00e9mit\u00e9s et ressort aux deux extr\u00e9mit\u00e9s<\/p>\n<div class=\"video video-fit mb\" style=\"padding-top:56.25%;\"><p><iframe loading=\"lazy\" title=\"V\u00e9rins pneumatiques\" width=\"1020\" height=\"574\" src=\"https:\/\/www.youtube.com\/embed\/YFDzAoEaZfM?feature=oembed\" frameborder=\"0\" allow=\"accelerometer; autoplay; clipboard-write; encrypted-media; gyroscope; picture-in-picture; web-share\" referrerpolicy=\"strict-origin-when-cross-origin\" allowfullscreen><\/iframe><\/p>\n<\/div>","protected":false},"excerpt":{"rendered":"<p>Tuyau spiral\u00e9 en poly\u00e9thyl\u00e8ne Tuyau spiral\u00e9 en poly\u00e9thyl\u00e8ne Tuyau spiral\u00e9 en poly\u00e9thyl\u00e8ne Tuyau spiral\u00e9 en poly\u00e9thyl\u00e8ne avec deux extr\u00e9mit\u00e9s avec des raccords 1\/4 et deux extr\u00e9mit\u00e9s avec des ressorts<\/p>","protected":false},"featured_media":2049,"comment_status":"open","ping_status":"closed","template":"","meta":{"jetpack_post_was_ever_published":false},"product_brand":[],"product_cat":[166],"product_tag":[290,1083,1087,1086],"class_list":{"0":"post-833","1":"product","2":"type-product","3":"status-publish","4":"has-post-thumbnail","6":"product_cat-pnomatik-hortumlar","7":"product_tag-hortum","8":"product_tag-polietilen","9":"product_tag-polietilen-spiral-hortum","10":"product_tag-spiral","12":"first","13":"instock","14":"taxable","15":"shipping-taxable","16":"product-type-variable"},"jetpack-related-posts":[{"id":834,"url":"https:\/\/tuzlahortum.com.tr\/fr\/produit\/poliuretan-spiral-hortum\/","url_meta":{"origin":833,"position":0},"title":"Tuyau spiral\u00e9 en polyur\u00e9thane","author":"admin","date":"6 f\u00e9vrier 2019","format":false,"excerpt":"Poli\u00fcretan Spiral Hortum\u0130ki ucu 1\/4 Rekorlu ve iki ucu yayl\u0131 Shrink","rel":"","context":"Article similaire","block_context":{"text":"Article similaire","link":""},"img":{"alt_text":"","src":"https:\/\/i0.wp.com\/tuzlahortum.com.tr\/wp-content\/uploads\/urunler\/Pnomatik\/0001950_5x8-polietilen-damper-hortumu-takim-45-metre_550.jpeg?fit=550%2C550&ssl=1&resize=350%2C200","width":350,"height":200,"srcset":"https:\/\/i0.wp.com\/tuzlahortum.com.tr\/wp-content\/uploads\/urunler\/Pnomatik\/0001950_5x8-polietilen-damper-hortumu-takim-45-metre_550.jpeg?fit=550%2C550&ssl=1&resize=350%2C200 1x, https:\/\/i0.wp.com\/tuzlahortum.com.tr\/wp-content\/uploads\/urunler\/Pnomatik\/0001950_5x8-polietilen-damper-hortumu-takim-45-metre_550.jpeg?fit=550%2C550&ssl=1&resize=525%2C300 1.5x"},"classes":[]},{"id":7277,"url":"https:\/\/tuzlahortum.com.tr\/fr\/produit\/sari-hava-jak-cesitleri-hortumgovde-uc\/","url_meta":{"origin":833,"position":1},"title":"Types de prise d&#039;air jaune (tuyau, embout de corps)","author":"\u0130smail \u00c7elik","date":"8 mars 2019","format":false,"excerpt":"Types de prise d&#039;air jaune (tuyau, embout de corps)","rel":"","context":"Article similaire","block_context":{"text":"Article similaire","link":""},"img":{"alt_text":"","src":"https:\/\/i0.wp.com\/tuzlahortum.com.tr\/wp-content\/uploads\/2019\/03\/sar%C4%B1-hava-jak2.jpg?fit=628%2C830&ssl=1&resize=350%2C200","width":350,"height":200,"srcset":"https:\/\/i0.wp.com\/tuzlahortum.com.tr\/wp-content\/uploads\/2019\/03\/sar%C4%B1-hava-jak2.jpg?fit=628%2C830&ssl=1&resize=350%2C200 1x, https:\/\/i0.wp.com\/tuzlahortum.com.tr\/wp-content\/uploads\/2019\/03\/sar%C4%B1-hava-jak2.jpg?fit=628%2C830&ssl=1&resize=525%2C300 1.5x"},"classes":[]},{"id":8168,"url":"https:\/\/tuzlahortum.com.tr\/fr\/produit\/sari-su-jak-cesitleri-erkek-disigovde-uc\/","url_meta":{"origin":833,"position":2},"title":"Types de prise d&#039;eau jaune (m\u00e2le-femelle, corps-pointe)","author":"\u0130smail \u00c7elik","date":"15 mars 2019","format":false,"excerpt":"Types de prise d&#039;eau jaune (m\u00e2le-femelle, corps-pointe)","rel":"","context":"Article similaire","block_context":{"text":"Article similaire","link":""},"img":{"alt_text":"","src":"https:\/\/i0.wp.com\/tuzlahortum.com.tr\/wp-content\/uploads\/2019\/03\/sar%C4%B1-su-jak%C4%B1-600-x-800.jpg?fit=600%2C800&ssl=1&resize=350%2C200","width":350,"height":200,"srcset":"https:\/\/i0.wp.com\/tuzlahortum.com.tr\/wp-content\/uploads\/2019\/03\/sar%C4%B1-su-jak%C4%B1-600-x-800.jpg?fit=600%2C800&ssl=1&resize=350%2C200 1x, https:\/\/i0.wp.com\/tuzlahortum.com.tr\/wp-content\/uploads\/2019\/03\/sar%C4%B1-su-jak%C4%B1-600-x-800.jpg?fit=600%2C800&ssl=1&resize=525%2C300 1.5x"},"classes":[]},{"id":7264,"url":"https:\/\/tuzlahortum.com.tr\/fr\/produit\/sari-hava-jak-cesitleri-erkek-disigovde-uc\/","url_meta":{"origin":833,"position":3},"title":"Types de prise d&#039;air jaune (m\u00e2le-femelle, corps-pointe)","author":"\u0130smail \u00c7elik","date":"8 mars 2019","format":false,"excerpt":"Types de prise d&#039;air jaune (m\u00e2le-femelle, corps-pointe)","rel":"","context":"Article similaire","block_context":{"text":"Article similaire","link":""},"img":{"alt_text":"","src":"https:\/\/i0.wp.com\/tuzlahortum.com.tr\/wp-content\/uploads\/2019\/03\/sar%C4%B1-hava-jak2.jpg?fit=628%2C830&ssl=1&resize=350%2C200","width":350,"height":200,"srcset":"https:\/\/i0.wp.com\/tuzlahortum.com.tr\/wp-content\/uploads\/2019\/03\/sar%C4%B1-hava-jak2.jpg?fit=628%2C830&ssl=1&resize=350%2C200 1x, https:\/\/i0.wp.com\/tuzlahortum.com.tr\/wp-content\/uploads\/2019\/03\/sar%C4%B1-hava-jak2.jpg?fit=628%2C830&ssl=1&resize=525%2C300 1.5x"},"classes":[]},{"id":941,"url":"https:\/\/tuzlahortum.com.tr\/fr\/produit\/tc-27\/","url_meta":{"origin":833,"position":4},"title":"CT 27","author":"admin","date":"6 f\u00e9vrier 2019","format":false,"excerpt":"TC 27MATERYAL: Hortum duvar\u0131 : Polietilen Film \u2022 A\u011f\u0131rl\u0131k : 400 gr\/m2 \u2022 \u00c7ekme dayan\u0131m\u0131 : 80 \/ 80 kg.F \u2022 Y\u0131rt\u0131lma dayan\u0131m\u0131 : 5 \/ 6 kg.F \u2022 Kal\u0131nl\u0131k : 0.35 mm \u2022 Renk : Mavi D\u0131\u015f Spiral : Galvaniz \u00c7elik UYGULAMALAR: \u2022 \u00a0Klima \u2022 \u00a0Havaland\u0131rma \u2022 \u00a0Maden havaland\u0131rmas\u0131\u2026","rel":"","context":"Article similaire","block_context":{"text":"Article similaire","link":""},"img":{"alt_text":"","src":"https:\/\/i0.wp.com\/tuzlahortum.com.tr\/wp-content\/uploads\/2019\/03\/TC-27.jpg?fit=600%2C450&ssl=1&resize=350%2C200","width":350,"height":200,"srcset":"https:\/\/i0.wp.com\/tuzlahortum.com.tr\/wp-content\/uploads\/2019\/03\/TC-27.jpg?fit=600%2C450&ssl=1&resize=350%2C200 1x, https:\/\/i0.wp.com\/tuzlahortum.com.tr\/wp-content\/uploads\/2019\/03\/TC-27.jpg?fit=600%2C450&ssl=1&resize=525%2C300 1.5x"},"classes":[]},{"id":7222,"url":"https:\/\/tuzlahortum.com.tr\/fr\/produit\/hava-jak-cesitleri-hortumgovde-uc\/","url_meta":{"origin":833,"position":5},"title":"Types de prise d&#039;air (tuyau, extr\u00e9mit\u00e9 du corps)","author":"\u0130smail \u00c7elik","date":"8 mars 2019","format":false,"excerpt":"Hava Jak \u00c7e\u015fitleri (Hortum,G\u00f6vde-U\u00e7)PN25 Serisi Pn\u00f6matik Otomatik Rekorlar bas\u0131n\u00e7 alt\u0131nda tek elle s\u00f6k\u00fcl\u00fcp tak\u0131labilme \u00f6zelli\u011fine sahiptir. PN25 serisinde yaylar krom nikeldir.\u00a0 Pn25 Serisi Pn\u00f6matik Otomatik Rekorlar, sa\u011flam ve dayan\u0131kl\u0131 yap\u0131lar\u0131, y\u00fcksek hava ak\u0131m kapasiteleri ve kullan\u0131m kolayl\u0131\u011f\u0131 sayesinde t\u00fcm sanayide bas\u0131n\u00e7l\u0131 hava hatlar\u0131nda g\u00fcvenle kullan\u0131lmaktad\u0131r. Uyumluluk Rectus 26 (Avrupa Standard\u0131)\u2026","rel":"","context":"Article similaire","block_context":{"text":"Article similaire","link":""},"img":{"alt_text":"","src":"https:\/\/i0.wp.com\/tuzlahortum.com.tr\/wp-content\/uploads\/2019\/03\/hava-jak-%C3%A7e%C5%9Fitleri.jpg?fit=502%2C570&ssl=1&resize=350%2C200","width":350,"height":200},"classes":[]}],"jetpack_sharing_enabled":true,"jetpack_likes_enabled":true,"_links":{"self":[{"href":"https:\/\/tuzlahortum.com.tr\/fr\/wp-json\/wp\/v2\/product\/833","targetHints":{"allow":["GET"]}}],"collection":[{"href":"https:\/\/tuzlahortum.com.tr\/fr\/wp-json\/wp\/v2\/product"}],"about":[{"href":"https:\/\/tuzlahortum.com.tr\/fr\/wp-json\/wp\/v2\/types\/product"}],"replies":[{"embeddable":true,"href":"https:\/\/tuzlahortum.com.tr\/fr\/wp-json\/wp\/v2\/comments?post=833"}],"wp:featuredmedia":[{"embeddable":true,"href":"https:\/\/tuzlahortum.com.tr\/fr\/wp-json\/wp\/v2\/media\/2049"}],"wp:attachment":[{"href":"https:\/\/tuzlahortum.com.tr\/fr\/wp-json\/wp\/v2\/media?parent=833"}],"wp:term":[{"taxonomy":"product_brand","embeddable":true,"href":"https:\/\/tuzlahortum.com.tr\/fr\/wp-json\/wp\/v2\/product_brand?post=833"},{"taxonomy":"product_cat","embeddable":true,"href":"https:\/\/tuzlahortum.com.tr\/fr\/wp-json\/wp\/v2\/product_cat?post=833"},{"taxonomy":"product_tag","embeddable":true,"href":"https:\/\/tuzlahortum.com.tr\/fr\/wp-json\/wp\/v2\/product_tag?post=833"}],"curies":[{"name":"wp","href":"https:\/\/api.w.org\/{rel}","templated":true}]}}