{"id":832,"date":"2019-02-06T23:54:31","date_gmt":"2019-02-06T20:54:31","guid":{"rendered":"http:\/\/hortum.com.tr\/product\/import-placeholder-for-609\/"},"modified":"2025-08-20T11:44:41","modified_gmt":"2025-08-20T08:44:41","slug":"pnomatik-poliuretan-hortum","status":"publish","type":"product","link":"https:\/\/tuzlahortum.com.tr\/fr\/produit\/pnomatik-poliuretan-hortum\/","title":{"rendered":"Tuyau pneumatique en polyur\u00e9thane"},"content":{"rendered":"<h2>Tuyau pneumatique en polyur\u00e9thane<\/h2>\n<div class=\"productsTechnical\">\n<p><span class=\"head\">INFORMATIONS TECHNIQUES<\/span> <span class=\"technical\">Caract\u00e9ristiques physiques<\/span><\/p>\n<ul>\n<li>Grande flexibilit\u00e9 \u00e0 basse temp\u00e9rature<\/li>\n<li>haute \u00e9lasticit\u00e9<\/li>\n<li>R\u00e9sistance \u00e0 l&#039;usure<\/li>\n<li>R\u00e9sistance \u00e0 la casse<\/li>\n<li>Excellente transparence<\/li>\n<li>Hydrolyse \u00e9lev\u00e9e et r\u00e9sistance microbienne<\/li>\n<li>R\u00e9sistance \u00e0 l&#039;huile et \u00e0 la graisse<\/li>\n<\/ul>\n<div class=\"video video-fit mb\" style=\"padding-top:56.25%;\"><p><iframe loading=\"lazy\" title=\"Confusion des mesures (pouces, doigts, brume, millim\u00e8tres)\" width=\"1020\" height=\"574\" src=\"https:\/\/www.youtube.com\/embed\/uKk6AG_AZls?feature=oembed\" frameborder=\"0\" allow=\"accelerometer; autoplay; clipboard-write; encrypted-media; gyroscope; picture-in-picture; web-share\" referrerpolicy=\"strict-origin-when-cross-origin\" allowfullscreen><\/iframe><\/p>\n<\/div>\n<p><span class=\"technical\">Propri\u00e9t\u00e9s des mati\u00e8res premi\u00e8res<\/span><\/p>\n<ul>\n<li>Densit\u00e9 : 1,21 g\/cm3<\/li>\n<li>Duret\u00e9 95 \u2013 98 A<\/li>\n<li>Temp\u00e9rature de fusion 150 \u00b0C<\/li>\n<li>Les pressions d&#039;\u00e9clatement sont comprises entre 15 atm et 42 atm. entre. Ces valeurs sont valables pour 23\u00baC (73\u00baF), varient selon les diam\u00e8tres et les marges des tuyaux.<\/li>\n<li>Limite de temp\u00e9rature -20\u00baC\/+60\u00baC (-4\u00baF\/+140\u00baF)<\/li>\n<li>Il est particuli\u00e8rement utilis\u00e9 dans le transfert d&#039;air \u00e0 basse pression.<\/li>\n<\/ul>\n<\/div>\n<div class=\"productsTechnical\"><\/div>","protected":false},"excerpt":{"rendered":"<p>Pnomatik Poli\u00fcretan Hortum TEKN\u0130K B\u0130LG\u0130LER Fiziksel \u00d6zellikleri D\u00fc\u015f\u00fck s\u0131cakl\u0131kta y\u00fcksek esneklik Y\u00fcksek elastikiyet A\u015f\u0131nma direnci K\u0131r\u0131lmaya kar\u015f\u0131 mukavemet M\u00fckemmel \u015feffafl\u0131k Y\u00fcksek hidroliz ve mikrobiyal dayan\u0131m Ya\u011f ve gres ya\u011f\u0131na kar\u015f\u0131 dayan\u0131m Hammadde \u00d6zellikleri Yo\u011funluk: 1,21 g\/cm3 Sertlik 95 &#8211; 98 A Erime s\u0131cakl\u0131\u011f\u0131 150 \u00b0C Patlama bas\u0131n\u00e7lar\u0131 15 atm ile 42 atm. aras\u0131ndad\u0131r. Bu de\u011ferler [&#8230;]\n","protected":false},"featured_media":2050,"comment_status":"open","ping_status":"closed","template":"","meta":{"jetpack_post_was_ever_published":false},"product_brand":[],"product_cat":[166],"product_tag":[290,1080,1085,381],"class_list":{"0":"post-832","1":"product","2":"type-product","3":"status-publish","4":"has-post-thumbnail","6":"product_cat-pnomatik-hortumlar","7":"product_tag-hortum","8":"product_tag-pnomatik","9":"product_tag-pnomatik-poliuretan-hortum","10":"product_tag-poliuretan","12":"first","13":"instock","14":"taxable","15":"shipping-taxable","16":"product-type-variable"},"jetpack-related-posts":[{"id":830,"url":"https:\/\/tuzlahortum.com.tr\/fr\/produit\/pnomatik-polyamid-hortum\/","url_meta":{"origin":832,"position":0},"title":"Tuyau Polyamide Pneumatique","author":"admin","date":"6 f\u00e9vrier 2019","format":false,"excerpt":"Pnomatik Polyamid Hortum TEKN\u0130K B\u0130LG\u0130LER Fiziksel \u00d6zellikleri D\u00fc\u015f\u00fck s\u0131cakl\u0131kta y\u00fcksek darbe dayan\u0131m\u0131 UV ve s\u0131cakl\u0131k dayan\u0131m\u0131 Y\u00fcksek bas\u0131n\u00e7 dayan\u0131m\u0131 D\u0131\u015f ortam a\u015f\u0131nma direnci Otomatik rakor ile kolay kullan\u0131m Hidroliz dayan\u0131m\u0131 Y\u00fcksek \u00f6l\u00e7\u00fc hassasiyeti \u00c7inko klor\u00fcr dayan\u0131m\u0131 Akaryak\u0131t, ya\u011f ve kimyasallara kar\u015f\u0131 y\u00fcksek dayan\u0131m Hammadde \u00d6zellikleri Yo\u011funluk: 1,02 g\/cm3 Sertlik 67\u2026","rel":"","context":"Article similaire","block_context":{"text":"Article similaire","link":""},"img":{"alt_text":"","src":"https:\/\/i0.wp.com\/tuzlahortum.com.tr\/wp-content\/uploads\/urunler\/Pnomatik\/0001595_polyamid-12-hortum_550.jpeg?fit=490%2C550&ssl=1&resize=350%2C200","width":350,"height":200},"classes":[]},{"id":831,"url":"https:\/\/tuzlahortum.com.tr\/fr\/produit\/pnomatik-polietilen-hortum\/","url_meta":{"origin":832,"position":1},"title":"Tuyau pneumatique en poly\u00e9thyl\u00e8ne","author":"admin","date":"6 f\u00e9vrier 2019","format":false,"excerpt":"Pnomatik Polietilen Hortum TEKN\u0130K B\u0130LG\u0130LER Fiziksel \u00d6zellikleri D\u00fc\u015f\u00fck yo\u011funluk, d\u00fc\u015f\u00fck a\u011f\u0131rl\u0131k Gerilim alt\u0131nda \u00e7atlamaya kar\u015f\u0131 mukavemet Kolay i\u015fleme D\u0131\u015f etkenlerden , nemden etkilenmeme Sa\u011fl\u0131\u011fa uygunluluk Bask\u0131 ve renklendirmeye uygunluk Kolay \u015fekil verilebilme Hidroliz dayan\u0131m\u0131 Otomatik rakorlar ile kolay kullan\u0131m Y\u00fcksek kimyasal ak\u0131\u015fkan dayan\u0131m\u0131 Hammadde \u00d6zellikleri Yo\u011funluk: 0.921 g\/cm3 Sertlik: 47\u2026","rel":"","context":"Article similaire","block_context":{"text":"Article similaire","link":""},"img":{"alt_text":"","src":"https:\/\/i0.wp.com\/tuzlahortum.com.tr\/wp-content\/uploads\/urunler\/Pnomatik\/pno.polietilen-hortum.jpg?fit=700%2C421&ssl=1&resize=350%2C200","width":350,"height":200,"srcset":"https:\/\/i0.wp.com\/tuzlahortum.com.tr\/wp-content\/uploads\/urunler\/Pnomatik\/pno.polietilen-hortum.jpg?fit=700%2C421&ssl=1&resize=350%2C200 1x, https:\/\/i0.wp.com\/tuzlahortum.com.tr\/wp-content\/uploads\/urunler\/Pnomatik\/pno.polietilen-hortum.jpg?fit=700%2C421&ssl=1&resize=525%2C300 1.5x, https:\/\/i0.wp.com\/tuzlahortum.com.tr\/wp-content\/uploads\/urunler\/Pnomatik\/pno.polietilen-hortum.jpg?fit=700%2C421&ssl=1&resize=700%2C400 2x"},"classes":[]},{"id":569,"url":"https:\/\/tuzlahortum.com.tr\/fr\/produit\/trelleborg-klegaine-gpu-fg\/","url_meta":{"origin":832,"position":2},"title":"Trelleborg KLEGAINE GPU-FG","author":"admin","date":"6 f\u00e9vrier 2019","format":false,"excerpt":"Trelleborg KLEGAINE GPU-FGEnd\u00fcstriyel hortumlar\/Poli\u00fcretan G\u0131daya uygun kalitede, son derece d\u00fczg\u00fcn. G\u0131da end\u00fcstrisinde a\u015f\u0131nd\u0131r\u0131c\u0131 malzemeler, tozlar ve gran\u00fcllerin ve ila\u00e7 laboratuvarlar\u0131nda\u00a0ila\u00e7lar\u0131n \u00e7ekilmesi ve ta\u015f\u0131nmas\u0131 i\u00e7in idealdir. End\u00fcstriyel elektrik s\u00fcp\u00fcrgeleri ve zemin bak\u0131m uygulamalar\u0131, \u00e7imen bi\u00e7me makineleri ve kaya\u00a0y\u00fcn\u00fc projeksiyonu. Ah\u015fap i\u015fleme end\u00fcstrileri. Robotikler, r\u00f6ntgen makineleri i\u00e7in kablo kanal\u0131. Avantajlar *G\u0131dada kullan\u0131ma\u2026","rel":"","context":"Article similaire","block_context":{"text":"Article similaire","link":""},"img":{"alt_text":"","src":"https:\/\/i0.wp.com\/tuzlahortum.com.tr\/wp-content\/uploads\/2019\/02\/KLEGAINE-GPU-FG.jpg?fit=800%2C800&ssl=1&resize=350%2C200","width":350,"height":200,"srcset":"https:\/\/i0.wp.com\/tuzlahortum.com.tr\/wp-content\/uploads\/2019\/02\/KLEGAINE-GPU-FG.jpg?fit=800%2C800&ssl=1&resize=350%2C200 1x, https:\/\/i0.wp.com\/tuzlahortum.com.tr\/wp-content\/uploads\/2019\/02\/KLEGAINE-GPU-FG.jpg?fit=800%2C800&ssl=1&resize=525%2C300 1.5x, https:\/\/i0.wp.com\/tuzlahortum.com.tr\/wp-content\/uploads\/2019\/02\/KLEGAINE-GPU-FG.jpg?fit=800%2C800&ssl=1&resize=700%2C400 2x"},"classes":[]},{"id":570,"url":"https:\/\/tuzlahortum.com.tr\/fr\/produit\/trelleborg-klegaine-gpu-m\/","url_meta":{"origin":832,"position":3},"title":"Trelleborg KLEGAINE GPU-M","author":"admin","date":"6 f\u00e9vrier 2019","format":false,"excerpt":"Trelleborg KLEGAINE GPU-MEnd\u00fcstriyel hortumlar\/Poli\u00fcretan Ah\u015fap i\u015fleme end\u00fcstrileri, d\u00f6k\u00fcmhaneler ve di\u011fer genel uygulamalar i\u00e7in uygundur. Tozlar, a\u015f\u0131nd\u0131r\u0131c\u0131 partik\u00fcller, toz, tala\u015f, z\u0131mba, tekstil lifleri, metal tala\u015flar\u0131n\u0131n ta\u015f\u0131nmas\u0131 i\u00e7in\u00a0uygundur. End\u00fcstriyel elektrik s\u00fcp\u00fcrgeleri. Kimya ve petrol end\u00fcstrilerinde duman tahliyesi i\u00e7in uygundur Robotlar ve tak\u0131m tezgahlar\u0131nda\u00a0kablo kanal\u0131. Avantajlar *Hafif ve olduk\u00e7a esnektir, d\u00fc\u015f\u00fck s\u0131cakl\u0131kta esnektir.\u2026","rel":"","context":"Article similaire","block_context":{"text":"Article similaire","link":""},"img":{"alt_text":"","src":"https:\/\/i0.wp.com\/tuzlahortum.com.tr\/wp-content\/uploads\/2019\/02\/KLEGAINE-GPU-M.jpg?fit=800%2C800&ssl=1&resize=350%2C200","width":350,"height":200,"srcset":"https:\/\/i0.wp.com\/tuzlahortum.com.tr\/wp-content\/uploads\/2019\/02\/KLEGAINE-GPU-M.jpg?fit=800%2C800&ssl=1&resize=350%2C200 1x, https:\/\/i0.wp.com\/tuzlahortum.com.tr\/wp-content\/uploads\/2019\/02\/KLEGAINE-GPU-M.jpg?fit=800%2C800&ssl=1&resize=525%2C300 1.5x, https:\/\/i0.wp.com\/tuzlahortum.com.tr\/wp-content\/uploads\/2019\/02\/KLEGAINE-GPU-M.jpg?fit=800%2C800&ssl=1&resize=700%2C400 2x"},"classes":[]},{"id":571,"url":"https:\/\/tuzlahortum.com.tr\/fr\/produit\/trelleborg-klegaine-gpu-ms\/","url_meta":{"origin":832,"position":4},"title":"Trelleborg KLEGAINE GPU-MS","author":"admin","date":"6 f\u00e9vrier 2019","format":false,"excerpt":"Trelleborg KLEGAINE GPU-MSEnd\u00fcstriyel hortumlar\/Poli\u00fcretan Son derece esnek ve dayan\u0131kl\u0131d\u0131r. Metalurji, ah\u015fap i\u015fleme, g\u0131da, ila\u00e7 end\u00fcstrileri gibi bir\u00e7ok end\u00fcstride kullan\u0131l\u0131r. Nemli ve\/veya s\u0131cak ortamlarda tah\u0131llar\u0131n, gran\u00fcllerin, tala\u015f ve ah\u015fap par\u00e7alar\u0131, metal tala\u015flar\u0131n\u0131n ta\u015f\u0131nmas\u0131 i\u00e7in idealdir. \u00d6zellikle sokak tipi s\u00fcp\u00fcrgeler ve \u00e7im bi\u00e7me makineleri i\u00e7in uygundur DIN4102B1'e g\u00f6re alev geciktiricidir veya tercihen\u2026","rel":"","context":"Article similaire","block_context":{"text":"Article similaire","link":""},"img":{"alt_text":"","src":"https:\/\/i0.wp.com\/tuzlahortum.com.tr\/wp-content\/uploads\/2019\/02\/KLEGAINE-GPU-MS.jpg?fit=800%2C800&ssl=1&resize=350%2C200","width":350,"height":200,"srcset":"https:\/\/i0.wp.com\/tuzlahortum.com.tr\/wp-content\/uploads\/2019\/02\/KLEGAINE-GPU-MS.jpg?fit=800%2C800&ssl=1&resize=350%2C200 1x, https:\/\/i0.wp.com\/tuzlahortum.com.tr\/wp-content\/uploads\/2019\/02\/KLEGAINE-GPU-MS.jpg?fit=800%2C800&ssl=1&resize=525%2C300 1.5x, https:\/\/i0.wp.com\/tuzlahortum.com.tr\/wp-content\/uploads\/2019\/02\/KLEGAINE-GPU-MS.jpg?fit=800%2C800&ssl=1&resize=700%2C400 2x"},"classes":[]},{"id":949,"url":"https:\/\/tuzlahortum.com.tr\/fr\/produit\/trelleborg-polyoil\/","url_meta":{"origin":832,"position":5},"title":"Trelleborg POLYOIL","author":"admin","date":"6 f\u00e9vrier 2019","format":false,"excerpt":"Trelleborg POLYOILOil et p\u00e9trole transport de produits p\u00e9troliers sous haute pression et basse pression syst\u00e8mes d'entra\u00eenement hydraulique et retour d'huile. Transport \u00e9galement de d\u00e9riv\u00e9s du p\u00e9trole l\u00e9ger et lourd, de produits chimiques et d'antigels, d'air comprim\u00e9 contenant de l'huile, d'alcalins industriels et de saumure. Avantages * Excellente r\u00e9sistance aux intemp\u00e9ries, aux conditions atmosph\u00e9riques et \u00e0 l'ozone. *Tr\u00e8s haute r\u00e9sistance \u00e0 la pression...","rel":"","context":"Article similaire","block_context":{"text":"Article similaire","link":""},"img":{"alt_text":"","src":"https:\/\/i0.wp.com\/tuzlahortum.com.tr\/wp-content\/uploads\/2019\/02\/POLYOIL.jpg?fit=800%2C800&ssl=1&resize=350%2C200","width":350,"height":200,"srcset":"https:\/\/i0.wp.com\/tuzlahortum.com.tr\/wp-content\/uploads\/2019\/02\/POLYOIL.jpg?fit=800%2C800&ssl=1&resize=350%2C200 1x, https:\/\/i0.wp.com\/tuzlahortum.com.tr\/wp-content\/uploads\/2019\/02\/POLYOIL.jpg?fit=800%2C800&ssl=1&resize=525%2C300 1.5x, https:\/\/i0.wp.com\/tuzlahortum.com.tr\/wp-content\/uploads\/2019\/02\/POLYOIL.jpg?fit=800%2C800&ssl=1&resize=700%2C400 2x"},"classes":[]}],"jetpack_sharing_enabled":true,"jetpack_likes_enabled":true,"_links":{"self":[{"href":"https:\/\/tuzlahortum.com.tr\/fr\/wp-json\/wp\/v2\/product\/832","targetHints":{"allow":["GET"]}}],"collection":[{"href":"https:\/\/tuzlahortum.com.tr\/fr\/wp-json\/wp\/v2\/product"}],"about":[{"href":"https:\/\/tuzlahortum.com.tr\/fr\/wp-json\/wp\/v2\/types\/product"}],"replies":[{"embeddable":true,"href":"https:\/\/tuzlahortum.com.tr\/fr\/wp-json\/wp\/v2\/comments?post=832"}],"wp:featuredmedia":[{"embeddable":true,"href":"https:\/\/tuzlahortum.com.tr\/fr\/wp-json\/wp\/v2\/media\/2050"}],"wp:attachment":[{"href":"https:\/\/tuzlahortum.com.tr\/fr\/wp-json\/wp\/v2\/media?parent=832"}],"wp:term":[{"taxonomy":"product_brand","embeddable":true,"href":"https:\/\/tuzlahortum.com.tr\/fr\/wp-json\/wp\/v2\/product_brand?post=832"},{"taxonomy":"product_cat","embeddable":true,"href":"https:\/\/tuzlahortum.com.tr\/fr\/wp-json\/wp\/v2\/product_cat?post=832"},{"taxonomy":"product_tag","embeddable":true,"href":"https:\/\/tuzlahortum.com.tr\/fr\/wp-json\/wp\/v2\/product_tag?post=832"}],"curies":[{"name":"wp","href":"https:\/\/api.w.org\/{rel}","templated":true}]}}