{"id":831,"date":"2019-02-06T23:54:31","date_gmt":"2019-02-06T20:54:31","guid":{"rendered":"http:\/\/hortum.com.tr\/product\/import-placeholder-for-608\/"},"modified":"2025-08-20T11:44:34","modified_gmt":"2025-08-20T08:44:34","slug":"pnomatik-polietilen-hortum","status":"publish","type":"product","link":"https:\/\/tuzlahortum.com.tr\/fr\/produit\/pnomatik-polietilen-hortum\/","title":{"rendered":"Tuyau pneumatique en poly\u00e9thyl\u00e8ne"},"content":{"rendered":"<h2>Tuyau pneumatique en poly\u00e9thyl\u00e8ne<\/h2>\n<div class=\"productsTechnical\"><span class=\"head\">INFORMATIONS TECHNIQUES<\/span><\/div>\n<div><\/div>\n<div class=\"productsTechnical\">\n<p><span class=\"technical\">Caract\u00e9ristiques physiques<\/span><\/p>\n<ul>\n<li>Faible densit\u00e9, faible poids<\/li>\n<li>R\u00e9sistance \u00e0 la fissuration sous tension<\/li>\n<li>traitement facile<\/li>\n<li>Insensible aux facteurs externes et \u00e0 l&#039;humidit\u00e9<\/li>\n<li>Sant\u00e9 et forme<\/li>\n<li>Aptitude \u00e0 l&#039;impression et \u00e0 la coloration<\/li>\n<li>Facile \u00e0 fa\u00e7onner<\/li>\n<li>R\u00e9sistance \u00e0 l&#039;hydrolyse<\/li>\n<li>Facile \u00e0 utiliser avec les raccords automatiques<\/li>\n<li>Haute r\u00e9sistance aux fluides chimiques<\/li>\n<\/ul>\n<\/div>\n<div class=\"video video-fit mb\" style=\"padding-top:56.25%;\"><p><iframe loading=\"lazy\" title=\"Confusion des mesures (pouces, doigts, brume, millim\u00e8tres)\" width=\"1020\" height=\"574\" src=\"https:\/\/www.youtube.com\/embed\/uKk6AG_AZls?feature=oembed\" frameborder=\"0\" allow=\"accelerometer; autoplay; clipboard-write; encrypted-media; gyroscope; picture-in-picture; web-share\" referrerpolicy=\"strict-origin-when-cross-origin\" allowfullscreen><\/iframe><\/p>\n<\/div>\n<div class=\"productsTechnical\">\n<p><span class=\"technical\">Propri\u00e9t\u00e9s des mati\u00e8res premi\u00e8res<\/span><\/p>\n<ul>\n<li>Densit\u00e9 : 0,921 g\/cm3<\/li>\n<li>Duret\u00e9 : 47D<\/li>\n<li>Temp\u00e9rature de fusion 110 \u00b0C<\/li>\n<li>Les tuyaux en poly\u00e9thyl\u00e8ne produits dans notre entreprise sont fabriqu\u00e9s conform\u00e9ment \u00e0 la norme DIN 8072.<\/li>\n<li>Les pressions de travail sont comprises entre 6 atm et 15 atm.<\/li>\n<li>Les pressions d&#039;\u00e9clatement sont comprises entre 18 atm et 45 atm. Ces valeurs sont valables pour 23\u00b0C (73\u00b0F), varient selon les diam\u00e8tres et marges des durites.<\/li>\n<li>Limite de temp\u00e9rature -20\u00b0C \/ +60\u00b0C -4\u00b0F \/ +140\u00b0F<\/li>\n<\/ul>\n<\/div>","protected":false},"excerpt":{"rendered":"<p>Pnomatik Polietilen Hortum TEKN\u0130K B\u0130LG\u0130LER Fiziksel \u00d6zellikleri D\u00fc\u015f\u00fck yo\u011funluk, d\u00fc\u015f\u00fck a\u011f\u0131rl\u0131k Gerilim alt\u0131nda \u00e7atlamaya kar\u015f\u0131 mukavemet Kolay i\u015fleme D\u0131\u015f etkenlerden , nemden etkilenmeme Sa\u011fl\u0131\u011fa uygunluluk Bask\u0131 ve renklendirmeye uygunluk Kolay \u015fekil verilebilme Hidroliz dayan\u0131m\u0131 Otomatik rakorlar ile kolay kullan\u0131m Y\u00fcksek kimyasal ak\u0131\u015fkan dayan\u0131m\u0131 Hammadde \u00d6zellikleri Yo\u011funluk: 0.921 g\/cm3 Sertlik: 47 D Erime s\u0131cakl\u0131\u011f\u0131 110 \u00b0C [&#8230;]\n","protected":false},"featured_media":2043,"comment_status":"open","ping_status":"closed","template":"","meta":{"jetpack_post_was_ever_published":false},"product_brand":[],"product_cat":[166],"product_tag":[290,1080,1084,1083],"class_list":{"0":"post-831","1":"product","2":"type-product","3":"status-publish","4":"has-post-thumbnail","6":"product_cat-pnomatik-hortumlar","7":"product_tag-hortum","8":"product_tag-pnomatik","9":"product_tag-pnomatik-polietilen-hortum","10":"product_tag-polietilen","12":"first","13":"instock","14":"taxable","15":"shipping-taxable","16":"product-type-variable"},"jetpack-related-posts":[],"jetpack_sharing_enabled":true,"jetpack_likes_enabled":true,"_links":{"self":[{"href":"https:\/\/tuzlahortum.com.tr\/fr\/wp-json\/wp\/v2\/product\/831","targetHints":{"allow":["GET"]}}],"collection":[{"href":"https:\/\/tuzlahortum.com.tr\/fr\/wp-json\/wp\/v2\/product"}],"about":[{"href":"https:\/\/tuzlahortum.com.tr\/fr\/wp-json\/wp\/v2\/types\/product"}],"replies":[{"embeddable":true,"href":"https:\/\/tuzlahortum.com.tr\/fr\/wp-json\/wp\/v2\/comments?post=831"}],"wp:featuredmedia":[{"embeddable":true,"href":"https:\/\/tuzlahortum.com.tr\/fr\/wp-json\/wp\/v2\/media\/2043"}],"wp:attachment":[{"href":"https:\/\/tuzlahortum.com.tr\/fr\/wp-json\/wp\/v2\/media?parent=831"}],"wp:term":[{"taxonomy":"product_brand","embeddable":true,"href":"https:\/\/tuzlahortum.com.tr\/fr\/wp-json\/wp\/v2\/product_brand?post=831"},{"taxonomy":"product_cat","embeddable":true,"href":"https:\/\/tuzlahortum.com.tr\/fr\/wp-json\/wp\/v2\/product_cat?post=831"},{"taxonomy":"product_tag","embeddable":true,"href":"https:\/\/tuzlahortum.com.tr\/fr\/wp-json\/wp\/v2\/product_tag?post=831"}],"curies":[{"name":"wp","href":"https:\/\/api.w.org\/{rel}","templated":true}]}}