{"id":824,"date":"2019-02-06T23:54:29","date_gmt":"2019-02-06T20:54:29","guid":{"rendered":"http:\/\/hortum.com.tr\/product\/import-placeholder-for-147\/"},"modified":"2024-03-21T17:41:57","modified_gmt":"2024-03-21T14:41:57","slug":"meteor-orgulu-hortumlar-standart","status":"publish","type":"product","link":"https:\/\/tuzlahortum.com.tr\/fr\/produit\/meteor-orgulu-hortumlar-standart\/","title":{"rendered":"Tuyaux tress\u00e9s Meteor (STANDARD)"},"content":{"rendered":"<h2>Tuyaux tress\u00e9s Meteor (STANDARD)<\/h2>\n<p><strong>Fonctionnalit\u00e9s<\/strong> La couche inf\u00e9rieure est en PVC renforc\u00e9 de caoutchouc de haute qualit\u00e9, renfort,<\/p>\n<p>Il est fabriqu\u00e9 avec du fil de polyester \u00e0 haute r\u00e9sistance, du PVC r\u00e9sistant \u00e0 l&#039;abrasion et aux intemp\u00e9ries sur la couche sup\u00e9rieure.<\/p>\n<p><strong>Temp\u00e9rature de fonctionnement<\/strong> -10\u00b0C \u00e0 +50\u00b0C<\/p>\n<p><strong>Zones d&#039;utilisation<\/strong> Irrigation et irrigation dans le secteur de la maison, du jardin, des champs, de l&#039;industrie et de la construction<\/p>\n<p>Il est utilis\u00e9 dans les travaux d&#039;\u00e9vacuation et le transport de produits chimiques l\u00e9gers.<\/p>\n<div class=\"video video-fit mb\" style=\"padding-top:56.25%;\"><p><iframe loading=\"lazy\" title=\"Confusion des mesures (pouces, doigts, brume, millim\u00e8tres)\" width=\"1020\" height=\"574\" src=\"https:\/\/www.youtube.com\/embed\/uKk6AG_AZls?feature=oembed\" frameborder=\"0\" allow=\"accelerometer; autoplay; clipboard-write; encrypted-media; gyroscope; picture-in-picture; web-share\" referrerpolicy=\"strict-origin-when-cross-origin\" allowfullscreen><\/iframe><\/p>\n<\/div>","protected":false},"excerpt":{"rendered":"<p>Tuyaux tress\u00e9s Meteor (STANDARD) Caract\u00e9ristiques Fabriqu\u00e9s en PVC renforc\u00e9 de caoutchouc de haute qualit\u00e9 sur la couche inf\u00e9rieure et en PVC r\u00e9sistant \u00e0 l'abrasion et aux intemp\u00e9ries sur la couche sup\u00e9rieure. Temp\u00e9rature de fonctionnement -10\u00b0C \u00e0 +50\u00b0C Domaine d'application Travaux d'irrigation et de drainage dans la maison, le jardin, les champs, l'industrie et le secteur de la construction, et transport de substances chimiques l\u00e9g\u00e8res.<\/p>","protected":false},"featured_media":5653,"comment_status":"open","ping_status":"closed","template":"","meta":{"jetpack_post_was_ever_published":false},"product_brand":[],"product_cat":[165],"product_tag":[795,1050,1051,1019,1053,1026,1052],"class_list":{"0":"post-824","1":"product","2":"type-product","3":"status-publish","4":"has-post-thumbnail","6":"product_cat-plastik-bahce-hortumlari","7":"product_tag-bahce","8":"product_tag-bahce-sulama","9":"product_tag-ev-is-yeri-ve-arac-temizligi","10":"product_tag-seffaf","11":"product_tag-sera","12":"product_tag-tarla","13":"product_tag-yosunlanmayi-engeller","15":"first","16":"instock","17":"taxable","18":"shipping-taxable","19":"product-type-variable"},"jetpack-related-posts":[],"jetpack_sharing_enabled":true,"jetpack_likes_enabled":true,"_links":{"self":[{"href":"https:\/\/tuzlahortum.com.tr\/fr\/wp-json\/wp\/v2\/product\/824","targetHints":{"allow":["GET"]}}],"collection":[{"href":"https:\/\/tuzlahortum.com.tr\/fr\/wp-json\/wp\/v2\/product"}],"about":[{"href":"https:\/\/tuzlahortum.com.tr\/fr\/wp-json\/wp\/v2\/types\/product"}],"replies":[{"embeddable":true,"href":"https:\/\/tuzlahortum.com.tr\/fr\/wp-json\/wp\/v2\/comments?post=824"}],"wp:featuredmedia":[{"embeddable":true,"href":"https:\/\/tuzlahortum.com.tr\/fr\/wp-json\/wp\/v2\/media\/5653"}],"wp:attachment":[{"href":"https:\/\/tuzlahortum.com.tr\/fr\/wp-json\/wp\/v2\/media?parent=824"}],"wp:term":[{"taxonomy":"product_brand","embeddable":true,"href":"https:\/\/tuzlahortum.com.tr\/fr\/wp-json\/wp\/v2\/product_brand?post=824"},{"taxonomy":"product_cat","embeddable":true,"href":"https:\/\/tuzlahortum.com.tr\/fr\/wp-json\/wp\/v2\/product_cat?post=824"},{"taxonomy":"product_tag","embeddable":true,"href":"https:\/\/tuzlahortum.com.tr\/fr\/wp-json\/wp\/v2\/product_tag?post=824"}],"curies":[{"name":"wp","href":"https:\/\/api.w.org\/{rel}","templated":true}]}}