{"id":818,"date":"2019-02-06T23:54:08","date_gmt":"2019-02-06T20:54:08","guid":{"rendered":"http:\/\/hortum.com.tr\/product\/import-placeholder-for-149\/"},"modified":"2024-03-21T17:42:02","modified_gmt":"2024-03-21T14:42:02","slug":"plastik-hortum-te","status":"publish","type":"product","link":"https:\/\/tuzlahortum.com.tr\/fr\/produit\/plastik-hortum-te\/","title":{"rendered":"T\u00e9 de tuyau en plastique"},"content":{"rendered":"<h2>T\u00e9 de tuyau en plastique<\/h2>","protected":false},"excerpt":{"rendered":"<p>T\u00e9 de tuyau en plastique<\/p>","protected":false},"featured_media":1375,"comment_status":"open","ping_status":"closed","template":"","meta":[],"product_brand":[],"product_cat":[101],"product_tag":[290,945,1029,1028],"class_list":{"0":"post-818","1":"product","2":"type-product","3":"status-publish","4":"has-post-thumbnail","6":"product_cat-plastik-ek","7":"product_tag-hortum","8":"product_tag-plastik","9":"product_tag-plastik-hortum-te","10":"product_tag-te","12":"first","13":"instock","14":"taxable","15":"shipping-taxable","16":"product-type-variable"},"jetpack-related-posts":[{"id":819,"url":"https:\/\/tuzlahortum.com.tr\/fr\/produit\/plastik-hortum-ekleme\/","url_meta":{"origin":818,"position":0},"title":"Fixation de tuyau en plastique","author":"admin","date":"6 f\u00e9vrier 2019","format":false,"excerpt":"Fixation de tuyau en plastique","rel":"","context":"Article similaire","block_context":{"text":"Article similaire","link":""},"img":{"alt_text":"","src":"https:\/\/i0.wp.com\/tuzlahortum.com.tr\/wp-content\/uploads\/2019\/02\/PLAST%C4%B0K-HORTUM-EKLEME-300x300.jpg?fit=300%2C300&ssl=1&resize=350%2C200","width":350,"height":200},"classes":[]},{"id":13224,"url":"https:\/\/tuzlahortum.com.tr\/fr\/produit\/flow-plastik-hortum-askisi\/","url_meta":{"origin":818,"position":1},"title":"CINTRE DE TUYAU EN PLASTIQUE FLOW","author":"admin","date":"28 mars 2024","format":false,"excerpt":"FLOW PLAST\u0130K HORTUM ASKISI FLOW Plastik Hortum Ask\u0131s\u0131, bah\u00e7e hortumlar\u0131n\u0131z\u0131 d\u00fczenli tutmak ve saklamak i\u00e7in ideal bir \u00e7\u00f6z\u00fcmd\u00fcr. \u00d6zellikler: Dayan\u0131kl\u0131 Plastik Malzeme: Y\u00fcksek kaliteli plastikten \u00fcretilmi\u015ftir, bu da uzun s\u00fcreli kullan\u0131m i\u00e7in dayan\u0131kl\u0131 ve sa\u011flam bir yap\u0131 sa\u011flar. Kolay Montaj: Basit montaj \u00f6zelli\u011fi sayesinde, duvar veya bah\u00e7e duvarlar\u0131na kolayca monte\u2026","rel":"","context":"Article similaire","block_context":{"text":"Article similaire","link":""},"img":{"alt_text":"","src":"https:\/\/i0.wp.com\/tuzlahortum.com.tr\/wp-content\/uploads\/2024\/03\/hortum_askisi_1.jpg?fit=800%2C800&ssl=1&resize=350%2C200","width":350,"height":200,"srcset":"https:\/\/i0.wp.com\/tuzlahortum.com.tr\/wp-content\/uploads\/2024\/03\/hortum_askisi_1.jpg?fit=800%2C800&ssl=1&resize=350%2C200 1x, https:\/\/i0.wp.com\/tuzlahortum.com.tr\/wp-content\/uploads\/2024\/03\/hortum_askisi_1.jpg?fit=800%2C800&ssl=1&resize=525%2C300 1.5x, https:\/\/i0.wp.com\/tuzlahortum.com.tr\/wp-content\/uploads\/2024\/03\/hortum_askisi_1.jpg?fit=800%2C800&ssl=1&resize=700%2C400 2x"},"classes":[]},{"id":759,"url":"https:\/\/tuzlahortum.com.tr\/fr\/produit\/kraft-hortum\/","url_meta":{"origin":818,"position":2},"title":"Tuyau kraft","author":"admin","date":"6 f\u00e9vrier 2019","format":false,"excerpt":"Kraft HortumKraft hortumlar; otomotiv, tekstil, havaland\u0131rma, dekorasyon alanlar\u0131nda kullan\u0131labilen esnek, pratik ve uygulamas\u0131 kolay estetik bir \u00fcr\u00fcnd\u00fcr. Kraft ka\u011f\u0131d\u0131 ve al\u00fcminyum malzemeden imal edilen \u00fcr\u00fcn\u00fcm\u00fcz\u00a0her t\u00fcrl\u00fc motorlu arac\u0131n havaland\u0131rma sistemlerinde, tekstil, g\u0131da ve matbaa makinelerinde, s\u0131cak veya so\u011fuk havan\u0131n kolay, esnek ta\u015f\u0131nmas\u0131 i\u00e7in kullan\u0131l\u0131r. G\u00f6r\u00fcn\u00fcm olarak\u00a0siyah ve sar\u0131 (kraft) olarak\u2026","rel":"","context":"Article similaire","block_context":{"text":"Article similaire","link":""},"img":{"alt_text":"Kraft Hortumlar","src":"https:\/\/i0.wp.com\/tuzlahortum.com.tr\/wp-content\/uploads\/2019\/02\/Kraft-Hortumlar1.jpg?fit=1000%2C1000&ssl=1&resize=350%2C200","width":350,"height":200,"srcset":"https:\/\/i0.wp.com\/tuzlahortum.com.tr\/wp-content\/uploads\/2019\/02\/Kraft-Hortumlar1.jpg?fit=1000%2C1000&ssl=1&resize=350%2C200 1x, https:\/\/i0.wp.com\/tuzlahortum.com.tr\/wp-content\/uploads\/2019\/02\/Kraft-Hortumlar1.jpg?fit=1000%2C1000&ssl=1&resize=525%2C300 1.5x, https:\/\/i0.wp.com\/tuzlahortum.com.tr\/wp-content\/uploads\/2019\/02\/Kraft-Hortumlar1.jpg?fit=1000%2C1000&ssl=1&resize=700%2C400 2x"},"classes":[]},{"id":816,"url":"https:\/\/tuzlahortum.com.tr\/fr\/produit\/seraluks-silikonlu-hortum-standart\/","url_meta":{"origin":818,"position":3},"title":"Tuyau en silicone Seralux (STANDARD)","author":"admin","date":"6 f\u00e9vrier 2019","format":false,"excerpt":"Seral\u00fcks Silikonlu Hortum (STANDART)\u00d6zellikler A\u015f\u0131nmaya \u00a0dayan\u0131kl\u0131 \u00f6zel kar\u0131\u015f\u0131m PVC ile \u00fcretilmi\u015ftir. S\u00fcper elastiktir. \u00c7al\u0131\u015fma S\u0131cakl\u0131\u011f\u0131 -10\u00b0C ile +50\u00b0C aras\u0131 Kullan\u0131m Alanlar\u0131 Ev, bah\u00e7e, tarla, sanayi ve in\u015faat sekt\u00f6r\u00fcnde sulama ve tahliye i\u015flerinde kullan\u0131l\u0131r.","rel":"","context":"Article similaire","block_context":{"text":"Article similaire","link":""},"img":{"alt_text":"","src":"https:\/\/i0.wp.com\/tuzlahortum.com.tr\/wp-content\/uploads\/urunler\/plastik\/SERALU%CC%88KS-SI%CC%87LI%CC%87KONLU-HORTUM-STANDART.jpg?fit=640%2C480&ssl=1&resize=350%2C200","width":350,"height":200,"srcset":"https:\/\/i0.wp.com\/tuzlahortum.com.tr\/wp-content\/uploads\/urunler\/plastik\/SERALU%CC%88KS-SI%CC%87LI%CC%87KONLU-HORTUM-STANDART.jpg?fit=640%2C480&ssl=1&resize=350%2C200 1x, https:\/\/i0.wp.com\/tuzlahortum.com.tr\/wp-content\/uploads\/urunler\/plastik\/SERALU%CC%88KS-SI%CC%87LI%CC%87KONLU-HORTUM-STANDART.jpg?fit=640%2C480&ssl=1&resize=525%2C300 1.5x"},"classes":[]},{"id":813,"url":"https:\/\/tuzlahortum.com.tr\/fr\/produit\/orgulu-seffaf-hortum-ekonomik\/","url_meta":{"origin":818,"position":4},"title":"Tuyau Transparent Tress\u00e9 (\u00c9CONOMIQUE)","author":"admin","date":"6 f\u00e9vrier 2019","format":false,"excerpt":"\u00d6rg\u00fcl\u00fc \u015eeffaf Hortum (EKONOM\u0130K)\u00d6zellikler Alt kat \u015feffaf PVC ve y\u00fcksek mukavemetli polyester iplik, \u00fcst katta a\u015f\u0131nmaya dayan\u0131kl\u0131 \u015feffaf PVC ile \u00fcretilmi\u015ftir. \u00c7al\u0131\u015fma S\u0131cakl\u0131\u011f\u0131 -10\u00b0C ile +50\u00b0C aras\u0131 Kullan\u0131m Alanlar\u0131 Ev, bah\u00e7e, tarla, sanayi ve in\u015faat sekt\u00f6r\u00fcnde sulama ve tahliye i\u015flerinde kullan\u0131l\u0131r .","rel":"","context":"Article similaire","block_context":{"text":"Article similaire","link":""},"img":{"alt_text":"","src":"https:\/\/i0.wp.com\/tuzlahortum.com.tr\/wp-content\/uploads\/kategoriler\/orguluseffaf.png?fit=498%2C335&ssl=1&resize=350%2C200","width":350,"height":200},"classes":[]},{"id":814,"url":"https:\/\/tuzlahortum.com.tr\/fr\/produit\/orgulu-seffaf-hortum-standart\/","url_meta":{"origin":818,"position":5},"title":"Tuyau Transparent Tress\u00e9 (STANDARD)","author":"admin","date":"6 f\u00e9vrier 2019","format":false,"excerpt":"\u00d6rg\u00fcl\u00fc \u015eeffaf Hortum (STANDART)\u00d6zellikler Alt kat \u015feffaf PVC ve y\u00fcksek mukavemetli polyester iplik, \u00fcst katta a\u015f\u0131nmaya dayan\u0131kl\u0131 \u015feffaf PVC ile \u00fcretilmi\u015ftir. \u00c7al\u0131\u015fma S\u0131cakl\u0131\u011f\u0131 -10\u00b0C ile +50\u00b0C aras\u0131 Kullan\u0131m Alanlar\u0131 Ev, bah\u00e7e, tarla, sanayi ve in\u015faat sekt\u00f6r\u00fcnde sulama ve tahliye i\u015flerinde kullan\u0131l\u0131r.","rel":"","context":"Article similaire","block_context":{"text":"Article similaire","link":""},"img":{"alt_text":"","src":"https:\/\/i0.wp.com\/tuzlahortum.com.tr\/wp-content\/uploads\/kategoriler\/orguluseffaf.png?fit=498%2C335&ssl=1&resize=350%2C200","width":350,"height":200},"classes":[]}],"jetpack_sharing_enabled":true,"jetpack_likes_enabled":true,"_links":{"self":[{"href":"https:\/\/tuzlahortum.com.tr\/fr\/wp-json\/wp\/v2\/product\/818","targetHints":{"allow":["GET"]}}],"collection":[{"href":"https:\/\/tuzlahortum.com.tr\/fr\/wp-json\/wp\/v2\/product"}],"about":[{"href":"https:\/\/tuzlahortum.com.tr\/fr\/wp-json\/wp\/v2\/types\/product"}],"replies":[{"embeddable":true,"href":"https:\/\/tuzlahortum.com.tr\/fr\/wp-json\/wp\/v2\/comments?post=818"}],"wp:featuredmedia":[{"embeddable":true,"href":"https:\/\/tuzlahortum.com.tr\/fr\/wp-json\/wp\/v2\/media\/1375"}],"wp:attachment":[{"href":"https:\/\/tuzlahortum.com.tr\/fr\/wp-json\/wp\/v2\/media?parent=818"}],"wp:term":[{"taxonomy":"product_brand","embeddable":true,"href":"https:\/\/tuzlahortum.com.tr\/fr\/wp-json\/wp\/v2\/product_brand?post=818"},{"taxonomy":"product_cat","embeddable":true,"href":"https:\/\/tuzlahortum.com.tr\/fr\/wp-json\/wp\/v2\/product_cat?post=818"},{"taxonomy":"product_tag","embeddable":true,"href":"https:\/\/tuzlahortum.com.tr\/fr\/wp-json\/wp\/v2\/product_tag?post=818"}],"curies":[{"name":"wp","href":"https:\/\/api.w.org\/{rel}","templated":true}]}}