{"id":817,"date":"2019-02-06T23:54:08","date_gmt":"2019-02-06T20:54:08","guid":{"rendered":"http:\/\/hortum.com.tr\/product\/import-placeholder-for-145\/"},"modified":"2024-03-21T17:42:03","modified_gmt":"2024-03-21T14:42:03","slug":"super-orgulu-seffaf-hortum","status":"publish","type":"product","link":"https:\/\/tuzlahortum.com.tr\/fr\/produit\/super-orgulu-seffaf-hortum\/","title":{"rendered":"Tuyau transparent super tress\u00e9"},"content":{"rendered":"<h2>Tuyau transparent super tress\u00e9<\/h2>\n<p>Fonctionnalit\u00e9s<\/p>\n<p>Fabriqu\u00e9 avec du PVC transparent et du fil de polyester \u00e0 haute r\u00e9sistance sur la couche inf\u00e9rieure, du PVC transparent r\u00e9sistant \u00e0 l&#039;usure sur la couche sup\u00e9rieure.<br \/>\nTemp\u00e9rature de fonctionnement<\/p>\n<p>-10\u00b0C \u00e0 +50\u00b0C<\/p>\n<p>Zones d&#039;utilisation<\/p>\n<p>Il est utilis\u00e9 dans les travaux d&#039;irrigation et d&#039;\u00e9vacuation dans les secteurs de la maison, du jardin, des champs, de l&#039;industrie et de la construction et dans le transport de produits chimiques l\u00e9gers.<\/p>\n<div class=\"video video-fit mb\" style=\"padding-top:56.25%;\"><p><iframe loading=\"lazy\" title=\"Confusion des mesures (pouces, doigts, brume, millim\u00e8tres)\" width=\"1020\" height=\"574\" src=\"https:\/\/www.youtube.com\/embed\/uKk6AG_AZls?feature=oembed\" frameborder=\"0\" allow=\"accelerometer; autoplay; clipboard-write; encrypted-media; gyroscope; picture-in-picture; web-share\" referrerpolicy=\"strict-origin-when-cross-origin\" allowfullscreen><\/iframe><\/p>\n<\/div>\n<p><img data-recalc-dims=\"1\" loading=\"lazy\" decoding=\"async\" class=\"alignnone size-full wp-image-2021\" src=\"https:\/\/i0.wp.com\/hortum.com.tr\/wp-content\/uploads\/2019\/02\/rg%C3%BCl%C3%BC-%C5%9Feffafs%C3%BCper-1.jpg?resize=446%2C157\" alt=\"\" width=\"446\" height=\"157\" title=\"\"><\/p>","protected":false},"excerpt":{"rendered":"<p>Caract\u00e9ristiques du tuyau transparent super tress\u00e9 Fabriqu\u00e9 avec du PVC transparent et un fil de polyester \u00e0 haute r\u00e9sistance sur la couche inf\u00e9rieure et du PVC transparent r\u00e9sistant \u00e0 l'abrasion sur la couche sup\u00e9rieure. Temp\u00e9rature de fonctionnement -10\u00b0C \u00e0 +50\u00b0C Domaine d'application Travaux d'irrigation et de drainage dans les maisons, les jardins, les champs, l'industrie et le secteur de la construction, et transport de substances chimiques l\u00e9g\u00e8res.<\/p>","protected":false},"featured_media":2036,"comment_status":"open","ping_status":"closed","template":"","meta":{"jetpack_post_was_ever_published":false},"product_brand":[],"product_cat":[165],"product_tag":[358,1019,1023],"class_list":{"0":"post-817","1":"product","2":"type-product","3":"status-publish","4":"has-post-thumbnail","6":"product_cat-plastik-bahce-hortumlari","7":"product_tag-pvc","8":"product_tag-seffaf","9":"product_tag-yuksek-basinc","11":"first","12":"instock","13":"featured","14":"taxable","15":"shipping-taxable","16":"product-type-variable"},"jetpack-related-posts":[],"jetpack_sharing_enabled":true,"jetpack_likes_enabled":true,"_links":{"self":[{"href":"https:\/\/tuzlahortum.com.tr\/fr\/wp-json\/wp\/v2\/product\/817","targetHints":{"allow":["GET"]}}],"collection":[{"href":"https:\/\/tuzlahortum.com.tr\/fr\/wp-json\/wp\/v2\/product"}],"about":[{"href":"https:\/\/tuzlahortum.com.tr\/fr\/wp-json\/wp\/v2\/types\/product"}],"replies":[{"embeddable":true,"href":"https:\/\/tuzlahortum.com.tr\/fr\/wp-json\/wp\/v2\/comments?post=817"}],"wp:featuredmedia":[{"embeddable":true,"href":"https:\/\/tuzlahortum.com.tr\/fr\/wp-json\/wp\/v2\/media\/2036"}],"wp:attachment":[{"href":"https:\/\/tuzlahortum.com.tr\/fr\/wp-json\/wp\/v2\/media?parent=817"}],"wp:term":[{"taxonomy":"product_brand","embeddable":true,"href":"https:\/\/tuzlahortum.com.tr\/fr\/wp-json\/wp\/v2\/product_brand?post=817"},{"taxonomy":"product_cat","embeddable":true,"href":"https:\/\/tuzlahortum.com.tr\/fr\/wp-json\/wp\/v2\/product_cat?post=817"},{"taxonomy":"product_tag","embeddable":true,"href":"https:\/\/tuzlahortum.com.tr\/fr\/wp-json\/wp\/v2\/product_tag?post=817"}],"curies":[{"name":"wp","href":"https:\/\/api.w.org\/{rel}","templated":true}]}}