{"id":816,"date":"2019-02-06T23:54:08","date_gmt":"2019-02-06T20:54:08","guid":{"rendered":"http:\/\/hortum.com.tr\/product\/import-placeholder-for-574\/"},"modified":"2024-03-21T17:42:04","modified_gmt":"2024-03-21T14:42:04","slug":"seraluks-silikonlu-hortum-standart","status":"publish","type":"product","link":"https:\/\/tuzlahortum.com.tr\/fr\/produit\/seraluks-silikonlu-hortum-standart\/","title":{"rendered":"Tuyau en silicone Seralux (STANDARD)"},"content":{"rendered":"<h2>Tuyau en silicone Seralux (STANDARD)<\/h2>\n<p>Fonctionnalit\u00e9s<\/p>\n<p>Il est fabriqu\u00e9 avec un m\u00e9lange sp\u00e9cial de PVC r\u00e9sistant \u00e0 l&#039;abrasion. C&#039;est super \u00e9lastique.<br \/>\nTemp\u00e9rature de fonctionnement<\/p>\n<p>-10\u00b0C \u00e0 +50\u00b0C<\/p>\n<p>Zones d&#039;utilisation<\/p>\n<p>Il est utilis\u00e9 dans les travaux d&#039;irrigation et d&#039;\u00e9vacuation dans les secteurs de la maison, du jardin, des champs, de l&#039;industrie et de la construction.<\/p>\n<div class=\"video video-fit mb\" style=\"padding-top:56.25%;\"><p><iframe loading=\"lazy\" title=\"Confusion des mesures (pouces, doigts, brume, millim\u00e8tres)\" width=\"1020\" height=\"574\" src=\"https:\/\/www.youtube.com\/embed\/uKk6AG_AZls?feature=oembed\" frameborder=\"0\" allow=\"accelerometer; autoplay; clipboard-write; encrypted-media; gyroscope; picture-in-picture; web-share\" referrerpolicy=\"strict-origin-when-cross-origin\" allowfullscreen><\/iframe><\/p>\n<\/div>\n<p><img data-recalc-dims=\"1\" loading=\"lazy\" decoding=\"async\" class=\"alignnone size-full wp-image-2039\" src=\"https:\/\/i0.wp.com\/hortum.com.tr\/wp-content\/uploads\/2019\/02\/Seral%C3%BCks-Silikonlu-Hortum-STANDART.jpg?resize=394%2C144\" alt=\"\" width=\"394\" height=\"144\" title=\"\"><\/p>","protected":false},"excerpt":{"rendered":"<p>Tuyau silicone Seral\u00fcks (STANDARD) Caract\u00e9ristiques Fabriqu\u00e9 avec un m\u00e9lange sp\u00e9cial de PVC r\u00e9sistant \u00e0 l'abrasion. Super \u00e9lastique. Temp\u00e9rature de fonctionnement -10\u00b0C \u00e0 +50\u00b0C Domaines d'utilisation Utilis\u00e9 pour les travaux d'irrigation et de drainage dans les maisons, les jardins, les champs, l'industrie et le secteur de la construction.<\/p>","protected":false},"featured_media":2000,"comment_status":"open","ping_status":"closed","template":"","meta":[],"product_brand":[],"product_cat":[165],"product_tag":[795,1024,1025,1027,358,723,962,343,1026],"class_list":{"0":"post-816","1":"product","2":"type-product","3":"status-publish","4":"has-post-thumbnail","6":"product_cat-plastik-bahce-hortumlari","7":"product_tag-bahce","8":"product_tag-elastik","9":"product_tag-ev","10":"product_tag-insaat-sektorunde","11":"product_tag-pvc","12":"product_tag-sanayi","13":"product_tag-sulama","14":"product_tag-tahliye","15":"product_tag-tarla","17":"first","18":"instock","19":"taxable","20":"shipping-taxable","21":"product-type-variable"},"jetpack-related-posts":[{"id":2038,"url":"https:\/\/tuzlahortum.com.tr\/fr\/produit\/seraluks-silikonlu-hortum-super\/","url_meta":{"origin":816,"position":0},"title":"Tuyau en silicone Seralux (SUPER)","author":"\u0130smail \u00c7elik","date":"12 f\u00e9vrier 2019","format":false,"excerpt":"Seral\u00fcks Silikonlu Hortum (S\u00dcPER)\u00d6zellikler A\u015f\u0131nmaya \u00a0dayan\u0131kl\u0131 \u00f6zel kar\u0131\u015f\u0131m PVC ile \u00fcretilmi\u015ftir. S\u00fcper elastiktir. \u00c7al\u0131\u015fma S\u0131cakl\u0131\u011f\u0131 -10\u00b0C ile +50\u00b0C aras\u0131 Kullan\u0131m Alanlar\u0131 Ev, bah\u00e7e, tarla, sanayi ve in\u015faat sekt\u00f6r\u00fcnde sulama ve tahliye i\u015flerinde kullan\u0131l\u0131r.","rel":"","context":"Article similaire","block_context":{"text":"Article similaire","link":""},"img":{"alt_text":"","src":"https:\/\/i0.wp.com\/tuzlahortum.com.tr\/wp-content\/uploads\/urunler\/plastik\/SERALU%CC%88KS-SI%CC%87LI%CC%87KONLU-HORTUM-STANDART.jpg?fit=640%2C480&ssl=1&resize=350%2C200","width":350,"height":200,"srcset":"https:\/\/i0.wp.com\/tuzlahortum.com.tr\/wp-content\/uploads\/urunler\/plastik\/SERALU%CC%88KS-SI%CC%87LI%CC%87KONLU-HORTUM-STANDART.jpg?fit=640%2C480&ssl=1&resize=350%2C200 1x, https:\/\/i0.wp.com\/tuzlahortum.com.tr\/wp-content\/uploads\/urunler\/plastik\/SERALU%CC%88KS-SI%CC%87LI%CC%87KONLU-HORTUM-STANDART.jpg?fit=640%2C480&ssl=1&resize=525%2C300 1.5x"},"classes":[]},{"id":815,"url":"https:\/\/tuzlahortum.com.tr\/fr\/produit\/seraluks-silikonlu-orgulu-hortum\/","url_meta":{"origin":816,"position":1},"title":"Tuyau tress\u00e9 en silicone Seral\u00fcks","author":"admin","date":"6 f\u00e9vrier 2019","format":false,"excerpt":"Seral\u00fcks Silikonlu \u00d6rg\u00fcl\u00fc Hortum\u00d6zellikler Alt kat, \u015feffaf PVC ve\u00a0y\u00fcksek mukavemetli polyester iplik, \u00fcst katta a\u015f\u0131nmaya \u00a0dayan\u0131kl\u0131 \u00f6zel kar\u0131\u015f\u0131m PVC ile \u00fcretilmi\u015ftir. \u00c7al\u0131\u015fma S\u0131cakl\u0131\u011f\u0131 -10\u00b0C ile +50\u00b0C aras\u0131 Kullan\u0131m Alanlar\u0131 Ev, bah\u00e7e, tarla, sanayi ve in\u015faat sekt\u00f6r\u00fcnde sulama ve tahliye i\u015flerinde kullan\u0131l\u0131r.","rel":"","context":"Article similaire","block_context":{"text":"Article similaire","link":""},"img":{"alt_text":"","src":"https:\/\/i0.wp.com\/tuzlahortum.com.tr\/wp-content\/uploads\/urunler\/plastik\/SERALU%CC%88KS-SLI%CC%87KONLU-O%CC%88RGU%CC%88LU%CC%88-HORTUM.jpg?fit=640%2C480&ssl=1&resize=350%2C200","width":350,"height":200,"srcset":"https:\/\/i0.wp.com\/tuzlahortum.com.tr\/wp-content\/uploads\/urunler\/plastik\/SERALU%CC%88KS-SLI%CC%87KONLU-O%CC%88RGU%CC%88LU%CC%88-HORTUM.jpg?fit=640%2C480&ssl=1&resize=350%2C200 1x, https:\/\/i0.wp.com\/tuzlahortum.com.tr\/wp-content\/uploads\/urunler\/plastik\/SERALU%CC%88KS-SLI%CC%87KONLU-O%CC%88RGU%CC%88LU%CC%88-HORTUM.jpg?fit=640%2C480&ssl=1&resize=525%2C300 1.5x"},"classes":[]},{"id":814,"url":"https:\/\/tuzlahortum.com.tr\/fr\/produit\/orgulu-seffaf-hortum-standart\/","url_meta":{"origin":816,"position":2},"title":"Tuyau Transparent Tress\u00e9 (STANDARD)","author":"admin","date":"6 f\u00e9vrier 2019","format":false,"excerpt":"\u00d6rg\u00fcl\u00fc \u015eeffaf Hortum (STANDART)\u00d6zellikler Alt kat \u015feffaf PVC ve y\u00fcksek mukavemetli polyester iplik, \u00fcst katta a\u015f\u0131nmaya dayan\u0131kl\u0131 \u015feffaf PVC ile \u00fcretilmi\u015ftir. \u00c7al\u0131\u015fma S\u0131cakl\u0131\u011f\u0131 -10\u00b0C ile +50\u00b0C aras\u0131 Kullan\u0131m Alanlar\u0131 Ev, bah\u00e7e, tarla, sanayi ve in\u015faat sekt\u00f6r\u00fcnde sulama ve tahliye i\u015flerinde kullan\u0131l\u0131r.","rel":"","context":"Article similaire","block_context":{"text":"Article similaire","link":""},"img":{"alt_text":"","src":"https:\/\/i0.wp.com\/tuzlahortum.com.tr\/wp-content\/uploads\/kategoriler\/orguluseffaf.png?fit=498%2C335&ssl=1&resize=350%2C200","width":350,"height":200},"classes":[]},{"id":824,"url":"https:\/\/tuzlahortum.com.tr\/fr\/produit\/meteor-orgulu-hortumlar-standart\/","url_meta":{"origin":816,"position":3},"title":"Tuyaux tress\u00e9s Meteor (STANDARD)","author":"admin","date":"6 f\u00e9vrier 2019","format":false,"excerpt":"Meteor \u00d6rg\u00fcl\u00fc Hortumlar (STANDART)\u00d6zellikler Alt kat y\u00fcksek kaliteli kau\u00e7uk takviyeli PVC malzeme, takviye, y\u00fcksek mukavemetli polyester iplik, \u00fcst katta a\u015f\u0131nmaya ve hava \u015fartlar\u0131nadayan\u0131kl\u0131 PVC ile \u00fcretilmi\u015ftir. \u00c7al\u0131\u015fma S\u0131cakl\u0131\u011f\u0131 -10\u00b0C ile +50\u00b0C aras\u0131 Kullan\u0131m Alanlar\u0131 Ev, bah\u00e7e, tarla, sanayi ve in\u015faat sekt\u00f6r\u00fcnde sulama ve tahliye i\u015flerinde ve hafif kimyasal maddelerin nakliyesinde\u2026","rel":"","context":"Article similaire","block_context":{"text":"Article similaire","link":""},"img":{"alt_text":"","src":"https:\/\/i0.wp.com\/tuzlahortum.com.tr\/wp-content\/uploads\/2019\/03\/Meteor-%C3%96rg%C3%BCl%C3%BC-HortumlarSTANDART.jpg?fit=640%2C480&ssl=1&resize=350%2C200","width":350,"height":200,"srcset":"https:\/\/i0.wp.com\/tuzlahortum.com.tr\/wp-content\/uploads\/2019\/03\/Meteor-%C3%96rg%C3%BCl%C3%BC-HortumlarSTANDART.jpg?fit=640%2C480&ssl=1&resize=350%2C200 1x, https:\/\/i0.wp.com\/tuzlahortum.com.tr\/wp-content\/uploads\/2019\/03\/Meteor-%C3%96rg%C3%BCl%C3%BC-HortumlarSTANDART.jpg?fit=640%2C480&ssl=1&resize=525%2C300 1.5x"},"classes":[]},{"id":867,"url":"https:\/\/tuzlahortum.com.tr\/fr\/produit\/hv-tipi-kirmizi-verici-hortum-standart\/","url_meta":{"origin":816,"position":4},"title":"Tuyau de transmetteur rouge de type HV (STANDARD)","author":"admin","date":"6 f\u00e9vrier 2019","format":false,"excerpt":"HV Tipi K\u0131rm\u0131z\u0131 Verici Hortum (STANDART)\u00d6zellikler Verici olarak kullan\u0131labilir. Esnek \u015feffaf PVC, y\u00fcksek mukavemetli, k\u0131r\u0131lmaya kar\u015f\u0131 maksimum dayan\u0131kl\u0131 sert PVC takviyesiyle \u00fcretilmektedir. \u0130\u00e7 y\u00fczey d\u00fcz, d\u0131\u015f y\u00fczey bo\u011fumludur. \u00c7al\u0131\u015fma S\u0131cakl\u0131\u011f\u0131 -5\u00b0C ile +60\u00b0C aras\u0131 Kullan\u0131m Alanlar\u0131 Tar\u0131m ve sanayide her t\u00fcrl\u00fc su ve hafif kimyasallar\u0131n tahliye i\u015flerinde kullan\u0131l\u0131r, Verici hortumlar\u2026","rel":"","context":"Article similaire","block_context":{"text":"Article similaire","link":""},"img":{"alt_text":"","src":"https:\/\/i0.wp.com\/tuzlahortum.com.tr\/wp-content\/uploads\/urunler\/plastik\/25.jpg?fit=583%2C324&ssl=1&resize=350%2C200","width":350,"height":200,"srcset":"https:\/\/i0.wp.com\/tuzlahortum.com.tr\/wp-content\/uploads\/urunler\/plastik\/25.jpg?fit=583%2C324&ssl=1&resize=350%2C200 1x, https:\/\/i0.wp.com\/tuzlahortum.com.tr\/wp-content\/uploads\/urunler\/plastik\/25.jpg?fit=583%2C324&ssl=1&resize=525%2C300 1.5x"},"classes":[]},{"id":825,"url":"https:\/\/tuzlahortum.com.tr\/fr\/produit\/v-tipi-sari-verici-hortum-standart\/","url_meta":{"origin":816,"position":5},"title":"Tuyau de transmetteur jaune de type V (STANDARD)","author":"admin","date":"6 f\u00e9vrier 2019","format":false,"excerpt":"V Tipi Sar\u0131 Verici Hortum (STANDART)\u00d6zellikler Emici ve verici olarak kullan\u0131labilir. Esnek \u015feffaf PVC, y\u00fcksek mukavemetli, k\u0131r\u0131lmaya kar\u015f\u0131 maksimum dayan\u0131kl\u0131 sert PVC takviyesiyle \u00fcretilmektedir. \u0130\u00e7 ve d\u0131\u015f y\u00fczey d\u00fczd\u00fcr. \u00c7al\u0131\u015fma S\u0131cakl\u0131\u011f\u0131 -5\u00b0C ile +60\u00b0C aras\u0131 Kullan\u0131m Alanlar\u0131 Tar\u0131m, sanayi ve in\u015faat sekt\u00f6r\u00fcnde , pompa emi\u015flerinde, likit ve sair malzeme naklinde\u00a0\u2026","rel":"","context":"Article similaire","block_context":{"text":"Article similaire","link":""},"img":{"alt_text":"","src":"https:\/\/i0.wp.com\/tuzlahortum.com.tr\/wp-content\/uploads\/urunler\/plastik\/39.jpg?fit=456%2C232&ssl=1&resize=350%2C200","width":350,"height":200},"classes":[]}],"jetpack_sharing_enabled":true,"jetpack_likes_enabled":true,"_links":{"self":[{"href":"https:\/\/tuzlahortum.com.tr\/fr\/wp-json\/wp\/v2\/product\/816","targetHints":{"allow":["GET"]}}],"collection":[{"href":"https:\/\/tuzlahortum.com.tr\/fr\/wp-json\/wp\/v2\/product"}],"about":[{"href":"https:\/\/tuzlahortum.com.tr\/fr\/wp-json\/wp\/v2\/types\/product"}],"replies":[{"embeddable":true,"href":"https:\/\/tuzlahortum.com.tr\/fr\/wp-json\/wp\/v2\/comments?post=816"}],"wp:featuredmedia":[{"embeddable":true,"href":"https:\/\/tuzlahortum.com.tr\/fr\/wp-json\/wp\/v2\/media\/2000"}],"wp:attachment":[{"href":"https:\/\/tuzlahortum.com.tr\/fr\/wp-json\/wp\/v2\/media?parent=816"}],"wp:term":[{"taxonomy":"product_brand","embeddable":true,"href":"https:\/\/tuzlahortum.com.tr\/fr\/wp-json\/wp\/v2\/product_brand?post=816"},{"taxonomy":"product_cat","embeddable":true,"href":"https:\/\/tuzlahortum.com.tr\/fr\/wp-json\/wp\/v2\/product_cat?post=816"},{"taxonomy":"product_tag","embeddable":true,"href":"https:\/\/tuzlahortum.com.tr\/fr\/wp-json\/wp\/v2\/product_tag?post=816"}],"curies":[{"name":"wp","href":"https:\/\/api.w.org\/{rel}","templated":true}]}}