{"id":8132,"date":"2019-03-14T15:56:14","date_gmt":"2019-03-14T12:56:14","guid":{"rendered":"http:\/\/hortum.com.tr\/?post_type=product&#038;p=8132"},"modified":"2024-03-21T17:38:51","modified_gmt":"2024-03-21T14:38:51","slug":"super-extra-orgulu-seffaf-hortum","status":"publish","type":"product","link":"https:\/\/tuzlahortum.com.tr\/fr\/produit\/super-extra-orgulu-seffaf-hortum\/","title":{"rendered":"Tuyau Transparent Tress\u00e9 Super Extra"},"content":{"rendered":"<h2>Tuyau Transparent Tress\u00e9 Super Extra<\/h2>\n<p>Traits :<br \/>\n\u2022 Il est fabriqu\u00e9 en PVC de 1\u00e8re classe.<br \/>\n\u2022 Polyester renforc\u00e9 de haute qualit\u00e9<br \/>\n\u2022 Il est r\u00e9sistant \u00e0 l&#039;abrasion.<br \/>\n\u2022 R\u00e9siste \u00e0 des temp\u00e9ratures comprises entre -20\u00b0C et +65\u00b0C.<\/p>\n<p>Domaines d&#039;utilisation :<br \/>\n\u2022 Il est utilis\u00e9 dans l&#039;industrie, les d\u00e9riv\u00e9s p\u00e9troliers, le rejet de produits chimiques l\u00e9gers et l&#039;irrigation sous pression.<\/p>\n<div class=\"video video-fit mb\" style=\"padding-top:56.25%;\"><p><iframe loading=\"lazy\" title=\"Confusion des mesures (pouces, doigts, brume, millim\u00e8tres)\" width=\"1020\" height=\"574\" src=\"https:\/\/www.youtube.com\/embed\/uKk6AG_AZls?feature=oembed\" frameborder=\"0\" allow=\"accelerometer; autoplay; clipboard-write; encrypted-media; gyroscope; picture-in-picture; web-share\" referrerpolicy=\"strict-origin-when-cross-origin\" allowfullscreen><\/iframe><\/p>\n<\/div>\n<p><img data-recalc-dims=\"1\" loading=\"lazy\" decoding=\"async\" class=\"alignnone size-full wp-image-8141\" src=\"https:\/\/i0.wp.com\/hortum.com.tr\/wp-content\/uploads\/2019\/03\/S%C3%BCper-Extra-%C3%96rg%C3%BCl%C3%BC-%C5%9Eeffaf-Hortum-2.jpg?resize=632%2C205\" alt=\"\" width=\"632\" height=\"205\" title=\"\" srcset=\"https:\/\/i0.wp.com\/tuzlahortum.com.tr\/wp-content\/uploads\/2019\/03\/S%C3%BCper-Extra-%C3%96rg%C3%BCl%C3%BC-%C5%9Eeffaf-Hortum-2.jpg?w=632&amp;ssl=1 632w, https:\/\/i0.wp.com\/tuzlahortum.com.tr\/wp-content\/uploads\/2019\/03\/S%C3%BCper-Extra-%C3%96rg%C3%BCl%C3%BC-%C5%9Eeffaf-Hortum-2.jpg?resize=600%2C195&amp;ssl=1 600w\" sizes=\"auto, (max-width: 632px) 100vw, 632px\" \/><\/p>","protected":false},"excerpt":{"rendered":"<p>Tuyau transparent super extra tress\u00e9 Caract\u00e9ristiques : - Fabriqu\u00e9 en PVC de premi\u00e8re qualit\u00e9. - Renforc\u00e9 de polyester de haute qualit\u00e9 - R\u00e9sistant \u00e0 l'abrasion. - R\u00e9sistant aux temp\u00e9ratures comprises entre -20\u00b0C et +65\u00b0C. Domaines d'application : - Il est utilis\u00e9 dans l'industrie, les d\u00e9riv\u00e9s du p\u00e9trole, l'\u00e9vacuation de substances chimiques l\u00e9g\u00e8res et les processus d'irrigation sous pression.<\/p>","protected":false},"featured_media":8140,"comment_status":"open","ping_status":"closed","template":"","meta":{"jetpack_post_was_ever_published":false},"product_brand":[],"product_cat":[165],"product_tag":[2162,732,358,723,1019,343,1023],"class_list":{"0":"post-8132","1":"product","2":"type-product","3":"status-publish","4":"has-post-thumbnail","6":"product_cat-plastik-bahce-hortumlari","7":"product_tag-hafif-kimyasal","8":"product_tag-petrol","9":"product_tag-pvc","10":"product_tag-sanayi","11":"product_tag-seffaf","12":"product_tag-tahliye","13":"product_tag-yuksek-basinc","15":"first","16":"instock","17":"taxable","18":"shipping-taxable","19":"product-type-variable"},"jetpack-related-posts":[],"jetpack_sharing_enabled":true,"jetpack_likes_enabled":true,"_links":{"self":[{"href":"https:\/\/tuzlahortum.com.tr\/fr\/wp-json\/wp\/v2\/product\/8132","targetHints":{"allow":["GET"]}}],"collection":[{"href":"https:\/\/tuzlahortum.com.tr\/fr\/wp-json\/wp\/v2\/product"}],"about":[{"href":"https:\/\/tuzlahortum.com.tr\/fr\/wp-json\/wp\/v2\/types\/product"}],"replies":[{"embeddable":true,"href":"https:\/\/tuzlahortum.com.tr\/fr\/wp-json\/wp\/v2\/comments?post=8132"}],"wp:featuredmedia":[{"embeddable":true,"href":"https:\/\/tuzlahortum.com.tr\/fr\/wp-json\/wp\/v2\/media\/8140"}],"wp:attachment":[{"href":"https:\/\/tuzlahortum.com.tr\/fr\/wp-json\/wp\/v2\/media?parent=8132"}],"wp:term":[{"taxonomy":"product_brand","embeddable":true,"href":"https:\/\/tuzlahortum.com.tr\/fr\/wp-json\/wp\/v2\/product_brand?post=8132"},{"taxonomy":"product_cat","embeddable":true,"href":"https:\/\/tuzlahortum.com.tr\/fr\/wp-json\/wp\/v2\/product_cat?post=8132"},{"taxonomy":"product_tag","embeddable":true,"href":"https:\/\/tuzlahortum.com.tr\/fr\/wp-json\/wp\/v2\/product_tag?post=8132"}],"curies":[{"name":"wp","href":"https:\/\/api.w.org\/{rel}","templated":true}]}}