{"id":812,"date":"2019-02-06T23:54:07","date_gmt":"2019-02-06T20:54:07","guid":{"rendered":"http:\/\/hortum.com.tr\/product\/import-placeholder-for-607\/"},"modified":"2024-03-21T17:42:08","modified_gmt":"2024-03-21T14:42:08","slug":"mat-bahce-sulama-hortumlari","status":"publish","type":"product","link":"https:\/\/tuzlahortum.com.tr\/fr\/produit\/mat-bahce-sulama-hortumlari\/","title":{"rendered":"Tuyaux d&#039;arrosage de jardin Mat"},"content":{"rendered":"<h2>Tuyaux d&#039;arrosage de jardin Mat<\/h2>\n<div class=\"video video-fit mb\" style=\"padding-top:56.25%;\"><p><iframe loading=\"lazy\" title=\"Confusion des mesures (pouces, doigts, brume, millim\u00e8tres)\" width=\"1020\" height=\"574\" src=\"https:\/\/www.youtube.com\/embed\/uKk6AG_AZls?feature=oembed\" frameborder=\"0\" allow=\"accelerometer; autoplay; clipboard-write; encrypted-media; gyroscope; picture-in-picture; web-share\" referrerpolicy=\"strict-origin-when-cross-origin\" allowfullscreen><\/iframe><\/p>\n<\/div>","protected":false},"excerpt":{"rendered":"<p>Tuyaux d&#039;arrosage de jardin Mat<\/p>","protected":false},"featured_media":2006,"comment_status":"open","ping_status":"closed","template":"","meta":{"jetpack_post_was_ever_published":false},"product_brand":[],"product_cat":[165],"product_tag":[795,290,1021,1022,358],"class_list":{"0":"post-812","1":"product","2":"type-product","3":"status-publish","4":"has-post-thumbnail","6":"product_cat-plastik-bahce-hortumlari","7":"product_tag-bahce","8":"product_tag-hortum","9":"product_tag-mat","10":"product_tag-mat-bahce","11":"product_tag-pvc","13":"first","14":"instock","15":"taxable","16":"shipping-taxable","17":"product-type-variable"},"jetpack-related-posts":[{"id":811,"url":"https:\/\/tuzlahortum.com.tr\/fr\/produit\/pvc-duz-bahce-hortumlari\/","url_meta":{"origin":812,"position":0},"title":"Tuyaux d&#039;arrosage droits en PVC","author":"admin","date":"6 f\u00e9vrier 2019","format":false,"excerpt":"Tuyaux d'arrosage droits en PVC Caract\u00e9ristiques Fabriqu\u00e9s en PVC transparent r\u00e9sistant \u00e0 l'abrasion. Temp\u00e9rature de fonctionnement -10\u00b0C \u00e0 +50\u00b0C Domaines d'utilisation Il est utilis\u00e9 dans l'agriculture, les travaux d'irrigation, dans l'industrie, dans le transport d'indicateurs et de liquides, d'huile, de produits chimiques fluides l\u00e9gers dans les machines.","rel":"","context":"Article similaire","block_context":{"text":"Article similaire","link":""},"img":{"alt_text":"","src":"https:\/\/i0.wp.com\/tuzlahortum.com.tr\/wp-content\/uploads\/2019\/02\/SEFFAF-HORTUM.jpg?fit=640%2C480&ssl=1&resize=350%2C200","width":350,"height":200,"srcset":"https:\/\/i0.wp.com\/tuzlahortum.com.tr\/wp-content\/uploads\/2019\/02\/SEFFAF-HORTUM.jpg?fit=640%2C480&ssl=1&resize=350%2C200 1x, https:\/\/i0.wp.com\/tuzlahortum.com.tr\/wp-content\/uploads\/2019\/02\/SEFFAF-HORTUM.jpg?fit=640%2C480&ssl=1&resize=525%2C300 1.5x"},"classes":[]},{"id":938,"url":"https:\/\/tuzlahortum.com.tr\/fr\/produit\/thermo-su-hortumlari-standart\/","url_meta":{"origin":812,"position":1},"title":"Tuyaux d&#039;eau thermo (STANDARD)","author":"admin","date":"6 f\u00e9vrier 2019","format":false,"excerpt":"Thermo Su Hortumlar\u0131 (STANDART)Alt kat siyah\u00a0PVC ve\u00a0y\u00fcksek mukavemetli polyester iplik, \u00fcst katta a\u015f\u0131nmaya \u00a0dayan\u0131kl\u0131 \u00f6zel kar\u0131\u015f\u0131m PVC ile \u00fcretilmi\u015ftir. Bas\u0131nca dayan\u0131kl\u0131d\u0131r. \u00c7al\u0131\u015fma S\u0131cakl\u0131\u011f\u0131 -10\u00b0C ile +50\u00b0C aras\u0131 Kullan\u0131m Alanlar\u0131 Ev, bah\u00e7e, tarla, sanayi ve in\u015faat sekt\u00f6r\u00fcnde sulama ve tahliye i\u015flerinde kullan\u0131l\u0131r.","rel":"","context":"Article similaire","block_context":{"text":"Article similaire","link":""},"img":{"alt_text":"","src":"https:\/\/i0.wp.com\/tuzlahortum.com.tr\/wp-content\/uploads\/urunler\/plastik\/THERMO-SU-HORTUMLAR.jpg?fit=640%2C480&ssl=1&resize=350%2C200","width":350,"height":200,"srcset":"https:\/\/i0.wp.com\/tuzlahortum.com.tr\/wp-content\/uploads\/urunler\/plastik\/THERMO-SU-HORTUMLAR.jpg?fit=640%2C480&ssl=1&resize=350%2C200 1x, https:\/\/i0.wp.com\/tuzlahortum.com.tr\/wp-content\/uploads\/urunler\/plastik\/THERMO-SU-HORTUMLAR.jpg?fit=640%2C480&ssl=1&resize=525%2C300 1.5x"},"classes":[]},{"id":939,"url":"https:\/\/tuzlahortum.com.tr\/fr\/produit\/thermo-su-hortumlari-super\/","url_meta":{"origin":812,"position":2},"title":"Tuyaux d&#039;eau thermo (SUPER)","author":"admin","date":"6 f\u00e9vrier 2019","format":false,"excerpt":"Thermo Su Hortumlar\u0131 (S\u00dcPER)Alt kat siyah\u00a0PVC ve\u00a0y\u00fcksek mukavemetli polyester iplik, \u00fcst katta a\u015f\u0131nmaya \u00a0dayan\u0131kl\u0131 \u00f6zel kar\u0131\u015f\u0131m PVC ile \u00fcretilmi\u015ftir. Bas\u0131nca dayan\u0131kl\u0131d\u0131r. \u00c7al\u0131\u015fma S\u0131cakl\u0131\u011f\u0131 -10\u00b0C ile +50\u00b0C aras\u0131 Kullan\u0131m Alanlar\u0131 Ev, bah\u00e7e, tarla, sanayi ve in\u015faat sekt\u00f6r\u00fcnde sulama ve tahliye i\u015flerinde kullan\u0131l\u0131r.","rel":"","context":"Article similaire","block_context":{"text":"Article similaire","link":""},"img":{"alt_text":"","src":"https:\/\/i0.wp.com\/tuzlahortum.com.tr\/wp-content\/uploads\/urunler\/plastik\/THERMO-SU-HORTUMLAR.jpg?fit=640%2C480&ssl=1&resize=350%2C200","width":350,"height":200,"srcset":"https:\/\/i0.wp.com\/tuzlahortum.com.tr\/wp-content\/uploads\/urunler\/plastik\/THERMO-SU-HORTUMLAR.jpg?fit=640%2C480&ssl=1&resize=350%2C200 1x, https:\/\/i0.wp.com\/tuzlahortum.com.tr\/wp-content\/uploads\/urunler\/plastik\/THERMO-SU-HORTUMLAR.jpg?fit=640%2C480&ssl=1&resize=525%2C300 1.5x"},"classes":[]},{"id":9100,"url":"https:\/\/tuzlahortum.com.tr\/fr\/produit\/marin-hortumu\/","url_meta":{"origin":812,"position":3},"title":"Tuyau marin","author":"\u0130smail \u00c7elik","date":"11 juin 2019","format":false,"excerpt":"Marin Hortumu\u00d6zellikler : \u2022 \u00dcst kat 1. S\u0131n\u0131f PVC\u2019 den imal edilmi\u015ftir. \u2022 Alt kat beyaz PVC\u2019 den imal edilmi\u015ftir. \u2022 Y\u00fcksek kaliteli polyester takviye edilmi\u015ftir. \u2022 -5\u00b0C ile +65\u00b0C aras\u0131nda s\u0131cakl\u0131\u011fa dayan\u0131kl\u0131d\u0131r. Kullan\u0131m Alanlar\u0131 : \u2022 Tekne ve yatlarda, ev, bah\u00e7e sulama i\u015flerinde, k\u0131smen ya\u011f-yak\u0131ta dayan\u0131ml\u0131d\u0131r.","rel":"","context":"Article similaire","block_context":{"text":"Article similaire","link":""},"img":{"alt_text":"","src":"https:\/\/i0.wp.com\/tuzlahortum.com.tr\/wp-content\/uploads\/2019\/06\/Marin-Hortumu-2.jpg?resize=350%2C200&ssl=1","width":350,"height":200,"srcset":"https:\/\/i0.wp.com\/tuzlahortum.com.tr\/wp-content\/uploads\/2019\/06\/Marin-Hortumu-2.jpg?resize=350%2C200&ssl=1 1x, https:\/\/i0.wp.com\/tuzlahortum.com.tr\/wp-content\/uploads\/2019\/06\/Marin-Hortumu-2.jpg?resize=525%2C300&ssl=1 1.5x"},"classes":[]},{"id":816,"url":"https:\/\/tuzlahortum.com.tr\/fr\/produit\/seraluks-silikonlu-hortum-standart\/","url_meta":{"origin":812,"position":4},"title":"Tuyau en silicone Seralux (STANDARD)","author":"admin","date":"6 f\u00e9vrier 2019","format":false,"excerpt":"Seral\u00fcks Silikonlu Hortum (STANDART)\u00d6zellikler A\u015f\u0131nmaya \u00a0dayan\u0131kl\u0131 \u00f6zel kar\u0131\u015f\u0131m PVC ile \u00fcretilmi\u015ftir. S\u00fcper elastiktir. \u00c7al\u0131\u015fma S\u0131cakl\u0131\u011f\u0131 -10\u00b0C ile +50\u00b0C aras\u0131 Kullan\u0131m Alanlar\u0131 Ev, bah\u00e7e, tarla, sanayi ve in\u015faat sekt\u00f6r\u00fcnde sulama ve tahliye i\u015flerinde kullan\u0131l\u0131r.","rel":"","context":"Article similaire","block_context":{"text":"Article similaire","link":""},"img":{"alt_text":"","src":"https:\/\/i0.wp.com\/tuzlahortum.com.tr\/wp-content\/uploads\/urunler\/plastik\/SERALU%CC%88KS-SI%CC%87LI%CC%87KONLU-HORTUM-STANDART.jpg?fit=640%2C480&ssl=1&resize=350%2C200","width":350,"height":200,"srcset":"https:\/\/i0.wp.com\/tuzlahortum.com.tr\/wp-content\/uploads\/urunler\/plastik\/SERALU%CC%88KS-SI%CC%87LI%CC%87KONLU-HORTUM-STANDART.jpg?fit=640%2C480&ssl=1&resize=350%2C200 1x, https:\/\/i0.wp.com\/tuzlahortum.com.tr\/wp-content\/uploads\/urunler\/plastik\/SERALU%CC%88KS-SI%CC%87LI%CC%87KONLU-HORTUM-STANDART.jpg?fit=640%2C480&ssl=1&resize=525%2C300 1.5x"},"classes":[]},{"id":2038,"url":"https:\/\/tuzlahortum.com.tr\/fr\/produit\/seraluks-silikonlu-hortum-super\/","url_meta":{"origin":812,"position":5},"title":"Tuyau en silicone Seralux (SUPER)","author":"\u0130smail \u00c7elik","date":"12 f\u00e9vrier 2019","format":false,"excerpt":"Seral\u00fcks Silikonlu Hortum (S\u00dcPER)\u00d6zellikler A\u015f\u0131nmaya \u00a0dayan\u0131kl\u0131 \u00f6zel kar\u0131\u015f\u0131m PVC ile \u00fcretilmi\u015ftir. S\u00fcper elastiktir. \u00c7al\u0131\u015fma S\u0131cakl\u0131\u011f\u0131 -10\u00b0C ile +50\u00b0C aras\u0131 Kullan\u0131m Alanlar\u0131 Ev, bah\u00e7e, tarla, sanayi ve in\u015faat sekt\u00f6r\u00fcnde sulama ve tahliye i\u015flerinde kullan\u0131l\u0131r.","rel":"","context":"Article similaire","block_context":{"text":"Article similaire","link":""},"img":{"alt_text":"","src":"https:\/\/i0.wp.com\/tuzlahortum.com.tr\/wp-content\/uploads\/urunler\/plastik\/SERALU%CC%88KS-SI%CC%87LI%CC%87KONLU-HORTUM-STANDART.jpg?fit=640%2C480&ssl=1&resize=350%2C200","width":350,"height":200,"srcset":"https:\/\/i0.wp.com\/tuzlahortum.com.tr\/wp-content\/uploads\/urunler\/plastik\/SERALU%CC%88KS-SI%CC%87LI%CC%87KONLU-HORTUM-STANDART.jpg?fit=640%2C480&ssl=1&resize=350%2C200 1x, https:\/\/i0.wp.com\/tuzlahortum.com.tr\/wp-content\/uploads\/urunler\/plastik\/SERALU%CC%88KS-SI%CC%87LI%CC%87KONLU-HORTUM-STANDART.jpg?fit=640%2C480&ssl=1&resize=525%2C300 1.5x"},"classes":[]}],"jetpack_sharing_enabled":true,"jetpack_likes_enabled":true,"_links":{"self":[{"href":"https:\/\/tuzlahortum.com.tr\/fr\/wp-json\/wp\/v2\/product\/812","targetHints":{"allow":["GET"]}}],"collection":[{"href":"https:\/\/tuzlahortum.com.tr\/fr\/wp-json\/wp\/v2\/product"}],"about":[{"href":"https:\/\/tuzlahortum.com.tr\/fr\/wp-json\/wp\/v2\/types\/product"}],"replies":[{"embeddable":true,"href":"https:\/\/tuzlahortum.com.tr\/fr\/wp-json\/wp\/v2\/comments?post=812"}],"wp:featuredmedia":[{"embeddable":true,"href":"https:\/\/tuzlahortum.com.tr\/fr\/wp-json\/wp\/v2\/media\/2006"}],"wp:attachment":[{"href":"https:\/\/tuzlahortum.com.tr\/fr\/wp-json\/wp\/v2\/media?parent=812"}],"wp:term":[{"taxonomy":"product_brand","embeddable":true,"href":"https:\/\/tuzlahortum.com.tr\/fr\/wp-json\/wp\/v2\/product_brand?post=812"},{"taxonomy":"product_cat","embeddable":true,"href":"https:\/\/tuzlahortum.com.tr\/fr\/wp-json\/wp\/v2\/product_cat?post=812"},{"taxonomy":"product_tag","embeddable":true,"href":"https:\/\/tuzlahortum.com.tr\/fr\/wp-json\/wp\/v2\/product_tag?post=812"}],"curies":[{"name":"wp","href":"https:\/\/api.w.org\/{rel}","templated":true}]}}