{"id":8095,"date":"2019-03-14T09:40:14","date_gmt":"2019-03-14T06:40:14","guid":{"rendered":"http:\/\/hortum.com.tr\/?post_type=product&#038;p=8095"},"modified":"2024-03-21T17:38:52","modified_gmt":"2024-03-21T14:38:52","slug":"trelleborg-chemikler-upe","status":"publish","type":"product","link":"https:\/\/tuzlahortum.com.tr\/fr\/produit\/trelleborg-chemikler-upe\/","title":{"rendered":"Trelleborg CHEMIKLER-UPE"},"content":{"rendered":"<h2>Trelleborg CHEMIKLER-UPE<\/h2>\n<p>Produits chimiques et corrosifs\/Transfert<br \/>\nAcides forts, solvants \u00e0 haute teneur en ar\u00f4mes, chlor\u00e9s ou oxyg\u00e9n\u00e9s<br \/>\nsolvants, hydrocarbures aromatiques, etc. retrait de tous les produits chimiques corrosifs tels que<br \/>\n\u00e9vacuation.<br \/>\nCiternes routi\u00e8res et ferroviaires, zones de d\u00e9chargement ainsi que les usines chimiques et connexes<br \/>\npour les \u00e9quipements mobiles et fixes utilis\u00e9s dans les industries.<br \/>\nAvantages<br \/>\nTuyau polyvalent adapt\u00e9 \u00e0 une grande vari\u00e9t\u00e9 de produits chimiques.<br \/>\nTr\u00e8s haute r\u00e9sistance m\u00e9canique.<br \/>\nLa construction du tuyau offre un excellent rayon de courbure.<br \/>\nLa chambre \u00e0 air est conforme \u00e0 la r\u00e9glementation am\u00e9ricaine FDA 21.CFR.177.1520.<br \/>\nTube plat pour un lavage facile (jusqu&#039;\u00e0 140\u00b0C pendant 30 minutes).<br \/>\nLe rev\u00eatement a une excellente r\u00e9sistance au vieillissement, aux conditions atmosph\u00e9riques et \u00e0 l&#039;ozone, et<br \/>\nIl pr\u00e9sente une r\u00e9sistance optimale \u00e0 l&#039;abrasion et aux produits chimiques.<br \/>\nDe nombreux connecteurs peuvent \u00eatre mont\u00e9s.<br \/>\ndescription technique<br \/>\nChambre \u00e0 air : UPE (poly\u00e9thyl\u00e8ne \u00e0 poids mol\u00e9culaire ultra \u00e9lev\u00e9), noir, droit.<br \/>\nRenforcement : textile synth\u00e9tique avec ressort en acier int\u00e9gr\u00e9.<br \/>\nRev\u00eatement : EPDM, r\u00e9sistant aux produits chimiques et au vieillissement, noir, aspect tissu.<br \/>\nPlage de temp\u00e9rature : -40\u00b0C \u00e0 +100\u00b0C.<br \/>\nPropri\u00e9t\u00e9s \u00e9lectriques : chambre \u00e0 air conductrice UPE et rev\u00eatement en caoutchouc, R\u2264106\u03a9\/lg.<br \/>\nNorme\/Agr\u00e9ment :<br \/>\nEN12115.<br \/>\nUnions\/Raccords<br \/>\nDes raccords sp\u00e9cialement con\u00e7us sont disponibles. Veuillez nous consulter.<br \/>\nInformations Compl\u00e9mentaires<br \/>\nCe flexible est agr\u00e9\u00e9 par l&#039;INERIS (organisme notifi\u00e9 fran\u00e7ais) pour une utilisation en zone ATEX.<br \/>\nTest\u00e9 et approuv\u00e9 par<br \/>\nINTERNE&gt;100 mm : Non inclus dans EN12115.<\/p>\n<div class=\"video video-fit mb\" style=\"padding-top:56.25%;\"><p><iframe loading=\"lazy\" title=\"Confusion des mesures (pouces, doigts, brume, millim\u00e8tres)\" width=\"1020\" height=\"574\" src=\"https:\/\/www.youtube.com\/embed\/uKk6AG_AZls?feature=oembed\" frameborder=\"0\" allow=\"accelerometer; autoplay; clipboard-write; encrypted-media; gyroscope; picture-in-picture; web-share\" referrerpolicy=\"strict-origin-when-cross-origin\" allowfullscreen><\/iframe><\/p>\n<\/div>\n<div class=\"video video-fit mb\" style=\"padding-top:56.25%;\"><p>https:\/\/www.youtube.com\/watch?v=O8ZlzKEjfEQ%20<\/p>\n<\/div>\n<p><img data-recalc-dims=\"1\" loading=\"lazy\" decoding=\"async\" class=\"alignnone size-medium wp-image-8119\" src=\"https:\/\/i0.wp.com\/hortum.com.tr\/wp-content\/uploads\/2019\/03\/chem%C4%B1kler-upe-800x336.jpg?resize=800%2C336\" alt=\"\" width=\"800\" height=\"336\" title=\"\" srcset=\"https:\/\/i0.wp.com\/tuzlahortum.com.tr\/wp-content\/uploads\/2019\/03\/chem%C4%B1kler-upe.jpg?resize=800%2C336&amp;ssl=1 800w, https:\/\/i0.wp.com\/tuzlahortum.com.tr\/wp-content\/uploads\/2019\/03\/chem%C4%B1kler-upe.jpg?resize=768%2C322&amp;ssl=1 768w, https:\/\/i0.wp.com\/tuzlahortum.com.tr\/wp-content\/uploads\/2019\/03\/chem%C4%B1kler-upe.jpg?resize=600%2C252&amp;ssl=1 600w, https:\/\/i0.wp.com\/tuzlahortum.com.tr\/wp-content\/uploads\/2019\/03\/chem%C4%B1kler-upe.jpg?w=925&amp;ssl=1 925w\" sizes=\"auto, (max-width: 800px) 100vw, 800px\" \/><\/p>","protected":false},"excerpt":{"rendered":"<p>Trelleborg CHEMIKLER-UPE Kimyasal ve korozif \u00fcr\u00fcnler\/Transfer G\u00fc\u00e7l\u00fc asitler, y\u00fcksek aroma i\u00e7eri\u011fine sahip solventler, klorlanm\u0131\u015f veya oksijenlenmi\u015f solventler, aromatik hidrokarbonlar, vs. gibi korozif kimyasallar\u0131n t\u00fcm\u00fcn\u00fcn \u00e7ekilmesi ve tahliyesi. Karayolu ve demiryolu tankerleri, bo\u015faltma alanlar\u0131n\u0131n yan\u0131 s\u0131ra kimya tesisleri ve ilgili end\u00fcstrilerde kullan\u0131lan mobil ve sabit donan\u0131mlar i\u00e7indir. Avantajlar Geni\u015fi \u00e7e\u015fitlilikte kimyasallara uygun \u00e7ok ama\u00e7l\u0131 hortum. \u00c7ok [&#8230;]\n","protected":false},"featured_media":2635,"comment_status":"open","ping_status":"closed","template":"","meta":{"jetpack_post_was_ever_published":false},"product_brand":[],"product_cat":[1169],"product_tag":[2155,558,294,1173,290,1176,2156,691,734],"class_list":{"0":"post-8095","1":"product","2":"type-product","3":"status-publish","4":"has-post-thumbnail","6":"product_cat-solvent-boya-cila-ve-vernik-hortumlari","7":"product_tag-asit","8":"product_tag-basinc","9":"product_tag-dayanikli","10":"product_tag-ester","11":"product_tag-hortum","12":"product_tag-kimyasal","13":"product_tag-korozif-kimyasal","14":"product_tag-solvent","15":"product_tag-tanker","17":"first","18":"instock","19":"taxable","20":"shipping-taxable","21":"product-type-variable"},"jetpack-related-posts":[{"id":899,"url":"https:\/\/tuzlahortum.com.tr\/fr\/produit\/trelleborg-solvykler\/","url_meta":{"origin":8095,"position":0},"title":"Trelleborg SOLVYKS","author":"admin","date":"6 f\u00e9vrier 2019","format":false,"excerpt":"Trelleborg SOLVYKLERSolventler\/Boyalar\/Cila ve Vernik Ester, keton, alkol bazl\u0131 boyalar ve bir\u00e7ok kimyasal i\u00e7in bas\u0131n\u00e7l\u0131 hizmet hatt\u0131. Avantajlar *Hortum kaplamas\u0131 korozif kimyasal s\u0131\u00e7ramas\u0131na kar\u015f\u0131 dayan\u0131kl\u0131d\u0131r. *Silikon i\u00e7ermez. *Hortum esnekli\u011fini geni\u015f bir s\u0131cakl\u0131k aral\u0131\u011f\u0131nda korur. *Antistatik i\u00e7 lastik. Teknik a\u00e7\u0131klama \u0130\u00e7 t\u00fcp :\u00a0kimyasal maddelere dayan\u0131kl\u0131 EPDM, siyah, d\u00fcz. Takviye :\u00a0sentetik tekstil. Kaplama\u2026","rel":"","context":"Article similaire","block_context":{"text":"Article similaire","link":""},"img":{"alt_text":"","src":"https:\/\/i0.wp.com\/tuzlahortum.com.tr\/wp-content\/uploads\/2019\/02\/SOLVYKLER.jpg?fit=800%2C800&ssl=1&resize=350%2C200","width":350,"height":200,"srcset":"https:\/\/i0.wp.com\/tuzlahortum.com.tr\/wp-content\/uploads\/2019\/02\/SOLVYKLER.jpg?fit=800%2C800&ssl=1&resize=350%2C200 1x, https:\/\/i0.wp.com\/tuzlahortum.com.tr\/wp-content\/uploads\/2019\/02\/SOLVYKLER.jpg?fit=800%2C800&ssl=1&resize=525%2C300 1.5x, https:\/\/i0.wp.com\/tuzlahortum.com.tr\/wp-content\/uploads\/2019\/02\/SOLVYKLER.jpg?fit=800%2C800&ssl=1&resize=700%2C400 2x"},"classes":[]},{"id":898,"url":"https:\/\/tuzlahortum.com.tr\/fr\/produit\/trelleborg-multikler\/","url_meta":{"origin":8095,"position":1},"title":"Trelleborg MULTICS","author":"admin","date":"6 f\u00e9vrier 2019","format":false,"excerpt":"Trelleborg MULTIKLERSolventler\/Boyalar\/Cila ve Vernik Benzen, tol\u00fcen ve ksilen bazl\u0131 boyalar, lake, vernik ve belirli kimyasallar i\u00e7in bas\u0131n\u00e7l\u0131 hizmet\u00a0hatt\u0131. Ayr\u0131ca end\u00fcstriyel boya p\u00fcsk\u00fcrtme donan\u0131m\u0131. Avantajlar *Hortum kaplamas\u0131 a\u015f\u0131nma ve korozif kimyasallara kar\u015f\u0131 dayan\u0131kl\u0131d\u0131r. *Silikon i\u00e7ermez. *Antistatik i\u00e7 lastik. Teknik a\u00e7\u0131klama \u0130\u00e7 t\u00fcp :\u00a0solvent bazl\u0131 boyalara kar\u015f\u0131 dayan\u0131kl\u0131 NBR, siyah, d\u00fcz. Takviye\u2026","rel":"","context":"Article similaire","block_context":{"text":"Article similaire","link":""},"img":{"alt_text":"","src":"https:\/\/i0.wp.com\/tuzlahortum.com.tr\/wp-content\/uploads\/2019\/02\/MULTIKLER.jpg?fit=800%2C800&ssl=1&resize=350%2C200","width":350,"height":200,"srcset":"https:\/\/i0.wp.com\/tuzlahortum.com.tr\/wp-content\/uploads\/2019\/02\/MULTIKLER.jpg?fit=800%2C800&ssl=1&resize=350%2C200 1x, https:\/\/i0.wp.com\/tuzlahortum.com.tr\/wp-content\/uploads\/2019\/02\/MULTIKLER.jpg?fit=800%2C800&ssl=1&resize=525%2C300 1.5x, https:\/\/i0.wp.com\/tuzlahortum.com.tr\/wp-content\/uploads\/2019\/02\/MULTIKLER.jpg?fit=800%2C800&ssl=1&resize=700%2C400 2x"},"classes":[]},{"id":949,"url":"https:\/\/tuzlahortum.com.tr\/fr\/produit\/trelleborg-polyoil\/","url_meta":{"origin":8095,"position":2},"title":"Trelleborg POLYOIL","author":"admin","date":"6 f\u00e9vrier 2019","format":false,"excerpt":"Trelleborg POLYOILOil et p\u00e9trole transport de produits p\u00e9troliers sous haute pression et basse pression syst\u00e8mes d'entra\u00eenement hydraulique et retour d'huile. Transport \u00e9galement de d\u00e9riv\u00e9s du p\u00e9trole l\u00e9ger et lourd, de produits chimiques et d'antigels, d'air comprim\u00e9 contenant de l'huile, d'alcalins industriels et de saumure. Avantages * Excellente r\u00e9sistance aux intemp\u00e9ries, aux conditions atmosph\u00e9riques et \u00e0 l'ozone. *Tr\u00e8s haute r\u00e9sistance \u00e0 la pression...","rel":"","context":"Article similaire","block_context":{"text":"Article similaire","link":""},"img":{"alt_text":"","src":"https:\/\/i0.wp.com\/tuzlahortum.com.tr\/wp-content\/uploads\/2019\/02\/POLYOIL.jpg?fit=800%2C800&ssl=1&resize=350%2C200","width":350,"height":200,"srcset":"https:\/\/i0.wp.com\/tuzlahortum.com.tr\/wp-content\/uploads\/2019\/02\/POLYOIL.jpg?fit=800%2C800&ssl=1&resize=350%2C200 1x, https:\/\/i0.wp.com\/tuzlahortum.com.tr\/wp-content\/uploads\/2019\/02\/POLYOIL.jpg?fit=800%2C800&ssl=1&resize=525%2C300 1.5x, https:\/\/i0.wp.com\/tuzlahortum.com.tr\/wp-content\/uploads\/2019\/02\/POLYOIL.jpg?fit=800%2C800&ssl=1&resize=700%2C400 2x"},"classes":[]},{"id":691,"url":"https:\/\/tuzlahortum.com.tr\/fr\/produit\/tc-24\/","url_meta":{"origin":8095,"position":3},"title":"CT 24","author":"admin","date":"6 f\u00e9vrier 2019","format":false,"excerpt":"TC 24MATERYAL: Hortum Cidar\u0131 : PTFE (Teflon) Kapl\u0131 kuma\u015f \u2022 A\u011f\u0131rl\u0131k : 155 - 270 gr\/m2 \u00c7apa g\u00f6re de\u011fi\u015fmektedir \u2022 \u00c7ekme dayan\u0131m\u0131 : Warp: 800 N\/5cm, Weft: 1200 N\/5cm \u2022 Renk : Gri D\u0131\u015f Spiaral : Galvaniz \u00e7elik UYGULAMALAR: \u2022 S\u0131cak hava transferi \u2022 Egzoz transferi \u2022 Savunma sanayi \u0131s\u0131\u2026","rel":"","context":"Article similaire","block_context":{"text":"Article similaire","link":""},"img":{"alt_text":"","src":"https:\/\/i0.wp.com\/tuzlahortum.com.tr\/wp-content\/uploads\/2019\/03\/TC-24.jpg?fit=600%2C450&ssl=1&resize=350%2C200","width":350,"height":200,"srcset":"https:\/\/i0.wp.com\/tuzlahortum.com.tr\/wp-content\/uploads\/2019\/03\/TC-24.jpg?fit=600%2C450&ssl=1&resize=350%2C200 1x, https:\/\/i0.wp.com\/tuzlahortum.com.tr\/wp-content\/uploads\/2019\/03\/TC-24.jpg?fit=600%2C450&ssl=1&resize=525%2C300 1.5x"},"classes":[]},{"id":570,"url":"https:\/\/tuzlahortum.com.tr\/fr\/produit\/trelleborg-klegaine-gpu-m\/","url_meta":{"origin":8095,"position":4},"title":"Trelleborg KLEGAINE GPU-M","author":"admin","date":"6 f\u00e9vrier 2019","format":false,"excerpt":"Trelleborg KLEGAINE GPU-MEnd\u00fcstriyel hortumlar\/Poli\u00fcretan Ah\u015fap i\u015fleme end\u00fcstrileri, d\u00f6k\u00fcmhaneler ve di\u011fer genel uygulamalar i\u00e7in uygundur. Tozlar, a\u015f\u0131nd\u0131r\u0131c\u0131 partik\u00fcller, toz, tala\u015f, z\u0131mba, tekstil lifleri, metal tala\u015flar\u0131n\u0131n ta\u015f\u0131nmas\u0131 i\u00e7in\u00a0uygundur. End\u00fcstriyel elektrik s\u00fcp\u00fcrgeleri. Kimya ve petrol end\u00fcstrilerinde duman tahliyesi i\u00e7in uygundur Robotlar ve tak\u0131m tezgahlar\u0131nda\u00a0kablo kanal\u0131. Avantajlar *Hafif ve olduk\u00e7a esnektir, d\u00fc\u015f\u00fck s\u0131cakl\u0131kta esnektir.\u2026","rel":"","context":"Article similaire","block_context":{"text":"Article similaire","link":""},"img":{"alt_text":"","src":"https:\/\/i0.wp.com\/tuzlahortum.com.tr\/wp-content\/uploads\/2019\/02\/KLEGAINE-GPU-M.jpg?fit=800%2C800&ssl=1&resize=350%2C200","width":350,"height":200,"srcset":"https:\/\/i0.wp.com\/tuzlahortum.com.tr\/wp-content\/uploads\/2019\/02\/KLEGAINE-GPU-M.jpg?fit=800%2C800&ssl=1&resize=350%2C200 1x, https:\/\/i0.wp.com\/tuzlahortum.com.tr\/wp-content\/uploads\/2019\/02\/KLEGAINE-GPU-M.jpg?fit=800%2C800&ssl=1&resize=525%2C300 1.5x, https:\/\/i0.wp.com\/tuzlahortum.com.tr\/wp-content\/uploads\/2019\/02\/KLEGAINE-GPU-M.jpg?fit=800%2C800&ssl=1&resize=700%2C400 2x"},"classes":[]},{"id":569,"url":"https:\/\/tuzlahortum.com.tr\/fr\/produit\/trelleborg-klegaine-gpu-fg\/","url_meta":{"origin":8095,"position":5},"title":"Trelleborg KLEGAINE GPU-FG","author":"admin","date":"6 f\u00e9vrier 2019","format":false,"excerpt":"Trelleborg KLEGAINE GPU-FGEnd\u00fcstriyel hortumlar\/Poli\u00fcretan G\u0131daya uygun kalitede, son derece d\u00fczg\u00fcn. G\u0131da end\u00fcstrisinde a\u015f\u0131nd\u0131r\u0131c\u0131 malzemeler, tozlar ve gran\u00fcllerin ve ila\u00e7 laboratuvarlar\u0131nda\u00a0ila\u00e7lar\u0131n \u00e7ekilmesi ve ta\u015f\u0131nmas\u0131 i\u00e7in idealdir. End\u00fcstriyel elektrik s\u00fcp\u00fcrgeleri ve zemin bak\u0131m uygulamalar\u0131, \u00e7imen bi\u00e7me makineleri ve kaya\u00a0y\u00fcn\u00fc projeksiyonu. Ah\u015fap i\u015fleme end\u00fcstrileri. Robotikler, r\u00f6ntgen makineleri i\u00e7in kablo kanal\u0131. Avantajlar *G\u0131dada kullan\u0131ma\u2026","rel":"","context":"Article similaire","block_context":{"text":"Article similaire","link":""},"img":{"alt_text":"","src":"https:\/\/i0.wp.com\/tuzlahortum.com.tr\/wp-content\/uploads\/2019\/02\/KLEGAINE-GPU-FG.jpg?fit=800%2C800&ssl=1&resize=350%2C200","width":350,"height":200,"srcset":"https:\/\/i0.wp.com\/tuzlahortum.com.tr\/wp-content\/uploads\/2019\/02\/KLEGAINE-GPU-FG.jpg?fit=800%2C800&ssl=1&resize=350%2C200 1x, https:\/\/i0.wp.com\/tuzlahortum.com.tr\/wp-content\/uploads\/2019\/02\/KLEGAINE-GPU-FG.jpg?fit=800%2C800&ssl=1&resize=525%2C300 1.5x, https:\/\/i0.wp.com\/tuzlahortum.com.tr\/wp-content\/uploads\/2019\/02\/KLEGAINE-GPU-FG.jpg?fit=800%2C800&ssl=1&resize=700%2C400 2x"},"classes":[]}],"jetpack_sharing_enabled":true,"jetpack_likes_enabled":true,"_links":{"self":[{"href":"https:\/\/tuzlahortum.com.tr\/fr\/wp-json\/wp\/v2\/product\/8095","targetHints":{"allow":["GET"]}}],"collection":[{"href":"https:\/\/tuzlahortum.com.tr\/fr\/wp-json\/wp\/v2\/product"}],"about":[{"href":"https:\/\/tuzlahortum.com.tr\/fr\/wp-json\/wp\/v2\/types\/product"}],"replies":[{"embeddable":true,"href":"https:\/\/tuzlahortum.com.tr\/fr\/wp-json\/wp\/v2\/comments?post=8095"}],"wp:featuredmedia":[{"embeddable":true,"href":"https:\/\/tuzlahortum.com.tr\/fr\/wp-json\/wp\/v2\/media\/2635"}],"wp:attachment":[{"href":"https:\/\/tuzlahortum.com.tr\/fr\/wp-json\/wp\/v2\/media?parent=8095"}],"wp:term":[{"taxonomy":"product_brand","embeddable":true,"href":"https:\/\/tuzlahortum.com.tr\/fr\/wp-json\/wp\/v2\/product_brand?post=8095"},{"taxonomy":"product_cat","embeddable":true,"href":"https:\/\/tuzlahortum.com.tr\/fr\/wp-json\/wp\/v2\/product_cat?post=8095"},{"taxonomy":"product_tag","embeddable":true,"href":"https:\/\/tuzlahortum.com.tr\/fr\/wp-json\/wp\/v2\/product_tag?post=8095"}],"curies":[{"name":"wp","href":"https:\/\/api.w.org\/{rel}","templated":true}]}}