{"id":809,"date":"2019-02-06T23:54:06","date_gmt":"2019-02-06T20:54:06","guid":{"rendered":"http:\/\/hortum.com.tr\/product\/import-placeholder-for-272\/"},"modified":"2024-03-21T17:42:11","modified_gmt":"2024-03-21T14:42:11","slug":"paslanmaz-orgulu-bogumlu-teflon-hortum","status":"publish","type":"product","link":"https:\/\/tuzlahortum.com.tr\/fr\/produit\/paslanmaz-orgulu-bogumlu-teflon-hortum\/","title":{"rendered":"Tuyau en t\u00e9flon nou\u00e9 tress\u00e9 en acier inoxydable"},"content":{"rendered":"<h2>Tuyau en t\u00e9flon nou\u00e9 tress\u00e9 en acier inoxydable<\/h2>\n<p><strong>CARACT\u00c9RISTIQUES G\u00c9N\u00c9RALES<\/strong><\/p>\n<ol>\n<li>T\u00e9flon (PTFE), enroul\u00e9 \u00e0 l&#039;int\u00e9rieur, haute r\u00e9sistance m\u00e9canique, di\u00e9lectrique et r\u00e9sistant au feu<\/li>\n<li>Tresse en fil d&#039;acier inoxydable AISI 304 \u00e0 haute r\u00e9sistance \u00e0 la traction<\/li>\n<li>Il est utilis\u00e9 dans les compresseurs, le gaz, la vapeur, l&#039;eau, l&#039;air, le fioul, la chimie, l&#039;agroalimentaire, l&#039;industrie pharmaceutique, les solvants, les pigments et les lignes de transfert de peinture.<\/li>\n<li style=\"font-weight: 400;\">Plage de temp\u00e9rature : -40\u00b0C \u00e0 260\u00b0C<\/li>\n<\/ol>\n<div class=\"video video-fit mb\" style=\"padding-top:56.25%;\"><p><iframe loading=\"lazy\" title=\"Confusion des mesures (pouces, doigts, brume, millim\u00e8tres)\" width=\"1020\" height=\"574\" src=\"https:\/\/www.youtube.com\/embed\/uKk6AG_AZls?feature=oembed\" frameborder=\"0\" allow=\"accelerometer; autoplay; clipboard-write; encrypted-media; gyroscope; picture-in-picture; web-share\" referrerpolicy=\"strict-origin-when-cross-origin\" allowfullscreen><\/iframe><\/p>\n<\/div>","protected":false},"excerpt":{"rendered":"<p>Tuyau en T\u00e9flon tress\u00e9 en acier inoxydable CARACT\u00c9RISTIQUES G\u00c9N\u00c9RALES T\u00e9flon (PTFE) \u00e0 l&#039;int\u00e9rieur, envelopp\u00e9, haute r\u00e9sistance m\u00e9canique, di\u00e9lectrique et r\u00e9sistant au feu Haute r\u00e9sistance \u00e0 la traction Fil d&#039;acier inoxydable AISI 304 tress\u00e9 Dans les compresseurs, gaz, vapeur, eau, air, fioul, chimie, alimentaire est utilis\u00e9 dans l\u2019industrie pharmaceutique, les solvants, les pigments et les lignes de transfert de colorants. Plage de temp\u00e9rature : -40\u00b0C \u00e0 260\u00b0C<\/p>","protected":false},"featured_media":9070,"comment_status":"open","ping_status":"closed","template":"","meta":[],"product_brand":[],"product_cat":[88],"product_tag":[2104,689,681,1016,683,680,669,338,402,424,290,685,684,682,679,675,666,678,687,686,555,677],"class_list":{"0":"post-809","1":"product","2":"type-product","3":"status-publish","4":"has-post-thumbnail","6":"product_cat-hidrolik-hortumlar","7":"product_tag-40c","8":"product_tag-260c","9":"product_tag-atese-dayanikli","10":"product_tag-bogumlu","11":"product_tag-buhar","12":"product_tag-dielektriksel","13":"product_tag-fuel-oil-2","14":"product_tag-gaz","15":"product_tag-gida","16":"product_tag-hava","17":"product_tag-hortum","18":"product_tag-ilac-endustrisinde","19":"product_tag-kimya","20":"product_tag-kompresorlerde","21":"product_tag-mekanik-direncli","22":"product_tag-orgulu","23":"product_tag-paslanmaz","24":"product_tag-paslanmaz-orgulu-duz-teflon-hortum","25":"product_tag-pigmentlerde","26":"product_tag-solventlerde","27":"product_tag-su","28":"product_tag-teflon","30":"first","31":"instock","32":"featured","33":"taxable","34":"shipping-taxable","35":"product-type-variable"},"jetpack-related-posts":[{"id":680,"url":"https:\/\/tuzlahortum.com.tr\/fr\/produit\/paslanmaz-orgulu-duz-teflon-hortum\/","url_meta":{"origin":809,"position":0},"title":"Tuyau en t\u00e9flon droit tress\u00e9 en acier inoxydable","author":"admin","date":"6 f\u00e9vrier 2019","format":false,"excerpt":"Paslanmaz \u00d6rg\u00fcl\u00fc D\u00fcz Teflon HortumGENEL \u00d6ZELL\u0130KLER \u0130\u00e7 k\u0131sm\u0131 teflon (PTFE) d\u00fcz, y\u00fcksek\u00a0mekanik diren\u00e7li, dielektriksel,ve ate\u015fe dayan\u0131kl\u0131 Y\u00fcksek gerilmeye mukavemetli\u00a0 paslanmaz\u00a0\u00a0AISI 304 \u00e7elik tel \u00f6rg\u00fcl\u00fc Kompres\u00f6rlerde, gaz, buhar, su, hava, fuel\u00a0oil,kimya, g\u0131da,ila\u00e7 end\u00fcstrisinde,\u00a0solventlerde,pigmentlerde, ve boya transfer hatlar\u0131nda kullan\u0131lmaktad\u0131r. S\u0131cakl\u0131k aral\u0131\u011f\u0131 :-40\u00b0C ile260\u00b0C","rel":"","context":"Article similaire","block_context":{"text":"Article similaire","link":""},"img":{"alt_text":"","src":"https:\/\/i0.wp.com\/tuzlahortum.com.tr\/wp-content\/uploads\/2019\/04\/Paslanmaz-%C3%96rg%C3%BCl%C3%BC-D%C3%BCz-Teflon-Hortum-1-1.jpg?fit=771%2C500&ssl=1&resize=350%2C200","width":350,"height":200,"srcset":"https:\/\/i0.wp.com\/tuzlahortum.com.tr\/wp-content\/uploads\/2019\/04\/Paslanmaz-%C3%96rg%C3%BCl%C3%BC-D%C3%BCz-Teflon-Hortum-1-1.jpg?fit=771%2C500&ssl=1&resize=350%2C200 1x, https:\/\/i0.wp.com\/tuzlahortum.com.tr\/wp-content\/uploads\/2019\/04\/Paslanmaz-%C3%96rg%C3%BCl%C3%BC-D%C3%BCz-Teflon-Hortum-1-1.jpg?fit=771%2C500&ssl=1&resize=525%2C300 1.5x, https:\/\/i0.wp.com\/tuzlahortum.com.tr\/wp-content\/uploads\/2019\/04\/Paslanmaz-%C3%96rg%C3%BCl%C3%BC-D%C3%BCz-Teflon-Hortum-1-1.jpg?fit=771%2C500&ssl=1&resize=700%2C400 2x"},"classes":[]},{"id":7104,"url":"https:\/\/tuzlahortum.com.tr\/fr\/produit\/ptfe-duz-teflon-hortum\/","url_meta":{"origin":809,"position":1},"title":"Tuyau droit en t\u00e9flon PTFE","author":"\u0130smail \u00c7elik","date":"8 mars 2019","format":false,"excerpt":"PTFE D\u00fcz Teflon HortumGENEL \u00d6ZELL\u0130KLER Teflon (PTFE), sarg\u0131l\u0131, y\u00fcksek\u00a0mekanik diren\u00e7li, dielektriksel,ve\u00a0 ate\u015fe dayan\u0131kl\u0131 Kompres\u00f6rlerde, gaz, buhar, su, hava, fuel oil,kimya, g\u0131da,ila\u00e7 end\u00fcstrisinde, solventlerde, pigmentlerde, ve boya transfer hatlar\u0131nda\u00a0kullan\u0131lmaktad\u0131r. S\u0131cakl\u0131k aral\u0131\u011f\u0131 :-40\u00b0C ile 260\u00b0C","rel":"","context":"Article similaire","block_context":{"text":"Article similaire","link":""},"img":{"alt_text":"","src":"https:\/\/i0.wp.com\/tuzlahortum.com.tr\/wp-content\/uploads\/2019\/03\/PTFE.TEFLON.HORTUMLAR2.jpg?fit=455%2C455&ssl=1&resize=350%2C200","width":350,"height":200},"classes":[]},{"id":691,"url":"https:\/\/tuzlahortum.com.tr\/fr\/produit\/tc-24\/","url_meta":{"origin":809,"position":2},"title":"CT 24","author":"admin","date":"6 f\u00e9vrier 2019","format":false,"excerpt":"TC 24MATERYAL: Hortum Cidar\u0131 : PTFE (Teflon) Kapl\u0131 kuma\u015f \u2022 A\u011f\u0131rl\u0131k : 155 - 270 gr\/m2 \u00c7apa g\u00f6re de\u011fi\u015fmektedir \u2022 \u00c7ekme dayan\u0131m\u0131 : Warp: 800 N\/5cm, Weft: 1200 N\/5cm \u2022 Renk : Gri D\u0131\u015f Spiaral : Galvaniz \u00e7elik UYGULAMALAR: \u2022 S\u0131cak hava transferi \u2022 Egzoz transferi \u2022 Savunma sanayi \u0131s\u0131\u2026","rel":"","context":"Article similaire","block_context":{"text":"Article similaire","link":""},"img":{"alt_text":"","src":"https:\/\/i0.wp.com\/tuzlahortum.com.tr\/wp-content\/uploads\/2019\/03\/TC-24.jpg?fit=600%2C450&ssl=1&resize=350%2C200","width":350,"height":200,"srcset":"https:\/\/i0.wp.com\/tuzlahortum.com.tr\/wp-content\/uploads\/2019\/03\/TC-24.jpg?fit=600%2C450&ssl=1&resize=350%2C200 1x, https:\/\/i0.wp.com\/tuzlahortum.com.tr\/wp-content\/uploads\/2019\/03\/TC-24.jpg?fit=600%2C450&ssl=1&resize=525%2C300 1.5x"},"classes":[]},{"id":21231,"url":"https:\/\/tuzlahortum.com.tr\/fr\/produit\/adriatic\/","url_meta":{"origin":809,"position":3},"title":"ADRIATIQUE","author":"admin","date":"11 ao\u00fbt 2025","format":false,"excerpt":"\u00a0 \u00dcr\u00fcn Ad\u0131: ADRIATIC \u00dcr\u00fcn Kodu: WSDFC125 Su Al\u0131c\u0131\/Verici D\u00dcZ BO\u011eUMLU Kullanim Alan\u0131 : Tar\u0131m, sanayi ve in\u015faat uygulamalar\u0131nda su emi\u015f ve iletimi. Alt Katman : Do\u011fal ve Sentetik Kau\u00e7uk. Takviye Katman\u0131 : Y\u00fcksek Mukavemetli Sentetik Tekstil ve \u00c7elik Tel Spiral. \u00dcst Katman : A\u015f\u0131nmaya ve hava ko\u015fullar\u0131na dayan\u0131kl\u0131, d\u00fcz\u2026","rel":"","context":"Article similaire","block_context":{"text":"Article similaire","link":""},"img":{"alt_text":"","src":"https:\/\/i0.wp.com\/tuzlahortum.com.tr\/wp-content\/uploads\/2025\/08\/adriatic-p.png?fit=554%2C554&ssl=1&resize=350%2C200","width":350,"height":200,"srcset":"https:\/\/i0.wp.com\/tuzlahortum.com.tr\/wp-content\/uploads\/2025\/08\/adriatic-p.png?fit=554%2C554&ssl=1&resize=350%2C200 1x, https:\/\/i0.wp.com\/tuzlahortum.com.tr\/wp-content\/uploads\/2025\/08\/adriatic-p.png?fit=554%2C554&ssl=1&resize=525%2C300 1.5x"},"classes":[]},{"id":813,"url":"https:\/\/tuzlahortum.com.tr\/fr\/produit\/orgulu-seffaf-hortum-ekonomik\/","url_meta":{"origin":809,"position":4},"title":"Tuyau Transparent Tress\u00e9 (\u00c9CONOMIQUE)","author":"admin","date":"6 f\u00e9vrier 2019","format":false,"excerpt":"\u00d6rg\u00fcl\u00fc \u015eeffaf Hortum (EKONOM\u0130K)\u00d6zellikler Alt kat \u015feffaf PVC ve y\u00fcksek mukavemetli polyester iplik, \u00fcst katta a\u015f\u0131nmaya dayan\u0131kl\u0131 \u015feffaf PVC ile \u00fcretilmi\u015ftir. \u00c7al\u0131\u015fma S\u0131cakl\u0131\u011f\u0131 -10\u00b0C ile +50\u00b0C aras\u0131 Kullan\u0131m Alanlar\u0131 Ev, bah\u00e7e, tarla, sanayi ve in\u015faat sekt\u00f6r\u00fcnde sulama ve tahliye i\u015flerinde kullan\u0131l\u0131r .","rel":"","context":"Article similaire","block_context":{"text":"Article similaire","link":""},"img":{"alt_text":"","src":"https:\/\/i0.wp.com\/tuzlahortum.com.tr\/wp-content\/uploads\/kategoriler\/orguluseffaf.png?fit=498%2C335&ssl=1&resize=350%2C200","width":350,"height":200},"classes":[]},{"id":814,"url":"https:\/\/tuzlahortum.com.tr\/fr\/produit\/orgulu-seffaf-hortum-standart\/","url_meta":{"origin":809,"position":5},"title":"Tuyau Transparent Tress\u00e9 (STANDARD)","author":"admin","date":"6 f\u00e9vrier 2019","format":false,"excerpt":"\u00d6rg\u00fcl\u00fc \u015eeffaf Hortum (STANDART)\u00d6zellikler Alt kat \u015feffaf PVC ve y\u00fcksek mukavemetli polyester iplik, \u00fcst katta a\u015f\u0131nmaya dayan\u0131kl\u0131 \u015feffaf PVC ile \u00fcretilmi\u015ftir. \u00c7al\u0131\u015fma S\u0131cakl\u0131\u011f\u0131 -10\u00b0C ile +50\u00b0C aras\u0131 Kullan\u0131m Alanlar\u0131 Ev, bah\u00e7e, tarla, sanayi ve in\u015faat sekt\u00f6r\u00fcnde sulama ve tahliye i\u015flerinde kullan\u0131l\u0131r.","rel":"","context":"Article similaire","block_context":{"text":"Article similaire","link":""},"img":{"alt_text":"","src":"https:\/\/i0.wp.com\/tuzlahortum.com.tr\/wp-content\/uploads\/kategoriler\/orguluseffaf.png?fit=498%2C335&ssl=1&resize=350%2C200","width":350,"height":200},"classes":[]}],"jetpack_sharing_enabled":true,"jetpack_likes_enabled":true,"_links":{"self":[{"href":"https:\/\/tuzlahortum.com.tr\/fr\/wp-json\/wp\/v2\/product\/809","targetHints":{"allow":["GET"]}}],"collection":[{"href":"https:\/\/tuzlahortum.com.tr\/fr\/wp-json\/wp\/v2\/product"}],"about":[{"href":"https:\/\/tuzlahortum.com.tr\/fr\/wp-json\/wp\/v2\/types\/product"}],"replies":[{"embeddable":true,"href":"https:\/\/tuzlahortum.com.tr\/fr\/wp-json\/wp\/v2\/comments?post=809"}],"wp:featuredmedia":[{"embeddable":true,"href":"https:\/\/tuzlahortum.com.tr\/fr\/wp-json\/wp\/v2\/media\/9070"}],"wp:attachment":[{"href":"https:\/\/tuzlahortum.com.tr\/fr\/wp-json\/wp\/v2\/media?parent=809"}],"wp:term":[{"taxonomy":"product_brand","embeddable":true,"href":"https:\/\/tuzlahortum.com.tr\/fr\/wp-json\/wp\/v2\/product_brand?post=809"},{"taxonomy":"product_cat","embeddable":true,"href":"https:\/\/tuzlahortum.com.tr\/fr\/wp-json\/wp\/v2\/product_cat?post=809"},{"taxonomy":"product_tag","embeddable":true,"href":"https:\/\/tuzlahortum.com.tr\/fr\/wp-json\/wp\/v2\/product_tag?post=809"}],"curies":[{"name":"wp","href":"https:\/\/api.w.org\/{rel}","templated":true}]}}