{"id":807,"date":"2019-02-06T23:54:06","date_gmt":"2019-02-06T20:54:06","guid":{"rendered":"http:\/\/hortum.com.tr\/product\/import-placeholder-for-190\/"},"modified":"2024-03-21T17:42:13","modified_gmt":"2024-03-21T14:42:13","slug":"dp-tipi-paslanmaz-kamlok-316","status":"publish","type":"product","link":"https:\/\/tuzlahortum.com.tr\/fr\/produit\/dp-tipi-paslanmaz-kamlok-316\/","title":{"rendered":"Camlock en acier inoxydable de type DP (316)"},"content":{"rendered":"<h2>Camlock en acier inoxydable de type DP (316)<\/h2>\n<h6>FORME DE COUVERCLE DE MOD\u00c8LE M\u00c2LE EN INOX KAMLOK (TYPE DP) ET NOUS OFFRONS \u00c0 NOS CLIENTS<\/h6>\n<h6>DOMAINES D&#039;UTILISATION<\/h6>\n<ul>\n<li>\n<h6>PRODUITS CHIMIQUES ACIDE, SOLVANT, P\u00c9TROLE ETC POUR TOUS LES PRODUITS CHIMIQUES<\/h6>\n<\/li>\n<li>\n<h6>DANS LES USINES DE FER ET D&#039;ACIER<\/h6>\n<\/li>\n<li>\n<h6>EN ENVIRONNEMENTS CHAUDS<\/h6>\n<\/li>\n<li>\n<h6>SECTEUR NAVIRE EAU DE MER<\/h6>\n<\/li>\n<\/ul>\n<h6>VB EST LES RACCORDS LES PLUS PR\u00c9F\u00c9R\u00c9S POUR LA FACILIT\u00c9 D&#039;UTILISATION POLYVALENTE ET L&#039;\u00c9QUIPEMENT FIABLE<\/h6>\n<p style=\"text-align: center;\">\n    <a href=\"https:\/\/www.flow-hose.com.tr\/technical-info\/2-2\/kamloklar\" target=\"_blank\" class=\"button\" style=\"margin-top:12px;\" rel=\"noopener\">Cliquez pour le guide Kamlok<\/a>\n<\/p>\n<p><iframe loading=\"lazy\" title=\"Types de Camlock, domaines d&#039;utilisation, pi\u00e8ces de rechange\" width=\"1020\" height=\"574\" src=\"https:\/\/www.youtube.com\/embed\/O8ZlzKEjfEQ?feature=oembed\" frameborder=\"0\" allow=\"accelerometer; autoplay; clipboard-write; encrypted-media; gyroscope; picture-in-picture; web-share\" referrerpolicy=\"strict-origin-when-cross-origin\" allowfullscreen><\/iframe><\/p>","protected":false},"excerpt":{"rendered":"<p>DP Tipi Paslanmaz Kamlok (316) PASLANMAZ KAMLOK \u00a0 (DP T\u0130P\u0130) ERKEK MODEL KAPAK \u015eEKL\u0130 OLUP \u00a0M\u00dc\u015eTER\u0130M\u0130ZE SUNMAKTAYIZ KULLANIMI ALANLARI K\u0130MYEV\u0130 MADDE AS\u0130T , SOLVENT , PETROL VB T\u00dcM K\u0130MYASALLAR \u0130\u00c7\u0130N DEM\u0130R \u00c7EL\u0130K FABR\u0130KALARINDA SICAK ORTAMLAR DA GEM\u0130 SEKT\u00d6R\u00dc DEN\u0130Z SUYU VB B\u0130R \u00c7OK AMACA UYGUN KULLANIM KOLAYLI\u011eI VE G\u00dcVEN\u0130L\u0130R EK\u0130PMAN OLMASI EN \u00c7OK TERC\u0130H ED\u0130LEN [&#8230;]\n","protected":false},"featured_media":12679,"comment_status":"open","ping_status":"closed","template":"","meta":{"jetpack_post_was_ever_published":false},"product_brand":[],"product_cat":[1015],"product_tag":[271,752,278,270,269,277,666,1081,274,276,275],"class_list":{"0":"post-807","1":"product","2":"type-product","3":"status-publish","4":"has-post-thumbnail","6":"product_cat-paslanmaz-kamloklar","7":"product_tag-baglanti-elemani","8":"product_tag-dp-tipi","9":"product_tag-hizli-baglanti","10":"product_tag-hortum-baglantisi","11":"product_tag-kamlok","12":"product_tag-kolay-baglanti","13":"product_tag-paslanmaz","14":"product_tag-polyamid","15":"product_tag-sok","16":"product_tag-sok-tak","17":"product_tag-tak","19":"first","20":"instock","21":"taxable","22":"shipping-taxable","23":"product-type-variable"},"jetpack-related-posts":[],"jetpack_sharing_enabled":true,"jetpack_likes_enabled":true,"_links":{"self":[{"href":"https:\/\/tuzlahortum.com.tr\/fr\/wp-json\/wp\/v2\/product\/807","targetHints":{"allow":["GET"]}}],"collection":[{"href":"https:\/\/tuzlahortum.com.tr\/fr\/wp-json\/wp\/v2\/product"}],"about":[{"href":"https:\/\/tuzlahortum.com.tr\/fr\/wp-json\/wp\/v2\/types\/product"}],"replies":[{"embeddable":true,"href":"https:\/\/tuzlahortum.com.tr\/fr\/wp-json\/wp\/v2\/comments?post=807"}],"wp:featuredmedia":[{"embeddable":true,"href":"https:\/\/tuzlahortum.com.tr\/fr\/wp-json\/wp\/v2\/media\/12679"}],"wp:attachment":[{"href":"https:\/\/tuzlahortum.com.tr\/fr\/wp-json\/wp\/v2\/media?parent=807"}],"wp:term":[{"taxonomy":"product_brand","embeddable":true,"href":"https:\/\/tuzlahortum.com.tr\/fr\/wp-json\/wp\/v2\/product_brand?post=807"},{"taxonomy":"product_cat","embeddable":true,"href":"https:\/\/tuzlahortum.com.tr\/fr\/wp-json\/wp\/v2\/product_cat?post=807"},{"taxonomy":"product_tag","embeddable":true,"href":"https:\/\/tuzlahortum.com.tr\/fr\/wp-json\/wp\/v2\/product_tag?post=807"}],"curies":[{"name":"wp","href":"https:\/\/api.w.org\/{rel}","templated":true}]}}