{"id":801,"date":"2019-02-06T23:54:04","date_gmt":"2019-02-06T20:54:04","guid":{"rendered":"http:\/\/hortum.com.tr\/product\/import-placeholder-for-271\/"},"modified":"2024-03-21T17:42:18","modified_gmt":"2024-03-21T14:42:18","slug":"paslanmaz-flex-hortum","status":"publish","type":"product","link":"https:\/\/tuzlahortum.com.tr\/fr\/produit\/paslanmaz-flex-hortum\/","title":{"rendered":"Tuyau flexible en acier inoxydable"},"content":{"rendered":"<h2>Tuyau flexible en acier inoxydable<\/h2>\n<p><strong>LES COMMANDES SP\u00c9CIALES LE RACCORD ET LA BRIDE SONT FABRIQU\u00c9S SUR LES EXTR\u00c9MIT\u00c9S DU TUYAU<\/strong><\/p>\n<p>1. Soufflets flexibles : AISI 304, acier inoxydable de qualit\u00e9 AISI 304 tress\u00e9.<\/p>\n<p>2. Plage de temp\u00e9rature : -250\u00b0C \u00e0 +500\u00b0C<\/p>\n<p>3. Haute r\u00e9sistance physique et l\u00e9g\u00e8ret\u00e9<\/p>\n<p>4. Anticorrosion<\/p>\n<p>5. R\u00e9sistant au feu, \u00e0 l&#039;humidit\u00e9, \u00e0 l&#039;abrasion et au liquide panetrating<\/p>\n<p>6. Pompe, compresseur, moteur etc. absorbe les bruits et les vibrations de la machine.<\/p>\n<p>7. Stabilise les mouvements fixes ou intermittents. .<\/p>\n<p>8. Il \u00e9quilibre les \u00e9tats de dilatation thermique ou de contraction des tuyaux.<\/p>\n<p>9. Fournit une solution rapide et flexible lorsque des tuyaux rigides sont forc\u00e9s.<\/p>\n<p>10. Support : Bride tournante, bride fixe, col de soudure, mamelon ou union. Lors du processus d&#039;assemblage, une soudure jaune et argon est \u00e9ventuellement effectu\u00e9e.<\/p>\n<p><strong>domaines d&#039;utilisation<\/strong><\/p>\n<p>Raffineries, centrales \u00e9lectriques, aci\u00e9ries, centrales nucl\u00e9aires, industrie pharmaceutique, industrie chimique, chaudi\u00e8res, industrie du sol, syst\u00e8mes p\u00e9troliers, industrie automobile, vapeur, eau chaude et syst\u00e8mes pneumatiques, syst\u00e8mes de vide, industrie de la d\u00e9fense.<\/p>\n<p><img data-recalc-dims=\"1\" height=\"100\" width=\"100\" decoding=\"async\" src=\"https:\/\/i0.wp.com\/tuzlahortum.com.tr\/image\/cache\/data\/urunler\/FLAN%C5%9ELI%20PASLANMAZ%20HORTUM.-100x100.jpg?resize=100%2C100\" alt=\"\" title=\"\"><img data-recalc-dims=\"1\" height=\"100\" width=\"100\" decoding=\"async\" src=\"https:\/\/i0.wp.com\/tuzlahortum.com.tr\/image\/cache\/data\/urunler\/FLAN%C5%9ELI%20PASLANMAZ%20HORT.2.-100x100.jpg?resize=100%2C100\" alt=\"\" title=\"\"><img data-recalc-dims=\"1\" height=\"100\" width=\"100\" decoding=\"async\" src=\"https:\/\/i0.wp.com\/tuzlahortum.com.tr\/image\/cache\/data\/urunler\/paslanmaz_flex_hortum-100x100.jpg?resize=100%2C100\" alt=\"\" title=\"\"><img data-recalc-dims=\"1\" height=\"100\" width=\"100\" decoding=\"async\" src=\"https:\/\/i0.wp.com\/tuzlahortum.com.tr\/image\/cache\/data\/urunler\/FLAN%C5%9ELI%20REKORLU%20PASLANMAZ%20HORTUM.-100x100.jpg?resize=100%2C100\" alt=\"\" title=\"\"><div class=\"video video-fit mb\" style=\"padding-top:56.25%;\"><p><iframe loading=\"lazy\" title=\"Confusion des mesures (pouces, doigts, brume, millim\u00e8tres)\" width=\"1020\" height=\"574\" src=\"https:\/\/www.youtube.com\/embed\/uKk6AG_AZls?feature=oembed\" frameborder=\"0\" allow=\"accelerometer; autoplay; clipboard-write; encrypted-media; gyroscope; picture-in-picture; web-share\" referrerpolicy=\"strict-origin-when-cross-origin\" allowfullscreen><\/iframe><\/p>\n<\/div>","protected":false},"excerpt":{"rendered":"<p>Paslanmaz Flex Hortum \u00d6ZEL S\u0130PAR\u0130\u015eLER HORTUM U\u00c7LARINA REKOR VE FLAN\u015e YAPILIR 1. Hortum k\u00f6r\u00fc\u011f\u00fc :AISI 304, tel \u00f6rg\u00fcs\u00fc AISI 304\u00a0kalite paslanmaz \u00e7elik. 2. S\u0131cakl\u0131k aral\u0131\u011f\u0131 : -250\u00b0C\u00a0\u00a0ile +500\u00b0C 3. Y\u00fcksek fiziksel gerilme ve hafiflik 4. Korozyon onleyici 5. Ate\u015fe, neme, a\u015f\u0131nmaya ve panetran s\u0131v\u0131ya dayan\u0131kl\u0131 6. Pompa, Kompres\u00f6r, Motor vb. makinelarin seslerini\u00a0ve titreimleri absorbe eder. [&#8230;]\n","protected":false},"featured_media":1025,"comment_status":"open","ping_status":"closed","template":"","meta":{"jetpack_post_was_ever_published":false},"product_brand":[],"product_cat":[88],"product_tag":[1004,683,1007,1006,685,1011,1010,1009,1003,1008,1013,856,1005,1014,1012],"class_list":{"0":"post-801","1":"product","2":"type-product","3":"status-publish","4":"has-post-thumbnail","6":"product_cat-hidrolik-hortumlar","7":"product_tag-absorbe","8":"product_tag-buhar","9":"product_tag-celik-tesislerinde","10":"product_tag-guc-tesislerinde","11":"product_tag-ilac-endustrisinde","12":"product_tag-kat-sanayisinde","13":"product_tag-kazanlarda","14":"product_tag-kimya-endustrisinde","15":"product_tag-korozyon","16":"product_tag-nukleer-santrallerinde","17":"product_tag-otomotiv-endustrisinde","18":"product_tag-paslanmaz-celik","19":"product_tag-rafinerilerde","20":"product_tag-sicak-su-v","21":"product_tag-yag-sistemlerinde","23":"first","24":"instock","25":"featured","26":"taxable","27":"shipping-taxable","28":"product-type-variable"},"jetpack-related-posts":[],"jetpack_sharing_enabled":true,"jetpack_likes_enabled":true,"_links":{"self":[{"href":"https:\/\/tuzlahortum.com.tr\/fr\/wp-json\/wp\/v2\/product\/801","targetHints":{"allow":["GET"]}}],"collection":[{"href":"https:\/\/tuzlahortum.com.tr\/fr\/wp-json\/wp\/v2\/product"}],"about":[{"href":"https:\/\/tuzlahortum.com.tr\/fr\/wp-json\/wp\/v2\/types\/product"}],"replies":[{"embeddable":true,"href":"https:\/\/tuzlahortum.com.tr\/fr\/wp-json\/wp\/v2\/comments?post=801"}],"wp:featuredmedia":[{"embeddable":true,"href":"https:\/\/tuzlahortum.com.tr\/fr\/wp-json\/wp\/v2\/media\/1025"}],"wp:attachment":[{"href":"https:\/\/tuzlahortum.com.tr\/fr\/wp-json\/wp\/v2\/media?parent=801"}],"wp:term":[{"taxonomy":"product_brand","embeddable":true,"href":"https:\/\/tuzlahortum.com.tr\/fr\/wp-json\/wp\/v2\/product_brand?post=801"},{"taxonomy":"product_cat","embeddable":true,"href":"https:\/\/tuzlahortum.com.tr\/fr\/wp-json\/wp\/v2\/product_cat?post=801"},{"taxonomy":"product_tag","embeddable":true,"href":"https:\/\/tuzlahortum.com.tr\/fr\/wp-json\/wp\/v2\/product_tag?post=801"}],"curies":[{"name":"wp","href":"https:\/\/api.w.org\/{rel}","templated":true}]}}