{"id":798,"date":"2019-02-06T23:54:04","date_gmt":"2019-02-06T20:54:04","guid":{"rendered":"http:\/\/hortum.com.tr\/product\/import-placeholder-for-351\/"},"modified":"2024-03-21T17:42:21","modified_gmt":"2024-03-21T14:42:21","slug":"kuresel-bahce-muslugu","status":"publish","type":"product","link":"https:\/\/tuzlahortum.com.tr\/fr\/produit\/kuresel-bahce-muslugu\/","title":{"rendered":"Robinet de jardin sph\u00e9rique(60 pcs\/Ctn)"},"content":{"rendered":"<h2>Robinet de jardin sph\u00e9rique(60 pcs\/Ctn)<\/h2>\n<p>Certificat de syst\u00e8me qualit\u00e9 ISO 9001.<\/p>\n<p>Full pass pour un maximum de fluidit\u00e9.<\/p>\n<p>Sph\u00e8re recouverte de suie pour une dur\u00e9e de vie plus longue.<\/p>\n<p><img data-recalc-dims=\"1\" loading=\"lazy\" decoding=\"async\" class=\"size-full wp-image-2873 alignright\" src=\"https:\/\/i0.wp.com\/hortum.com.tr\/wp-content\/uploads\/2019\/02\/K%C3%BCresel-Bah%C3%A7e-Muslu%C4%9Fu-T.jpg?resize=520%2C350\" alt=\"\" width=\"520\" height=\"350\" title=\"\"><\/p>\n<p>Connexion ISO 228 Femelle X Femelle.<\/p>\n<p>Marque Ouvert-Ferm\u00e9 sur la manche<\/p>\n<p>Joint PTFE et joint torique EPDM pour une s\u00e9curit\u00e9 maximale.<\/p>\n<p>Gaine en acier ferm\u00e9e en PVC \u00e9pais.<\/p>","protected":false},"excerpt":{"rendered":"<p>Robinet de jardin Global (60 pi\u00e8ces\/carton) Certificat de syst\u00e8me de qualit\u00e9 ISO 9001. Passage int\u00e9gral pour une fluidit\u00e9 maximale. Sph\u00e8re recouverte de suie pour une dur\u00e9e de vie plus longue. Connexion ISO 228 Femelle X Femelle. Marquage Ouvert-Ferm\u00e9 sur la poign\u00e9e Joint PTFE et joint torique EPDM pour une s\u00e9curit\u00e9 maximale. Manchon en acier ferm\u00e9 en PVC \u00e9pais.<\/p>","protected":false},"featured_media":2872,"comment_status":"open","ping_status":"closed","template":"","meta":[],"product_brand":[],"product_cat":[205],"product_tag":[795,995,672,994,993,996],"class_list":{"0":"post-798","1":"product","2":"type-product","3":"status-publish","4":"has-post-thumbnail","6":"product_cat-musluk-vanalari","7":"product_tag-bahce","8":"product_tag-celik-kol","9":"product_tag-kuresel","10":"product_tag-kuresel-bahce-muslugu","11":"product_tag-muslugu","12":"product_tag-pvc-kapli","14":"first","15":"instock","16":"taxable","17":"shipping-taxable","18":"product-type-variable"},"jetpack-related-posts":[{"id":800,"url":"https:\/\/tuzlahortum.com.tr\/fr\/produit\/kuresel-bas\/","url_meta":{"origin":798,"position":0},"title":"Basse sph\u00e9rique (70 pi\u00e8ces\/bo\u00eete)","author":"admin","date":"6 f\u00e9vrier 2019","format":false,"excerpt":"K\u00fcresel Bas(70 Adet\/Koli)ISO 9001 Kalite Sistem Sertfikas\u0131. Maksimum ak\u0131\u015fkanl\u0131k i\u00e7in tam ge\u00e7i\u015f. Daha uzun \u00f6m\u00fcri\u00e7in kurum kaplama k\u00fcre.\u00a0 ISO 228 Di\u015fi X Di\u015fi ba\u011flant\u0131. Kol \u00fczerinde A\u00e7\u0131k-Kapal\u0131 i\u015faretiMaksimum g\u00fcvenlik i\u00e7in PTFE conta ve EPDM O-ring. Kal\u0131n PVC kapal\u0131 \u00e7elik kol.","rel":"","context":"Article similaire","block_context":{"text":"Article similaire","link":""},"img":{"alt_text":"","src":"https:\/\/i0.wp.com\/tuzlahortum.com.tr\/wp-content\/uploads\/2019\/02\/K%C3%BCresel-Bas.jpg?fit=520%2C350&ssl=1&resize=350%2C200","width":350,"height":200},"classes":[]},{"id":799,"url":"https:\/\/tuzlahortum.com.tr\/fr\/produit\/kuresel-rakorlu-bas\/","url_meta":{"origin":798,"position":1},"title":"Basse \u00e0 rotule (50 pi\u00e8ces\/carte)","author":"admin","date":"6 f\u00e9vrier 2019","format":false,"excerpt":"K\u00fcresel Rakorlu Bas(50 Adet\/Koli)ISO 9001 Kalite Sistem Sertfikas\u0131.Maksimum ak\u0131\u015fkanl\u0131k i\u00e7in tam ge\u00e7i\u015f.Daha uzun \u00f6m\u00fcr i\u00e7in kurum kaplama k\u00fcre.ISO 228 Di\u015fi X Di\u015fi ba\u011flant\u0131.Kol \u00fczerinde A\u00e7\u0131k-Kapal\u0131 i\u015faretiMaksimum g\u00fcvenlik i\u00e7in PTFE conta ve EPDM O-ring.Kal\u0131n PVC kapal\u0131 \u00e7elik kol.","rel":"","context":"Article similaire","block_context":{"text":"Article similaire","link":""},"img":{"alt_text":"","src":"https:\/\/i0.wp.com\/tuzlahortum.com.tr\/wp-content\/uploads\/2019\/02\/K%C3%BCresel-Rakorlu-Bas.jpg?fit=520%2C350&ssl=1&resize=350%2C200","width":350,"height":200},"classes":[]},{"id":13243,"url":"https:\/\/tuzlahortum.com.tr\/fr\/produit\/flow-eko-bahce-sulama-nozul-seti\/","url_meta":{"origin":798,"position":2},"title":"ENSEMBLE DE BUSE D&#039;IRRIGATION DE JARDIN FLOW ECO","author":"admin","date":"28 mars 2024","format":false,"excerpt":"FLOW EKO BAH\u00c7E SULAMA NOZUL SET\u0130 Bah\u00e7e sulama ihtiya\u00e7lar\u0131n\u0131z\u0131 kar\u015f\u0131lamak i\u00e7in tasarlanan FLOW EKO Bah\u00e7e Sulama Nozul Seti, pratik ve etkili bir sulama \u00e7\u00f6z\u00fcm\u00fc sunar. Set, bir nozul, iki hortum g\u00f6vde ve bir di\u015fi u\u00e7 olmak \u00fczere toplamda d\u00f6rt par\u00e7adan olu\u015fur. \u00d6zellikler: Nozul: Setin bir par\u00e7as\u0131 olan nozul, farkl\u0131 sulama\u2026","rel":"","context":"Article similaire","block_context":{"text":"Article similaire","link":""},"img":{"alt_text":"","src":"https:\/\/i0.wp.com\/tuzlahortum.com.tr\/wp-content\/uploads\/2024\/03\/bahce_nozul_seti_3.jpg?fit=800%2C800&ssl=1&resize=350%2C200","width":350,"height":200,"srcset":"https:\/\/i0.wp.com\/tuzlahortum.com.tr\/wp-content\/uploads\/2024\/03\/bahce_nozul_seti_3.jpg?fit=800%2C800&ssl=1&resize=350%2C200 1x, https:\/\/i0.wp.com\/tuzlahortum.com.tr\/wp-content\/uploads\/2024\/03\/bahce_nozul_seti_3.jpg?fit=800%2C800&ssl=1&resize=525%2C300 1.5x, https:\/\/i0.wp.com\/tuzlahortum.com.tr\/wp-content\/uploads\/2024\/03\/bahce_nozul_seti_3.jpg?fit=800%2C800&ssl=1&resize=700%2C400 2x"},"classes":[]},{"id":597,"url":"https:\/\/tuzlahortum.com.tr\/fr\/produit\/galvaniz-demir-hortum-rekoru\/","url_meta":{"origin":798,"position":3},"title":"Raccord de tuyau en fer galvanis\u00e9","author":"admin","date":"6 f\u00e9vrier 2019","format":false,"excerpt":"Galvaniz Demir Hortum Rekoru \u00dcr\u00fcn \u00d6l\u00e7\u00fcs\u00fc Koli Adeti 1\/2\" 100 3\/4\" 80 1\" 100 1\u00bc\" 60 1\u00bd\" 40 2\" 40 2\u00bd\" 25 3\" 24 4\" 24 5\" 6 6\" 5 8\" 10\"","rel":"","context":"Article similaire","block_context":{"text":"Article similaire","link":""},"img":{"alt_text":"","src":"https:\/\/i0.wp.com\/tuzlahortum.com.tr\/wp-content\/uploads\/2019\/02\/Galvaniz-Demir-Hortum-Rekoru-300x300.jpg?fit=300%2C300&ssl=1&resize=350%2C200","width":350,"height":200},"classes":[]},{"id":13242,"url":"https:\/\/tuzlahortum.com.tr\/fr\/produit\/flow-eko-bahce-sulama-tabancasi-seti\/","url_meta":{"origin":798,"position":4},"title":"ENSEMBLE DE PISTOLET D&#039;ARROSAGE DE JARDIN FLOW ECO","author":"admin","date":"28 mars 2024","format":false,"excerpt":"FLOW EKO BAH\u00c7E SULAMA TABANCASI SET\u0130 Bah\u00e7e sulama ihtiya\u00e7lar\u0131n\u0131z\u0131 kar\u015f\u0131lamak i\u00e7in tasarlanan FLOW EKO Bah\u00e7e Sulama Nozul Seti, pratik ve etkili bir sulama \u00e7\u00f6z\u00fcm\u00fc sunar. Set, bir tabanca, iki hortum g\u00f6vde ve bir di\u015fi u\u00e7 olmak \u00fczere toplamda d\u00f6rt par\u00e7adan olu\u015fur. \u00d6zellikler: Tabanca: Setin bir par\u00e7as\u0131 olan tabanca, farkl\u0131 sulama\u2026","rel":"","context":"Article similaire","block_context":{"text":"Article similaire","link":""},"img":{"alt_text":"","src":"https:\/\/i0.wp.com\/tuzlahortum.com.tr\/wp-content\/uploads\/2024\/03\/bahce_tabanca_seti_2.jpg?fit=800%2C800&ssl=1&resize=350%2C200","width":350,"height":200,"srcset":"https:\/\/i0.wp.com\/tuzlahortum.com.tr\/wp-content\/uploads\/2024\/03\/bahce_tabanca_seti_2.jpg?fit=800%2C800&ssl=1&resize=350%2C200 1x, https:\/\/i0.wp.com\/tuzlahortum.com.tr\/wp-content\/uploads\/2024\/03\/bahce_tabanca_seti_2.jpg?fit=800%2C800&ssl=1&resize=525%2C300 1.5x, https:\/\/i0.wp.com\/tuzlahortum.com.tr\/wp-content\/uploads\/2024\/03\/bahce_tabanca_seti_2.jpg?fit=800%2C800&ssl=1&resize=700%2C400 2x"},"classes":[]},{"id":792,"url":"https:\/\/tuzlahortum.com.tr\/fr\/produit\/kuresel-vana-pn40-tse\/","url_meta":{"origin":798,"position":5},"title":"Vanne \u00e0 bille PN40 TSE","author":"admin","date":"6 f\u00e9vrier 2019","format":false,"excerpt":"Robinet \u00e0 bille PN40 TSETS CEN\/EN 13547 Turkish Standards Institute Approval ISO 9001 Quality System Certificate Passage int\u00e9gral pour une fluidit\u00e9 maximale Bille enduite de suie pour une plus longue dur\u00e9e de vie ISO 228 Connexion femelle X femelle Marquage On Off sur la poign\u00e9e Joint PTFE et joint torique EPDM pour une s\u00e9curit\u00e9 maximale Poign\u00e9e \u00e9paisse en acier rev\u00eatu de PVC Large gamme de robinets pour une utilisation dans la plomberie industrielle et...","rel":"","context":"Article similaire","block_context":{"text":"Article similaire","link":""},"img":{"alt_text":"","src":"https:\/\/i0.wp.com\/tuzlahortum.com.tr\/wp-content\/uploads\/2019\/02\/K%C3%BCresel-Vana-PN16-PN25-PN40-TSE.jpg?fit=520%2C350&ssl=1&resize=350%2C200","width":350,"height":200},"classes":[]}],"jetpack_sharing_enabled":true,"jetpack_likes_enabled":true,"_links":{"self":[{"href":"https:\/\/tuzlahortum.com.tr\/fr\/wp-json\/wp\/v2\/product\/798","targetHints":{"allow":["GET"]}}],"collection":[{"href":"https:\/\/tuzlahortum.com.tr\/fr\/wp-json\/wp\/v2\/product"}],"about":[{"href":"https:\/\/tuzlahortum.com.tr\/fr\/wp-json\/wp\/v2\/types\/product"}],"replies":[{"embeddable":true,"href":"https:\/\/tuzlahortum.com.tr\/fr\/wp-json\/wp\/v2\/comments?post=798"}],"wp:featuredmedia":[{"embeddable":true,"href":"https:\/\/tuzlahortum.com.tr\/fr\/wp-json\/wp\/v2\/media\/2872"}],"wp:attachment":[{"href":"https:\/\/tuzlahortum.com.tr\/fr\/wp-json\/wp\/v2\/media?parent=798"}],"wp:term":[{"taxonomy":"product_brand","embeddable":true,"href":"https:\/\/tuzlahortum.com.tr\/fr\/wp-json\/wp\/v2\/product_brand?post=798"},{"taxonomy":"product_cat","embeddable":true,"href":"https:\/\/tuzlahortum.com.tr\/fr\/wp-json\/wp\/v2\/product_cat?post=798"},{"taxonomy":"product_tag","embeddable":true,"href":"https:\/\/tuzlahortum.com.tr\/fr\/wp-json\/wp\/v2\/product_tag?post=798"}],"curies":[{"name":"wp","href":"https:\/\/api.w.org\/{rel}","templated":true}]}}