{"id":797,"date":"2019-02-06T23:54:04","date_gmt":"2019-02-06T20:54:04","guid":{"rendered":"http:\/\/hortum.com.tr\/product\/import-placeholder-for-349\/"},"modified":"2024-03-21T17:42:22","modified_gmt":"2024-03-21T14:42:22","slug":"mini-kuresel-vana","status":"publish","type":"product","link":"https:\/\/tuzlahortum.com.tr\/fr\/produit\/mini-kuresel-vana\/","title":{"rendered":"Mini robinet \u00e0 tournant sph\u00e9rique"},"content":{"rendered":"<h2>Mini robinet \u00e0 tournant sph\u00e9rique<\/h2>\n<p>Certificat de syst\u00e8me qualit\u00e9 ISO 9001.<\/p>\n<p><img data-recalc-dims=\"1\" loading=\"lazy\" decoding=\"async\" class=\"size-full wp-image-2871 alignright\" src=\"https:\/\/i0.wp.com\/hortum.com.tr\/wp-content\/uploads\/2019\/02\/Mini-K%C3%BCresel-Vana-T.jpg?resize=520%2C350\" alt=\"\" width=\"520\" height=\"350\" title=\"\"><\/p>\n<p>Sph\u00e8re recouverte de suie pour une dur\u00e9e de vie plus longue.<\/p>\n<p>Joint PTFE et joint torique EPDM pour une s\u00e9curit\u00e9 maximale.<\/p>\n<p>Manche en plastique.<\/p>\n<p>\u00c0 utiliser dans les syst\u00e8mes industriels, de plomberie et d&#039;irrigation<\/p>\n<p>large domaine d&#039;utilisation.<\/p>\n<p>Temp\u00e9rature -10\u00b0C + 120\u00b0C<\/p>\n<p>\u00a0<\/p>","protected":false},"excerpt":{"rendered":"<p>Certificat de syst\u00e8me de qualit\u00e9 ISO 9001 pour mini robinet \u00e0 tournant sph\u00e9rique. Sph\u00e8re recouverte de suie pour une dur\u00e9e de vie plus longue. Joint PTFE et joint torique EPDM pour une s\u00e9curit\u00e9 maximale. Bras en plastique. Large gamme d&#039;utilisations pour les syst\u00e8mes industriels, de plomberie et d&#039;irrigation. Temp\u00e9rature -10\u00b0C + 120\u00b0C \u00a0<\/p>","protected":false},"featured_media":2870,"comment_status":"open","ping_status":"closed","template":"","meta":{"jetpack_post_was_ever_published":false},"product_brand":[],"product_cat":[204],"product_tag":[357,965,992,991,962,964,961,963],"class_list":{"0":"post-797","1":"product","2":"type-product","3":"status-publish","4":"has-post-thumbnail","6":"product_cat-mini-vanalar","7":"product_tag-endustriyel","8":"product_tag-kuresel-vana","9":"product_tag-mini-kuresel-vana","10":"product_tag-mini-vana","11":"product_tag-sulama","12":"product_tag-sulama-sistemi","13":"product_tag-tesisat","14":"product_tag-tesisat-sistemi","16":"first","17":"instock","18":"taxable","19":"shipping-taxable","20":"product-type-variable"},"jetpack-related-posts":[{"id":790,"url":"https:\/\/tuzlahortum.com.tr\/fr\/produit\/tam-gecisli-kuresel-vana-dis-disli\/","url_meta":{"origin":797,"position":0},"title":"Filetage ext\u00e9rieur du robinet \u00e0 tournant sph\u00e9rique \u00e0 passage int\u00e9gral","author":"admin","date":"6 f\u00e9vrier 2019","format":false,"excerpt":"Tam Ge\u00e7i\u015fli K\u00fcresel Vana D\u0131\u015f Di\u015fliTS CEN\/EN 13547 T\u00fcrk Standartlar\u0131 Enstit\u00fcs\u00fc Onay\u0131.ISO 9001 Kalite Sistem Sertfikas\u0131.Daha uzun \u00f6m\u00fcr i\u00e7in kurum kaplama k\u00fcre.Maksimum g\u00fcvenlik i\u00e7in PTFE conta ve EPDM O-ring.Kal\u0131n PVC kapl\u0131 \u00e7elik kol.End\u00fcstriyel, Tesisat ve sulama sistemlerinde kullan\u0131lmak \u00fczere geni\u015f kullan\u0131m alan\u0131.S\u0131cakl\u0131k -10\u00b0C + 120\u00b0C","rel":"","context":"Article similaire","block_context":{"text":"Article similaire","link":""},"img":{"alt_text":"","src":"https:\/\/i0.wp.com\/tuzlahortum.com.tr\/wp-content\/uploads\/2019\/02\/Tam-Ge%C3%A7i%C5%9Fli-K%C3%BCresel-Vana-D%C4%B1%C5%9F-Di%C5%9FliERKEK.jpg?fit=520%2C350&ssl=1&resize=350%2C200","width":350,"height":200},"classes":[]},{"id":791,"url":"https:\/\/tuzlahortum.com.tr\/fr\/produit\/tam-gecisli-kuresel-vana-pn-16-2-parcali\/","url_meta":{"origin":797,"position":1},"title":"Vanne \u00e0 boisseau sph\u00e9rique \u00e0 passage int\u00e9gral PN 16 \u2013 2 pi\u00e8ces","author":"admin","date":"6 f\u00e9vrier 2019","format":false,"excerpt":"Tam Ge\u00e7i\u015fli K\u00fcresel Vana PN 16 - 2 Par\u00e7al\u0131TS CEN\/EN 3148 T\u00fcrk Standartlar\u0131 Enstit\u00fcs\u00fc Onay\u0131.ISO 9001 Kalite Sistem Sertfikas\u0131.Maksimum ak\u0131\u015fkanl\u0131k i\u00e7in tam ge\u00e7i\u015f.S\u0131cak, K\u0131zg\u0131n ve so\u011fuk su sistemleriBas\u0131n\u00e7l\u0131 hava sistemleriAsit ve alkali \u00f6zelli\u011fi bulunmayan ak\u0131\u015fkanlarKal\u0131n PVC kapl\u0131 \u00e7elik kol.S\u0131cakl\u0131k -10\u00b0C + 120\u00b0C","rel":"","context":"Article similaire","block_context":{"text":"Article similaire","link":""},"img":{"alt_text":"","src":"https:\/\/i0.wp.com\/tuzlahortum.com.tr\/wp-content\/uploads\/2019\/02\/Tam-Ge%C3%A7i%C5%9Fli-K%C3%BCresel-Vana-PN-16-2-Par%C3%A7al%C4%B1.jpg?fit=520%2C350&ssl=1&resize=350%2C200","width":350,"height":200},"classes":[]},{"id":675,"url":"https:\/\/tuzlahortum.com.tr\/fr\/produit\/hidrolik-kuresel-vana\/","url_meta":{"origin":797,"position":2},"title":"Vanne \u00e0 bille hydraulique","author":"admin","date":"6 f\u00e9vrier 2019","format":false,"excerpt":"Hidrolik K\u00fcresel VanaBv2 Serisi Hidrolik 2 Yollu K\u00fcresel Vanalar, ak\u0131\u015fkan\u0131n a\u00e7ma ve k\u0131s\u0131lmas\u0131nda kullan\u0131l\u0131rlar. Kolayca a\u00e7\u0131l\u0131p kapanabilmeleri ak\u0131\u015fkan ge\u00e7i\u015finin rahat olmas\u0131n\u0131 sa\u011flar. Volumetrik yap\u0131lar\u0131ndan dolay\u0131 h\u0131zl\u0131 ve verimli \u00e7al\u0131\u015f\u0131rlar ve ak\u0131\u015fkanda olu\u015fabilecek kavitasyonlar\u0131 engellerler. \u0130stenildi\u011finde kare pim \u00fczerindeki kilitleme pulu yard\u0131m\u0131yla a\u00e7\u0131k veya kapal\u0131 olarak kilitlenebilirler.\u00a0BV2 Serisi Hidrolik 2 Yollu\u2026","rel":"","context":"Article similaire","block_context":{"text":"Article similaire","link":""},"img":{"alt_text":"","src":"https:\/\/i0.wp.com\/tuzlahortum.com.tr\/wp-content\/uploads\/2019\/02\/Hidrolik-K%C3%BCresel-Vana.jpg?fit=400%2C400&ssl=1&resize=350%2C200","width":350,"height":200},"classes":[]},{"id":792,"url":"https:\/\/tuzlahortum.com.tr\/fr\/produit\/kuresel-vana-pn40-tse\/","url_meta":{"origin":797,"position":3},"title":"Vanne \u00e0 bille PN40 TSE","author":"admin","date":"6 f\u00e9vrier 2019","format":false,"excerpt":"Robinet \u00e0 bille PN40 TSETS CEN\/EN 13547 Turkish Standards Institute Approval ISO 9001 Quality System Certificate Passage int\u00e9gral pour une fluidit\u00e9 maximale Bille enduite de suie pour une plus longue dur\u00e9e de vie ISO 228 Connexion femelle X femelle Marquage On Off sur la poign\u00e9e Joint PTFE et joint torique EPDM pour une s\u00e9curit\u00e9 maximale Poign\u00e9e \u00e9paisse en acier rev\u00eatu de PVC Large gamme de robinets pour une utilisation dans la plomberie industrielle et...","rel":"","context":"Article similaire","block_context":{"text":"Article similaire","link":""},"img":{"alt_text":"","src":"https:\/\/i0.wp.com\/tuzlahortum.com.tr\/wp-content\/uploads\/2019\/02\/K%C3%BCresel-Vana-PN16-PN25-PN40-TSE.jpg?fit=520%2C350&ssl=1&resize=350%2C200","width":350,"height":200},"classes":[]},{"id":787,"url":"https:\/\/tuzlahortum.com.tr\/fr\/produit\/kuresel-vana-pn10-tse\/","url_meta":{"origin":797,"position":4},"title":"Vanne \u00e0 bille PN10 TSE","author":"admin","date":"6 f\u00e9vrier 2019","format":false,"excerpt":"K\u00fcresel Vana PN10 TSETS CEN\/EN 13828 T\u00fcrk Standartlar\u0131 Enstit\u00fcs\u00fc Onay\u0131.ISO 9001 Kalite Sistem Sertfikas\u0131.Maksimum ak\u0131\u015fkanl\u0131k i\u00e7in tam ge\u00e7i\u015f.Daha uzun \u00f6m\u00fcr i\u00e7in kurum kaplama k\u00fcre.ISO 228 Di\u015fi X Di\u015fi ba\u011flant\u0131.Kol \u00fczerinde A\u00e7\u0131k-Kapal\u0131 i\u015fareti.Maksimum g\u00fcvenlik i\u00e7in PTFE conta ve EPDM O-ring.Kal\u0131n PVC kapl\u0131 \u00e7elik kol.\u0130\u00e7me suyu sistemlerinde kulan\u0131lmak \u00fczere geni\u015f kullan\u0131m alan\u0131.S\u0131cakl\u0131k\u2026","rel":"","context":"Article similaire","block_context":{"text":"Article similaire","link":""},"img":{"alt_text":"","src":"https:\/\/i0.wp.com\/tuzlahortum.com.tr\/wp-content\/uploads\/2019\/02\/K%C3%BCresel-Vana-PN10-TSE.jpg?fit=520%2C350&ssl=1&resize=350%2C200","width":350,"height":200},"classes":[]},{"id":788,"url":"https:\/\/tuzlahortum.com.tr\/fr\/produit\/kuresel-vana-pn16-tse\/","url_meta":{"origin":797,"position":5},"title":"Vanne \u00e0 bille PN16 TSE","author":"admin","date":"6 f\u00e9vrier 2019","format":false,"excerpt":"K\u00fcresel Vana PN16 TSETS CEN\/EN 13547 T\u00fcrk Standartlar\u0131 Enstit\u00fcs\u00fc Onay\u0131.ISO 9001 Kalite Sistem Sertfikas\u0131.Maksimum ak\u0131\u015fkanl\u0131k i\u00e7in tam ge\u00e7i\u015f.Daha uzun \u00f6m\u00fcr i\u00e7in kurum kaplama k\u00fcre.ISO 228 Di\u015fi X Di\u015fi ba\u011flant\u0131.Kol \u00fczerinde A\u00e7\u0131k-Kapal\u0131 i\u015fareti.Maksimum g\u00fcvenlik i\u00e7in PTFE conta ve EPDM O-ring.Kal\u0131n PVC kapl\u0131 \u00e7elik kol.End\u00fcstriyel, Tesisat ve sulama sistemlerinde kullan\u0131lmak \u00fczere geni\u015f\u2026","rel":"","context":"Article similaire","block_context":{"text":"Article similaire","link":""},"img":{"alt_text":"","src":"https:\/\/i0.wp.com\/tuzlahortum.com.tr\/wp-content\/uploads\/2019\/02\/K%C3%BCresel-Vana-PN16-PN25-PN40-TSE.jpg?fit=520%2C350&ssl=1&resize=350%2C200","width":350,"height":200},"classes":[]}],"jetpack_sharing_enabled":true,"jetpack_likes_enabled":true,"_links":{"self":[{"href":"https:\/\/tuzlahortum.com.tr\/fr\/wp-json\/wp\/v2\/product\/797","targetHints":{"allow":["GET"]}}],"collection":[{"href":"https:\/\/tuzlahortum.com.tr\/fr\/wp-json\/wp\/v2\/product"}],"about":[{"href":"https:\/\/tuzlahortum.com.tr\/fr\/wp-json\/wp\/v2\/types\/product"}],"replies":[{"embeddable":true,"href":"https:\/\/tuzlahortum.com.tr\/fr\/wp-json\/wp\/v2\/comments?post=797"}],"wp:featuredmedia":[{"embeddable":true,"href":"https:\/\/tuzlahortum.com.tr\/fr\/wp-json\/wp\/v2\/media\/2870"}],"wp:attachment":[{"href":"https:\/\/tuzlahortum.com.tr\/fr\/wp-json\/wp\/v2\/media?parent=797"}],"wp:term":[{"taxonomy":"product_brand","embeddable":true,"href":"https:\/\/tuzlahortum.com.tr\/fr\/wp-json\/wp\/v2\/product_brand?post=797"},{"taxonomy":"product_cat","embeddable":true,"href":"https:\/\/tuzlahortum.com.tr\/fr\/wp-json\/wp\/v2\/product_cat?post=797"},{"taxonomy":"product_tag","embeddable":true,"href":"https:\/\/tuzlahortum.com.tr\/fr\/wp-json\/wp\/v2\/product_tag?post=797"}],"curies":[{"name":"wp","href":"https:\/\/api.w.org\/{rel}","templated":true}]}}