{"id":795,"date":"2019-02-06T23:54:03","date_gmt":"2019-02-06T20:54:03","guid":{"rendered":"http:\/\/hortum.com.tr\/product\/import-placeholder-for-410\/"},"modified":"2024-03-21T17:42:24","modified_gmt":"2024-03-21T14:42:24","slug":"malzeme-dolabi","status":"publish","type":"product","link":"https:\/\/tuzlahortum.com.tr\/fr\/produit\/malzeme-dolabi\/","title":{"rendered":"Armoire \u00e0 mat\u00e9riel (125x75x40)"},"content":{"rendered":"<h2>Armoire \u00e0 mat\u00e9riel (125x75x40)<\/h2>\n<h3>TAILLE 125*75*40<\/h3>\n<div class=\"row\">\n<table class=\"table table-bordered span1\">\n<thead>\n<tr>\n<th>FEUILLE DE COUVERTURE<\/th>\n<th>COUVERCLE EN VERRE<\/th>\n<\/tr>\n<\/thead>\n<tbody>\n<tr>\n<td>PI-334<\/td>\n<td>PI-332<\/td>\n<\/tr>\n<\/tbody>\n<\/table>\n<\/div>","protected":false},"excerpt":{"rendered":"<p>Malzeme Dolab\u0131(125x75x40) \u00d6L\u00c7\u00dc 125*75*40 SAC KAPAK CAM KAPAK P\u0130-334 P\u0130-332<\/p>","protected":false},"featured_media":2907,"comment_status":"open","ping_status":"closed","template":"","meta":{"jetpack_post_was_ever_published":false},"product_brand":[],"product_cat":[116],"product_tag":[987,985,256,352,986],"class_list":{"0":"post-795","1":"product","2":"type-product","3":"status-publish","4":"has-post-thumbnail","6":"product_cat-makarali-modeller","7":"product_tag-dolap","8":"product_tag-malzeme","9":"product_tag-yangin","10":"product_tag-yangin-dolabi","11":"product_tag-yangin-malzeme-dolabi","13":"first","14":"instock","15":"taxable","16":"shipping-taxable","17":"product-type-simple"},"jetpack-related-posts":[],"jetpack_sharing_enabled":true,"jetpack_likes_enabled":true,"_links":{"self":[{"href":"https:\/\/tuzlahortum.com.tr\/fr\/wp-json\/wp\/v2\/product\/795","targetHints":{"allow":["GET"]}}],"collection":[{"href":"https:\/\/tuzlahortum.com.tr\/fr\/wp-json\/wp\/v2\/product"}],"about":[{"href":"https:\/\/tuzlahortum.com.tr\/fr\/wp-json\/wp\/v2\/types\/product"}],"replies":[{"embeddable":true,"href":"https:\/\/tuzlahortum.com.tr\/fr\/wp-json\/wp\/v2\/comments?post=795"}],"wp:featuredmedia":[{"embeddable":true,"href":"https:\/\/tuzlahortum.com.tr\/fr\/wp-json\/wp\/v2\/media\/2907"}],"wp:attachment":[{"href":"https:\/\/tuzlahortum.com.tr\/fr\/wp-json\/wp\/v2\/media?parent=795"}],"wp:term":[{"taxonomy":"product_brand","embeddable":true,"href":"https:\/\/tuzlahortum.com.tr\/fr\/wp-json\/wp\/v2\/product_brand?post=795"},{"taxonomy":"product_cat","embeddable":true,"href":"https:\/\/tuzlahortum.com.tr\/fr\/wp-json\/wp\/v2\/product_cat?post=795"},{"taxonomy":"product_tag","embeddable":true,"href":"https:\/\/tuzlahortum.com.tr\/fr\/wp-json\/wp\/v2\/product_tag?post=795"}],"curies":[{"name":"wp","href":"https:\/\/api.w.org\/{rel}","templated":true}]}}