{"id":794,"date":"2019-02-06T23:54:03","date_gmt":"2019-02-06T20:54:03","guid":{"rendered":"http:\/\/hortum.com.tr\/product\/import-placeholder-for-408\/"},"modified":"2024-03-21T17:42:26","modified_gmt":"2024-03-21T14:42:26","slug":"duvar-montaj-aparatli-makara-ts-en-671-1","status":"publish","type":"product","link":"https:\/\/tuzlahortum.com.tr\/fr\/produit\/duvar-montaj-aparatli-makara-ts-en-671-1\/","title":{"rendered":"Enrouleur avec appareil de montage mural TS EN 671-1"},"content":{"rendered":"<h2>Enrouleur avec appareil de montage mural TS EN 671-1<\/h2>\n<h5>LA MESURE \u2026<\/h5>\n<ul class=\"list-style-2\">\n<li class=\"check-list\">Moulinet \u00e0 arbre<\/li>\n<li class=\"check-list\">Tuyau d&#039;incendie en caoutchouc semi-rigide 1\u2033 TS EN 694<\/li>\n<li class=\"check-list\">Lance de pulv\u00e9risation \u00e0 jet 1\u2033<\/li>\n<\/ul>\n<div class=\"row\">\n<table class=\"table table-bordered span5\">\n<thead>\n<tr>\n<th>\u00a0<\/th>\n<th>20 MT<\/th>\n<th>25 MT<\/th>\n<th>30 tonnes<\/th>\n<\/tr>\n<\/thead>\n<tbody>\n<tr>\n<td><strong>Vanne \u00e0 boisseau sph\u00e9rique TSE 1\u2033 (avec union)<\/strong><\/td>\n<td>PI-350<\/td>\n<td>PI-351<\/td>\n<td>PI-352<\/td>\n<\/tr>\n<tr>\n<td><strong>Vanne coupe-feu 2\u2033 (avec convertisseur 2&gt;1)<\/strong><\/td>\n<td>PI-355<\/td>\n<td>PI-356<\/td>\n<td>PI-357<\/td>\n<\/tr>\n<\/tbody>\n<\/table>\n<\/div>","protected":false},"excerpt":{"rendered":"<p>Duvar Montaj Aparatl\u0131 Makara TS EN 671-1 \u00d6L\u00c7\u00dc &#8230; \u015eaft Tipi Makara 1&#8243; TS EN 694 yar\u0131 sert,kau\u00e7uk yang\u0131n hortumu 1&#8243; Jet sprey lans \u00a0 20 MT 25 MT 30 MT 1&#8243; TSE K\u00fcresel Vanal\u0131 (rakorlu) P\u0130-350 P\u0130-351 P\u0130-352 2&#8243; Yang\u0131n Vanal\u0131 ( 2&gt;1&#8217;e D\u00f6n\u00fc\u015ft\u00fcr\u00fcc\u00fcl\u00fc ) P\u0130-355 P\u0130-356 P\u0130-357<\/p>","protected":false},"featured_media":7308,"comment_status":"open","ping_status":"closed","template":"","meta":{"jetpack_post_was_ever_published":false},"product_brand":[],"product_cat":[116],"product_tag":[983,984,981,982,350,352,349],"class_list":{"0":"post-794","1":"product","2":"type-product","3":"status-publish","4":"has-post-thumbnail","6":"product_cat-makarali-modeller","7":"product_tag-duvar","8":"product_tag-duvar-montaj-aparatli","9":"product_tag-saft","10":"product_tag-saft-tipi-makara","11":"product_tag-sprey-lans","12":"product_tag-yangin-dolabi","13":"product_tag-yangin-hortumu","15":"first","16":"instock","17":"taxable","18":"shipping-taxable","19":"product-type-variable"},"jetpack-related-posts":[],"jetpack_sharing_enabled":true,"jetpack_likes_enabled":true,"_links":{"self":[{"href":"https:\/\/tuzlahortum.com.tr\/fr\/wp-json\/wp\/v2\/product\/794","targetHints":{"allow":["GET"]}}],"collection":[{"href":"https:\/\/tuzlahortum.com.tr\/fr\/wp-json\/wp\/v2\/product"}],"about":[{"href":"https:\/\/tuzlahortum.com.tr\/fr\/wp-json\/wp\/v2\/types\/product"}],"replies":[{"embeddable":true,"href":"https:\/\/tuzlahortum.com.tr\/fr\/wp-json\/wp\/v2\/comments?post=794"}],"wp:featuredmedia":[{"embeddable":true,"href":"https:\/\/tuzlahortum.com.tr\/fr\/wp-json\/wp\/v2\/media\/7308"}],"wp:attachment":[{"href":"https:\/\/tuzlahortum.com.tr\/fr\/wp-json\/wp\/v2\/media?parent=794"}],"wp:term":[{"taxonomy":"product_brand","embeddable":true,"href":"https:\/\/tuzlahortum.com.tr\/fr\/wp-json\/wp\/v2\/product_brand?post=794"},{"taxonomy":"product_cat","embeddable":true,"href":"https:\/\/tuzlahortum.com.tr\/fr\/wp-json\/wp\/v2\/product_cat?post=794"},{"taxonomy":"product_tag","embeddable":true,"href":"https:\/\/tuzlahortum.com.tr\/fr\/wp-json\/wp\/v2\/product_tag?post=794"}],"curies":[{"name":"wp","href":"https:\/\/api.w.org\/{rel}","templated":true}]}}