{"id":791,"date":"2019-02-06T23:54:02","date_gmt":"2019-02-06T20:54:02","guid":{"rendered":"http:\/\/hortum.com.tr\/product\/import-placeholder-for-583\/"},"modified":"2024-03-21T17:42:29","modified_gmt":"2024-03-21T14:42:29","slug":"tam-gecisli-kuresel-vana-pn-16-2-parcali","status":"publish","type":"product","link":"https:\/\/tuzlahortum.com.tr\/fr\/produit\/tam-gecisli-kuresel-vana-pn-16-2-parcali\/","title":{"rendered":"Vanne \u00e0 boisseau sph\u00e9rique \u00e0 passage int\u00e9gral PN 16 \u2013 2 pi\u00e8ces"},"content":{"rendered":"<h2>Vanne \u00e0 boisseau sph\u00e9rique \u00e0 passage int\u00e9gral PN 16 \u2013 2 pi\u00e8ces<\/h2>\n<section id=\"genelozellikler\" class=\"content-current\">\n<div>TS CEN\/EN 3148 Approbation de l&#039;Institut turc des normes.<\/div>\n<div>Certificat de syst\u00e8me qualit\u00e9 ISO 9001.<\/div>\n<div>Full pass pour un maximum de fluidit\u00e9.<\/div>\n<div>Syst\u00e8mes d&#039;eau chaude, surchauff\u00e9e et froide<\/div>\n<div>Syst\u00e8mes \u00e0 air comprim\u00e9<\/div>\n<div>Fluides sans propri\u00e9t\u00e9s acides et alcalines<\/div>\n<div>Manche en acier \u00e9pais recouvert de PVC.<\/div>\n<div>Temp\u00e9rature -10\u00b0C + 120\u00b0C<\/div>\n<\/section>","protected":false},"excerpt":{"rendered":"<p>Robinet \u00e0 boisseau sph\u00e9rique \u00e0 passage int\u00e9gral PN 16 \u2013 2 pi\u00e8ces TS CEN\/EN 3148 Approbation de l&#039;Institut turc des normes. Certificat de syst\u00e8me qualit\u00e9 ISO 9001. Passage int\u00e9gral pour une fluidit\u00e9 maximale. Syst\u00e8mes d&#039;eau chaude, chaude et froide Syst\u00e8mes d&#039;air comprim\u00e9 Fluides non acides et alcalins Bras en acier recouvert de PVC \u00e9pais. Temp\u00e9rature -10\u00b0C + 120\u00b0C<\/p>","protected":false},"featured_media":2869,"comment_status":"open","ping_status":"closed","template":"","meta":{"jetpack_post_was_ever_published":false},"product_brand":[],"product_cat":[203],"product_tag":[978,357,965,979,962,975,977,961],"class_list":{"0":"post-791","1":"product","2":"type-product","3":"status-publish","4":"has-post-thumbnail","6":"product_cat-kuresel-vanalar","7":"product_tag-2-parcali","8":"product_tag-endustriyel","9":"product_tag-kuresel-vana","10":"product_tag-pn-16","11":"product_tag-sulama","12":"product_tag-tam-gecisli","13":"product_tag-tam-gecisli-kuresel-vana","14":"product_tag-tesisat","16":"first","17":"instock","18":"taxable","19":"shipping-taxable","20":"product-type-variable"},"jetpack-related-posts":[],"jetpack_sharing_enabled":true,"jetpack_likes_enabled":true,"_links":{"self":[{"href":"https:\/\/tuzlahortum.com.tr\/fr\/wp-json\/wp\/v2\/product\/791","targetHints":{"allow":["GET"]}}],"collection":[{"href":"https:\/\/tuzlahortum.com.tr\/fr\/wp-json\/wp\/v2\/product"}],"about":[{"href":"https:\/\/tuzlahortum.com.tr\/fr\/wp-json\/wp\/v2\/types\/product"}],"replies":[{"embeddable":true,"href":"https:\/\/tuzlahortum.com.tr\/fr\/wp-json\/wp\/v2\/comments?post=791"}],"wp:featuredmedia":[{"embeddable":true,"href":"https:\/\/tuzlahortum.com.tr\/fr\/wp-json\/wp\/v2\/media\/2869"}],"wp:attachment":[{"href":"https:\/\/tuzlahortum.com.tr\/fr\/wp-json\/wp\/v2\/media?parent=791"}],"wp:term":[{"taxonomy":"product_brand","embeddable":true,"href":"https:\/\/tuzlahortum.com.tr\/fr\/wp-json\/wp\/v2\/product_brand?post=791"},{"taxonomy":"product_cat","embeddable":true,"href":"https:\/\/tuzlahortum.com.tr\/fr\/wp-json\/wp\/v2\/product_cat?post=791"},{"taxonomy":"product_tag","embeddable":true,"href":"https:\/\/tuzlahortum.com.tr\/fr\/wp-json\/wp\/v2\/product_tag?post=791"}],"curies":[{"name":"wp","href":"https:\/\/api.w.org\/{rel}","templated":true}]}}