{"id":788,"date":"2019-02-06T23:53:43","date_gmt":"2019-02-06T20:53:43","guid":{"rendered":"http:\/\/hortum.com.tr\/product\/import-placeholder-for-204\/"},"modified":"2024-03-21T17:42:31","modified_gmt":"2024-03-21T14:42:31","slug":"kuresel-vana-pn16-tse","status":"publish","type":"product","link":"https:\/\/tuzlahortum.com.tr\/fr\/produit\/kuresel-vana-pn16-tse\/","title":{"rendered":"Vanne \u00e0 bille PN16 TSE"},"content":{"rendered":"<h2>Vanne \u00e0 bille PN16 TSE<\/h2>\n<p>TS CEN\/EN 13547 Approbation de l&#039;Institut turc des normes.<\/p>\n<p>Certificat de syst\u00e8me qualit\u00e9 ISO 9001.<\/p>\n<p>Full pass pour un maximum de fluidit\u00e9.<\/p>\n<p>Sph\u00e8re recouverte de suie pour une dur\u00e9e de vie plus longue.<\/p>\n<p>Connexion ISO 228 Femelle X Femelle.<\/p>\n<p>Marque ouverte-ferm\u00e9e sur la manche.<\/p>\n<p>Joint PTFE et joint torique EPDM pour une s\u00e9curit\u00e9 maximale.<\/p>\n<p>Manche en acier \u00e9pais recouvert de PVC.<\/p>\n<p>Large zone d&#039;utilisation pour une utilisation dans les syst\u00e8mes industriels, de plomberie et d&#039;irrigation.<\/p>\n<p>Temp\u00e9rature -10\u00b0C + 120\u00b0C<\/p>\n<table border=\"0\" cellspacing=\"0\" cellpadding=\"0\">\n<tbody>\n<tr bgcolor=\"#002f62\">\n<td>TAILLE NOMINALE<\/td>\n<td>DN<br \/>(G)<\/td>\n<td>d1<br \/>(mm)<\/td>\n<td>L<br \/>(mm)<\/td>\n<td>K<br \/>(mm)<\/td>\n<td>t<br \/>(mm)<\/td>\n<td>\u00c0<br \/>(mm)<\/td>\n<\/tr>\n<tr>\n<td>1\/2\u2033<\/td>\n<td>15<\/td>\n<td>14-14<\/td>\n<td>54<\/td>\n<td>80<\/td>\n<td>15<\/td>\n<td>37<\/td>\n<\/tr>\n<tr>\n<td>3\/4\u2033<\/td>\n<td>20<\/td>\n<td>19-19<\/td>\n<td>61<\/td>\n<td>95<\/td>\n<td>16<\/td>\n<td>53<\/td>\n<\/tr>\n<tr>\n<td>1\u2033<\/td>\n<td>25<\/td>\n<td>24-24<\/td>\n<td>73<\/td>\n<td>115<\/td>\n<td>17<\/td>\n<td>55<\/td>\n<\/tr>\n<tr>\n<td>1 1\/4\u2033<\/td>\n<td>32<\/td>\n<td>30-30<\/td>\n<td>83<\/td>\n<td>115<\/td>\n<td>20<\/td>\n<td>59<\/td>\n<\/tr>\n<tr>\n<td>1 1\/2\u2033<\/td>\n<td>40<\/td>\n<td>38-38<\/td>\n<td>95<\/td>\n<td>125<\/td>\n<td>22<\/td>\n<td>77<\/td>\n<\/tr>\n<tr>\n<td>2\u2033<\/td>\n<td>50<\/td>\n<td>46-47<\/td>\n<td>113<\/td>\n<td>145<\/td>\n<td>26<\/td>\n<td>90<\/td>\n<\/tr>\n<tr>\n<td>2 1\/2\u2033<\/td>\n<td>65<\/td>\n<td>58-63<\/td>\n<td>132<\/td>\n<td>230<\/td>\n<td>28<\/td>\n<td>107<\/td>\n<\/tr>\n<tr>\n<td>3\u2033<\/td>\n<td>80<\/td>\n<td>70-80<\/td>\n<td>149<\/td>\n<td>250<\/td>\n<td>30<\/td>\n<td>120<\/td>\n<\/tr>\n<tr>\n<td>4\u2033<\/td>\n<td>100<\/td>\n<td>85-98<\/td>\n<td>174<\/td>\n<td>250<\/td>\n<td>35<\/td>\n<td>135<\/td>\n<\/tr>\n<\/tbody>\n<\/table>","protected":false},"excerpt":{"rendered":"<p>K\u00fcresel Vana PN16 TSE TS CEN\/EN 13547 T\u00fcrk Standartlar\u0131 Enstit\u00fcs\u00fc Onay\u0131. ISO 9001 Kalite Sistem Sertfikas\u0131. Maksimum ak\u0131\u015fkanl\u0131k i\u00e7in tam ge\u00e7i\u015f. Daha uzun \u00f6m\u00fcr i\u00e7in kurum kaplama k\u00fcre. ISO 228 Di\u015fi X Di\u015fi ba\u011flant\u0131. Kol \u00fczerinde A\u00e7\u0131k-Kapal\u0131 i\u015fareti. Maksimum g\u00fcvenlik i\u00e7in PTFE conta ve EPDM O-ring. Kal\u0131n PVC kapl\u0131 \u00e7elik kol. End\u00fcstriyel, Tesisat ve sulama [&#8230;]\n","protected":false},"featured_media":2867,"comment_status":"open","ping_status":"closed","template":"","meta":{"jetpack_post_was_ever_published":false},"product_brand":[],"product_cat":[203],"product_tag":[357,965,970,962,961,331],"class_list":{"0":"post-788","1":"product","2":"type-product","3":"status-publish","4":"has-post-thumbnail","6":"product_cat-kuresel-vanalar","7":"product_tag-endustriyel","8":"product_tag-kuresel-vana","9":"product_tag-pn16","10":"product_tag-sulama","11":"product_tag-tesisat","12":"product_tag-vana","14":"first","15":"instock","16":"taxable","17":"shipping-taxable","18":"product-type-variable"},"jetpack-related-posts":[{"id":782,"url":"https:\/\/tuzlahortum.com.tr\/fr\/produit\/kelebek-vana-pn16-disi\/","url_meta":{"origin":788,"position":0},"title":"Vanne Papillon PN16 Femelle","author":"admin","date":"6 f\u00e9vrier 2019","format":false,"excerpt":"Kelebek Vana PN16 Di\u015fiTS CEN\/EN 13547 T\u00fcrk Standartlar\u0131 Enstit\u00fcs\u00fc Onay\u0131.ISO 9001 Kalite Sistem Sertfikas\u0131.Daha uzun \u00f6m\u00fcr i\u00e7in kurum kaplama k\u00fcre.Maksimum g\u00fcvenlik i\u00e7in PTFE conta ve EPDM O-ring.Al\u00fcminyum kol.End\u00fcstriyel, Tesisat ve sulama sistemlerinde kullan\u0131lmak \u00fczere geni\u015f kullan\u0131m alan\u0131.S\u0131cakl\u0131k -10\u00b0C + 120\u00b0CANMA \u00d6L\u00c7\u00dcS\u00dcG(DN)d(mm)E(mm)L(mm)1\/2\"151441543\/4\"201951611\"25245373","rel":"","context":"Article similaire","block_context":{"text":"Article similaire","link":""},"img":{"alt_text":"","src":"https:\/\/i0.wp.com\/tuzlahortum.com.tr\/wp-content\/uploads\/2019\/02\/Kelebek-Vana-PN16-Di%C5%9Fi.jpg?fit=520%2C350&ssl=1&resize=350%2C200","width":350,"height":200},"classes":[]},{"id":784,"url":"https:\/\/tuzlahortum.com.tr\/fr\/produit\/kollektor-ana-vanasi-pn16\/","url_meta":{"origin":788,"position":1},"title":"Collecteur Ma\u00eetre Vanne PN16","author":"admin","date":"6 f\u00e9vrier 2019","format":false,"excerpt":"Vanne principale de collecteur PN16TS CEN\/EN 13547 Approbation de l'Institut turc de normalisation.Certificat du syst\u00e8me de qualit\u00e9 ISO 9001.Bille enduite de suie pour une plus longue dur\u00e9e de vie.Connexion ISO 228 femelle x femelle.Joint PTFE et joint torique EPDM pour une s\u00e9curit\u00e9 maximale.Manchon \u00e9pais en acier recouvert de PVC.Large gamme d'applications pour utilisation dans les syst\u00e8mes industriels, de plomberie et d'irrigation.Temp\u00e9rature -10\u00b0C + 120\u00b0CDIMENSIONS DE RONDEMENTN(L)d1(mm)L(mm)K(mm)t(mm)E(mm)3\/4\"2019618516531\"2524739217551 1\/4\"3230831142059","rel":"","context":"Article similaire","block_context":{"text":"Article similaire","link":""},"img":{"alt_text":"","src":"https:\/\/i0.wp.com\/tuzlahortum.com.tr\/wp-content\/uploads\/2019\/02\/Kollekt%C3%B6r-Ana-Vana.jpg?fit=520%2C350&ssl=1&resize=350%2C200","width":350,"height":200},"classes":[]},{"id":783,"url":"https:\/\/tuzlahortum.com.tr\/fr\/produit\/kelebek-vana-pn16-erkek\/","url_meta":{"origin":788,"position":2},"title":"Vanne Papillon PN16 M\u00e2le","author":"admin","date":"6 f\u00e9vrier 2019","format":false,"excerpt":"Kelebek Vana PN16 ErkekTS CEN\/EN 13547 T\u00fcrk Standartlar\u0131 Enstit\u00fcs\u00fc Onay\u0131.ISO 9001 Kalite Sistem Sertfikas\u0131.Daha uzun \u00f6m\u00fcr i\u00e7in kurum kaplama k\u00fcre.Maksimum g\u00fcvenlik i\u00e7in PTFE conta ve EPDM O-ring.Al\u00fcminyum kol.End\u00fcstriyel, Tesisat ve sulama sistemlerinde kullan\u0131lmak \u00fczere geni\u015f kullan\u0131m alan\u0131.S\u0131cakl\u0131k -10\u00b0C + 120\u00b0CANMA \u00d6L\u00c7\u00dcS\u00dcG(DN)d(mm)E(mm)L(mm)1\/2\"151441583\/4\"201951641\"25245375","rel":"","context":"Article similaire","block_context":{"text":"Article similaire","link":""},"img":{"alt_text":"","src":"https:\/\/i0.wp.com\/tuzlahortum.com.tr\/wp-content\/uploads\/2019\/02\/Kelebek-Vana-PN16-Erkek.jpg?fit=520%2C350&ssl=1&resize=350%2C200","width":350,"height":200},"classes":[]},{"id":792,"url":"https:\/\/tuzlahortum.com.tr\/fr\/produit\/kuresel-vana-pn40-tse\/","url_meta":{"origin":788,"position":3},"title":"Vanne \u00e0 bille PN40 TSE","author":"admin","date":"6 f\u00e9vrier 2019","format":false,"excerpt":"Robinet \u00e0 bille PN40 TSETS CEN\/EN 13547 Turkish Standards Institute Approval ISO 9001 Quality System Certificate Passage int\u00e9gral pour une fluidit\u00e9 maximale Bille enduite de suie pour une plus longue dur\u00e9e de vie ISO 228 Connexion femelle X femelle Marquage On Off sur la poign\u00e9e Joint PTFE et joint torique EPDM pour une s\u00e9curit\u00e9 maximale Poign\u00e9e \u00e9paisse en acier rev\u00eatu de PVC Large gamme de robinets pour une utilisation dans la plomberie industrielle et...","rel":"","context":"Article similaire","block_context":{"text":"Article similaire","link":""},"img":{"alt_text":"","src":"https:\/\/i0.wp.com\/tuzlahortum.com.tr\/wp-content\/uploads\/2019\/02\/K%C3%BCresel-Vana-PN16-PN25-PN40-TSE.jpg?fit=520%2C350&ssl=1&resize=350%2C200","width":350,"height":200},"classes":[]},{"id":787,"url":"https:\/\/tuzlahortum.com.tr\/fr\/produit\/kuresel-vana-pn10-tse\/","url_meta":{"origin":788,"position":4},"title":"Vanne \u00e0 bille PN10 TSE","author":"admin","date":"6 f\u00e9vrier 2019","format":false,"excerpt":"K\u00fcresel Vana PN10 TSETS CEN\/EN 13828 T\u00fcrk Standartlar\u0131 Enstit\u00fcs\u00fc Onay\u0131.ISO 9001 Kalite Sistem Sertfikas\u0131.Maksimum ak\u0131\u015fkanl\u0131k i\u00e7in tam ge\u00e7i\u015f.Daha uzun \u00f6m\u00fcr i\u00e7in kurum kaplama k\u00fcre.ISO 228 Di\u015fi X Di\u015fi ba\u011flant\u0131.Kol \u00fczerinde A\u00e7\u0131k-Kapal\u0131 i\u015fareti.Maksimum g\u00fcvenlik i\u00e7in PTFE conta ve EPDM O-ring.Kal\u0131n PVC kapl\u0131 \u00e7elik kol.\u0130\u00e7me suyu sistemlerinde kulan\u0131lmak \u00fczere geni\u015f kullan\u0131m alan\u0131.S\u0131cakl\u0131k\u2026","rel":"","context":"Article similaire","block_context":{"text":"Article similaire","link":""},"img":{"alt_text":"","src":"https:\/\/i0.wp.com\/tuzlahortum.com.tr\/wp-content\/uploads\/2019\/02\/K%C3%BCresel-Vana-PN10-TSE.jpg?fit=520%2C350&ssl=1&resize=350%2C200","width":350,"height":200},"classes":[]},{"id":789,"url":"https:\/\/tuzlahortum.com.tr\/fr\/produit\/kuresel-vana-pn25-tse\/","url_meta":{"origin":788,"position":5},"title":"Vanne \u00e0 bille PN25 TSE","author":"admin","date":"6 f\u00e9vrier 2019","format":false,"excerpt":"K\u00fcresel Vana PN25 TSETS CEN\/TS 13547 T\u00fcrk Standartlar\u0131 Enstit\u00fcs\u00fc Onay\u0131.ISO 9001 Kalite Sistem Sertfikas\u0131.Maksimum ak\u0131\u015fkanl\u0131k i\u00e7in tam ge\u00e7i\u015f.Daha uzun \u00f6m\u00fcr i\u00e7in kurum kaplama k\u00fcre.ISO 228 Di\u015fi X Di\u015fi ba\u011flant\u0131.Kol \u00fczerinde A\u00e7\u0131k-Kapal\u0131 i\u015fareti.Maksimum g\u00fcvenlik i\u00e7in PTFE conta ve EPDM O-ring.Kal\u0131n PVC kapl\u0131 \u00e7elik kol.End\u00fcstriyel, Tesisat ve sulama sistemlerinde kullan\u0131lmak \u00fczere geni\u015f\u2026","rel":"","context":"Article similaire","block_context":{"text":"Article similaire","link":""},"img":{"alt_text":"","src":"https:\/\/i0.wp.com\/tuzlahortum.com.tr\/wp-content\/uploads\/2019\/02\/K%C3%BCresel-Vana-PN16-PN25-PN40-TSE.jpg?fit=520%2C350&ssl=1&resize=350%2C200","width":350,"height":200},"classes":[]}],"jetpack_sharing_enabled":true,"jetpack_likes_enabled":true,"_links":{"self":[{"href":"https:\/\/tuzlahortum.com.tr\/fr\/wp-json\/wp\/v2\/product\/788","targetHints":{"allow":["GET"]}}],"collection":[{"href":"https:\/\/tuzlahortum.com.tr\/fr\/wp-json\/wp\/v2\/product"}],"about":[{"href":"https:\/\/tuzlahortum.com.tr\/fr\/wp-json\/wp\/v2\/types\/product"}],"replies":[{"embeddable":true,"href":"https:\/\/tuzlahortum.com.tr\/fr\/wp-json\/wp\/v2\/comments?post=788"}],"wp:featuredmedia":[{"embeddable":true,"href":"https:\/\/tuzlahortum.com.tr\/fr\/wp-json\/wp\/v2\/media\/2867"}],"wp:attachment":[{"href":"https:\/\/tuzlahortum.com.tr\/fr\/wp-json\/wp\/v2\/media?parent=788"}],"wp:term":[{"taxonomy":"product_brand","embeddable":true,"href":"https:\/\/tuzlahortum.com.tr\/fr\/wp-json\/wp\/v2\/product_brand?post=788"},{"taxonomy":"product_cat","embeddable":true,"href":"https:\/\/tuzlahortum.com.tr\/fr\/wp-json\/wp\/v2\/product_cat?post=788"},{"taxonomy":"product_tag","embeddable":true,"href":"https:\/\/tuzlahortum.com.tr\/fr\/wp-json\/wp\/v2\/product_tag?post=788"}],"curies":[{"name":"wp","href":"https:\/\/api.w.org\/{rel}","templated":true}]}}