{"id":787,"date":"2019-02-06T23:53:43","date_gmt":"2019-02-06T20:53:43","guid":{"rendered":"http:\/\/hortum.com.tr\/product\/import-placeholder-for-346\/"},"modified":"2024-03-21T17:42:32","modified_gmt":"2024-03-21T14:42:32","slug":"kuresel-vana-pn10-tse","status":"publish","type":"product","link":"https:\/\/tuzlahortum.com.tr\/fr\/produit\/kuresel-vana-pn10-tse\/","title":{"rendered":"Vanne \u00e0 bille PN10 TSE"},"content":{"rendered":"<h2>Vanne \u00e0 bille PN10 TSE<\/h2>\n<p>TS CEN\/EN 13828 Approbation de l&#039;Institut turc des normes.<\/p>\n<p>Certificat de syst\u00e8me qualit\u00e9 ISO 9001.<\/p>\n<p>Full pass pour un maximum de fluidit\u00e9.<\/p>\n<p>Sph\u00e8re recouverte de suie pour une dur\u00e9e de vie plus longue.<\/p>\n<p>Connexion ISO 228 Femelle X Femelle.<\/p>\n<p>Marque ouverte-ferm\u00e9e sur la manche.<\/p>\n<p>Joint PTFE et joint torique EPDM pour une s\u00e9curit\u00e9 maximale.<\/p>\n<p>Manche en acier \u00e9pais recouvert de PVC.<\/p>\n<p>Large zone d&#039;utilisation \u00e0 utiliser dans les syst\u00e8mes d&#039;eau potable.<\/p>\n<p>Temp\u00e9rature -10\u00b0C + 120\u00b0C<\/p>\n<table border=\"0\" cellspacing=\"0\" cellpadding=\"0\">\n<tbody>\n<tr bgcolor=\"#002f62\">\n<td>TAILLE NOMINALE<\/td>\n<td>DN<br \/>(G)<\/td>\n<td>d1<br \/>(mm)<\/td>\n<td>L<br \/>(mm)<\/td>\n<td>K<br \/>(mm)<\/td>\n<td>t<br \/>(mm)<\/td>\n<td>\u00c0<br \/>(mm)<\/td>\n<\/tr>\n<tr>\n<td>1-2\u2033<\/td>\n<td>15<\/td>\n<td>14-14<\/td>\n<td>54<\/td>\n<td>80<\/td>\n<td>15<\/td>\n<td>37<\/td>\n<\/tr>\n<tr>\n<td>3\/4\u2033<\/td>\n<td>20<\/td>\n<td>19-19<\/td>\n<td>61<\/td>\n<td>95<\/td>\n<td>16<\/td>\n<td>53<\/td>\n<\/tr>\n<tr>\n<td>1\u2033<\/td>\n<td>25<\/td>\n<td>24-24<\/td>\n<td>73<\/td>\n<td>115<\/td>\n<td>17<\/td>\n<td>55<\/td>\n<\/tr>\n<tr>\n<td>1 1\/4\u2033<\/td>\n<td>32<\/td>\n<td>30-30<\/td>\n<td>83<\/td>\n<td>115<\/td>\n<td>20<\/td>\n<td>59<\/td>\n<\/tr>\n<tr>\n<td>1 1\/2\u2033<\/td>\n<td>40<\/td>\n<td>38-38<\/td>\n<td>95<\/td>\n<td>125<\/td>\n<td>22<\/td>\n<td>77<\/td>\n<\/tr>\n<tr>\n<td>2\u2033<\/td>\n<td>50<\/td>\n<td>46-47<\/td>\n<td>113<\/td>\n<td>145<\/td>\n<td>26<\/td>\n<td>90<\/td>\n<\/tr>\n<tr>\n<td>2 1\/2\u2033<\/td>\n<td>65<\/td>\n<td>58-63<\/td>\n<td>132<\/td>\n<td>230<\/td>\n<td>28<\/td>\n<td>107<\/td>\n<\/tr>\n<tr>\n<td>3\u2033<\/td>\n<td>80<\/td>\n<td>70-80<\/td>\n<td>149<\/td>\n<td>250<\/td>\n<td>30<\/td>\n<td>120<\/td>\n<\/tr>\n<tr>\n<td>4\u2033<\/td>\n<td>100<\/td>\n<td>85-98<\/td>\n<td>174<\/td>\n<td>250<\/td>\n<td>35<\/td>\n<td>135<\/td>\n<\/tr>\n<\/tbody>\n<\/table>","protected":false},"excerpt":{"rendered":"<p>K\u00fcresel Vana PN10 TSE TS CEN\/EN 13828 T\u00fcrk Standartlar\u0131 Enstit\u00fcs\u00fc Onay\u0131. ISO 9001 Kalite Sistem Sertfikas\u0131. Maksimum ak\u0131\u015fkanl\u0131k i\u00e7in tam ge\u00e7i\u015f. Daha uzun \u00f6m\u00fcr i\u00e7in kurum kaplama k\u00fcre. ISO 228 Di\u015fi X Di\u015fi ba\u011flant\u0131. Kol \u00fczerinde A\u00e7\u0131k-Kapal\u0131 i\u015fareti. Maksimum g\u00fcvenlik i\u00e7in PTFE conta ve EPDM O-ring. Kal\u0131n PVC kapl\u0131 \u00e7elik kol. \u0130\u00e7me suyu sistemlerinde kulan\u0131lmak [&#8230;]\n","protected":false},"featured_media":2866,"comment_status":"open","ping_status":"closed","template":"","meta":{"jetpack_post_was_ever_published":false},"product_brand":[],"product_cat":[203],"product_tag":[971,965,972,331],"class_list":{"0":"post-787","1":"product","2":"type-product","3":"status-publish","4":"has-post-thumbnail","6":"product_cat-kuresel-vanalar","7":"product_tag-icme-suyu-sistemleri","8":"product_tag-kuresel-vana","9":"product_tag-pn10","10":"product_tag-vana","12":"first","13":"instock","14":"taxable","15":"shipping-taxable","16":"product-type-variable"},"jetpack-related-posts":[],"jetpack_sharing_enabled":true,"jetpack_likes_enabled":true,"_links":{"self":[{"href":"https:\/\/tuzlahortum.com.tr\/fr\/wp-json\/wp\/v2\/product\/787","targetHints":{"allow":["GET"]}}],"collection":[{"href":"https:\/\/tuzlahortum.com.tr\/fr\/wp-json\/wp\/v2\/product"}],"about":[{"href":"https:\/\/tuzlahortum.com.tr\/fr\/wp-json\/wp\/v2\/types\/product"}],"replies":[{"embeddable":true,"href":"https:\/\/tuzlahortum.com.tr\/fr\/wp-json\/wp\/v2\/comments?post=787"}],"wp:featuredmedia":[{"embeddable":true,"href":"https:\/\/tuzlahortum.com.tr\/fr\/wp-json\/wp\/v2\/media\/2866"}],"wp:attachment":[{"href":"https:\/\/tuzlahortum.com.tr\/fr\/wp-json\/wp\/v2\/media?parent=787"}],"wp:term":[{"taxonomy":"product_brand","embeddable":true,"href":"https:\/\/tuzlahortum.com.tr\/fr\/wp-json\/wp\/v2\/product_brand?post=787"},{"taxonomy":"product_cat","embeddable":true,"href":"https:\/\/tuzlahortum.com.tr\/fr\/wp-json\/wp\/v2\/product_cat?post=787"},{"taxonomy":"product_tag","embeddable":true,"href":"https:\/\/tuzlahortum.com.tr\/fr\/wp-json\/wp\/v2\/product_tag?post=787"}],"curies":[{"name":"wp","href":"https:\/\/api.w.org\/{rel}","templated":true}]}}