{"id":783,"date":"2019-02-06T23:53:42","date_gmt":"2019-02-06T20:53:42","guid":{"rendered":"http:\/\/hortum.com.tr\/product\/import-placeholder-for-212\/"},"modified":"2024-03-21T17:42:34","modified_gmt":"2024-03-21T14:42:34","slug":"kelebek-vana-pn16-erkek","status":"publish","type":"product","link":"https:\/\/tuzlahortum.com.tr\/fr\/produit\/kelebek-vana-pn16-erkek\/","title":{"rendered":"Vanne Papillon PN16 M\u00e2le"},"content":{"rendered":"<h2>Vanne Papillon PN16 M\u00e2le<\/h2>\n<p>TS CEN\/EN 13547 Approbation de l&#039;Institut turc des normes.<\/p>\n<p>Certificat de syst\u00e8me qualit\u00e9 ISO 9001.<\/p>\n<p>Sph\u00e8re recouverte de suie pour une dur\u00e9e de vie plus longue.<\/p>\n<p>Joint PTFE et joint torique EPDM pour une s\u00e9curit\u00e9 maximale.<\/p>\n<p>Bras en aluminium.<\/p>\n<p>Large zone d&#039;utilisation pour une utilisation dans les syst\u00e8mes industriels, de plomberie et d&#039;irrigation.<\/p>\n<p>Temp\u00e9rature -10\u00b0C + 120\u00b0C<\/p>\n<table border=\"0\" cellspacing=\"0\" cellpadding=\"0\">\n<tbody>\n<tr bgcolor=\"#002f62\">\n<td>TAILLE NOMINALE<\/td>\n<td>g<br \/>(DN)<\/td>\n<td>r\u00e9<br \/>(mm)<\/td>\n<td>\u00c0<br \/>(mm)<\/td>\n<td>L<br \/>(mm)<\/td>\n<\/tr>\n<tr>\n<td>1\/2\u2033<\/td>\n<td>15<\/td>\n<td>14<\/td>\n<td>41<\/td>\n<td>58<\/td>\n<\/tr>\n<tr>\n<td>3\/4\u2033<\/td>\n<td>20<\/td>\n<td>19<\/td>\n<td>51<\/td>\n<td>64<\/td>\n<\/tr>\n<tr>\n<td>1\u2033<\/td>\n<td>25<\/td>\n<td>24<\/td>\n<td>53<\/td>\n<td>75<\/td>\n<\/tr>\n<\/tbody>\n<\/table>","protected":false},"excerpt":{"rendered":"<p>Kelebek Vana PN16 Erkek TS CEN\/EN 13547 T\u00fcrk Standartlar\u0131 Enstit\u00fcs\u00fc Onay\u0131. ISO 9001 Kalite Sistem Sertfikas\u0131. Daha uzun \u00f6m\u00fcr i\u00e7in kurum kaplama k\u00fcre. Maksimum g\u00fcvenlik i\u00e7in PTFE conta ve EPDM O-ring. Al\u00fcminyum kol. End\u00fcstriyel, Tesisat ve sulama sistemlerinde kullan\u0131lmak \u00fczere geni\u015f kullan\u0131m alan\u0131. S\u0131cakl\u0131k -10\u00b0C + 120\u00b0C ANMA \u00d6L\u00c7\u00dcS\u00dc G(DN) d(mm) E(mm) L(mm) 1\/2&#8243; 15 [&#8230;]\n","protected":false},"featured_media":2863,"comment_status":"open","ping_status":"closed","template":"","meta":{"jetpack_post_was_ever_published":false},"product_brand":[],"product_cat":[202],"product_tag":[357,292,846,967,965,962,964,961,963],"class_list":{"0":"post-783","1":"product","2":"type-product","3":"status-publish","4":"has-post-thumbnail","6":"product_cat-kuresel-kelebek-vanalar","7":"product_tag-endustriyel","8":"product_tag-erkek","9":"product_tag-kelebek-vana","10":"product_tag-kelebek-vana-pn16-erkek","11":"product_tag-kuresel-vana","12":"product_tag-sulama","13":"product_tag-sulama-sistemi","14":"product_tag-tesisat","15":"product_tag-tesisat-sistemi","17":"first","18":"instock","19":"taxable","20":"shipping-taxable","21":"product-type-variable"},"jetpack-related-posts":[],"jetpack_sharing_enabled":true,"jetpack_likes_enabled":true,"_links":{"self":[{"href":"https:\/\/tuzlahortum.com.tr\/fr\/wp-json\/wp\/v2\/product\/783","targetHints":{"allow":["GET"]}}],"collection":[{"href":"https:\/\/tuzlahortum.com.tr\/fr\/wp-json\/wp\/v2\/product"}],"about":[{"href":"https:\/\/tuzlahortum.com.tr\/fr\/wp-json\/wp\/v2\/types\/product"}],"replies":[{"embeddable":true,"href":"https:\/\/tuzlahortum.com.tr\/fr\/wp-json\/wp\/v2\/comments?post=783"}],"wp:featuredmedia":[{"embeddable":true,"href":"https:\/\/tuzlahortum.com.tr\/fr\/wp-json\/wp\/v2\/media\/2863"}],"wp:attachment":[{"href":"https:\/\/tuzlahortum.com.tr\/fr\/wp-json\/wp\/v2\/media?parent=783"}],"wp:term":[{"taxonomy":"product_brand","embeddable":true,"href":"https:\/\/tuzlahortum.com.tr\/fr\/wp-json\/wp\/v2\/product_brand?post=783"},{"taxonomy":"product_cat","embeddable":true,"href":"https:\/\/tuzlahortum.com.tr\/fr\/wp-json\/wp\/v2\/product_cat?post=783"},{"taxonomy":"product_tag","embeddable":true,"href":"https:\/\/tuzlahortum.com.tr\/fr\/wp-json\/wp\/v2\/product_tag?post=783"}],"curies":[{"name":"wp","href":"https:\/\/api.w.org\/{rel}","templated":true}]}}