{"id":781,"date":"2019-02-06T23:53:41","date_gmt":"2019-02-06T20:53:41","guid":{"rendered":"http:\/\/hortum.com.tr\/product\/import-placeholder-for-389\/"},"modified":"2024-03-21T17:42:35","modified_gmt":"2024-03-21T14:42:35","slug":"tek-kapi-siva-alti-sac-kapakli-kuru-sistem","status":"publish","type":"product","link":"https:\/\/tuzlahortum.com.tr\/fr\/produit\/tek-kapi-siva-alti-sac-kapakli-kuru-sistem\/","title":{"rendered":"Porte simple - Couvercle m\u00e9tallique encastr\u00e9 (Syst\u00e8me sec) (56\u00d758)"},"content":{"rendered":"<h2>Porte simple - Couvercle m\u00e9tallique encastr\u00e9 (Syst\u00e8me sec) (56\u00d758)<\/h2>\n<h3>TAILLE 56*58<\/h3>\n<ul class=\"list-style-2\">\n<li class=\"check-list\">Tuyau d&#039;incendie en tissu 2\u2033 (30 ATU)<\/li>\n<li class=\"check-list\">Vanne coupe-feu 2\u2033 (avec union)<\/li>\n<li class=\"check-list\">Lance \u00e0 jet 2\u2033 (avec raccord)<\/li>\n<\/ul>\n<div class=\"row\">\n<table class=\"table table-bordered span4\">\n<thead>\n<tr>\n<th>20 MT<\/th>\n<th>25 MT<\/th>\n<th>30 tonnes<\/th>\n<\/tr>\n<\/thead>\n<tbody>\n<tr>\n<td>PI-280<\/td>\n<td>PI-281<\/td>\n<td>PI-282<\/td>\n<\/tr>\n<\/tbody>\n<\/table>\n<\/div>","protected":false},"excerpt":{"rendered":"<p>Tek Kap\u0131 &#8211; S\u0131va Alt\u0131 Sa\u00e7 Kapakl\u0131 (Kuru Sistem)(56&#215;58) \u00d6L\u00c7\u00dc 56*58 2&#8243; bez yang\u0131n hortumu (30 AT\u00dc) 2&#8243; yang\u0131n vanas\u0131(rakorlu) 2&#8243; jet lans(rakorlu) 20 MT 25 MT 30 MT P\u0130-280 P\u0130-281 P\u0130-282<\/p>","protected":false},"featured_media":7305,"comment_status":"open","ping_status":"closed","template":"","meta":{"jetpack_post_was_ever_published":false},"product_brand":[],"product_cat":[115],"product_tag":[957,518,956,348,955,960,352,349,959],"class_list":{"0":"post-781","1":"product","2":"type-product","3":"status-publish","4":"has-post-thumbnail","6":"product_cat-kuru-sistem-ts-en-671-2","7":"product_tag-jet-sprey-lans","8":"product_tag-kaucuk","9":"product_tag-kuru-sistem","10":"product_tag-sac-kapak","11":"product_tag-siva-alti","12":"product_tag-tek-kapi","13":"product_tag-yangin-dolabi","14":"product_tag-yangin-hortumu","15":"product_tag-yangin-vanasi","17":"first","18":"instock","19":"taxable","20":"shipping-taxable","21":"product-type-variable"},"jetpack-related-posts":[{"id":779,"url":"https:\/\/tuzlahortum.com.tr\/fr\/produit\/cift-kapi-siva-alti-sac-kapakli-kuru-sistem\/","url_meta":{"origin":781,"position":0},"title":"Double porte \u2013 Couverture en t\u00f4le encastr\u00e9e (Syst\u00e8me sec) (65\u00d785)","author":"admin","date":"6 f\u00e9vrier 2019","format":false,"excerpt":"\u00c7ift Kap\u0131 - S\u0131va Alt\u0131 Sa\u00e7 Kapakl\u0131 (Kuru Sistem)(65x85)\u00d6L\u00c7\u00dc 65*852\" bez yang\u0131n hortumu (30 AT\u00dc)2\" yang\u0131n vanas\u0131(rakorlu)2\" jet lans(rakorlu)20 MT25 MT30 MTP\u0130-300P\u0130-301P\u0130-302","rel":"","context":"Article similaire","block_context":{"text":"Article similaire","link":""},"img":{"alt_text":"","src":"https:\/\/i0.wp.com\/tuzlahortum.com.tr\/wp-content\/uploads\/2019\/03\/%C3%87ift-Kap%C4%B1-S%C4%B1va-Alt%C4%B1-Sa%C3%A7-Kapakl%C4%B1-Kuru-Sistem.jpg?fit=388%2C412&ssl=1&resize=350%2C200","width":350,"height":200},"classes":[]},{"id":957,"url":"https:\/\/tuzlahortum.com.tr\/fr\/produit\/cift-kapi-siva-ustu-sac-kapakli-kuru-sistem\/","url_meta":{"origin":781,"position":1},"title":"Porte double \u2013 Montage en surface avec couverture en t\u00f4le (syst\u00e8me sec) (65\u00d785)","author":"admin","date":"6 f\u00e9vrier 2019","format":false,"excerpt":"\u00c7ift Kap\u0131 - S\u0131va \u00dcst\u00fc Sa\u00e7 Kapakl\u0131 (Kuru Sistem)(65x85)\u00d6L\u00c7\u00dc 65*85 2\" bez yang\u0131n hortumu (30 AT\u00dc) 2\" yang\u0131n vanas\u0131(rakorlu) 2\" jet lans(rakorlu) 20 MT 25 MT 30 MT P\u0130-290 P\u0130-291 P\u0130-292","rel":"","context":"Article similaire","block_context":{"text":"Article similaire","link":""},"img":{"alt_text":"","src":"https:\/\/i0.wp.com\/tuzlahortum.com.tr\/wp-content\/uploads\/2019\/03\/%C3%87ift-Kap%C4%B1-S%C4%B1va-%C3%9Cst%C3%BC-Sa%C3%A7-Kapakl%C4%B1-Kuru-Sistem.jpg?fit=382%2C360&ssl=1&resize=350%2C200","width":350,"height":200},"classes":[]},{"id":780,"url":"https:\/\/tuzlahortum.com.tr\/fr\/produit\/tek-kapi-siva-ustu-sac-kapakli-kuru-sistem\/","url_meta":{"origin":781,"position":2},"title":"Porte simple \u2013 Montage en surface avec couverture en t\u00f4le (syst\u00e8me sec) (70\u00d765)","author":"admin","date":"6 f\u00e9vrier 2019","format":false,"excerpt":"Tek Kap\u0131 - S\u0131va \u00dcst\u00fc Sa\u00e7 Kapakl\u0131 (Kuru Sistem)(70x65)\u00d6L\u00c7\u00dc 70*65 1\" TS EN 694 yar\u0131 sert kau\u00e7uk yang\u0131n hortumu 1\" jet sprey lans(nozul) 20 MT 25 MT 30 MT 1\" TSE K\u00fcresel Vanal\u0131 P\u0130-110 P\u0130-111 P\u0130-112 2\" Yang\u0131n Vanal\u0131 ( 2>1'e D\u00f6n\u00fc\u015ft\u00fcr\u00fcc\u00fcl\u00fc ) P\u0130-210 P\u0130-211 P\u0130-212 \u00a0","rel":"","context":"Article similaire","block_context":{"text":"Article similaire","link":""},"img":{"alt_text":"","src":"https:\/\/i0.wp.com\/tuzlahortum.com.tr\/wp-content\/uploads\/2019\/03\/Tek-Kap%C4%B1-S%C4%B1va-%C3%9Cst%C3%BC-Sa%C3%A7-Kapakl%C4%B1-Kuru-Sistem.jpg?fit=417%2C486&ssl=1&resize=350%2C200","width":350,"height":200},"classes":[]},{"id":961,"url":"https:\/\/tuzlahortum.com.tr\/fr\/produit\/tek-kapi-siva-alti-sac-kapakli-sulu-sistem\/","url_meta":{"origin":781,"position":3},"title":"Porte simple \u2013 Couvercle m\u00e9tallique encastr\u00e9 (syst\u00e8me d\u2019eau) (65\u00d760)","author":"admin","date":"6 f\u00e9vrier 2019","format":false,"excerpt":"Tek Kap\u0131 - S\u0131va Alt\u0131 Sa\u00e7 Kapakl\u0131 (Sulu Sistem)(65x60)\u00d6L\u00c7\u00dc 65*601\" TS EN 694 yar\u0131 sert kau\u00e7uk yang\u0131n hortumu1\" jet sprey lans(nozul)\u00a020 MT25 MT30 MT1\" TSE K\u00fcresel Vanal\u0131P\u0130-120P\u0130-121P\u0130-1222\" Yang\u0131n Vanal\u0131 ( 2>1'e D\u00f6n\u00fc\u015ft\u00fcr\u00fcc\u00fcl\u00fc )P\u0130-220P\u0130-221P\u0130-222","rel":"","context":"Article similaire","block_context":{"text":"Article similaire","link":""},"img":{"alt_text":"","src":"https:\/\/i0.wp.com\/tuzlahortum.com.tr\/wp-content\/uploads\/2019\/03\/tek-kap%C4%B1-s%C4%B1va-alt%C4%B1-sa%C3%A7-kapakl%C4%B1-sulu.jpg?fit=414%2C475&ssl=1&resize=350%2C200","width":350,"height":200},"classes":[]},{"id":952,"url":"https:\/\/tuzlahortum.com.tr\/fr\/produit\/tek-kapi-siva-ustu-sac-kapakli-sulu-sistem\/","url_meta":{"origin":781,"position":4},"title":"Porte simple \u2013 Montage en surface avec couvercle (syst\u00e8me d&#039;eau) (70\u00d765)","author":"admin","date":"6 f\u00e9vrier 2019","format":false,"excerpt":"Tek Kap\u0131 - S\u0131va \u00dcst\u00fc Sa\u00e7 Kapakl\u0131 (Sulu Sistem)(70x65)\u00d6L\u00c7\u00dc 70*651\" TS EN 694 yar\u0131 sert kau\u00e7uk yang\u0131n hortumu1\" jet sprey lans(nozul)\u00a020 MT25 MT30 MT1\" TSE K\u00fcresel Vanal\u0131P\u0130-110P\u0130-111P\u0130-1122\" Yang\u0131n Vanal\u0131 ( 2>1'e D\u00f6n\u00fc\u015ft\u00fcr\u00fcc\u00fcl\u00fc )P\u0130-210P\u0130-211P\u0130-212","rel":"","context":"Article similaire","block_context":{"text":"Article similaire","link":""},"img":{"alt_text":"","src":"https:\/\/i0.wp.com\/tuzlahortum.com.tr\/wp-content\/uploads\/2019\/03\/tek-kap%C4%B1-s%C4%B1va-%C3%BCst%C3%BC-sa%C3%A7-kapakl%C4%B1-sulu.jpg?fit=415%2C489&ssl=1&resize=350%2C200","width":350,"height":200},"classes":[]},{"id":560,"url":"https:\/\/tuzlahortum.com.tr\/fr\/produit\/tek-kapi-siva-ustu-sac-kapakli-ekonomik\/","url_meta":{"origin":781,"position":5},"title":"Porte simple \u2013 Montage en surface avec couvercle (\u00e9conomique) (50\u00d760)","author":"admin","date":"6 f\u00e9vrier 2019","format":false,"excerpt":"Tek Kap\u0131 - S\u0131va \u00dcst\u00fc Sa\u00e7 Kapakl\u0131 (Ekonomik)(50x60)\u00d6L\u00c7\u00dc 50*600,80 mm DKP Sa\u00e72\" Ekonomik yang\u0131n hortumu2\" Ekonomik lans20 MT25 MT30 MTP\u0130-330P\u0130-331P\u0130-332","rel":"","context":"Article similaire","block_context":{"text":"Article similaire","link":""},"img":{"alt_text":"","src":"https:\/\/i0.wp.com\/tuzlahortum.com.tr\/wp-content\/uploads\/2019\/03\/s%C4%B1va-%C3%BCst%C3%BC-sa%C3%A7-kapakl%C4%B1-ekonomik.jpg?fit=350%2C381&ssl=1&resize=350%2C200","width":350,"height":200},"classes":[]}],"jetpack_sharing_enabled":true,"jetpack_likes_enabled":true,"_links":{"self":[{"href":"https:\/\/tuzlahortum.com.tr\/fr\/wp-json\/wp\/v2\/product\/781","targetHints":{"allow":["GET"]}}],"collection":[{"href":"https:\/\/tuzlahortum.com.tr\/fr\/wp-json\/wp\/v2\/product"}],"about":[{"href":"https:\/\/tuzlahortum.com.tr\/fr\/wp-json\/wp\/v2\/types\/product"}],"replies":[{"embeddable":true,"href":"https:\/\/tuzlahortum.com.tr\/fr\/wp-json\/wp\/v2\/comments?post=781"}],"wp:featuredmedia":[{"embeddable":true,"href":"https:\/\/tuzlahortum.com.tr\/fr\/wp-json\/wp\/v2\/media\/7305"}],"wp:attachment":[{"href":"https:\/\/tuzlahortum.com.tr\/fr\/wp-json\/wp\/v2\/media?parent=781"}],"wp:term":[{"taxonomy":"product_brand","embeddable":true,"href":"https:\/\/tuzlahortum.com.tr\/fr\/wp-json\/wp\/v2\/product_brand?post=781"},{"taxonomy":"product_cat","embeddable":true,"href":"https:\/\/tuzlahortum.com.tr\/fr\/wp-json\/wp\/v2\/product_cat?post=781"},{"taxonomy":"product_tag","embeddable":true,"href":"https:\/\/tuzlahortum.com.tr\/fr\/wp-json\/wp\/v2\/product_tag?post=781"}],"curies":[{"name":"wp","href":"https:\/\/api.w.org\/{rel}","templated":true}]}}