{"id":778,"date":"2019-02-06T23:53:41","date_gmt":"2019-02-06T20:53:41","guid":{"rendered":"http:\/\/hortum.com.tr\/product\/import-placeholder-for-71\/"},"modified":"2024-03-21T17:42:45","modified_gmt":"2024-03-21T14:42:45","slug":"kumlama-alici-verici-hortumlari-vakum","status":"publish","type":"product","link":"https:\/\/tuzlahortum.com.tr\/fr\/produit\/kumlama-alici-verici-hortumlari-vakum\/","title":{"rendered":"Tuyaux d&#039;\u00e9metteur-r\u00e9cepteur de sablage (vide)"},"content":{"rendered":"<h2>Tuyaux d&#039;\u00e9metteur-r\u00e9cepteur de sablage (vide)<\/h2>\n<div>DOMAINES D&#039;UTILISATION\u00a0: Dans tous les types de travaux d&#039;aspiration et de refoulement de sable et d&#039;\u00e9vacuation<\/div>\n<div><\/div>\n<div>CERTIFICATS : Les flexibles sont de marque TSE. TS5928 EN ISO 3861<\/div>\n<div><\/div>\n<div>CONSTRUCTION<\/div>\n<div>Fond : Haute r\u00e9sistance \u00e0 l&#039;abrasion, noir, \u00e9pais, plat<\/div>\n<div>Renforcement\u00a0: tissu de corde \u00e0 haute r\u00e9sistance, fil de cuivre conducteur, fil d&#039;acier intercalaire<\/div>\n<div>Tige : SBR\/NR, noir, r\u00e9sistant \u00e0 l&#039;abrasion et aux intemp\u00e9ries<\/div>\n<div><\/div>\n<div><div class=\"video video-fit mb\" style=\"padding-top:56.25%;\"><p><iframe loading=\"lazy\" title=\"Confusion des mesures (pouces, doigts, brume, millim\u00e8tres)\" width=\"1020\" height=\"574\" src=\"https:\/\/www.youtube.com\/embed\/uKk6AG_AZls?feature=oembed\" frameborder=\"0\" allow=\"accelerometer; autoplay; clipboard-write; encrypted-media; gyroscope; picture-in-picture; web-share\" referrerpolicy=\"strict-origin-when-cross-origin\" allowfullscreen><\/iframe><\/p>\n<\/div><\/div>","protected":false},"excerpt":{"rendered":"<p>Tuyaux r\u00e9cepteurs-\u00e9metteurs de sablage (vide) DOMAINES D'UTILISATION : Tous types de travaux d'aspiration et de refoulement de sable et d'\u00e9vacuation CERTIFICATS : Les tuyaux sont de marque TSE. TS5928 EN ISO 3861 CONTRUCTION Fond : Tr\u00e8s r\u00e9sistant \u00e0 l'abrasion, noir, \u00e9pais, plat Renforcement : Tissu de corde \u00e0 haute r\u00e9sistance, fil de cuivre conducteur, fil d'acier intercalaire Dessus : SBR\/NR, noir, r\u00e9sistant au frottement et aux conditions climatiques.<\/p>","protected":false},"featured_media":1693,"comment_status":"open","ping_status":"closed","template":"","meta":{"jetpack_post_was_ever_published":false},"product_brand":[],"product_cat":[162,2326],"product_tag":[307,954,939,952,937,938,953],"class_list":{"0":"post-778","1":"product","2":"type-product","3":"status-publish","4":"has-post-thumbnail","6":"product_cat-kumlama-hortumlari","7":"product_cat-kumlama-malzemeleri","8":"product_tag-asinmaya-dayanikli-hortum","9":"product_tag-kum-emme-bosaltma-hortumu","10":"product_tag-kum-tahliye-hortumu","11":"product_tag-kumlama-alici-verici-hortumlari","12":"product_tag-kumlama-hortumu","13":"product_tag-raspa-hortumu","14":"product_tag-vakum-hortumu","16":"first","17":"instock","18":"featured","19":"taxable","20":"shipping-taxable","21":"product-type-variable"},"jetpack-related-posts":[],"jetpack_sharing_enabled":true,"jetpack_likes_enabled":true,"_links":{"self":[{"href":"https:\/\/tuzlahortum.com.tr\/fr\/wp-json\/wp\/v2\/product\/778","targetHints":{"allow":["GET"]}}],"collection":[{"href":"https:\/\/tuzlahortum.com.tr\/fr\/wp-json\/wp\/v2\/product"}],"about":[{"href":"https:\/\/tuzlahortum.com.tr\/fr\/wp-json\/wp\/v2\/types\/product"}],"replies":[{"embeddable":true,"href":"https:\/\/tuzlahortum.com.tr\/fr\/wp-json\/wp\/v2\/comments?post=778"}],"wp:featuredmedia":[{"embeddable":true,"href":"https:\/\/tuzlahortum.com.tr\/fr\/wp-json\/wp\/v2\/media\/1693"}],"wp:attachment":[{"href":"https:\/\/tuzlahortum.com.tr\/fr\/wp-json\/wp\/v2\/media?parent=778"}],"wp:term":[{"taxonomy":"product_brand","embeddable":true,"href":"https:\/\/tuzlahortum.com.tr\/fr\/wp-json\/wp\/v2\/product_brand?post=778"},{"taxonomy":"product_cat","embeddable":true,"href":"https:\/\/tuzlahortum.com.tr\/fr\/wp-json\/wp\/v2\/product_cat?post=778"},{"taxonomy":"product_tag","embeddable":true,"href":"https:\/\/tuzlahortum.com.tr\/fr\/wp-json\/wp\/v2\/product_tag?post=778"}],"curies":[{"name":"wp","href":"https:\/\/api.w.org\/{rel}","templated":true}]}}