{"id":773,"date":"2019-02-06T23:53:40","date_gmt":"2019-02-06T20:53:40","guid":{"rendered":"http:\/\/hortum.com.tr\/product\/import-placeholder-for-72\/"},"modified":"2024-03-21T17:42:49","modified_gmt":"2024-03-21T14:42:49","slug":"kumlama-verici-hortumlar","status":"publish","type":"product","link":"https:\/\/tuzlahortum.com.tr\/fr\/produit\/kumlama-verici-hortumlar\/","title":{"rendered":"Tuyaux \u00e9metteurs de sablage"},"content":{"rendered":"<h2>Tuyaux \u00e9metteurs de sablage<\/h2>\n<div>DOMAINES D&#039;UTILISATION : Dans tous les types de travaux de sablage et d&#039;\u00e9vacuation, de nettoyage et de polissage de toutes les surfaces en b\u00e9ton et en m\u00e9tal par sablage.<\/div>\n<div><\/div>\n<div>CERTIFICATS : Les flexibles sont de marque TSE. TS5928 EN ISO 3861<\/div>\n<div><\/div>\n<div>CONSTRUCTION<\/div>\n<div>Fond : Haute r\u00e9sistance \u00e0 l&#039;abrasion, noir, \u00e9pais, plat<\/div>\n<div>Renforcement\u00a0: tissu de cordon haute r\u00e9sistance, fil de cuivre conducteur<\/div>\n<div>Tige : SBR\/NR, noir, r\u00e9sistant \u00e0 l&#039;abrasion et aux intemp\u00e9ries<\/div>\n<div><\/div>\n<div><div class=\"video video-fit mb\" style=\"padding-top:56.25%;\"><p><iframe loading=\"lazy\" title=\"Confusion des mesures (pouces, doigts, brume, millim\u00e8tres)\" width=\"1020\" height=\"574\" src=\"https:\/\/www.youtube.com\/embed\/uKk6AG_AZls?feature=oembed\" frameborder=\"0\" allow=\"accelerometer; autoplay; clipboard-write; encrypted-media; gyroscope; picture-in-picture\" allowfullscreen><\/iframe><\/p>\n<\/div><\/div>","protected":false},"excerpt":{"rendered":"<p>Kumlama Verici Hortumlar KULLANIM ALANLARI : Her t\u00fcrl\u00fc kumlama i\u015flerinde ve tahliyesinde, t\u00fcm beton ve metal y\u00fczeylerin kum p\u00fcsk\u00fcrt\u00fclerek temizlenmesi ve parlat\u0131lmas\u0131 i\u015flerinde SERT\u0130F\u0130KALAR : Hortumlar TSE markal\u0131d\u0131r. TS5928 EN ISO 3861 KONTR\u00dcKS\u0130YON Alt : A\u015f\u0131nma mukavemeti y\u00fcksek, siyah, kal\u0131n, d\u00fcz Takviye : Y\u00fcksek mukavemetli kord bezi, iletken bak\u0131r tel \u00dcst : SBR\/NR, siyah, s\u00fcrt\u00fcnmeye [&#8230;]\n","protected":false},"featured_media":1703,"comment_status":"open","ping_status":"closed","template":"","meta":[],"product_brand":[],"product_cat":[162,2326],"product_tag":[307,942,943,939,937,941,940,938],"class_list":{"0":"post-773","1":"product","2":"type-product","3":"status-publish","4":"has-post-thumbnail","6":"product_cat-kumlama-hortumlari","7":"product_cat-kumlama-malzemeleri","8":"product_tag-asinmaya-dayanikli-hortum","9":"product_tag-beton-ve-metal-yuzeylerin-temizlenmesi","10":"product_tag-kum-puskurterek-temizleme-ve-parlatma-hortumu","11":"product_tag-kum-tahliye-hortumu","12":"product_tag-kumlama-hortumu","13":"product_tag-nozul-hortumu","14":"product_tag-nuzul-hortumu","15":"product_tag-raspa-hortumu","17":"first","18":"instock","19":"featured","20":"taxable","21":"shipping-taxable","22":"product-type-variable"},"jetpack-related-posts":[{"id":778,"url":"https:\/\/tuzlahortum.com.tr\/fr\/produit\/kumlama-alici-verici-hortumlari-vakum\/","url_meta":{"origin":773,"position":0},"title":"Tuyaux d&#039;\u00e9metteur-r\u00e9cepteur de sablage (vide)","author":"admin","date":"6 f\u00e9vrier 2019","format":false,"excerpt":"Kumlama Al\u0131c\u0131-Verici Hortumlar\u0131 (Vakum)KULLANIM ALANLARI : Her t\u00fcrl\u00fc kum emme ve bo\u015faltma i\u015flerinde ve tahliyesinde SERT\u0130F\u0130KALAR : Hortumlar TSE markal\u0131d\u0131r. TS5928 EN ISO 3861 KONTR\u00dcKS\u0130YON Alt : A\u015f\u0131nma mukavemeti y\u00fcksek, siyah, kal\u0131n, d\u00fcz Takviye : Y\u00fcksek mukavemetli kord bezi, iletken bak\u0131r tel, katlararas\u0131 \u00e7elik tel \u00dcst : SBR\/NR, siyah, s\u00fcrt\u00fcnmeye\u2026","rel":"","context":"Article similaire","block_context":{"text":"Article similaire","link":""},"img":{"alt_text":"","src":"https:\/\/i0.wp.com\/tuzlahortum.com.tr\/wp-content\/uploads\/urunler\/kaucuk\/superlas-silobas-alici-verici-hortum.jpg?fit=360%2C270&ssl=1&resize=350%2C200","width":350,"height":200},"classes":[]},{"id":765,"url":"https:\/\/tuzlahortum.com.tr\/fr\/produit\/kumlama-kurtagzi-dokum\/","url_meta":{"origin":773,"position":1},"title":"Moulage en queue d&#039;aronde au jet de sable","author":"admin","date":"6 f\u00e9vrier 2019","format":false,"excerpt":"Kumlama Kurta\u011fz\u0131 D\u00f6k\u00fcmKumlama Hortumlar\u0131n\u0131 birle\u015ftirmek veya kazan silo gibi devrelere ba\u011flamak i\u00e7in kullanabilece\u011finiz ba\u011flant\u0131 aparat\u0131. Di\u011fer sistemlere g\u00f6re hortum adapt\u00f6r\u00fcn i\u00e7ine monte edildi\u011fi i\u00e7in malzeme ak\u0131\u015f\u0131nda herhangi bir daralma olmaz. 1\" ve 1 1\/4\" kumlama hortumlar\u0131na g\u00f6re kurta\u011fz\u0131 \u00e7e\u015fitleri mevcuttur.","rel":"","context":"Article similaire","block_context":{"text":"Article similaire","link":""},"img":{"alt_text":"","src":"https:\/\/i0.wp.com\/tuzlahortum.com.tr\/wp-content\/uploads\/urunler\/Kumlama\/kumlama_kurtagzi_dokum.jpg?fit=210%2C240&ssl=1&resize=350%2C200","width":350,"height":200},"classes":[]},{"id":9042,"url":"https:\/\/tuzlahortum.com.tr\/fr\/produit\/kumlama-nozulu-performer-nozul-400\/","url_meta":{"origin":773,"position":2},"title":"Buse de sablage \u2013 Buse Performer 400","author":"\u0130smail \u00c7elik","date":"9 avril 2019","format":false,"excerpt":"Buse de sablage - Performer Nozzle 400Performer est un mod\u00e8le avanc\u00e9 aux performances \u00e9lev\u00e9es. Elle est \u00e9quip\u00e9e d'un rev\u00eatement tr\u00e8s r\u00e9sistant \u00e0 l'abrasion et d'un couvercle en polyur\u00e9thane robuste et l\u00e9ger. Les buses de sablage de la s\u00e9rie Performer de Contracor conviennent au sablage \u00e0 l'oxyde d'aluminium, au carbure de silicium, \u00e0 la grenaille d'acier ou au sablage hautement abrasif. Elles sont disponibles en cinq tailles diff\u00e9rentes. Il est possible d'ajuster l'alimentation en air comprim\u00e9 et...","rel":"","context":"Article similaire","block_context":{"text":"Article similaire","link":""},"img":{"alt_text":"","src":"https:\/\/i0.wp.com\/tuzlahortum.com.tr\/wp-content\/uploads\/2019\/04\/performer-400.png?fit=650%2C323&ssl=1&resize=350%2C200","width":350,"height":200,"srcset":"https:\/\/i0.wp.com\/tuzlahortum.com.tr\/wp-content\/uploads\/2019\/04\/performer-400.png?fit=650%2C323&ssl=1&resize=350%2C200 1x, https:\/\/i0.wp.com\/tuzlahortum.com.tr\/wp-content\/uploads\/2019\/04\/performer-400.png?fit=650%2C323&ssl=1&resize=525%2C300 1.5x"},"classes":[]},{"id":9048,"url":"https:\/\/tuzlahortum.com.tr\/fr\/produit\/kumlama-nozulu-performer-nozul-600\/","url_meta":{"origin":773,"position":3},"title":"Buse de sablage \u2013 Buse Performer 600","author":"\u0130smail \u00c7elik","date":"9 avril 2019","format":false,"excerpt":"Buse de sablage - Performer Nozzle 600Performer est un mod\u00e8le avanc\u00e9 aux performances \u00e9lev\u00e9es. Elle est \u00e9quip\u00e9e d'un rev\u00eatement tr\u00e8s r\u00e9sistant \u00e0 l'abrasion et d'un couvercle en polyur\u00e9thane robuste et l\u00e9ger. La gamme de buses de sablage Contracor Performer convient au sablage \u00e0 l'oxyde d'aluminium, au carbure de silicium, \u00e0 la grenaille d'acier ou au sablage hautement abrasif. Elles sont disponibles en cinq tailles diff\u00e9rentes. Pour r\u00e9gler l'alimentation en air comprim\u00e9 et...","rel":"","context":"Article similaire","block_context":{"text":"Article similaire","link":""},"img":{"alt_text":"","src":"https:\/\/i0.wp.com\/tuzlahortum.com.tr\/wp-content\/uploads\/2019\/04\/performer-600.png?fit=650%2C304&ssl=1&resize=350%2C200","width":350,"height":200,"srcset":"https:\/\/i0.wp.com\/tuzlahortum.com.tr\/wp-content\/uploads\/2019\/04\/performer-600.png?fit=650%2C304&ssl=1&resize=350%2C200 1x, https:\/\/i0.wp.com\/tuzlahortum.com.tr\/wp-content\/uploads\/2019\/04\/performer-600.png?fit=650%2C304&ssl=1&resize=525%2C300 1.5x"},"classes":[]},{"id":9054,"url":"https:\/\/tuzlahortum.com.tr\/fr\/produit\/kumlama-nozulu-performer-nozul-1000\/","url_meta":{"origin":773,"position":4},"title":"Buse de sablage \u2013 Buse Performer 1000","author":"\u0130smail \u00c7elik","date":"9 avril 2019","format":false,"excerpt":"Buse de sablage - Performer Nozzle 1000Performer est un mod\u00e8le avanc\u00e9 aux performances \u00e9lev\u00e9es. Elle est \u00e9quip\u00e9e d'un rev\u00eatement tr\u00e8s r\u00e9sistant \u00e0 l'abrasion et d'un manchon en polyur\u00e9thane robuste et l\u00e9ger. La s\u00e9rie de buses de sablage Performer de Contracor convient au sablage \u00e0 l'oxyde d'aluminium, au carbure de silicium, \u00e0 la grenaille d'acier ou au sablage hautement abrasif. Elle est disponible en cinq tailles diff\u00e9rentes. Il est possible d'ajuster l'alimentation en air comprim\u00e9 et...","rel":"","context":"Article similaire","block_context":{"text":"Article similaire","link":""},"img":{"alt_text":"","src":"https:\/\/i0.wp.com\/tuzlahortum.com.tr\/wp-content\/uploads\/2019\/04\/performer-1000.png?fit=650%2C325&ssl=1&resize=350%2C200","width":350,"height":200,"srcset":"https:\/\/i0.wp.com\/tuzlahortum.com.tr\/wp-content\/uploads\/2019\/04\/performer-1000.png?fit=650%2C325&ssl=1&resize=350%2C200 1x, https:\/\/i0.wp.com\/tuzlahortum.com.tr\/wp-content\/uploads\/2019\/04\/performer-1000.png?fit=650%2C325&ssl=1&resize=525%2C300 1.5x"},"classes":[]},{"id":724,"url":"https:\/\/tuzlahortum.com.tr\/fr\/produit\/beton-cimento-verici-hortumlar\/","url_meta":{"origin":773,"position":5},"title":"B\u00e9ton \u2013 Tuyaux de livraison de ciment","author":"admin","date":"6 f\u00e9vrier 2019","format":false,"excerpt":"Beton - \u00c7imento Verici HortumlarKULLANIM ALANLARI : \u00c7imento fabrikalar\u0131nda her t\u00fcrl\u00fc beton ve \u00e7imento nakil i\u015flerinde kullan\u0131lan y\u00fcksek a\u015f\u0131nma mukavemeti olan hortum KONTR\u00dcKS\u0130YON Alt : Sentetik ve do\u011fal kau\u00e7uk kar\u0131\u015f\u0131m\u0131, siyah,d\u00fcz Takviye : Y\u00fcksek mukavemetli kord bezi, iletken bak\u0131r tel \u00dcst : SBR, siyah, s\u00fcrt\u00fcnmeye ve iklim \u015fartlar\u0131na dayan\u0131kl\u0131","rel":"","context":"Article similaire","block_context":{"text":"Article similaire","link":""},"img":{"alt_text":"","src":"https:\/\/i0.wp.com\/tuzlahortum.com.tr\/wp-content\/uploads\/urunler\/kaucuk\/superlas-silobas-hortumu.jpg?fit=360%2C270&ssl=1&resize=350%2C200","width":350,"height":200},"classes":[]}],"jetpack_sharing_enabled":true,"jetpack_likes_enabled":true,"_links":{"self":[{"href":"https:\/\/tuzlahortum.com.tr\/fr\/wp-json\/wp\/v2\/product\/773","targetHints":{"allow":["GET"]}}],"collection":[{"href":"https:\/\/tuzlahortum.com.tr\/fr\/wp-json\/wp\/v2\/product"}],"about":[{"href":"https:\/\/tuzlahortum.com.tr\/fr\/wp-json\/wp\/v2\/types\/product"}],"replies":[{"embeddable":true,"href":"https:\/\/tuzlahortum.com.tr\/fr\/wp-json\/wp\/v2\/comments?post=773"}],"wp:featuredmedia":[{"embeddable":true,"href":"https:\/\/tuzlahortum.com.tr\/fr\/wp-json\/wp\/v2\/media\/1703"}],"wp:attachment":[{"href":"https:\/\/tuzlahortum.com.tr\/fr\/wp-json\/wp\/v2\/media?parent=773"}],"wp:term":[{"taxonomy":"product_brand","embeddable":true,"href":"https:\/\/tuzlahortum.com.tr\/fr\/wp-json\/wp\/v2\/product_brand?post=773"},{"taxonomy":"product_cat","embeddable":true,"href":"https:\/\/tuzlahortum.com.tr\/fr\/wp-json\/wp\/v2\/product_cat?post=773"},{"taxonomy":"product_tag","embeddable":true,"href":"https:\/\/tuzlahortum.com.tr\/fr\/wp-json\/wp\/v2\/product_tag?post=773"}],"curies":[{"name":"wp","href":"https:\/\/api.w.org\/{rel}","templated":true}]}}