{"id":772,"date":"2019-02-06T23:53:40","date_gmt":"2019-02-06T20:53:40","guid":{"rendered":"http:\/\/hortum.com.tr\/product\/import-placeholder-for-115\/"},"modified":"2024-03-21T17:42:50","modified_gmt":"2024-03-21T14:42:50","slug":"kumlama-tulumu","status":"publish","type":"product","link":"https:\/\/tuzlahortum.com.tr\/fr\/produit\/kumlama-tulumu\/","title":{"rendered":"Combinaison de sablage (tissu)"},"content":{"rendered":"<h2>Combinaison de sablage (tissu)<\/h2>\n<p>Nos combinaisons de sablage sont faites d&#039;un tissu r\u00e9sistant \u00e0 la poussi\u00e8re, tiss\u00e9 serr\u00e9 et durable. Si la poussi\u00e8re p\u00e9n\u00e8tre par le point o\u00f9 il est attach\u00e9 au masque, il a un deuxi\u00e8me col pour emp\u00eacher la poussi\u00e8re de p\u00e9n\u00e9trer dans la combinaison.<\/p>","protected":false},"excerpt":{"rendered":"<p>Kumlama Tulumu(Kuma\u015f) Kumlama tulumlar\u0131m\u0131z, toz ge\u00e7irmeyen, s\u0131k dokuma ve dayan\u0131kl\u0131 bir kuma\u015ftan imal edilmi\u015ftir. Maskeye ba\u011fland\u0131\u011f\u0131 noktadan toz girmesi halinde tozun, tulumun i\u00e7ine girmesine engel olacak ikinci bo\u011faz\u0131 mevcuttur.<\/p>","protected":false},"featured_media":1783,"comment_status":"open","ping_status":"closed","template":"","meta":{"jetpack_post_was_ever_published":false},"product_brand":[],"product_cat":[2326],"product_tag":[294,911,935,936,934],"class_list":{"0":"post-772","1":"product","2":"type-product","3":"status-publish","4":"has-post-thumbnail","6":"product_cat-kumlama-malzemeleri","7":"product_tag-dayanikli","8":"product_tag-kumlama","9":"product_tag-kumlama-tulumu","10":"product_tag-toz-gecirmez","11":"product_tag-tulum","13":"first","14":"instock","15":"taxable","16":"shipping-taxable","17":"product-type-simple"},"jetpack-related-posts":[{"id":9026,"url":"https:\/\/tuzlahortum.com.tr\/fr\/produit\/kumlama-tulumu-guderi\/","url_meta":{"origin":772,"position":0},"title":"Costume de sablage (Chamois)","author":"\u0130smail \u00c7elik","date":"2 avril 2019","format":false,"excerpt":"Combinaisons de sablage (Chamois)Comme on le sait, les op\u00e9rateurs travaillent dans des conditions tr\u00e8s difficiles en raison des produits consommables pulv\u00e9ris\u00e9s et de la poussi\u00e8re d\u00e9gag\u00e9e lors des op\u00e9rations de sablage. C'est pourquoi nous vendons des combinaisons de sablage sp\u00e9cialement fabriqu\u00e9es pour faciliter les mouvements et prot\u00e9ger les op\u00e9rateurs. La combinaison de sablage, produite en tailles L-XL-XXL et sp\u00e9cialement con\u00e7ue pour \u00eatre port\u00e9e dans le processus de sablage, peut \u00eatre utilis\u00e9e dans d'autres...","rel":"","context":"Article similaire","block_context":{"text":"Article similaire","link":""},"img":{"alt_text":"","src":"https:\/\/i0.wp.com\/tuzlahortum.com.tr\/wp-content\/uploads\/urunler\/Kumlama\/kumlama_tulumu_on.jpg?fit=250%2C275&ssl=1&resize=350%2C200","width":350,"height":200},"classes":[]},{"id":5256,"url":"https:\/\/tuzlahortum.com.tr\/fr\/produit\/telli-karbon-ufleme-hortumu\/","url_meta":{"origin":772,"position":1},"title":"Tuyau de soufflage en carbone filaire","author":"\u0130smail \u00c7elik","date":"27 f\u00e9vrier 2019","format":false,"excerpt":"Telli Karbon \u00dcfleme HortumuKULLANIM ALANLARI : Demir \u00c7elik Fabrikalar\u0131nda a\u015f\u0131nd\u0131r\u0131c\u0131 madde tozlar\u0131 ve k\u00f6m\u00fcr tozu emi\u015f ve bo\u015falt\u0131m\u0131nda kullan\u0131lan \u00f6zel hortumlard\u0131r. 10 BAR -30\u00b0C+85\u00b0C","rel":"","context":"Article similaire","block_context":{"text":"Article similaire","link":""},"img":{"alt_text":"","src":"https:\/\/i0.wp.com\/tuzlahortum.com.tr\/wp-content\/uploads\/urunler\/kaucuk\/superlas-telli-spiral-hortum.jpg?fit=360%2C270&ssl=1&resize=350%2C200","width":350,"height":200},"classes":[]},{"id":622,"url":"https:\/\/tuzlahortum.com.tr\/fr\/produit\/poliuretan-hortum\/","url_meta":{"origin":772,"position":2},"title":"Tuyau en polyur\u00e9thane","author":"admin","date":"6 f\u00e9vrier 2019","format":false,"excerpt":"Poli\u00fcretan HortumMATERYAL: Kuma\u015f Duvar\u0131 : \u00d6zel Premium ester-poli\u00fcretan \u2022 \u00a0Duvar Kal\u0131nl\u0131\u011f\u0131 : \u00a00,7 mm \u2022 \u00a0Standart Uzunluk : 10 mt. \u2022 Renk : \u00a0Transparent D\u0131\u015f Spiral : Bak\u0131r Spiral Tel -20 C \/ +90 C\u00a0 UYGULAMALAR: \u2022 \u00a0 A\u015f\u0131nd\u0131r\u0131c\u0131 materyallerin emilmesi ve transferi \u2022 \u00a0 K\u00fc\u00e7\u00fck tanecikli par\u00e7alar\u0131n transferi \u2022\u2026","rel":"","context":"Article similaire","block_context":{"text":"Article similaire","link":""},"img":{"alt_text":"","src":"https:\/\/i0.wp.com\/tuzlahortum.com.tr\/wp-content\/uploads\/2019\/02\/POL%C4%B0%C3%9CRETAN-2.jpg?fit=505%2C502&ssl=1&resize=350%2C200","width":350,"height":200},"classes":[]},{"id":761,"url":"https:\/\/tuzlahortum.com.tr\/fr\/produit\/kumlama-maskesicontracor\/","url_meta":{"origin":772,"position":3},"title":"Masque de sablage (Contracor)","author":"admin","date":"6 f\u00e9vrier 2019","format":false,"excerpt":"Masque de sablage (Contracor)","rel":"","context":"Article similaire","block_context":{"text":"Article similaire","link":""},"img":{"alt_text":"","src":"https:\/\/i0.wp.com\/tuzlahortum.com.tr\/wp-content\/uploads\/urunler\/Kumlama\/contracor-comfort-kumlama-maskesi-2.jpg?fit=250%2C250&ssl=1&resize=350%2C200","width":350,"height":200},"classes":[]},{"id":767,"url":"https:\/\/tuzlahortum.com.tr\/fr\/produit\/kumlama-maskesi\/","url_meta":{"origin":772,"position":4},"title":"Masque de sablage (plastique-polyester)","author":"admin","date":"6 f\u00e9vrier 2019","format":false,"excerpt":"Masque de sablage (plastique-polyester)","rel":"","context":"Article similaire","block_context":{"text":"Article similaire","link":""},"img":{"alt_text":"","src":"https:\/\/i0.wp.com\/tuzlahortum.com.tr\/wp-content\/uploads\/2019\/03\/kumlama-maskesi-polyester11.jpg?fit=396%2C627&ssl=1&resize=350%2C200","width":350,"height":200},"classes":[]},{"id":775,"url":"https:\/\/tuzlahortum.com.tr\/fr\/produit\/plastik-kumlama-nozul-tutucu\/","url_meta":{"origin":772,"position":5},"title":"Porte-buse de sablage en plastique","author":"admin","date":"6 f\u00e9vrier 2019","format":false,"excerpt":"Porte-buse de sablage en plastiquePorte-buse de sablage ; Il assure une connexion optimale avec le tuyau de sablage en maintenant fermement la buse gr\u00e2ce \u00e0 sa structure flexible et viss\u00e9e. Gr\u00e2ce \u00e0 sa structure l\u00e9g\u00e8re et non lourde, il ne fatigue pas l'op\u00e9rateur avec son poids pendant le processus de sablage et offre une utilisation ergonomique. Elle peut \u00eatre facilement mont\u00e9e sur le tuyau de sablage ou le tube de sablage gr\u00e2ce aux trous de vissage.","rel":"","context":"Article similaire","block_context":{"text":"Article similaire","link":""},"img":{"alt_text":"","src":"https:\/\/i0.wp.com\/tuzlahortum.com.tr\/wp-content\/uploads\/urunler\/Kumlama\/kumlama-nozul-tutucu.jpg?fit=233%2C216&ssl=1&resize=350%2C200","width":350,"height":200},"classes":[]}],"jetpack_sharing_enabled":true,"jetpack_likes_enabled":true,"_links":{"self":[{"href":"https:\/\/tuzlahortum.com.tr\/fr\/wp-json\/wp\/v2\/product\/772","targetHints":{"allow":["GET"]}}],"collection":[{"href":"https:\/\/tuzlahortum.com.tr\/fr\/wp-json\/wp\/v2\/product"}],"about":[{"href":"https:\/\/tuzlahortum.com.tr\/fr\/wp-json\/wp\/v2\/types\/product"}],"replies":[{"embeddable":true,"href":"https:\/\/tuzlahortum.com.tr\/fr\/wp-json\/wp\/v2\/comments?post=772"}],"wp:featuredmedia":[{"embeddable":true,"href":"https:\/\/tuzlahortum.com.tr\/fr\/wp-json\/wp\/v2\/media\/1783"}],"wp:attachment":[{"href":"https:\/\/tuzlahortum.com.tr\/fr\/wp-json\/wp\/v2\/media?parent=772"}],"wp:term":[{"taxonomy":"product_brand","embeddable":true,"href":"https:\/\/tuzlahortum.com.tr\/fr\/wp-json\/wp\/v2\/product_brand?post=772"},{"taxonomy":"product_cat","embeddable":true,"href":"https:\/\/tuzlahortum.com.tr\/fr\/wp-json\/wp\/v2\/product_cat?post=772"},{"taxonomy":"product_tag","embeddable":true,"href":"https:\/\/tuzlahortum.com.tr\/fr\/wp-json\/wp\/v2\/product_tag?post=772"}],"curies":[{"name":"wp","href":"https:\/\/api.w.org\/{rel}","templated":true}]}}