{"id":770,"date":"2019-02-06T23:53:39","date_gmt":"2019-02-06T20:53:39","guid":{"rendered":"http:\/\/hortum.com.tr\/product\/import-placeholder-for-113\/"},"modified":"2024-03-21T17:42:51","modified_gmt":"2024-03-21T14:42:51","slug":"kumlama-nozulu-gomme","status":"publish","type":"product","link":"https:\/\/tuzlahortum.com.tr\/fr\/produit\/kumlama-nozulu-gomme\/","title":{"rendered":"Buse de sablage \u2013 Encastr\u00e9e"},"content":{"rendered":"<h2>Buse de sablage \u2013 Encastr\u00e9e<\/h2>\n<p><span class=\"x-el x-el-span px_-ff-_Montserrat___sans-serif px_-fs-16 _mdpx_-fs-16 _lgpx_-fs-16 x-d-ux\" data-ux=\"Element\">Il a une capacit\u00e9 de travail de 400 heures. Il est utilis\u00e9 pour le sablage de zones \u00e9troites en offrant une maniabilit\u00e9.<\/span><\/p>\n<p><span class=\"x-el x-el-span px_-ff-_Montserrat___sans-serif px_-fs-16 _mdpx_-fs-16 _lgpx_-fs-16 x-d-ux\" data-ux=\"Element\"> Vous pouvez choisir entre des diam\u00e8tres de trou de 6,5 mm \u00e0 12,5 mm en fonction de votre zone d&#039;utilisation. <\/span><\/p>\n<p><span class=\"x-el x-el-span px_-ff-_Montserrat___sans-serif px_-fs-16 _mdpx_-fs-16 _lgpx_-fs-16 x-d-ux\" data-ux=\"Element\">La buse encastr\u00e9e HTC de diam\u00e8tre int\u00e9rieur 32 mm est utilis\u00e9e dans les tuyaux de 1 \u00bc&quot;. Pour les tuyaux de 1&quot;, un diam\u00e8tre int\u00e9rieur GTC de 25 mm est utilis\u00e9.\u00a0\u00a0<\/span><\/p>\n<p>Il mesure 120 mm de long.<\/p>","protected":false},"excerpt":{"rendered":"<p>Kumlama Nozulu &#8211; G\u00f6mme 400 saat \u00e7al\u0131\u015fma kapasitelidir. Manevra kabiliyeti sa\u011flayarak dar alanlar\u0131 kumlamada kullan\u0131l\u0131r. 6,5mm den 12,5mm \u00a0delik \u00e7aplar\u0131na kadar kullan\u0131m alan\u0131n\u0131za g\u00f6re tercih edebilirsiniz. 1 \u00bc\u201d hortumlarda HTC g\u00f6mme nozul i\u00e7 \u00e7ap\u0131 32mm kullan\u0131l\u0131r. 1\u201d hortumlarda GTC ise i\u00e7 \u00e7ap\u0131 25mm kullan\u0131l\u0131r.\u00a0\u00a0 120mm uzunlu\u011fundad\u0131r.<\/p>","protected":false},"featured_media":1793,"comment_status":"open","ping_status":"closed","template":"","meta":{"jetpack_post_was_ever_published":false},"product_brand":[],"product_cat":[2326],"product_tag":[931,911,925,924],"class_list":{"0":"post-770","1":"product","2":"type-product","3":"status-publish","4":"has-post-thumbnail","6":"product_cat-kumlama-malzemeleri","7":"product_tag-gomme","8":"product_tag-kumlama","9":"product_tag-kumlama-nozulu","10":"product_tag-nozul","12":"first","13":"instock","14":"taxable","15":"shipping-taxable","16":"product-type-variable"},"jetpack-related-posts":[{"id":9251,"url":"https:\/\/tuzlahortum.com.tr\/fr\/produit\/kumlama-nozulu-gomme-kopya\/","url_meta":{"origin":770,"position":0},"title":"Buse de sablage \u2013 Encastr\u00e9e (Kennametal)","author":"\u0130smail \u00c7elik","date":"21 janvier 2020","format":false,"excerpt":"Buse de sablage - Encastr\u00e9e (Kennametal)","rel":"","context":"Article similaire","block_context":{"text":"Article similaire","link":""},"img":{"alt_text":"","src":"https:\/\/i0.wp.com\/tuzlahortum.com.tr\/wp-content\/uploads\/2020\/01\/Kennametal-Nozul-5.jpeg?fit=900%2C1200&ssl=1&resize=350%2C200","width":350,"height":200,"srcset":"https:\/\/i0.wp.com\/tuzlahortum.com.tr\/wp-content\/uploads\/2020\/01\/Kennametal-Nozul-5.jpeg?fit=900%2C1200&ssl=1&resize=350%2C200 1x, https:\/\/i0.wp.com\/tuzlahortum.com.tr\/wp-content\/uploads\/2020\/01\/Kennametal-Nozul-5.jpeg?fit=900%2C1200&ssl=1&resize=525%2C300 1.5x, https:\/\/i0.wp.com\/tuzlahortum.com.tr\/wp-content\/uploads\/2020\/01\/Kennametal-Nozul-5.jpeg?fit=900%2C1200&ssl=1&resize=700%2C400 2x"},"classes":[]},{"id":768,"url":"https:\/\/tuzlahortum.com.tr\/fr\/produit\/kumlama-nozulu-boron-carbide\/","url_meta":{"origin":770,"position":1},"title":"Buse de sablage (carbure de bore)","author":"admin","date":"6 f\u00e9vrier 2019","format":false,"excerpt":"Kumlama Nozulu (Boron Carbide)\u00a0Boron carbide \u00f6zelli\u011fine sahip 1000 saat \u00e7al\u0131\u015fma kapasiteli kumlama nozuludur. 6,5mm den 12,5mm delik \u00e7aplar\u0131na kadar kullan\u0131m alan\u0131n\u0131za g\u00f6re tercih edebilirsiniz. 130mm uzunlu\u011fundad\u0131r.","rel":"","context":"Article similaire","block_context":{"text":"Article similaire","link":""},"img":{"alt_text":"","src":"https:\/\/i0.wp.com\/tuzlahortum.com.tr\/wp-content\/uploads\/urunler\/Kumlama\/kumlama_nozulu.jpg?fit=380%2C298&ssl=1&resize=350%2C200","width":350,"height":200},"classes":[]},{"id":775,"url":"https:\/\/tuzlahortum.com.tr\/fr\/produit\/plastik-kumlama-nozul-tutucu\/","url_meta":{"origin":770,"position":2},"title":"Porte-buse de sablage en plastique","author":"admin","date":"6 f\u00e9vrier 2019","format":false,"excerpt":"Porte-buse de sablage en plastiquePorte-buse de sablage ; Il assure une connexion optimale avec le tuyau de sablage en maintenant fermement la buse gr\u00e2ce \u00e0 sa structure flexible et viss\u00e9e. Gr\u00e2ce \u00e0 sa structure l\u00e9g\u00e8re et non lourde, il ne fatigue pas l'op\u00e9rateur avec son poids pendant le processus de sablage et offre une utilisation ergonomique. Elle peut \u00eatre facilement mont\u00e9e sur le tuyau de sablage ou le tube de sablage gr\u00e2ce aux trous de vissage.","rel":"","context":"Article similaire","block_context":{"text":"Article similaire","link":""},"img":{"alt_text":"","src":"https:\/\/i0.wp.com\/tuzlahortum.com.tr\/wp-content\/uploads\/urunler\/Kumlama\/kumlama-nozul-tutucu.jpg?fit=233%2C216&ssl=1&resize=350%2C200","width":350,"height":200},"classes":[]},{"id":9054,"url":"https:\/\/tuzlahortum.com.tr\/fr\/produit\/kumlama-nozulu-performer-nozul-1000\/","url_meta":{"origin":770,"position":3},"title":"Buse de sablage \u2013 Buse Performer 1000","author":"\u0130smail \u00c7elik","date":"9 avril 2019","format":false,"excerpt":"Buse de sablage - Performer Nozzle 1000Performer est un mod\u00e8le avanc\u00e9 aux performances \u00e9lev\u00e9es. Elle est \u00e9quip\u00e9e d'un rev\u00eatement tr\u00e8s r\u00e9sistant \u00e0 l'abrasion et d'un manchon en polyur\u00e9thane robuste et l\u00e9ger. La s\u00e9rie de buses de sablage Performer de Contracor convient au sablage \u00e0 l'oxyde d'aluminium, au carbure de silicium, \u00e0 la grenaille d'acier ou au sablage hautement abrasif. Elle est disponible en cinq tailles diff\u00e9rentes. Il est possible d'ajuster l'alimentation en air comprim\u00e9 et...","rel":"","context":"Article similaire","block_context":{"text":"Article similaire","link":""},"img":{"alt_text":"","src":"https:\/\/i0.wp.com\/tuzlahortum.com.tr\/wp-content\/uploads\/2019\/04\/performer-1000.png?fit=650%2C325&ssl=1&resize=350%2C200","width":350,"height":200,"srcset":"https:\/\/i0.wp.com\/tuzlahortum.com.tr\/wp-content\/uploads\/2019\/04\/performer-1000.png?fit=650%2C325&ssl=1&resize=350%2C200 1x, https:\/\/i0.wp.com\/tuzlahortum.com.tr\/wp-content\/uploads\/2019\/04\/performer-1000.png?fit=650%2C325&ssl=1&resize=525%2C300 1.5x"},"classes":[]},{"id":9042,"url":"https:\/\/tuzlahortum.com.tr\/fr\/produit\/kumlama-nozulu-performer-nozul-400\/","url_meta":{"origin":770,"position":4},"title":"Buse de sablage \u2013 Buse Performer 400","author":"\u0130smail \u00c7elik","date":"9 avril 2019","format":false,"excerpt":"Buse de sablage - Performer Nozzle 400Performer est un mod\u00e8le avanc\u00e9 aux performances \u00e9lev\u00e9es. Elle est \u00e9quip\u00e9e d'un rev\u00eatement tr\u00e8s r\u00e9sistant \u00e0 l'abrasion et d'un couvercle en polyur\u00e9thane robuste et l\u00e9ger. Les buses de sablage de la s\u00e9rie Performer de Contracor conviennent au sablage \u00e0 l'oxyde d'aluminium, au carbure de silicium, \u00e0 la grenaille d'acier ou au sablage hautement abrasif. Elles sont disponibles en cinq tailles diff\u00e9rentes. Il est possible d'ajuster l'alimentation en air comprim\u00e9 et...","rel":"","context":"Article similaire","block_context":{"text":"Article similaire","link":""},"img":{"alt_text":"","src":"https:\/\/i0.wp.com\/tuzlahortum.com.tr\/wp-content\/uploads\/2019\/04\/performer-400.png?fit=650%2C323&ssl=1&resize=350%2C200","width":350,"height":200,"srcset":"https:\/\/i0.wp.com\/tuzlahortum.com.tr\/wp-content\/uploads\/2019\/04\/performer-400.png?fit=650%2C323&ssl=1&resize=350%2C200 1x, https:\/\/i0.wp.com\/tuzlahortum.com.tr\/wp-content\/uploads\/2019\/04\/performer-400.png?fit=650%2C323&ssl=1&resize=525%2C300 1.5x"},"classes":[]},{"id":9048,"url":"https:\/\/tuzlahortum.com.tr\/fr\/produit\/kumlama-nozulu-performer-nozul-600\/","url_meta":{"origin":770,"position":5},"title":"Buse de sablage \u2013 Buse Performer 600","author":"\u0130smail \u00c7elik","date":"9 avril 2019","format":false,"excerpt":"Buse de sablage - Performer Nozzle 600Performer est un mod\u00e8le avanc\u00e9 aux performances \u00e9lev\u00e9es. Elle est \u00e9quip\u00e9e d'un rev\u00eatement tr\u00e8s r\u00e9sistant \u00e0 l'abrasion et d'un couvercle en polyur\u00e9thane robuste et l\u00e9ger. La gamme de buses de sablage Contracor Performer convient au sablage \u00e0 l'oxyde d'aluminium, au carbure de silicium, \u00e0 la grenaille d'acier ou au sablage hautement abrasif. Elles sont disponibles en cinq tailles diff\u00e9rentes. Pour r\u00e9gler l'alimentation en air comprim\u00e9 et...","rel":"","context":"Article similaire","block_context":{"text":"Article similaire","link":""},"img":{"alt_text":"","src":"https:\/\/i0.wp.com\/tuzlahortum.com.tr\/wp-content\/uploads\/2019\/04\/performer-600.png?fit=650%2C304&ssl=1&resize=350%2C200","width":350,"height":200,"srcset":"https:\/\/i0.wp.com\/tuzlahortum.com.tr\/wp-content\/uploads\/2019\/04\/performer-600.png?fit=650%2C304&ssl=1&resize=350%2C200 1x, https:\/\/i0.wp.com\/tuzlahortum.com.tr\/wp-content\/uploads\/2019\/04\/performer-600.png?fit=650%2C304&ssl=1&resize=525%2C300 1.5x"},"classes":[]}],"jetpack_sharing_enabled":true,"jetpack_likes_enabled":true,"_links":{"self":[{"href":"https:\/\/tuzlahortum.com.tr\/fr\/wp-json\/wp\/v2\/product\/770","targetHints":{"allow":["GET"]}}],"collection":[{"href":"https:\/\/tuzlahortum.com.tr\/fr\/wp-json\/wp\/v2\/product"}],"about":[{"href":"https:\/\/tuzlahortum.com.tr\/fr\/wp-json\/wp\/v2\/types\/product"}],"replies":[{"embeddable":true,"href":"https:\/\/tuzlahortum.com.tr\/fr\/wp-json\/wp\/v2\/comments?post=770"}],"wp:featuredmedia":[{"embeddable":true,"href":"https:\/\/tuzlahortum.com.tr\/fr\/wp-json\/wp\/v2\/media\/1793"}],"wp:attachment":[{"href":"https:\/\/tuzlahortum.com.tr\/fr\/wp-json\/wp\/v2\/media?parent=770"}],"wp:term":[{"taxonomy":"product_brand","embeddable":true,"href":"https:\/\/tuzlahortum.com.tr\/fr\/wp-json\/wp\/v2\/product_brand?post=770"},{"taxonomy":"product_cat","embeddable":true,"href":"https:\/\/tuzlahortum.com.tr\/fr\/wp-json\/wp\/v2\/product_cat?post=770"},{"taxonomy":"product_tag","embeddable":true,"href":"https:\/\/tuzlahortum.com.tr\/fr\/wp-json\/wp\/v2\/product_tag?post=770"}],"curies":[{"name":"wp","href":"https:\/\/api.w.org\/{rel}","templated":true}]}}