{"id":769,"date":"2019-02-06T23:53:39","date_gmt":"2019-02-06T20:53:39","guid":{"rendered":"http:\/\/hortum.com.tr\/product\/import-placeholder-for-118\/"},"modified":"2024-03-21T17:42:52","modified_gmt":"2024-03-21T14:42:52","slug":"kisa-kumlama-nozulu-venturi","status":"publish","type":"product","link":"https:\/\/tuzlahortum.com.tr\/fr\/produit\/kisa-kumlama-nozulu-venturi\/","title":{"rendered":"Buse de sablage courte - Venturi"},"content":{"rendered":"<h2>Buse de sablage courte - Venturi<\/h2>\n<h5 style=\"font-weight: 400;\">BUSE DE TYPE STC<\/h5>\n<h5 style=\"font-weight: 400;\">Les buses de sablage Venturi courtes r\u00e9sistantes \u00e0 l&#039;usure sont en carbure de tungst\u00e8ne (TC).<\/h5>\n<h5 style=\"font-weight: 400;\">Dur\u00e9e de vie : 400 heures<\/h5>\n<h5 style=\"font-weight: 400;\">Gaine : Caoutchouc<\/h5>\n<h5 style=\"font-weight: 400;\">Filetage : Caoutchouc, adapt\u00e9 au porte-buse NHP de 50 mm.<\/h5>\n<h5 style=\"font-weight: 400;\">Taille d&#039;entr\u00e9e : 25 mm<\/h5>\n<table width=\"732\">\n<tbody>\n<tr>\n<td width=\"130\"><strong>Num\u00e9ro d&#039;article<\/strong><\/td>\n<td colspan=\"2\" width=\"142\"><strong>Taper<\/strong><\/td>\n<td width=\"461\"><strong>La description<\/strong><\/td>\n<\/tr>\n<tr>\n<td width=\"130\">10112570<\/td>\n<td width=\"130\">STC-5.0<\/td>\n<td colspan=\"2\" width=\"473\">Buse Venturi courte, carbure de tungst\u00e8ne, 5,0 mm x 80 mm<\/td>\n<\/tr>\n<tr>\n<td width=\"130\">10112571<\/td>\n<td width=\"130\">STC-6.5<\/td>\n<td colspan=\"2\" width=\"473\">Buse Venturi courte, carbure de tungst\u00e8ne, 6,5 mm x 80 mm<\/td>\n<\/tr>\n<tr>\n<td width=\"130\">10112572<\/td>\n<td width=\"130\">STC-8.0<\/td>\n<td colspan=\"2\" width=\"473\">Buse Venturi courte, carbure de tungst\u00e8ne, 8,0 mm x 80 mm<\/td>\n<\/tr>\n<tr>\n<td width=\"130\">10112573<\/td>\n<td width=\"130\">STC-9.5<\/td>\n<td colspan=\"2\" width=\"473\">Buse Venturi courte, carbure de tungst\u00e8ne, 9,5 mm x 80 mm<\/td>\n<\/tr>\n<tr>\n<td width=\"130\">10112574<\/td>\n<td width=\"130\">STC-11.0<\/td>\n<td colspan=\"2\" width=\"473\">Buse Venturi courte, carbure de tungst\u00e8ne, 11,0 mm x 80 mm<\/td>\n<\/tr>\n<tr>\n<td width=\"130\">10112575<\/td>\n<td width=\"130\">STC-12.5<\/td>\n<td colspan=\"2\" width=\"473\">Buse Venturi courte, carbure de tungst\u00e8ne, 12,5 mm x 80 mm<\/td>\n<\/tr>\n<\/tbody>\n<\/table>","protected":false},"excerpt":{"rendered":"<p>K\u0131sa Kumlama Nozulu -Venturi STC TIP NOZUL A\u015f\u0131nmaya dayan\u0131kl\u0131 K\u0131sa Venturi kumlama nozullar\u0131 tungsten karb\u00fcrden (TC) yap\u0131lm\u0131\u015ft\u0131r. Servis \u00f6mr\u00fc: 400 saat K\u0131l\u0131f: Kau\u00e7uk Di\u015fli: Kau\u00e7uk, 50 mm NHP nozul tutucusuna uygun. Giri\u015f \u00f6l\u00e7\u00fcs\u00fc: 25 mm Article No. Type Description 10112570 STC-5.0 Short Venturi nozzle, tungsten carbide, 5.0 mm x 80 mm 10112571 STC-6.5 Short Venturi [&#8230;]\n","protected":false},"featured_media":9041,"comment_status":"open","ping_status":"closed","template":"","meta":{"jetpack_post_was_ever_published":false},"product_brand":[],"product_cat":[2326],"product_tag":[930,911,928,924,932],"class_list":{"0":"post-769","1":"product","2":"type-product","3":"status-publish","4":"has-post-thumbnail","6":"product_cat-kumlama-malzemeleri","7":"product_tag-kisa","8":"product_tag-kumlama","9":"product_tag-kumlama-nozulu-kisa","10":"product_tag-nozul","11":"product_tag-venturi","13":"first","14":"instock","15":"taxable","16":"shipping-taxable","17":"product-type-variable"},"jetpack-related-posts":[{"id":771,"url":"https:\/\/tuzlahortum.com.tr\/fr\/produit\/kumlama-nozulu-venturi-tungsten\/","url_meta":{"origin":769,"position":0},"title":"Buse de sablage \u2013 Venturi (tungst\u00e8ne)","author":"admin","date":"6 f\u00e9vrier 2019","format":false,"excerpt":"Kumlama Nozulu - Venturi (Tungsten)RTC TIP NOZUL A\u015f\u0131nmaya dayan\u0131kl\u0131 Venturi kumlama nozullar\u0131 tungsten karb\u00fcrden (TC) yap\u0131lm\u0131\u015ft\u0131r. Servis \u00f6mr\u00fc: 400 saat K\u0131l\u0131f: Kau\u00e7uk Di\u015fli: Kau\u00e7uk, 50 mm NHP nozul tutucusuna uygun. Giri\u015f \u00f6l\u00e7\u00fcs\u00fc: 32 mm Article No. Type Description 10112062 RTC-6.5 Venturi nozzle, tungsten carbide, 6.5 mm x 130 mm 10112063\u2026","rel":"","context":"Article similaire","block_context":{"text":"Article similaire","link":""},"img":{"alt_text":"","src":"https:\/\/i0.wp.com\/tuzlahortum.com.tr\/wp-content\/uploads\/urunler\/Kumlama\/kumlama_nozulu.jpg?fit=380%2C298&ssl=1&resize=350%2C200","width":350,"height":200},"classes":[]},{"id":9042,"url":"https:\/\/tuzlahortum.com.tr\/fr\/produit\/kumlama-nozulu-performer-nozul-400\/","url_meta":{"origin":769,"position":1},"title":"Buse de sablage \u2013 Buse Performer 400","author":"\u0130smail \u00c7elik","date":"9 avril 2019","format":false,"excerpt":"Buse de sablage - Performer Nozzle 400Performer est un mod\u00e8le avanc\u00e9 aux performances \u00e9lev\u00e9es. Elle est \u00e9quip\u00e9e d'un rev\u00eatement tr\u00e8s r\u00e9sistant \u00e0 l'abrasion et d'un couvercle en polyur\u00e9thane robuste et l\u00e9ger. Les buses de sablage de la s\u00e9rie Performer de Contracor conviennent au sablage \u00e0 l'oxyde d'aluminium, au carbure de silicium, \u00e0 la grenaille d'acier ou au sablage hautement abrasif. Elles sont disponibles en cinq tailles diff\u00e9rentes. Il est possible d'ajuster l'alimentation en air comprim\u00e9 et...","rel":"","context":"Article similaire","block_context":{"text":"Article similaire","link":""},"img":{"alt_text":"","src":"https:\/\/i0.wp.com\/tuzlahortum.com.tr\/wp-content\/uploads\/2019\/04\/performer-400.png?fit=650%2C323&ssl=1&resize=350%2C200","width":350,"height":200,"srcset":"https:\/\/i0.wp.com\/tuzlahortum.com.tr\/wp-content\/uploads\/2019\/04\/performer-400.png?fit=650%2C323&ssl=1&resize=350%2C200 1x, https:\/\/i0.wp.com\/tuzlahortum.com.tr\/wp-content\/uploads\/2019\/04\/performer-400.png?fit=650%2C323&ssl=1&resize=525%2C300 1.5x"},"classes":[]},{"id":9054,"url":"https:\/\/tuzlahortum.com.tr\/fr\/produit\/kumlama-nozulu-performer-nozul-1000\/","url_meta":{"origin":769,"position":2},"title":"Buse de sablage \u2013 Buse Performer 1000","author":"\u0130smail \u00c7elik","date":"9 avril 2019","format":false,"excerpt":"Buse de sablage - Performer Nozzle 1000Performer est un mod\u00e8le avanc\u00e9 aux performances \u00e9lev\u00e9es. Elle est \u00e9quip\u00e9e d'un rev\u00eatement tr\u00e8s r\u00e9sistant \u00e0 l'abrasion et d'un manchon en polyur\u00e9thane robuste et l\u00e9ger. La s\u00e9rie de buses de sablage Performer de Contracor convient au sablage \u00e0 l'oxyde d'aluminium, au carbure de silicium, \u00e0 la grenaille d'acier ou au sablage hautement abrasif. Elle est disponible en cinq tailles diff\u00e9rentes. Il est possible d'ajuster l'alimentation en air comprim\u00e9 et...","rel":"","context":"Article similaire","block_context":{"text":"Article similaire","link":""},"img":{"alt_text":"","src":"https:\/\/i0.wp.com\/tuzlahortum.com.tr\/wp-content\/uploads\/2019\/04\/performer-1000.png?fit=650%2C325&ssl=1&resize=350%2C200","width":350,"height":200,"srcset":"https:\/\/i0.wp.com\/tuzlahortum.com.tr\/wp-content\/uploads\/2019\/04\/performer-1000.png?fit=650%2C325&ssl=1&resize=350%2C200 1x, https:\/\/i0.wp.com\/tuzlahortum.com.tr\/wp-content\/uploads\/2019\/04\/performer-1000.png?fit=650%2C325&ssl=1&resize=525%2C300 1.5x"},"classes":[]},{"id":9048,"url":"https:\/\/tuzlahortum.com.tr\/fr\/produit\/kumlama-nozulu-performer-nozul-600\/","url_meta":{"origin":769,"position":3},"title":"Buse de sablage \u2013 Buse Performer 600","author":"\u0130smail \u00c7elik","date":"9 avril 2019","format":false,"excerpt":"Buse de sablage - Performer Nozzle 600Performer est un mod\u00e8le avanc\u00e9 aux performances \u00e9lev\u00e9es. Elle est \u00e9quip\u00e9e d'un rev\u00eatement tr\u00e8s r\u00e9sistant \u00e0 l'abrasion et d'un couvercle en polyur\u00e9thane robuste et l\u00e9ger. La gamme de buses de sablage Contracor Performer convient au sablage \u00e0 l'oxyde d'aluminium, au carbure de silicium, \u00e0 la grenaille d'acier ou au sablage hautement abrasif. Elles sont disponibles en cinq tailles diff\u00e9rentes. Pour r\u00e9gler l'alimentation en air comprim\u00e9 et...","rel":"","context":"Article similaire","block_context":{"text":"Article similaire","link":""},"img":{"alt_text":"","src":"https:\/\/i0.wp.com\/tuzlahortum.com.tr\/wp-content\/uploads\/2019\/04\/performer-600.png?fit=650%2C304&ssl=1&resize=350%2C200","width":350,"height":200,"srcset":"https:\/\/i0.wp.com\/tuzlahortum.com.tr\/wp-content\/uploads\/2019\/04\/performer-600.png?fit=650%2C304&ssl=1&resize=350%2C200 1x, https:\/\/i0.wp.com\/tuzlahortum.com.tr\/wp-content\/uploads\/2019\/04\/performer-600.png?fit=650%2C304&ssl=1&resize=525%2C300 1.5x"},"classes":[]},{"id":768,"url":"https:\/\/tuzlahortum.com.tr\/fr\/produit\/kumlama-nozulu-boron-carbide\/","url_meta":{"origin":769,"position":4},"title":"Buse de sablage (carbure de bore)","author":"admin","date":"6 f\u00e9vrier 2019","format":false,"excerpt":"Kumlama Nozulu (Boron Carbide)\u00a0Boron carbide \u00f6zelli\u011fine sahip 1000 saat \u00e7al\u0131\u015fma kapasiteli kumlama nozuludur. 6,5mm den 12,5mm delik \u00e7aplar\u0131na kadar kullan\u0131m alan\u0131n\u0131za g\u00f6re tercih edebilirsiniz. 130mm uzunlu\u011fundad\u0131r.","rel":"","context":"Article similaire","block_context":{"text":"Article similaire","link":""},"img":{"alt_text":"","src":"https:\/\/i0.wp.com\/tuzlahortum.com.tr\/wp-content\/uploads\/urunler\/Kumlama\/kumlama_nozulu.jpg?fit=380%2C298&ssl=1&resize=350%2C200","width":350,"height":200},"classes":[]},{"id":9251,"url":"https:\/\/tuzlahortum.com.tr\/fr\/produit\/kumlama-nozulu-gomme-kopya\/","url_meta":{"origin":769,"position":5},"title":"Buse de sablage \u2013 Encastr\u00e9e (Kennametal)","author":"\u0130smail \u00c7elik","date":"21 janvier 2020","format":false,"excerpt":"Buse de sablage - Encastr\u00e9e (Kennametal)","rel":"","context":"Article similaire","block_context":{"text":"Article similaire","link":""},"img":{"alt_text":"","src":"https:\/\/i0.wp.com\/tuzlahortum.com.tr\/wp-content\/uploads\/2020\/01\/Kennametal-Nozul-5.jpeg?fit=900%2C1200&ssl=1&resize=350%2C200","width":350,"height":200,"srcset":"https:\/\/i0.wp.com\/tuzlahortum.com.tr\/wp-content\/uploads\/2020\/01\/Kennametal-Nozul-5.jpeg?fit=900%2C1200&ssl=1&resize=350%2C200 1x, https:\/\/i0.wp.com\/tuzlahortum.com.tr\/wp-content\/uploads\/2020\/01\/Kennametal-Nozul-5.jpeg?fit=900%2C1200&ssl=1&resize=525%2C300 1.5x, https:\/\/i0.wp.com\/tuzlahortum.com.tr\/wp-content\/uploads\/2020\/01\/Kennametal-Nozul-5.jpeg?fit=900%2C1200&ssl=1&resize=700%2C400 2x"},"classes":[]}],"jetpack_sharing_enabled":true,"jetpack_likes_enabled":true,"_links":{"self":[{"href":"https:\/\/tuzlahortum.com.tr\/fr\/wp-json\/wp\/v2\/product\/769","targetHints":{"allow":["GET"]}}],"collection":[{"href":"https:\/\/tuzlahortum.com.tr\/fr\/wp-json\/wp\/v2\/product"}],"about":[{"href":"https:\/\/tuzlahortum.com.tr\/fr\/wp-json\/wp\/v2\/types\/product"}],"replies":[{"embeddable":true,"href":"https:\/\/tuzlahortum.com.tr\/fr\/wp-json\/wp\/v2\/comments?post=769"}],"wp:featuredmedia":[{"embeddable":true,"href":"https:\/\/tuzlahortum.com.tr\/fr\/wp-json\/wp\/v2\/media\/9041"}],"wp:attachment":[{"href":"https:\/\/tuzlahortum.com.tr\/fr\/wp-json\/wp\/v2\/media?parent=769"}],"wp:term":[{"taxonomy":"product_brand","embeddable":true,"href":"https:\/\/tuzlahortum.com.tr\/fr\/wp-json\/wp\/v2\/product_brand?post=769"},{"taxonomy":"product_cat","embeddable":true,"href":"https:\/\/tuzlahortum.com.tr\/fr\/wp-json\/wp\/v2\/product_cat?post=769"},{"taxonomy":"product_tag","embeddable":true,"href":"https:\/\/tuzlahortum.com.tr\/fr\/wp-json\/wp\/v2\/product_tag?post=769"}],"curies":[{"name":"wp","href":"https:\/\/api.w.org\/{rel}","templated":true}]}}