{"id":768,"date":"2019-02-06T23:53:39","date_gmt":"2019-02-06T20:53:39","guid":{"rendered":"http:\/\/hortum.com.tr\/product\/import-placeholder-for-112\/"},"modified":"2024-03-21T17:42:53","modified_gmt":"2024-03-21T14:42:53","slug":"kumlama-nozulu-boron-carbide","status":"publish","type":"product","link":"https:\/\/tuzlahortum.com.tr\/fr\/produit\/kumlama-nozulu-boron-carbide\/","title":{"rendered":"Buse de sablage (carbure de bore)"},"content":{"rendered":"<h2>Buse de sablage (carbure de bore)<\/h2>\n<p><span class=\"x-el x-el-span px_-ff-_Montserrat___sans-serif px_-fs-16 _mdpx_-fs-16 _lgpx_-fs-16 x-d-ux\" data-ux=\"Element\">\u00a0Il s&#039;agit d&#039;une buse de sablage avec une fonction de carbure de bore et une capacit\u00e9 de travail de 1000 heures. <\/span><\/p>\n<p><span class=\"x-el x-el-span px_-ff-_Montserrat___sans-serif px_-fs-16 _mdpx_-fs-16 _lgpx_-fs-16 x-d-ux\" data-ux=\"Element\">Vous pouvez choisir entre des diam\u00e8tres de trou de 6,5 mm \u00e0 12,5 mm en fonction de votre zone d&#039;utilisation.<\/span><\/p>\n<p>Il mesure 130 mm de long.<\/p>","protected":false},"excerpt":{"rendered":"<p>Kumlama Nozulu (Boron Carbide) \u00a0Boron carbide \u00f6zelli\u011fine sahip 1000 saat \u00e7al\u0131\u015fma kapasiteli kumlama nozuludur. 6,5mm den 12,5mm delik \u00e7aplar\u0131na kadar kullan\u0131m alan\u0131n\u0131za g\u00f6re tercih edebilirsiniz. 130mm uzunlu\u011fundad\u0131r.<\/p>","protected":false},"featured_media":1784,"comment_status":"open","ping_status":"closed","template":"","meta":{"jetpack_post_was_ever_published":false},"product_brand":[],"product_cat":[2326],"product_tag":[926,927,911,925,924],"class_list":{"0":"post-768","1":"product","2":"type-product","3":"status-publish","4":"has-post-thumbnail","6":"product_cat-kumlama-malzemeleri","7":"product_tag-boron","8":"product_tag-boron-carbide","9":"product_tag-kumlama","10":"product_tag-kumlama-nozulu","11":"product_tag-nozul","13":"first","14":"instock","15":"taxable","16":"shipping-taxable","17":"product-type-variable"},"jetpack-related-posts":[{"id":9054,"url":"https:\/\/tuzlahortum.com.tr\/fr\/produit\/kumlama-nozulu-performer-nozul-1000\/","url_meta":{"origin":768,"position":0},"title":"Buse de sablage \u2013 Buse Performer 1000","author":"\u0130smail \u00c7elik","date":"9 avril 2019","format":false,"excerpt":"Buse de sablage - Performer Nozzle 1000Performer est un mod\u00e8le avanc\u00e9 aux performances \u00e9lev\u00e9es. Elle est \u00e9quip\u00e9e d'un rev\u00eatement tr\u00e8s r\u00e9sistant \u00e0 l'abrasion et d'un manchon en polyur\u00e9thane robuste et l\u00e9ger. La s\u00e9rie de buses de sablage Performer de Contracor convient au sablage \u00e0 l'oxyde d'aluminium, au carbure de silicium, \u00e0 la grenaille d'acier ou au sablage hautement abrasif. Elle est disponible en cinq tailles diff\u00e9rentes. Il est possible d'ajuster l'alimentation en air comprim\u00e9 et...","rel":"","context":"Article similaire","block_context":{"text":"Article similaire","link":""},"img":{"alt_text":"","src":"https:\/\/i0.wp.com\/tuzlahortum.com.tr\/wp-content\/uploads\/2019\/04\/performer-1000.png?fit=650%2C325&ssl=1&resize=350%2C200","width":350,"height":200,"srcset":"https:\/\/i0.wp.com\/tuzlahortum.com.tr\/wp-content\/uploads\/2019\/04\/performer-1000.png?fit=650%2C325&ssl=1&resize=350%2C200 1x, https:\/\/i0.wp.com\/tuzlahortum.com.tr\/wp-content\/uploads\/2019\/04\/performer-1000.png?fit=650%2C325&ssl=1&resize=525%2C300 1.5x"},"classes":[]},{"id":769,"url":"https:\/\/tuzlahortum.com.tr\/fr\/produit\/kisa-kumlama-nozulu-venturi\/","url_meta":{"origin":768,"position":1},"title":"Buse de sablage courte - Venturi","author":"admin","date":"6 f\u00e9vrier 2019","format":false,"excerpt":"K\u0131sa Kumlama Nozulu -VenturiSTC TIP NOZUL A\u015f\u0131nmaya dayan\u0131kl\u0131 K\u0131sa Venturi kumlama nozullar\u0131 tungsten karb\u00fcrden (TC) yap\u0131lm\u0131\u015ft\u0131r. Servis \u00f6mr\u00fc: 400 saat K\u0131l\u0131f: Kau\u00e7uk Di\u015fli: Kau\u00e7uk, 50 mm NHP nozul tutucusuna uygun. Giri\u015f \u00f6l\u00e7\u00fcs\u00fc: 25 mm Article No. Type Description 10112570 STC-5.0 Short Venturi nozzle, tungsten carbide, 5.0 mm x 80 mm\u2026","rel":"","context":"Article similaire","block_context":{"text":"Article similaire","link":""},"img":{"alt_text":"","src":"https:\/\/i0.wp.com\/tuzlahortum.com.tr\/wp-content\/uploads\/2019\/04\/k%C4%B1sa-kumlama-nozulu.jpg?fit=500%2C500&ssl=1&resize=350%2C200","width":350,"height":200},"classes":[]},{"id":771,"url":"https:\/\/tuzlahortum.com.tr\/fr\/produit\/kumlama-nozulu-venturi-tungsten\/","url_meta":{"origin":768,"position":2},"title":"Buse de sablage \u2013 Venturi (tungst\u00e8ne)","author":"admin","date":"6 f\u00e9vrier 2019","format":false,"excerpt":"Kumlama Nozulu - Venturi (Tungsten)RTC TIP NOZUL A\u015f\u0131nmaya dayan\u0131kl\u0131 Venturi kumlama nozullar\u0131 tungsten karb\u00fcrden (TC) yap\u0131lm\u0131\u015ft\u0131r. Servis \u00f6mr\u00fc: 400 saat K\u0131l\u0131f: Kau\u00e7uk Di\u015fli: Kau\u00e7uk, 50 mm NHP nozul tutucusuna uygun. Giri\u015f \u00f6l\u00e7\u00fcs\u00fc: 32 mm Article No. Type Description 10112062 RTC-6.5 Venturi nozzle, tungsten carbide, 6.5 mm x 130 mm 10112063\u2026","rel":"","context":"Article similaire","block_context":{"text":"Article similaire","link":""},"img":{"alt_text":"","src":"https:\/\/i0.wp.com\/tuzlahortum.com.tr\/wp-content\/uploads\/urunler\/Kumlama\/kumlama_nozulu.jpg?fit=380%2C298&ssl=1&resize=350%2C200","width":350,"height":200},"classes":[]},{"id":9042,"url":"https:\/\/tuzlahortum.com.tr\/fr\/produit\/kumlama-nozulu-performer-nozul-400\/","url_meta":{"origin":768,"position":3},"title":"Buse de sablage \u2013 Buse Performer 400","author":"\u0130smail \u00c7elik","date":"9 avril 2019","format":false,"excerpt":"Buse de sablage - Performer Nozzle 400Performer est un mod\u00e8le avanc\u00e9 aux performances \u00e9lev\u00e9es. Elle est \u00e9quip\u00e9e d'un rev\u00eatement tr\u00e8s r\u00e9sistant \u00e0 l'abrasion et d'un couvercle en polyur\u00e9thane robuste et l\u00e9ger. Les buses de sablage de la s\u00e9rie Performer de Contracor conviennent au sablage \u00e0 l'oxyde d'aluminium, au carbure de silicium, \u00e0 la grenaille d'acier ou au sablage hautement abrasif. Elles sont disponibles en cinq tailles diff\u00e9rentes. Il est possible d'ajuster l'alimentation en air comprim\u00e9 et...","rel":"","context":"Article similaire","block_context":{"text":"Article similaire","link":""},"img":{"alt_text":"","src":"https:\/\/i0.wp.com\/tuzlahortum.com.tr\/wp-content\/uploads\/2019\/04\/performer-400.png?fit=650%2C323&ssl=1&resize=350%2C200","width":350,"height":200,"srcset":"https:\/\/i0.wp.com\/tuzlahortum.com.tr\/wp-content\/uploads\/2019\/04\/performer-400.png?fit=650%2C323&ssl=1&resize=350%2C200 1x, https:\/\/i0.wp.com\/tuzlahortum.com.tr\/wp-content\/uploads\/2019\/04\/performer-400.png?fit=650%2C323&ssl=1&resize=525%2C300 1.5x"},"classes":[]},{"id":9048,"url":"https:\/\/tuzlahortum.com.tr\/fr\/produit\/kumlama-nozulu-performer-nozul-600\/","url_meta":{"origin":768,"position":4},"title":"Buse de sablage \u2013 Buse Performer 600","author":"\u0130smail \u00c7elik","date":"9 avril 2019","format":false,"excerpt":"Buse de sablage - Performer Nozzle 600Performer est un mod\u00e8le avanc\u00e9 aux performances \u00e9lev\u00e9es. Elle est \u00e9quip\u00e9e d'un rev\u00eatement tr\u00e8s r\u00e9sistant \u00e0 l'abrasion et d'un couvercle en polyur\u00e9thane robuste et l\u00e9ger. La gamme de buses de sablage Contracor Performer convient au sablage \u00e0 l'oxyde d'aluminium, au carbure de silicium, \u00e0 la grenaille d'acier ou au sablage hautement abrasif. Elles sont disponibles en cinq tailles diff\u00e9rentes. Pour r\u00e9gler l'alimentation en air comprim\u00e9 et...","rel":"","context":"Article similaire","block_context":{"text":"Article similaire","link":""},"img":{"alt_text":"","src":"https:\/\/i0.wp.com\/tuzlahortum.com.tr\/wp-content\/uploads\/2019\/04\/performer-600.png?fit=650%2C304&ssl=1&resize=350%2C200","width":350,"height":200,"srcset":"https:\/\/i0.wp.com\/tuzlahortum.com.tr\/wp-content\/uploads\/2019\/04\/performer-600.png?fit=650%2C304&ssl=1&resize=350%2C200 1x, https:\/\/i0.wp.com\/tuzlahortum.com.tr\/wp-content\/uploads\/2019\/04\/performer-600.png?fit=650%2C304&ssl=1&resize=525%2C300 1.5x"},"classes":[]},{"id":9251,"url":"https:\/\/tuzlahortum.com.tr\/fr\/produit\/kumlama-nozulu-gomme-kopya\/","url_meta":{"origin":768,"position":5},"title":"Buse de sablage \u2013 Encastr\u00e9e (Kennametal)","author":"\u0130smail \u00c7elik","date":"21 janvier 2020","format":false,"excerpt":"Buse de sablage - Encastr\u00e9e (Kennametal)","rel":"","context":"Article similaire","block_context":{"text":"Article similaire","link":""},"img":{"alt_text":"","src":"https:\/\/i0.wp.com\/tuzlahortum.com.tr\/wp-content\/uploads\/2020\/01\/Kennametal-Nozul-5.jpeg?fit=900%2C1200&ssl=1&resize=350%2C200","width":350,"height":200,"srcset":"https:\/\/i0.wp.com\/tuzlahortum.com.tr\/wp-content\/uploads\/2020\/01\/Kennametal-Nozul-5.jpeg?fit=900%2C1200&ssl=1&resize=350%2C200 1x, https:\/\/i0.wp.com\/tuzlahortum.com.tr\/wp-content\/uploads\/2020\/01\/Kennametal-Nozul-5.jpeg?fit=900%2C1200&ssl=1&resize=525%2C300 1.5x, https:\/\/i0.wp.com\/tuzlahortum.com.tr\/wp-content\/uploads\/2020\/01\/Kennametal-Nozul-5.jpeg?fit=900%2C1200&ssl=1&resize=700%2C400 2x"},"classes":[]}],"jetpack_sharing_enabled":true,"jetpack_likes_enabled":true,"_links":{"self":[{"href":"https:\/\/tuzlahortum.com.tr\/fr\/wp-json\/wp\/v2\/product\/768","targetHints":{"allow":["GET"]}}],"collection":[{"href":"https:\/\/tuzlahortum.com.tr\/fr\/wp-json\/wp\/v2\/product"}],"about":[{"href":"https:\/\/tuzlahortum.com.tr\/fr\/wp-json\/wp\/v2\/types\/product"}],"replies":[{"embeddable":true,"href":"https:\/\/tuzlahortum.com.tr\/fr\/wp-json\/wp\/v2\/comments?post=768"}],"wp:featuredmedia":[{"embeddable":true,"href":"https:\/\/tuzlahortum.com.tr\/fr\/wp-json\/wp\/v2\/media\/1784"}],"wp:attachment":[{"href":"https:\/\/tuzlahortum.com.tr\/fr\/wp-json\/wp\/v2\/media?parent=768"}],"wp:term":[{"taxonomy":"product_brand","embeddable":true,"href":"https:\/\/tuzlahortum.com.tr\/fr\/wp-json\/wp\/v2\/product_brand?post=768"},{"taxonomy":"product_cat","embeddable":true,"href":"https:\/\/tuzlahortum.com.tr\/fr\/wp-json\/wp\/v2\/product_cat?post=768"},{"taxonomy":"product_tag","embeddable":true,"href":"https:\/\/tuzlahortum.com.tr\/fr\/wp-json\/wp\/v2\/product_tag?post=768"}],"curies":[{"name":"wp","href":"https:\/\/api.w.org\/{rel}","templated":true}]}}