{"id":767,"date":"2019-02-06T23:53:38","date_gmt":"2019-02-06T20:53:38","guid":{"rendered":"http:\/\/hortum.com.tr\/product\/import-placeholder-for-561\/"},"modified":"2024-03-21T17:42:53","modified_gmt":"2024-03-21T14:42:53","slug":"kumlama-maskesi","status":"publish","type":"product","link":"https:\/\/tuzlahortum.com.tr\/fr\/produit\/kumlama-maskesi\/","title":{"rendered":"Masque de sablage (plastique-polyester)"},"content":{"rendered":"<h2>Masque de sablage (plastique-polyester)<\/h2>","protected":false},"excerpt":{"rendered":"<p>Masque de sablage (plastique-polyester)<\/p>","protected":false},"featured_media":8197,"comment_status":"open","ping_status":"closed","template":"","meta":{"jetpack_post_was_ever_published":false},"product_brand":[],"product_cat":[2326],"product_tag":[911,914,912],"class_list":{"0":"post-767","1":"product","2":"type-product","3":"status-publish","4":"has-post-thumbnail","6":"product_cat-kumlama-malzemeleri","7":"product_tag-kumlama","8":"product_tag-kumlama-maskesi","9":"product_tag-maske","11":"first","12":"instock","13":"featured","14":"taxable","15":"shipping-taxable","16":"product-type-variable"},"jetpack-related-posts":[{"id":761,"url":"https:\/\/tuzlahortum.com.tr\/fr\/produit\/kumlama-maskesicontracor\/","url_meta":{"origin":767,"position":0},"title":"Masque de sablage (Contracor)","author":"admin","date":"6 f\u00e9vrier 2019","format":false,"excerpt":"Masque de sablage (Contracor)","rel":"","context":"Article similaire","block_context":{"text":"Article similaire","link":""},"img":{"alt_text":"","src":"https:\/\/i0.wp.com\/tuzlahortum.com.tr\/wp-content\/uploads\/urunler\/Kumlama\/contracor-comfort-kumlama-maskesi-2.jpg?fit=250%2C250&ssl=1&resize=350%2C200","width":350,"height":200},"classes":[]},{"id":775,"url":"https:\/\/tuzlahortum.com.tr\/fr\/produit\/plastik-kumlama-nozul-tutucu\/","url_meta":{"origin":767,"position":1},"title":"Porte-buse de sablage en plastique","author":"admin","date":"6 f\u00e9vrier 2019","format":false,"excerpt":"Porte-buse de sablage en plastiquePorte-buse de sablage ; Il assure une connexion optimale avec le tuyau de sablage en maintenant fermement la buse gr\u00e2ce \u00e0 sa structure flexible et viss\u00e9e. Gr\u00e2ce \u00e0 sa structure l\u00e9g\u00e8re et non lourde, il ne fatigue pas l'op\u00e9rateur avec son poids pendant le processus de sablage et offre une utilisation ergonomique. Elle peut \u00eatre facilement mont\u00e9e sur le tuyau de sablage ou le tube de sablage gr\u00e2ce aux trous de vissage.","rel":"","context":"Article similaire","block_context":{"text":"Article similaire","link":""},"img":{"alt_text":"","src":"https:\/\/i0.wp.com\/tuzlahortum.com.tr\/wp-content\/uploads\/urunler\/Kumlama\/kumlama-nozul-tutucu.jpg?fit=233%2C216&ssl=1&resize=350%2C200","width":350,"height":200},"classes":[]},{"id":9026,"url":"https:\/\/tuzlahortum.com.tr\/fr\/produit\/kumlama-tulumu-guderi\/","url_meta":{"origin":767,"position":2},"title":"Costume de sablage (Chamois)","author":"\u0130smail \u00c7elik","date":"2 avril 2019","format":false,"excerpt":"Combinaisons de sablage (Chamois)Comme on le sait, les op\u00e9rateurs travaillent dans des conditions tr\u00e8s difficiles en raison des produits consommables pulv\u00e9ris\u00e9s et de la poussi\u00e8re d\u00e9gag\u00e9e lors des op\u00e9rations de sablage. C'est pourquoi nous vendons des combinaisons de sablage sp\u00e9cialement fabriqu\u00e9es pour faciliter les mouvements et prot\u00e9ger les op\u00e9rateurs. La combinaison de sablage, produite en tailles L-XL-XXL et sp\u00e9cialement con\u00e7ue pour \u00eatre port\u00e9e dans le processus de sablage, peut \u00eatre utilis\u00e9e dans d'autres...","rel":"","context":"Article similaire","block_context":{"text":"Article similaire","link":""},"img":{"alt_text":"","src":"https:\/\/i0.wp.com\/tuzlahortum.com.tr\/wp-content\/uploads\/urunler\/Kumlama\/kumlama_tulumu_on.jpg?fit=250%2C275&ssl=1&resize=350%2C200","width":350,"height":200},"classes":[]},{"id":9100,"url":"https:\/\/tuzlahortum.com.tr\/fr\/produit\/marin-hortumu\/","url_meta":{"origin":767,"position":3},"title":"Tuyau marin","author":"\u0130smail \u00c7elik","date":"11 juin 2019","format":false,"excerpt":"Marin Hortumu\u00d6zellikler : \u2022 \u00dcst kat 1. S\u0131n\u0131f PVC\u2019 den imal edilmi\u015ftir. \u2022 Alt kat beyaz PVC\u2019 den imal edilmi\u015ftir. \u2022 Y\u00fcksek kaliteli polyester takviye edilmi\u015ftir. \u2022 -5\u00b0C ile +65\u00b0C aras\u0131nda s\u0131cakl\u0131\u011fa dayan\u0131kl\u0131d\u0131r. Kullan\u0131m Alanlar\u0131 : \u2022 Tekne ve yatlarda, ev, bah\u00e7e sulama i\u015flerinde, k\u0131smen ya\u011f-yak\u0131ta dayan\u0131ml\u0131d\u0131r.","rel":"","context":"Article similaire","block_context":{"text":"Article similaire","link":""},"img":{"alt_text":"","src":"https:\/\/i0.wp.com\/tuzlahortum.com.tr\/wp-content\/uploads\/2019\/06\/Marin-Hortumu-2.jpg?resize=350%2C200&ssl=1","width":350,"height":200,"srcset":"https:\/\/i0.wp.com\/tuzlahortum.com.tr\/wp-content\/uploads\/2019\/06\/Marin-Hortumu-2.jpg?resize=350%2C200&ssl=1 1x, https:\/\/i0.wp.com\/tuzlahortum.com.tr\/wp-content\/uploads\/2019\/06\/Marin-Hortumu-2.jpg?resize=525%2C300&ssl=1 1.5x"},"classes":[]},{"id":813,"url":"https:\/\/tuzlahortum.com.tr\/fr\/produit\/orgulu-seffaf-hortum-ekonomik\/","url_meta":{"origin":767,"position":4},"title":"Tuyau Transparent Tress\u00e9 (\u00c9CONOMIQUE)","author":"admin","date":"6 f\u00e9vrier 2019","format":false,"excerpt":"\u00d6rg\u00fcl\u00fc \u015eeffaf Hortum (EKONOM\u0130K)\u00d6zellikler Alt kat \u015feffaf PVC ve y\u00fcksek mukavemetli polyester iplik, \u00fcst katta a\u015f\u0131nmaya dayan\u0131kl\u0131 \u015feffaf PVC ile \u00fcretilmi\u015ftir. \u00c7al\u0131\u015fma S\u0131cakl\u0131\u011f\u0131 -10\u00b0C ile +50\u00b0C aras\u0131 Kullan\u0131m Alanlar\u0131 Ev, bah\u00e7e, tarla, sanayi ve in\u015faat sekt\u00f6r\u00fcnde sulama ve tahliye i\u015flerinde kullan\u0131l\u0131r .","rel":"","context":"Article similaire","block_context":{"text":"Article similaire","link":""},"img":{"alt_text":"","src":"https:\/\/i0.wp.com\/tuzlahortum.com.tr\/wp-content\/uploads\/kategoriler\/orguluseffaf.png?fit=498%2C335&ssl=1&resize=350%2C200","width":350,"height":200},"classes":[]},{"id":814,"url":"https:\/\/tuzlahortum.com.tr\/fr\/produit\/orgulu-seffaf-hortum-standart\/","url_meta":{"origin":767,"position":5},"title":"Tuyau Transparent Tress\u00e9 (STANDARD)","author":"admin","date":"6 f\u00e9vrier 2019","format":false,"excerpt":"\u00d6rg\u00fcl\u00fc \u015eeffaf Hortum (STANDART)\u00d6zellikler Alt kat \u015feffaf PVC ve y\u00fcksek mukavemetli polyester iplik, \u00fcst katta a\u015f\u0131nmaya dayan\u0131kl\u0131 \u015feffaf PVC ile \u00fcretilmi\u015ftir. \u00c7al\u0131\u015fma S\u0131cakl\u0131\u011f\u0131 -10\u00b0C ile +50\u00b0C aras\u0131 Kullan\u0131m Alanlar\u0131 Ev, bah\u00e7e, tarla, sanayi ve in\u015faat sekt\u00f6r\u00fcnde sulama ve tahliye i\u015flerinde kullan\u0131l\u0131r.","rel":"","context":"Article similaire","block_context":{"text":"Article similaire","link":""},"img":{"alt_text":"","src":"https:\/\/i0.wp.com\/tuzlahortum.com.tr\/wp-content\/uploads\/kategoriler\/orguluseffaf.png?fit=498%2C335&ssl=1&resize=350%2C200","width":350,"height":200},"classes":[]}],"jetpack_sharing_enabled":true,"jetpack_likes_enabled":true,"_links":{"self":[{"href":"https:\/\/tuzlahortum.com.tr\/fr\/wp-json\/wp\/v2\/product\/767","targetHints":{"allow":["GET"]}}],"collection":[{"href":"https:\/\/tuzlahortum.com.tr\/fr\/wp-json\/wp\/v2\/product"}],"about":[{"href":"https:\/\/tuzlahortum.com.tr\/fr\/wp-json\/wp\/v2\/types\/product"}],"replies":[{"embeddable":true,"href":"https:\/\/tuzlahortum.com.tr\/fr\/wp-json\/wp\/v2\/comments?post=767"}],"wp:featuredmedia":[{"embeddable":true,"href":"https:\/\/tuzlahortum.com.tr\/fr\/wp-json\/wp\/v2\/media\/8197"}],"wp:attachment":[{"href":"https:\/\/tuzlahortum.com.tr\/fr\/wp-json\/wp\/v2\/media?parent=767"}],"wp:term":[{"taxonomy":"product_brand","embeddable":true,"href":"https:\/\/tuzlahortum.com.tr\/fr\/wp-json\/wp\/v2\/product_brand?post=767"},{"taxonomy":"product_cat","embeddable":true,"href":"https:\/\/tuzlahortum.com.tr\/fr\/wp-json\/wp\/v2\/product_cat?post=767"},{"taxonomy":"product_tag","embeddable":true,"href":"https:\/\/tuzlahortum.com.tr\/fr\/wp-json\/wp\/v2\/product_tag?post=767"}],"curies":[{"name":"wp","href":"https:\/\/api.w.org\/{rel}","templated":true}]}}