{"id":765,"date":"2019-02-06T23:53:38","date_gmt":"2019-02-06T20:53:38","guid":{"rendered":"http:\/\/hortum.com.tr\/product\/import-placeholder-for-107\/"},"modified":"2024-03-21T17:42:55","modified_gmt":"2024-03-21T14:42:55","slug":"kumlama-kurtagzi-dokum","status":"publish","type":"product","link":"https:\/\/tuzlahortum.com.tr\/fr\/produit\/kumlama-kurtagzi-dokum\/","title":{"rendered":"Moulage en queue d&#039;aronde au jet de sable"},"content":{"rendered":"<h2>Moulage en queue d&#039;aronde au jet de sable<\/h2>\n<p>Appareil de raccordement permettant de combiner des tuyaux de sablage ou de les raccorder \u00e0 des circuits tels que des silos de chaudi\u00e8re. Par rapport \u00e0 d&#039;autres syst\u00e8mes, puisque le tuyau est mont\u00e9 \u00e0 l&#039;int\u00e9rieur de l&#039;adaptateur, il n&#039;y a pas de contraction dans le flux de mati\u00e8re. Les types \u00e0 queue d&#039;aronde sont disponibles pour les tuyaux de sablage de 1\u2033 et 1 1\/4\u2033.<\/p>","protected":false},"excerpt":{"rendered":"<p>Kumlama Kurta\u011fz\u0131 D\u00f6k\u00fcm Kumlama Hortumlar\u0131n\u0131 birle\u015ftirmek veya kazan silo gibi devrelere ba\u011flamak i\u00e7in kullanabilece\u011finiz ba\u011flant\u0131 aparat\u0131. Di\u011fer sistemlere g\u00f6re hortum adapt\u00f6r\u00fcn i\u00e7ine monte edildi\u011fi i\u00e7in malzeme ak\u0131\u015f\u0131nda herhangi bir daralma olmaz. 1&#8243; ve 1 1\/4&#8243; kumlama hortumlar\u0131na g\u00f6re kurta\u011fz\u0131 \u00e7e\u015fitleri mevcuttur.<\/p>","protected":false},"featured_media":1787,"comment_status":"open","ping_status":"closed","template":"","meta":{"jetpack_post_was_ever_published":false},"product_brand":[],"product_cat":[2325],"product_tag":[851,911,922,918],"class_list":{"0":"post-765","1":"product","2":"type-product","3":"status-publish","4":"has-post-thumbnail","6":"product_cat-kurtagzi","7":"product_tag-dokum","8":"product_tag-kumlama","9":"product_tag-kumlama-kurtagzi-dokum","10":"product_tag-kurtagzi","12":"first","13":"instock","14":"featured","15":"taxable","16":"shipping-taxable","17":"product-type-variable"},"jetpack-related-posts":[{"id":763,"url":"https:\/\/tuzlahortum.com.tr\/fr\/produit\/kumlama-kurtagzi-contasi\/","url_meta":{"origin":765,"position":0},"title":"Joint en queue d&#039;aronde sabl\u00e9 (grand)","author":"admin","date":"6 f\u00e9vrier 2019","format":false,"excerpt":"Kumlama Kurta\u011fz\u0131 Contas\u0131(B\u00fcy\u00fck)Kumlama Kurta\u011f\u0131zlar\u0131nda kullan\u0131lan yedek conta","rel":"","context":"Article similaire","block_context":{"text":"Article similaire","link":""},"img":{"alt_text":"","src":"https:\/\/i0.wp.com\/tuzlahortum.com.tr\/wp-content\/uploads\/urunler\/Kumlama\/kumlama_kurtagzi_contasi.jpg?fit=300%2C300&ssl=1&resize=350%2C200","width":350,"height":200},"classes":[]},{"id":766,"url":"https:\/\/tuzlahortum.com.tr\/fr\/produit\/kumlama-kurtagzi-dokum-disi\/","url_meta":{"origin":765,"position":1},"title":"Moulage en queue d&#039;aronde au sablage - (femelle)","author":"admin","date":"6 f\u00e9vrier 2019","format":false,"excerpt":"Moulage en queue d&#039;aronde au sablage - (femelle)","rel":"","context":"Article similaire","block_context":{"text":"Article similaire","link":""},"img":{"alt_text":"","src":"https:\/\/i0.wp.com\/tuzlahortum.com.tr\/wp-content\/uploads\/urunler\/Kumlama\/kumlama_kurtagzi_dokum_disi.jpg?fit=400%2C400&ssl=1&resize=350%2C200","width":350,"height":200},"classes":[]},{"id":770,"url":"https:\/\/tuzlahortum.com.tr\/fr\/produit\/kumlama-nozulu-gomme\/","url_meta":{"origin":765,"position":2},"title":"Buse de sablage \u2013 Encastr\u00e9e","author":"admin","date":"6 f\u00e9vrier 2019","format":false,"excerpt":"Kumlama Nozulu - G\u00f6mme400 saat \u00e7al\u0131\u015fma kapasitelidir. Manevra kabiliyeti sa\u011flayarak dar alanlar\u0131 kumlamada kullan\u0131l\u0131r. 6,5mm den 12,5mm \u00a0delik \u00e7aplar\u0131na kadar kullan\u0131m alan\u0131n\u0131za g\u00f6re tercih edebilirsiniz. 1 \u00bc\u201d hortumlarda HTC g\u00f6mme nozul i\u00e7 \u00e7ap\u0131 32mm kullan\u0131l\u0131r. 1\u201d hortumlarda GTC ise i\u00e7 \u00e7ap\u0131 25mm kullan\u0131l\u0131r.\u00a0\u00a0 120mm uzunlu\u011fundad\u0131r.","rel":"","context":"Article similaire","block_context":{"text":"Article similaire","link":""},"img":{"alt_text":"","src":"https:\/\/i0.wp.com\/tuzlahortum.com.tr\/wp-content\/uploads\/urunler\/Kumlama\/gomme_nozul.png?fit=665%2C309&ssl=1&resize=350%2C200","width":350,"height":200,"srcset":"https:\/\/i0.wp.com\/tuzlahortum.com.tr\/wp-content\/uploads\/urunler\/Kumlama\/gomme_nozul.png?fit=665%2C309&ssl=1&resize=350%2C200 1x, https:\/\/i0.wp.com\/tuzlahortum.com.tr\/wp-content\/uploads\/urunler\/Kumlama\/gomme_nozul.png?fit=665%2C309&ssl=1&resize=525%2C300 1.5x"},"classes":[]},{"id":774,"url":"https:\/\/tuzlahortum.com.tr\/fr\/produit\/kurtagzi-contasi\/","url_meta":{"origin":765,"position":3},"title":"Joint en queue d&#039;aronde (petit)","author":"admin","date":"6 f\u00e9vrier 2019","format":false,"excerpt":"Joint en queue d&#039;aronde (petit)","rel":"","context":"Article similaire","block_context":{"text":"Article similaire","link":""},"img":{"alt_text":"","src":"https:\/\/i0.wp.com\/tuzlahortum.com.tr\/wp-content\/uploads\/urunler\/Kumlama\/kumlama_kurtagzi_contasi.jpg?fit=300%2C300&ssl=1&resize=350%2C200","width":350,"height":200},"classes":[]},{"id":8037,"url":"https:\/\/tuzlahortum.com.tr\/fr\/produit\/erkek-kurtagzi\/","url_meta":{"origin":765,"position":4},"title":"Queue d&#039;aronde m\u00e2le","author":"\u0130smail \u00c7elik","date":"13 mars 2019","format":false,"excerpt":"Queue d&#039;aronde m\u00e2le","rel":"","context":"Article similaire","block_context":{"text":"Article similaire","link":""},"img":{"alt_text":"","src":"https:\/\/i0.wp.com\/tuzlahortum.com.tr\/wp-content\/uploads\/2019\/03\/erkek-kurta%C4%9Fz%C4%B1.jpg?fit=640%2C480&ssl=1&resize=350%2C200","width":350,"height":200,"srcset":"https:\/\/i0.wp.com\/tuzlahortum.com.tr\/wp-content\/uploads\/2019\/03\/erkek-kurta%C4%9Fz%C4%B1.jpg?fit=640%2C480&ssl=1&resize=350%2C200 1x, https:\/\/i0.wp.com\/tuzlahortum.com.tr\/wp-content\/uploads\/2019\/03\/erkek-kurta%C4%9Fz%C4%B1.jpg?fit=640%2C480&ssl=1&resize=525%2C300 1.5x"},"classes":[]},{"id":8043,"url":"https:\/\/tuzlahortum.com.tr\/fr\/produit\/disi-kurtagzi\/","url_meta":{"origin":765,"position":5},"title":"Queue d&#039;aronde femelle","author":"\u0130smail \u00c7elik","date":"13 mars 2019","format":false,"excerpt":"Queue d&#039;aronde femelle","rel":"","context":"Article similaire","block_context":{"text":"Article similaire","link":""},"img":{"alt_text":"","src":"https:\/\/i0.wp.com\/tuzlahortum.com.tr\/wp-content\/uploads\/2019\/03\/di%C5%9Fi-kurta%C4%9Fz%C4%B1.jpg?fit=640%2C480&ssl=1&resize=350%2C200","width":350,"height":200,"srcset":"https:\/\/i0.wp.com\/tuzlahortum.com.tr\/wp-content\/uploads\/2019\/03\/di%C5%9Fi-kurta%C4%9Fz%C4%B1.jpg?fit=640%2C480&ssl=1&resize=350%2C200 1x, https:\/\/i0.wp.com\/tuzlahortum.com.tr\/wp-content\/uploads\/2019\/03\/di%C5%9Fi-kurta%C4%9Fz%C4%B1.jpg?fit=640%2C480&ssl=1&resize=525%2C300 1.5x"},"classes":[]}],"jetpack_sharing_enabled":true,"jetpack_likes_enabled":true,"_links":{"self":[{"href":"https:\/\/tuzlahortum.com.tr\/fr\/wp-json\/wp\/v2\/product\/765","targetHints":{"allow":["GET"]}}],"collection":[{"href":"https:\/\/tuzlahortum.com.tr\/fr\/wp-json\/wp\/v2\/product"}],"about":[{"href":"https:\/\/tuzlahortum.com.tr\/fr\/wp-json\/wp\/v2\/types\/product"}],"replies":[{"embeddable":true,"href":"https:\/\/tuzlahortum.com.tr\/fr\/wp-json\/wp\/v2\/comments?post=765"}],"wp:featuredmedia":[{"embeddable":true,"href":"https:\/\/tuzlahortum.com.tr\/fr\/wp-json\/wp\/v2\/media\/1787"}],"wp:attachment":[{"href":"https:\/\/tuzlahortum.com.tr\/fr\/wp-json\/wp\/v2\/media?parent=765"}],"wp:term":[{"taxonomy":"product_brand","embeddable":true,"href":"https:\/\/tuzlahortum.com.tr\/fr\/wp-json\/wp\/v2\/product_brand?post=765"},{"taxonomy":"product_cat","embeddable":true,"href":"https:\/\/tuzlahortum.com.tr\/fr\/wp-json\/wp\/v2\/product_cat?post=765"},{"taxonomy":"product_tag","embeddable":true,"href":"https:\/\/tuzlahortum.com.tr\/fr\/wp-json\/wp\/v2\/product_tag?post=765"}],"curies":[{"name":"wp","href":"https:\/\/api.w.org\/{rel}","templated":true}]}}