{"id":761,"date":"2019-02-06T23:53:37","date_gmt":"2019-02-06T20:53:37","guid":{"rendered":"http:\/\/hortum.com.tr\/product\/import-placeholder-for-569\/"},"modified":"2024-03-21T17:42:56","modified_gmt":"2024-03-21T14:42:56","slug":"kumlama-maskesicontracor","status":"publish","type":"product","link":"https:\/\/tuzlahortum.com.tr\/fr\/produit\/kumlama-maskesicontracor\/","title":{"rendered":"Masque de sablage (Contracor)"},"content":{"rendered":"<h2>Masque de sablage (Contracor)<\/h2>","protected":false},"excerpt":{"rendered":"<p>Masque de sablage (Contracor)<\/p>","protected":false},"featured_media":1794,"comment_status":"open","ping_status":"closed","template":"","meta":{"jetpack_post_was_ever_published":false},"product_brand":[],"product_cat":[2326],"product_tag":[913,911,914,915,912],"class_list":{"0":"post-761","1":"product","2":"type-product","3":"status-publish","4":"has-post-thumbnail","6":"product_cat-kumlama-malzemeleri","7":"product_tag-contracor","8":"product_tag-kumlama","9":"product_tag-kumlama-maskesi","10":"product_tag-kumlama-maskesi-contracor","11":"product_tag-maske","13":"first","14":"instock","15":"featured","16":"taxable","17":"shipping-taxable","18":"product-type-simple"},"jetpack-related-posts":[{"id":767,"url":"https:\/\/tuzlahortum.com.tr\/fr\/produit\/kumlama-maskesi\/","url_meta":{"origin":761,"position":0},"title":"Masque de sablage (plastique-polyester)","author":"admin","date":"6 f\u00e9vrier 2019","format":false,"excerpt":"Masque de sablage (plastique-polyester)","rel":"","context":"Article similaire","block_context":{"text":"Article similaire","link":""},"img":{"alt_text":"","src":"https:\/\/i0.wp.com\/tuzlahortum.com.tr\/wp-content\/uploads\/2019\/03\/kumlama-maskesi-polyester11.jpg?fit=396%2C627&ssl=1&resize=350%2C200","width":350,"height":200},"classes":[]},{"id":9026,"url":"https:\/\/tuzlahortum.com.tr\/fr\/produit\/kumlama-tulumu-guderi\/","url_meta":{"origin":761,"position":1},"title":"Costume de sablage (Chamois)","author":"\u0130smail \u00c7elik","date":"2 avril 2019","format":false,"excerpt":"Combinaisons de sablage (Chamois)Comme on le sait, les op\u00e9rateurs travaillent dans des conditions tr\u00e8s difficiles en raison des produits consommables pulv\u00e9ris\u00e9s et de la poussi\u00e8re d\u00e9gag\u00e9e lors des op\u00e9rations de sablage. C'est pourquoi nous vendons des combinaisons de sablage sp\u00e9cialement fabriqu\u00e9es pour faciliter les mouvements et prot\u00e9ger les op\u00e9rateurs. La combinaison de sablage, produite en tailles L-XL-XXL et sp\u00e9cialement con\u00e7ue pour \u00eatre port\u00e9e dans le processus de sablage, peut \u00eatre utilis\u00e9e dans d'autres...","rel":"","context":"Article similaire","block_context":{"text":"Article similaire","link":""},"img":{"alt_text":"","src":"https:\/\/i0.wp.com\/tuzlahortum.com.tr\/wp-content\/uploads\/urunler\/Kumlama\/kumlama_tulumu_on.jpg?fit=250%2C275&ssl=1&resize=350%2C200","width":350,"height":200},"classes":[]},{"id":9054,"url":"https:\/\/tuzlahortum.com.tr\/fr\/produit\/kumlama-nozulu-performer-nozul-1000\/","url_meta":{"origin":761,"position":2},"title":"Buse de sablage \u2013 Buse Performer 1000","author":"\u0130smail \u00c7elik","date":"9 avril 2019","format":false,"excerpt":"Buse de sablage - Performer Nozzle 1000Performer est un mod\u00e8le avanc\u00e9 aux performances \u00e9lev\u00e9es. Elle est \u00e9quip\u00e9e d'un rev\u00eatement tr\u00e8s r\u00e9sistant \u00e0 l'abrasion et d'un manchon en polyur\u00e9thane robuste et l\u00e9ger. La s\u00e9rie de buses de sablage Performer de Contracor convient au sablage \u00e0 l'oxyde d'aluminium, au carbure de silicium, \u00e0 la grenaille d'acier ou au sablage hautement abrasif. Elle est disponible en cinq tailles diff\u00e9rentes. Il est possible d'ajuster l'alimentation en air comprim\u00e9 et...","rel":"","context":"Article similaire","block_context":{"text":"Article similaire","link":""},"img":{"alt_text":"","src":"https:\/\/i0.wp.com\/tuzlahortum.com.tr\/wp-content\/uploads\/2019\/04\/performer-1000.png?fit=650%2C325&ssl=1&resize=350%2C200","width":350,"height":200,"srcset":"https:\/\/i0.wp.com\/tuzlahortum.com.tr\/wp-content\/uploads\/2019\/04\/performer-1000.png?fit=650%2C325&ssl=1&resize=350%2C200 1x, https:\/\/i0.wp.com\/tuzlahortum.com.tr\/wp-content\/uploads\/2019\/04\/performer-1000.png?fit=650%2C325&ssl=1&resize=525%2C300 1.5x"},"classes":[]},{"id":9042,"url":"https:\/\/tuzlahortum.com.tr\/fr\/produit\/kumlama-nozulu-performer-nozul-400\/","url_meta":{"origin":761,"position":3},"title":"Buse de sablage \u2013 Buse Performer 400","author":"\u0130smail \u00c7elik","date":"9 avril 2019","format":false,"excerpt":"Buse de sablage - Performer Nozzle 400Performer est un mod\u00e8le avanc\u00e9 aux performances \u00e9lev\u00e9es. Elle est \u00e9quip\u00e9e d'un rev\u00eatement tr\u00e8s r\u00e9sistant \u00e0 l'abrasion et d'un couvercle en polyur\u00e9thane robuste et l\u00e9ger. Les buses de sablage de la s\u00e9rie Performer de Contracor conviennent au sablage \u00e0 l'oxyde d'aluminium, au carbure de silicium, \u00e0 la grenaille d'acier ou au sablage hautement abrasif. Elles sont disponibles en cinq tailles diff\u00e9rentes. Il est possible d'ajuster l'alimentation en air comprim\u00e9 et...","rel":"","context":"Article similaire","block_context":{"text":"Article similaire","link":""},"img":{"alt_text":"","src":"https:\/\/i0.wp.com\/tuzlahortum.com.tr\/wp-content\/uploads\/2019\/04\/performer-400.png?fit=650%2C323&ssl=1&resize=350%2C200","width":350,"height":200,"srcset":"https:\/\/i0.wp.com\/tuzlahortum.com.tr\/wp-content\/uploads\/2019\/04\/performer-400.png?fit=650%2C323&ssl=1&resize=350%2C200 1x, https:\/\/i0.wp.com\/tuzlahortum.com.tr\/wp-content\/uploads\/2019\/04\/performer-400.png?fit=650%2C323&ssl=1&resize=525%2C300 1.5x"},"classes":[]},{"id":9048,"url":"https:\/\/tuzlahortum.com.tr\/fr\/produit\/kumlama-nozulu-performer-nozul-600\/","url_meta":{"origin":761,"position":4},"title":"Buse de sablage \u2013 Buse Performer 600","author":"\u0130smail \u00c7elik","date":"9 avril 2019","format":false,"excerpt":"Buse de sablage - Performer Nozzle 600Performer est un mod\u00e8le avanc\u00e9 aux performances \u00e9lev\u00e9es. Elle est \u00e9quip\u00e9e d'un rev\u00eatement tr\u00e8s r\u00e9sistant \u00e0 l'abrasion et d'un couvercle en polyur\u00e9thane robuste et l\u00e9ger. La gamme de buses de sablage Contracor Performer convient au sablage \u00e0 l'oxyde d'aluminium, au carbure de silicium, \u00e0 la grenaille d'acier ou au sablage hautement abrasif. Elles sont disponibles en cinq tailles diff\u00e9rentes. Pour r\u00e9gler l'alimentation en air comprim\u00e9 et...","rel":"","context":"Article similaire","block_context":{"text":"Article similaire","link":""},"img":{"alt_text":"","src":"https:\/\/i0.wp.com\/tuzlahortum.com.tr\/wp-content\/uploads\/2019\/04\/performer-600.png?fit=650%2C304&ssl=1&resize=350%2C200","width":350,"height":200,"srcset":"https:\/\/i0.wp.com\/tuzlahortum.com.tr\/wp-content\/uploads\/2019\/04\/performer-600.png?fit=650%2C304&ssl=1&resize=350%2C200 1x, https:\/\/i0.wp.com\/tuzlahortum.com.tr\/wp-content\/uploads\/2019\/04\/performer-600.png?fit=650%2C304&ssl=1&resize=525%2C300 1.5x"},"classes":[]},{"id":775,"url":"https:\/\/tuzlahortum.com.tr\/fr\/produit\/plastik-kumlama-nozul-tutucu\/","url_meta":{"origin":761,"position":5},"title":"Porte-buse de sablage en plastique","author":"admin","date":"6 f\u00e9vrier 2019","format":false,"excerpt":"Porte-buse de sablage en plastiquePorte-buse de sablage ; Il assure une connexion optimale avec le tuyau de sablage en maintenant fermement la buse gr\u00e2ce \u00e0 sa structure flexible et viss\u00e9e. Gr\u00e2ce \u00e0 sa structure l\u00e9g\u00e8re et non lourde, il ne fatigue pas l'op\u00e9rateur avec son poids pendant le processus de sablage et offre une utilisation ergonomique. Elle peut \u00eatre facilement mont\u00e9e sur le tuyau de sablage ou le tube de sablage gr\u00e2ce aux trous de vissage.","rel":"","context":"Article similaire","block_context":{"text":"Article similaire","link":""},"img":{"alt_text":"","src":"https:\/\/i0.wp.com\/tuzlahortum.com.tr\/wp-content\/uploads\/urunler\/Kumlama\/kumlama-nozul-tutucu.jpg?fit=233%2C216&ssl=1&resize=350%2C200","width":350,"height":200},"classes":[]}],"jetpack_sharing_enabled":true,"jetpack_likes_enabled":true,"_links":{"self":[{"href":"https:\/\/tuzlahortum.com.tr\/fr\/wp-json\/wp\/v2\/product\/761","targetHints":{"allow":["GET"]}}],"collection":[{"href":"https:\/\/tuzlahortum.com.tr\/fr\/wp-json\/wp\/v2\/product"}],"about":[{"href":"https:\/\/tuzlahortum.com.tr\/fr\/wp-json\/wp\/v2\/types\/product"}],"replies":[{"embeddable":true,"href":"https:\/\/tuzlahortum.com.tr\/fr\/wp-json\/wp\/v2\/comments?post=761"}],"wp:featuredmedia":[{"embeddable":true,"href":"https:\/\/tuzlahortum.com.tr\/fr\/wp-json\/wp\/v2\/media\/1794"}],"wp:attachment":[{"href":"https:\/\/tuzlahortum.com.tr\/fr\/wp-json\/wp\/v2\/media?parent=761"}],"wp:term":[{"taxonomy":"product_brand","embeddable":true,"href":"https:\/\/tuzlahortum.com.tr\/fr\/wp-json\/wp\/v2\/product_brand?post=761"},{"taxonomy":"product_cat","embeddable":true,"href":"https:\/\/tuzlahortum.com.tr\/fr\/wp-json\/wp\/v2\/product_cat?post=761"},{"taxonomy":"product_tag","embeddable":true,"href":"https:\/\/tuzlahortum.com.tr\/fr\/wp-json\/wp\/v2\/product_tag?post=761"}],"curies":[{"name":"wp","href":"https:\/\/api.w.org\/{rel}","templated":true}]}}