{"id":759,"date":"2019-02-06T23:53:36","date_gmt":"2019-02-06T20:53:36","guid":{"rendered":"http:\/\/hortum.com.tr\/product\/import-placeholder-for-605\/"},"modified":"2024-03-21T17:42:57","modified_gmt":"2024-03-21T14:42:57","slug":"kraft-hortum","status":"publish","type":"product","link":"https:\/\/tuzlahortum.com.tr\/fr\/produit\/kraft-hortum\/","title":{"rendered":"Tuyau kraft"},"content":{"rendered":"<h2>Tuyau kraft<\/h2>\n<p>tuyaux kraft; C&#039;est un produit esth\u00e9tique flexible, pratique et facile \u00e0 appliquer qui peut \u00eatre utilis\u00e9 dans les domaines de l&#039;automobile, du textile, de la ventilation et de la d\u00e9coration. Notre produit, compos\u00e9 de papier kraft et d&#039;aluminium, est utilis\u00e9 pour le transport facile et flexible de l&#039;air chaud ou froid dans les syst\u00e8mes de ventilation de toutes sortes de v\u00e9hicules \u00e0 moteur, textiles, alimentaires et machines d&#039;impression. Il peut \u00eatre produit en noir et jaune (kraft) en apparence.<\/p>\n<div class=\"video video-fit mb\" style=\"padding-top:56.25%;\"><p><iframe loading=\"lazy\" title=\"Confusion des mesures (pouces, doigts, brume, millim\u00e8tres)\" width=\"1020\" height=\"574\" src=\"https:\/\/www.youtube.com\/embed\/uKk6AG_AZls?feature=oembed\" frameborder=\"0\" allow=\"accelerometer; autoplay; clipboard-write; encrypted-media; gyroscope; picture-in-picture; web-share\" referrerpolicy=\"strict-origin-when-cross-origin\" allowfullscreen><\/iframe><\/p>\n<\/div>\n<p>&nbsp;<\/p>\n<table border=\"0\" cellspacing=\"0\" cellpadding=\"0\">\n<tbody>\n<tr>\n<td>\n<table id=\"t1\">\n<thead>\n<tr>\n<th id=\"n1\" class=\"t1\" scope=\"col\">Sp\u00e9cifications techniques\u00a0:<\/th>\n<th id=\"n2\" class=\"t1\" scope=\"col\">Tuyaux flexibles<\/th>\n<\/tr>\n<\/thead>\n<tbody>\n<tr class=\"table-alternate row1\">\n<td id=\"n1\" class=\"start\">Types de fabrication\u00a0:<\/td>\n<td id=\"n2\">\n<ul>\n<li>KAK : Papier Kraft (Ext\u00e9rieur) + Aluminium (Moyen) + Papier Kraft (Int\u00e9rieur)<\/li>\n<li>PAK : (Ext\u00e9rieur) Plastique + (Moyen) Aluminium + (Int\u00e9rieur) Papier Kraft<\/li>\n<li>PKA : Plastique (ext\u00e9rieur) + papier kraft (moyen) + aluminium (int\u00e9rieur)<\/li>\n<li>PA : (Ext\u00e9rieur) Plastique + (Int\u00e9rieur) Aluminium<\/li>\n<\/ul>\n<\/td>\n<\/tr>\n<tr class=\"table-noalt row2\">\n<td id=\"n1\" class=\"start\">Gamme de diam\u00e8tre\u00a0:<\/td>\n<td id=\"n2\">38 \u2013 40 \u2013 42 \u2013 50 \u2013 55 \u2013 60 \u2013 65 \u2013 70 \u2013 75 \u2013 80 \u2013 90 \u2013 100mm<\/td>\n<\/tr>\n<tr class=\"table-alternate row3\">\n<td id=\"n1\" class=\"start\">Temp\u00e9rature de fonctionnement\u00a0:<\/td>\n<td id=\"n2\">-40\u00b0C \/ +130\u00b0C<\/td>\n<\/tr>\n<tr class=\"table-noalt row4\">\n<td id=\"n1\" class=\"start\">Taux d&#039;allongement\u00a0:<\/td>\n<td id=\"n2\">1\/3<\/td>\n<\/tr>\n<tr class=\"table-alternate row5\">\n<td id=\"n1\" class=\"start\">Taille standard:<\/td>\n<td id=\"n2\">Il est exp\u00e9di\u00e9 sous la forme d&#039;un vignoble de 25 m\u00e8tres.<\/td>\n<\/tr>\n<tr class=\"table-noalt row6\">\n<td id=\"n1\" class=\"start\">Domaines d&#039;utilisation\u00a0:<\/td>\n<td id=\"n2\">Il est utilis\u00e9 pour le transport facile et flexible de l&#039;air chaud ou froid dans les syst\u00e8mes de ventilation des voitures, bus, camions, camions, bateaux, caravanes et toutes sortes de v\u00e9hicules \u00e0 moteur, machines textiles et alimentaires, machines d&#039;impression.<\/td>\n<\/tr>\n<\/tbody>\n<\/table>\n<\/td>\n<\/tr>\n<\/tbody>\n<\/table>","protected":false},"excerpt":{"rendered":"<p>Kraft Hortum Kraft hortumlar; otomotiv, tekstil, havaland\u0131rma, dekorasyon alanlar\u0131nda kullan\u0131labilen esnek, pratik ve uygulamas\u0131 kolay estetik bir \u00fcr\u00fcnd\u00fcr. Kraft ka\u011f\u0131d\u0131 ve al\u00fcminyum malzemeden imal edilen \u00fcr\u00fcn\u00fcm\u00fcz\u00a0her t\u00fcrl\u00fc motorlu arac\u0131n havaland\u0131rma sistemlerinde, tekstil, g\u0131da ve matbaa makinelerinde, s\u0131cak veya so\u011fuk havan\u0131n kolay, esnek ta\u015f\u0131nmas\u0131 i\u00e7in kullan\u0131l\u0131r. G\u00f6r\u00fcn\u00fcm olarak\u00a0siyah ve sar\u0131 (kraft) olarak imal edilebilmektedir. &nbsp; Teknik [&#8230;]\n","protected":false},"featured_media":411,"comment_status":"open","ping_status":"closed","template":"","meta":{"jetpack_post_was_ever_published":false},"product_brand":[],"product_cat":[136],"product_tag":[909,222,402,369,290,906,907,491,296,908],"class_list":{"0":"post-759","1":"product","2":"type-product","3":"status-publish","4":"has-post-thumbnail","6":"product_cat-kraft-hortumlar","7":"product_tag-dekorasyon","8":"product_tag-esnek","9":"product_tag-gida","10":"product_tag-havalandirma","11":"product_tag-hortum","12":"product_tag-kraft","13":"product_tag-kraft-hortum","14":"product_tag-matbaa","15":"product_tag-otomotiv","16":"product_tag-tekstil","18":"first","19":"instock","20":"featured","21":"taxable","22":"shipping-taxable","23":"product-type-variable"},"jetpack-related-posts":[{"id":866,"url":"https:\/\/tuzlahortum.com.tr\/fr\/produit\/te-tipi-gri-toz-emis-hortumu-orta-hizmet\/","url_meta":{"origin":759,"position":0},"title":"Tuyau d&#039;aspiration de poussi\u00e8re gris de type TE (MOYENNE)","author":"admin","date":"6 f\u00e9vrier 2019","format":false,"excerpt":"TE Tipi Gri Toz Emi\u015f Hortumu (ORTA H\u0130ZMET)\u00d6zellikler Verici olarak kullan\u0131labilir. Esnek \u015feffaf PVC, y\u00fcksek mukavemetli, k\u0131r\u0131lmaya kar\u015f\u0131 maksimum dayan\u0131kl\u0131 sert PVC takviyesiyle \u00fcretilmektedir. \u0130\u00e7 y\u00fczey d\u00fcz, d\u0131\u015f y\u00fczey bo\u011fumludur. \u00c7al\u0131\u015fma S\u0131cakl\u0131\u011f\u0131 -5\u00b0C ile +60\u00b0C aras\u0131 Kullan\u0131m Alanlar\u0131 Her t\u00fcrl\u00fc hava, duman, gaz, tala\u015f vb. emme i\u015flerinde \u00f6zellikle tekstil ve\u2026","rel":"","context":"Article similaire","block_context":{"text":"Article similaire","link":""},"img":{"alt_text":"","src":"https:\/\/i0.wp.com\/tuzlahortum.com.tr\/wp-content\/uploads\/urunler\/plastik\/19.jpg?fit=588%2C373&ssl=1&resize=350%2C200","width":350,"height":200,"srcset":"https:\/\/i0.wp.com\/tuzlahortum.com.tr\/wp-content\/uploads\/urunler\/plastik\/19.jpg?fit=588%2C373&ssl=1&resize=350%2C200 1x, https:\/\/i0.wp.com\/tuzlahortum.com.tr\/wp-content\/uploads\/urunler\/plastik\/19.jpg?fit=588%2C373&ssl=1&resize=525%2C300 1.5x"},"classes":[]},{"id":519,"url":"https:\/\/tuzlahortum.com.tr\/fr\/produit\/superflex\/","url_meta":{"origin":759,"position":1},"title":"SUPERFLEX","author":"admin","date":"6 f\u00e9vrier 2019","format":false,"excerpt":"S\u00dcPERFLEX +4 C \/ +60 C MATERYAL: N\u0130TR\u0130L KAU\u00c7UKLU P.V.C TEL C\u0130NS\u0130: \u00c7EL\u0130K TEL RENK: GR\u0130 ET KALINLI\u011eI: 0,60 MM TEL ARALI\u011eI: 15 MM \u2013 32 MM NEDEN SUPERFLEX ? > YUMU\u015eAK \u0130\u00c7 Y\u00dcZEY >KUVVETL\u0130 , ESNEK, D\u0130REN\u00c7L\u0130 > \u00c7OK HARAKETL\u0130 > D\u00dc\u015e\u00dcK MAL\u0130YET > GEN\u0130\u015e HATVE KULLANIM ALANI TEKST\u0130L,\u2026","rel":"","context":"Article similaire","block_context":{"text":"Article similaire","link":""},"img":{"alt_text":"","src":"https:\/\/i0.wp.com\/tuzlahortum.com.tr\/wp-content\/uploads\/2019\/02\/s%C3%BCperflex-2.jpg?fit=743%2C661&ssl=1&resize=350%2C200","width":350,"height":200,"srcset":"https:\/\/i0.wp.com\/tuzlahortum.com.tr\/wp-content\/uploads\/2019\/02\/s%C3%BCperflex-2.jpg?fit=743%2C661&ssl=1&resize=350%2C200 1x, https:\/\/i0.wp.com\/tuzlahortum.com.tr\/wp-content\/uploads\/2019\/02\/s%C3%BCperflex-2.jpg?fit=743%2C661&ssl=1&resize=525%2C300 1.5x, https:\/\/i0.wp.com\/tuzlahortum.com.tr\/wp-content\/uploads\/2019\/02\/s%C3%BCperflex-2.jpg?fit=743%2C661&ssl=1&resize=700%2C400 2x"},"classes":[]},{"id":588,"url":"https:\/\/tuzlahortum.com.tr\/fr\/produit\/aluafs-hijyen-green\/","url_meta":{"origin":759,"position":2},"title":"ALUAFS HYGI\u00c8NE VERTE","author":"admin","date":"6 f\u00e9vrier 2019","format":false,"excerpt":"ALUAFS H\u0130JYEN GREENGreenguard sertifikal\u0131, izolesiz, hijyen al\u00fcminyum flexible hava kanallar\u0131 Genel \u00d6zellikler Flexible Kanal Konstr\u00fcksiyonu 3 kat Al\u00fcminyum + 2 kat Polyester + Hijyen Kaplama Flexible Kanal Nominal Kal\u0131nl\u0131\u011f\u0131 70 mikron + Hijyen Kaplama \u00c7ap Aral\u0131\u011f\u0131 82 mm - 800 mm \u00c7al\u0131\u015fma S\u0131cakl\u0131\u011f\u0131 Aral\u0131\u011f\u0131 -30 \u00b0C \/ +150 \u00b0C Hava\u2026","rel":"","context":"Article similaire","block_context":{"text":"Article similaire","link":""},"img":{"alt_text":"","src":"https:\/\/i0.wp.com\/tuzlahortum.com.tr\/wp-content\/uploads\/2019\/03\/ALUAFS-HYGIENE-GREEN.png?fit=800%2C800&ssl=1&resize=350%2C200","width":350,"height":200,"srcset":"https:\/\/i0.wp.com\/tuzlahortum.com.tr\/wp-content\/uploads\/2019\/03\/ALUAFS-HYGIENE-GREEN.png?fit=800%2C800&ssl=1&resize=350%2C200 1x, https:\/\/i0.wp.com\/tuzlahortum.com.tr\/wp-content\/uploads\/2019\/03\/ALUAFS-HYGIENE-GREEN.png?fit=800%2C800&ssl=1&resize=525%2C300 1.5x, https:\/\/i0.wp.com\/tuzlahortum.com.tr\/wp-content\/uploads\/2019\/03\/ALUAFS-HYGIENE-GREEN.png?fit=800%2C800&ssl=1&resize=700%2C400 2x"},"classes":[]},{"id":587,"url":"https:\/\/tuzlahortum.com.tr\/fr\/produit\/aluafs-green\/","url_meta":{"origin":759,"position":3},"title":"ALUAF VERT","author":"admin","date":"6 f\u00e9vrier 2019","format":false,"excerpt":"ALUAFS GREENGreenguard sertifikal\u0131, izolesiz, aluminyum flexible hava kanallar\u0131 Genel \u00d6zellikler Flexible Kanal Konstr\u00fcksiyonu 3 kat Al\u00fcminyum + 1 kat Polyester Flexible Kanal Nominal Kal\u0131nl\u0131\u011f\u0131 74 mikron \u00c7ap Aral\u0131\u011f\u0131 82 mm - 800 mm \u00c7al\u0131\u015fma S\u0131cakl\u0131\u011f\u0131 Aral\u0131\u011f\u0131 -30 \u00b0C \/ +250 \u00b0C Hava Ak\u0131\u015f H\u0131z\u0131 30 m\/s (maksimum) \u00c7al\u0131\u015fma Bas\u0131nc\u0131 3000\u2026","rel":"","context":"Article similaire","block_context":{"text":"Article similaire","link":""},"img":{"alt_text":"","src":"https:\/\/i0.wp.com\/tuzlahortum.com.tr\/wp-content\/uploads\/2019\/03\/ALUAFS.F-GREEN.png?fit=800%2C800&ssl=1&resize=350%2C200","width":350,"height":200,"srcset":"https:\/\/i0.wp.com\/tuzlahortum.com.tr\/wp-content\/uploads\/2019\/03\/ALUAFS.F-GREEN.png?fit=800%2C800&ssl=1&resize=350%2C200 1x, https:\/\/i0.wp.com\/tuzlahortum.com.tr\/wp-content\/uploads\/2019\/03\/ALUAFS.F-GREEN.png?fit=800%2C800&ssl=1&resize=525%2C300 1.5x, https:\/\/i0.wp.com\/tuzlahortum.com.tr\/wp-content\/uploads\/2019\/03\/ALUAFS.F-GREEN.png?fit=800%2C800&ssl=1&resize=700%2C400 2x"},"classes":[]},{"id":1015,"url":"https:\/\/tuzlahortum.com.tr\/fr\/produit\/afs-silencer\/","url_meta":{"origin":759,"position":4},"title":"Silencieux AFS","author":"admin","date":"7 f\u00e9vrier 2019","format":false,"excerpt":"AFS SilencerYuvarlak kanal tipi susturucular Genel \u00d6zellikler Flexible Kanal Konstr\u00fcksiyonu [3 kat Al\u00fcminyum + 2 kat Polyester] (Perfore) Flexible Kanal Nominal Kal\u0131nl\u0131\u011f\u0131 70 mikron Ceket Kontr\u00fcksiyonu 1 kat Al\u00fcminyum + 2 kat Polyester Ceket Nominal Kal\u0131nl\u0131\u011f\u0131 45 mikron \u0130zolasyon - Kal\u0131nl\u0131k - Yo\u011funluk Cam Y\u00fcn\u00fc 25 mm - 16 kg\/m\u00b3\u2026","rel":"","context":"Article similaire","block_context":{"text":"Article similaire","link":""},"img":{"alt_text":"","src":"https:\/\/i0.wp.com\/tuzlahortum.com.tr\/wp-content\/uploads\/2019\/03\/SILENCERAFS.png?fit=800%2C800&ssl=1&resize=350%2C200","width":350,"height":200,"srcset":"https:\/\/i0.wp.com\/tuzlahortum.com.tr\/wp-content\/uploads\/2019\/03\/SILENCERAFS.png?fit=800%2C800&ssl=1&resize=350%2C200 1x, https:\/\/i0.wp.com\/tuzlahortum.com.tr\/wp-content\/uploads\/2019\/03\/SILENCERAFS.png?fit=800%2C800&ssl=1&resize=525%2C300 1.5x, https:\/\/i0.wp.com\/tuzlahortum.com.tr\/wp-content\/uploads\/2019\/03\/SILENCERAFS.png?fit=800%2C800&ssl=1&resize=700%2C400 2x"},"classes":[]},{"id":590,"url":"https:\/\/tuzlahortum.com.tr\/fr\/produit\/isoafs-alu-green\/","url_meta":{"origin":759,"position":5},"title":"ISOAFS-ALU VERT","author":"admin","date":"6 f\u00e9vrier 2019","format":false,"excerpt":"ISOAFS-ALU GREENGreenguard Sertifikal\u0131 Is\u0131 \u0130zoleli Al\u00fcminyum Flexible Hava Kanallar\u0131 Tipler ISOAFS-ALU.70 GREEN ISOAFS-ALU F GREEN Genel \u00d6zellikler Flexible Kanal Konstr\u00fcksiyonu 3 kat Al\u00fcminyum + 1 kat Polyester Flexible Kanal Nominal Kal\u0131nl\u0131\u011f\u0131 74 mikron Ceket Kontr\u00fcksiyonu 1 kat Al\u00fcminyum + 2 kat Polyester Ceket Nominal Kal\u0131nl\u0131\u011f\u0131 45 mikron \u0130zolasyon - Kal\u0131nl\u0131k\u2026","rel":"","context":"Article similaire","block_context":{"text":"Article similaire","link":""},"img":{"alt_text":"","src":"https:\/\/i0.wp.com\/tuzlahortum.com.tr\/wp-content\/uploads\/2019\/03\/ISOAFS-ALU.70-GREEN.png?fit=800%2C800&ssl=1&resize=350%2C200","width":350,"height":200,"srcset":"https:\/\/i0.wp.com\/tuzlahortum.com.tr\/wp-content\/uploads\/2019\/03\/ISOAFS-ALU.70-GREEN.png?fit=800%2C800&ssl=1&resize=350%2C200 1x, https:\/\/i0.wp.com\/tuzlahortum.com.tr\/wp-content\/uploads\/2019\/03\/ISOAFS-ALU.70-GREEN.png?fit=800%2C800&ssl=1&resize=525%2C300 1.5x, https:\/\/i0.wp.com\/tuzlahortum.com.tr\/wp-content\/uploads\/2019\/03\/ISOAFS-ALU.70-GREEN.png?fit=800%2C800&ssl=1&resize=700%2C400 2x"},"classes":[]}],"jetpack_sharing_enabled":true,"jetpack_likes_enabled":true,"_links":{"self":[{"href":"https:\/\/tuzlahortum.com.tr\/fr\/wp-json\/wp\/v2\/product\/759","targetHints":{"allow":["GET"]}}],"collection":[{"href":"https:\/\/tuzlahortum.com.tr\/fr\/wp-json\/wp\/v2\/product"}],"about":[{"href":"https:\/\/tuzlahortum.com.tr\/fr\/wp-json\/wp\/v2\/types\/product"}],"replies":[{"embeddable":true,"href":"https:\/\/tuzlahortum.com.tr\/fr\/wp-json\/wp\/v2\/comments?post=759"}],"wp:featuredmedia":[{"embeddable":true,"href":"https:\/\/tuzlahortum.com.tr\/fr\/wp-json\/wp\/v2\/media\/411"}],"wp:attachment":[{"href":"https:\/\/tuzlahortum.com.tr\/fr\/wp-json\/wp\/v2\/media?parent=759"}],"wp:term":[{"taxonomy":"product_brand","embeddable":true,"href":"https:\/\/tuzlahortum.com.tr\/fr\/wp-json\/wp\/v2\/product_brand?post=759"},{"taxonomy":"product_cat","embeddable":true,"href":"https:\/\/tuzlahortum.com.tr\/fr\/wp-json\/wp\/v2\/product_cat?post=759"},{"taxonomy":"product_tag","embeddable":true,"href":"https:\/\/tuzlahortum.com.tr\/fr\/wp-json\/wp\/v2\/product_tag?post=759"}],"curies":[{"name":"wp","href":"https:\/\/api.w.org\/{rel}","templated":true}]}}