{"id":756,"date":"2019-02-06T23:53:23","date_gmt":"2019-02-06T20:53:23","guid":{"rendered":"http:\/\/hortum.com.tr\/product\/import-placeholder-for-218\/"},"modified":"2024-03-21T17:42:59","modified_gmt":"2024-03-21T14:42:59","slug":"yayli-klape","status":"publish","type":"product","link":"https:\/\/tuzlahortum.com.tr\/fr\/produit\/yayli-klape\/","title":{"rendered":"Soupape \u00e0 ressort"},"content":{"rendered":"<h2>Soupape \u00e0 ressort<\/h2>\n<p>Certificat de syst\u00e8me qualit\u00e9 ISO 9001.<\/p>\n<p>Full pass pour un maximum de fluidit\u00e9.<\/p>\n<p>&nbsp;<\/p>\n<p>Connexion ISO 228 Femelle X Femelle.<\/p>\n<p>Joint torique EPDM pour une s\u00e9curit\u00e9 maximale.<\/p>\n<p>Pour une utilisation dans les syst\u00e8mes industriels, de plomberie et d&#039;irrigation<\/p>\n<p>large gamme d&#039;utilisations.<\/p>\n<p>Temp\u00e9rature -10\u00b0C + 50\u00b0C<\/p>\n<table border=\"0\" cellspacing=\"0\" cellpadding=\"0\">\n<tbody>\n<tr bgcolor=\"#002f62\">\n<td>TAILLE NOMINALE<\/td>\n<td>r\u00e9<br \/>\n(mm)<\/td>\n<td>g<br \/>\n(mm)<\/td>\n<td>L<br \/>\n(mm)<\/td>\n<\/tr>\n<tr>\n<td>3\/4\u2033<\/td>\n<td>18<\/td>\n<td>20<\/td>\n<td>90<\/td>\n<\/tr>\n<tr>\n<td>1\u2033<\/td>\n<td>23<\/td>\n<td>25<\/td>\n<td>90<\/td>\n<\/tr>\n<tr>\n<td>1 1\/4\u2033<\/td>\n<td>30<\/td>\n<td>32<\/td>\n<td>117<\/td>\n<\/tr>\n<tr>\n<td>1 1\/2\u2033<\/td>\n<td>37<\/td>\n<td>40<\/td>\n<td>120<\/td>\n<\/tr>\n<tr>\n<td>2\u2033<\/td>\n<td>47<\/td>\n<td>50<\/td>\n<td>135<\/td>\n<\/tr>\n<tr>\n<td>2 1\/2\u2033<\/td>\n<td>60<\/td>\n<td>65<\/td>\n<td>150<\/td>\n<\/tr>\n<tr>\n<td>3\u2033<\/td>\n<td>75<\/td>\n<td>80<\/td>\n<td>185<\/td>\n<\/tr>\n<tr>\n<td>4\u2033<\/td>\n<td>94<\/td>\n<td>100<\/td>\n<td>190<\/td>\n<\/tr>\n<\/tbody>\n<\/table>\n<div class=\"video video-fit mb\" style=\"padding-top:56.25%;\"><p><iframe loading=\"lazy\" title=\"Soupape \u00e0 ressort\" width=\"1020\" height=\"574\" src=\"https:\/\/www.youtube.com\/embed\/G3hkxWOl9dU?feature=oembed\" frameborder=\"0\" allow=\"accelerometer; autoplay; clipboard-write; encrypted-media; gyroscope; picture-in-picture; web-share\" referrerpolicy=\"strict-origin-when-cross-origin\" allowfullscreen><\/iframe><\/p>\n<\/div>","protected":false},"excerpt":{"rendered":"<p>Yayl\u0131 Klape ISO 9001 Kalite Sistem Sertfikas\u0131. Maksimum ak\u0131\u015fkanl\u0131k i\u00e7in tam ge\u00e7i\u015f. &nbsp; ISO 228 Di\u015fi X Di\u015fi ba\u011flant\u0131. Maksimum g\u00fcvenlik i\u00e7in EPDM O-ring. End\u00fcstriyel, Tesisat ve sulama sistemlerinde kullan\u0131lmak \u00fczere geni\u015f kullan\u0131m alan\u0131. S\u0131cakl\u0131k -10\u00b0C + 50\u00b0C ANMA \u00d6L\u00c7\u00dcS\u00dc d (mm) G (mm) L (mm) 3\/4&#8243; 18 20 90 1&#8243; 23 25 90 1 [&#8230;]\n","protected":false},"featured_media":2696,"comment_status":"open","ping_status":"closed","template":"","meta":{"jetpack_post_was_ever_published":false},"product_brand":[],"product_cat":[198],"product_tag":[2172,896,327,2175,900],"class_list":{"0":"post-756","1":"product","2":"type-product","3":"status-publish","4":"has-post-thumbnail","6":"product_cat-klapeler","7":"product_tag-klape","8":"product_tag-klepe","9":"product_tag-yayli","10":"product_tag-yayli-klape","11":"product_tag-yayli-klepe","13":"first","14":"instock","15":"taxable","16":"shipping-taxable","17":"product-type-variable"},"jetpack-related-posts":[],"jetpack_sharing_enabled":true,"jetpack_likes_enabled":true,"_links":{"self":[{"href":"https:\/\/tuzlahortum.com.tr\/fr\/wp-json\/wp\/v2\/product\/756","targetHints":{"allow":["GET"]}}],"collection":[{"href":"https:\/\/tuzlahortum.com.tr\/fr\/wp-json\/wp\/v2\/product"}],"about":[{"href":"https:\/\/tuzlahortum.com.tr\/fr\/wp-json\/wp\/v2\/types\/product"}],"replies":[{"embeddable":true,"href":"https:\/\/tuzlahortum.com.tr\/fr\/wp-json\/wp\/v2\/comments?post=756"}],"wp:featuredmedia":[{"embeddable":true,"href":"https:\/\/tuzlahortum.com.tr\/fr\/wp-json\/wp\/v2\/media\/2696"}],"wp:attachment":[{"href":"https:\/\/tuzlahortum.com.tr\/fr\/wp-json\/wp\/v2\/media?parent=756"}],"wp:term":[{"taxonomy":"product_brand","embeddable":true,"href":"https:\/\/tuzlahortum.com.tr\/fr\/wp-json\/wp\/v2\/product_brand?post=756"},{"taxonomy":"product_cat","embeddable":true,"href":"https:\/\/tuzlahortum.com.tr\/fr\/wp-json\/wp\/v2\/product_cat?post=756"},{"taxonomy":"product_tag","embeddable":true,"href":"https:\/\/tuzlahortum.com.tr\/fr\/wp-json\/wp\/v2\/product_tag?post=756"}],"curies":[{"name":"wp","href":"https:\/\/api.w.org\/{rel}","templated":true}]}}