{"id":751,"date":"2019-02-06T23:53:22","date_gmt":"2019-02-06T20:53:22","guid":{"rendered":"http:\/\/hortum.com.tr\/product\/import-placeholder-for-97\/"},"modified":"2024-03-21T17:43:03","modified_gmt":"2024-03-21T14:43:03","slug":"ozel-solvent-verici-hortum","status":"publish","type":"product","link":"https:\/\/tuzlahortum.com.tr\/fr\/produit\/ozel-solvent-verici-hortum\/","title":{"rendered":"Tuyau distributeur de solvant sp\u00e9cial"},"content":{"rendered":"<h2>Tuyau distributeur de solvant sp\u00e9cial<\/h2>\n<div>DOMAINES D&#039;UTILISATION\u00a0: Travaux de rejet de toluol, de xylol et de solvants et de substances chimiques similaires dans l&#039;industrie chimique<\/div>\n<div><\/div>\n<div>CONSTRUCTION<\/div>\n<div>Fond : Vulcanis\u00e9 avec des plis sp\u00e9ciaux en caoutchouc solide XLPE, noir<\/div>\n<div>Renforcement\u00a0: tissu de cordon haute r\u00e9sistance, fil de cuivre conducteur<\/div>\n<div>Tige : CR r\u00e9sistant \u00e0 l&#039;huile, noir, lisse, r\u00e9sistant \u00e0 l&#039;abrasion, \u00e0 la chaleur, aux solvants et aux produits chimiques<\/div>\n<div><\/div>\n<div><div class=\"video video-fit mb\" style=\"padding-top:56.25%;\"><p><iframe loading=\"lazy\" title=\"Confusion des mesures (pouces, doigts, brume, millim\u00e8tres)\" width=\"1020\" height=\"574\" src=\"https:\/\/www.youtube.com\/embed\/uKk6AG_AZls?feature=oembed\" frameborder=\"0\" allow=\"accelerometer; autoplay; clipboard-write; encrypted-media; gyroscope; picture-in-picture; web-share\" referrerpolicy=\"strict-origin-when-cross-origin\" allowfullscreen><\/iframe><\/p>\n<\/div><\/div>","protected":false},"excerpt":{"rendered":"<p>\u00d6zel Solvent Verici Hortum KULLANIM ALANLARI : Kimya sanayiinde toluol, xylol ve benzeri solvent ve kimyevi madde tahliye i\u015flerinde KONTR\u00dcKS\u0130YON Alt : \u00d6zel XLPE kat\u0131 kau\u00e7uk katlar ile vulkanize edilmi\u015f, siyah Takviye : Y\u00fcksek mukavemetli kord bezi, iletken bak\u0131r tel \u00dcst : Ya\u011fl\u0131 ortama dayan\u0131kl\u0131 CR, siyah, d\u00fcz, a\u015f\u0131nmaya, \u0131s\u0131ya, solvent ve kimyevi maddelere dayan\u0131kl\u0131<\/p>","protected":false},"featured_media":1677,"comment_status":"open","ping_status":"closed","template":"","meta":{"jetpack_post_was_ever_published":false},"product_brand":[],"product_cat":[160],"product_tag":[889,890,809,390,885,808,888,806,810,887,2157,891],"class_list":{"0":"post-751","1":"product","2":"type-product","3":"status-publish","4":"has-post-thumbnail","6":"product_cat-kimyevi-madde-hortumlari","7":"product_tag-asit-ve-kimyevi-madde-tahliye-islerinde","8":"product_tag-asit-verici-hortumlar","9":"product_tag-deterjan","10":"product_tag-ilac","11":"product_tag-kimya-sanayisinde-kullanilan-hortum","12":"product_tag-kimyasal-urunler","13":"product_tag-kimyevi-madde-solvent-verici-hortum","14":"product_tag-kimyevi-madde-tahliye-hortumu","15":"product_tag-parfum","16":"product_tag-solvent-verici-hortumlar","17":"product_tag-xlpe","18":"product_tag-yagsiz-icerikli-ur","20":"first","21":"instock","22":"taxable","23":"shipping-taxable","24":"product-type-variable"},"jetpack-related-posts":[],"jetpack_sharing_enabled":true,"jetpack_likes_enabled":true,"_links":{"self":[{"href":"https:\/\/tuzlahortum.com.tr\/fr\/wp-json\/wp\/v2\/product\/751","targetHints":{"allow":["GET"]}}],"collection":[{"href":"https:\/\/tuzlahortum.com.tr\/fr\/wp-json\/wp\/v2\/product"}],"about":[{"href":"https:\/\/tuzlahortum.com.tr\/fr\/wp-json\/wp\/v2\/types\/product"}],"replies":[{"embeddable":true,"href":"https:\/\/tuzlahortum.com.tr\/fr\/wp-json\/wp\/v2\/comments?post=751"}],"wp:featuredmedia":[{"embeddable":true,"href":"https:\/\/tuzlahortum.com.tr\/fr\/wp-json\/wp\/v2\/media\/1677"}],"wp:attachment":[{"href":"https:\/\/tuzlahortum.com.tr\/fr\/wp-json\/wp\/v2\/media?parent=751"}],"wp:term":[{"taxonomy":"product_brand","embeddable":true,"href":"https:\/\/tuzlahortum.com.tr\/fr\/wp-json\/wp\/v2\/product_brand?post=751"},{"taxonomy":"product_cat","embeddable":true,"href":"https:\/\/tuzlahortum.com.tr\/fr\/wp-json\/wp\/v2\/product_cat?post=751"},{"taxonomy":"product_tag","embeddable":true,"href":"https:\/\/tuzlahortum.com.tr\/fr\/wp-json\/wp\/v2\/product_tag?post=751"}],"curies":[{"name":"wp","href":"https:\/\/api.w.org\/{rel}","templated":true}]}}