{"id":750,"date":"2019-02-06T23:53:22","date_gmt":"2019-02-06T20:53:22","guid":{"rendered":"http:\/\/hortum.com.tr\/product\/import-placeholder-for-96\/"},"modified":"2024-03-21T17:43:04","modified_gmt":"2024-03-21T14:43:04","slug":"ozel-solvent-alici-verici-hortum","status":"publish","type":"product","link":"https:\/\/tuzlahortum.com.tr\/fr\/produit\/ozel-solvent-alici-verici-hortum\/","title":{"rendered":"Tuyau d&#039;\u00e9metteur-r\u00e9cepteur de solvant sp\u00e9cial"},"content":{"rendered":"<h2>Tuyau d&#039;\u00e9metteur-r\u00e9cepteur de solvant sp\u00e9cial<\/h2>\n<div>DOMAINES D&#039;UTILISATION : Dans l&#039;industrie chimique, dans le refoulement et l&#039;aspiration de toluol, xylol et solvants et produits chimiques similaires<\/div>\n<div><\/div>\n<div>CONSTRUCTION<\/div>\n<div>Fond : Vulcanis\u00e9 avec des plis sp\u00e9ciaux en caoutchouc solide XLPE, noir<\/div>\n<div>Renforcement\u00a0: tissu de corde \u00e0 haute r\u00e9sistance, fil de cuivre conducteur, fil d&#039;acier intercalaire<\/div>\n<div>Tige : CR r\u00e9sistant \u00e0 l&#039;huile, noir, lisse, r\u00e9sistant \u00e0 l&#039;abrasion, \u00e0 la chaleur, aux solvants et aux produits chimiques<\/div>\n<div><\/div>\n<div><div class=\"video video-fit mb\" style=\"padding-top:56.25%;\"><p><iframe loading=\"lazy\" title=\"Confusion des mesures (pouces, doigts, brume, millim\u00e8tres)\" width=\"1020\" height=\"574\" src=\"https:\/\/www.youtube.com\/embed\/uKk6AG_AZls?feature=oembed\" frameborder=\"0\" allow=\"accelerometer; autoplay; clipboard-write; encrypted-media; gyroscope; picture-in-picture; web-share\" referrerpolicy=\"strict-origin-when-cross-origin\" allowfullscreen><\/iframe><\/p>\n<\/div><\/div>","protected":false},"excerpt":{"rendered":"<p>\u00d6zel Solvent Al\u0131c\u0131-Verici Hortum KULLANIM ALANLARI : Kimya sanayisinde toluol, xylol ve benzeri solvent ve kimyevi madde tahliye ve emme i\u015flerinde KONTR\u00dcKS\u0130YON Alt : \u00d6zel XLPE kat\u0131 kau\u00e7uk katlar ile vulkanize edilmi\u015f, siyah Takviye : Y\u00fcksek mukavemetli kord bezi, iletken bak\u0131r tel, katlararas\u0131 \u00e7elik tel \u00dcst : Ya\u011fl\u0131 ortama dayan\u0131kl\u0131 CR, siyah, d\u00fcz, a\u015f\u0131nmaya, \u0131s\u0131ya, [&#8230;]\n","protected":false},"featured_media":1698,"comment_status":"open","ping_status":"closed","template":"","meta":{"jetpack_post_was_ever_published":false},"product_brand":[],"product_cat":[160],"product_tag":[805,804,684,885,807,886,806,884,2157],"class_list":{"0":"post-750","1":"product","2":"type-product","3":"status-publish","4":"has-post-thumbnail","6":"product_cat-kimyevi-madde-hortumlari","7":"product_tag-asit-alici-verici-hortumlar","8":"product_tag-asit-ve-kimyevi-madde-tahliye-ve-emme-islerinde","9":"product_tag-kimya","10":"product_tag-kimya-sanayisinde-kullanilan-hortum","11":"product_tag-kimyevi-madde-emme-hortumu","12":"product_tag-kimyevi-madde-solvent-alici-verici-hortum","13":"product_tag-kimyevi-madde-tahliye-hortumu","14":"product_tag-solvent-alici-verici-hortumlar","15":"product_tag-xlpe","17":"first","18":"instock","19":"featured","20":"taxable","21":"shipping-taxable","22":"product-type-variable"},"jetpack-related-posts":[],"jetpack_sharing_enabled":true,"jetpack_likes_enabled":true,"_links":{"self":[{"href":"https:\/\/tuzlahortum.com.tr\/fr\/wp-json\/wp\/v2\/product\/750","targetHints":{"allow":["GET"]}}],"collection":[{"href":"https:\/\/tuzlahortum.com.tr\/fr\/wp-json\/wp\/v2\/product"}],"about":[{"href":"https:\/\/tuzlahortum.com.tr\/fr\/wp-json\/wp\/v2\/types\/product"}],"replies":[{"embeddable":true,"href":"https:\/\/tuzlahortum.com.tr\/fr\/wp-json\/wp\/v2\/comments?post=750"}],"wp:featuredmedia":[{"embeddable":true,"href":"https:\/\/tuzlahortum.com.tr\/fr\/wp-json\/wp\/v2\/media\/1698"}],"wp:attachment":[{"href":"https:\/\/tuzlahortum.com.tr\/fr\/wp-json\/wp\/v2\/media?parent=750"}],"wp:term":[{"taxonomy":"product_brand","embeddable":true,"href":"https:\/\/tuzlahortum.com.tr\/fr\/wp-json\/wp\/v2\/product_brand?post=750"},{"taxonomy":"product_cat","embeddable":true,"href":"https:\/\/tuzlahortum.com.tr\/fr\/wp-json\/wp\/v2\/product_cat?post=750"},{"taxonomy":"product_tag","embeddable":true,"href":"https:\/\/tuzlahortum.com.tr\/fr\/wp-json\/wp\/v2\/product_tag?post=750"}],"curies":[{"name":"wp","href":"https:\/\/api.w.org\/{rel}","templated":true}]}}