{"id":745,"date":"2019-02-06T23:53:20","date_gmt":"2019-02-06T20:53:20","guid":{"rendered":"http:\/\/hortum.com.tr\/product\/import-placeholder-for-132\/"},"modified":"2024-07-19T13:13:09","modified_gmt":"2024-07-19T10:13:09","slug":"12mm-vida-surumlu-kelepceler","status":"publish","type":"product","link":"https:\/\/tuzlahortum.com.tr\/fr\/produit\/12mm-vida-surumlu-kelepceler\/","title":{"rendered":"Pinces \u00e0 vis de 12 mm"},"content":{"rendered":"<h2>Pinces \u00e0 vis de 12 mm<\/h2>\n<p>\u00e0 une bande passante de 12 mm\u00a0<strong>DIN 3017<\/strong>\u00a0Les mod\u00e8les de colliers de serrage \u00e0 vis Kale, fabriqu\u00e9s selon la norme, sont facilement utilisables dans de nombreux secteurs gr\u00e2ce \u00e0 leurs options de large diam\u00e8tre.<\/p>\n<p class=\"ptext-circle-bullet\">Avec les mod\u00e8les de colliers de serrage \u00e0 vis KALE, les combinaisons de mat\u00e9riaux bande\/fente\/vis (W2B, W2, W3, W4, W5), t\u00eate de vis hexagonale 7 mm (avec lames de tournevis cruciformes et plates), les utilisateurs ont la possibilit\u00e9 de choisir diff\u00e9rentes alternatives en fonction de les caract\u00e9ristiques du point d&#039;application.<\/p>\n<p class=\"ptext-circle-bullet\"><span class=\"p-text\">Avec une gamme de diam\u00e8tres de 16 mm \u00e0 200 mm, une largeur de bande de 12 mm et une combinaison de cinq mat\u00e9riaux diff\u00e9rents, les colliers de serrage de la s\u00e9rie Kale WD offrent aux consommateurs une large gamme d&#039;alternatives de produits en fonction des caract\u00e9ristiques de leurs points d&#039;application.<\/span><\/p>\n<p class=\"ptext-circle-bullet\">La surface int\u00e9rieure des mod\u00e8les de colliers de serrage \u00e0 vis KALE est compl\u00e8tement lisse et les bords de la bande de serrage sont fabriqu\u00e9s de mani\u00e8re convexe.<\/p>\n<p class=\"ptext-circle-bullet\">En cas de couple de serrage \u00e9lev\u00e9 avec des produits inadapt\u00e9s, le tuyau ou le joint peut \u00eatre endommag\u00e9. Il est recommand\u00e9 d&#039;utiliser des colliers de serrage de la s\u00e9rie WD12, en particulier pour les tuyaux \u00e0 paroi \u00e9paisse.<\/p>\n<p><img data-recalc-dims=\"1\" loading=\"lazy\" decoding=\"async\" class=\"size-full wp-image-10440 alignright\" src=\"https:\/\/i0.wp.com\/tuzlahortum.com.tr\/wp-content\/uploads\/2019\/02\/12-MM-V%C4%B0DA-S%C3%9CR%C3%9CML%C3%9C-KELEP%C3%87E-3-1.jpg?resize=278%2C714&#038;ssl=1\" alt=\"\" width=\"278\" height=\"714\" title=\"\" srcset=\"https:\/\/i0.wp.com\/tuzlahortum.com.tr\/wp-content\/uploads\/2019\/02\/12-MM-V%C4%B0DA-S%C3%9CR%C3%9CML%C3%9C-KELEP%C3%87E-3-1.jpg?w=278&amp;ssl=1 278w, https:\/\/i0.wp.com\/tuzlahortum.com.tr\/wp-content\/uploads\/2019\/02\/12-MM-V%C4%B0DA-S%C3%9CR%C3%9CML%C3%9C-KELEP%C3%87E-3-1.jpg?resize=156%2C400&amp;ssl=1 156w\" sizes=\"auto, (max-width: 278px) 100vw, 278px\" \/><\/p>\n<p>&nbsp;<\/p>\n<p><img data-recalc-dims=\"1\" loading=\"lazy\" decoding=\"async\" class=\"wp-image-3973 alignleft\" src=\"https:\/\/i0.wp.com\/tuzlahortum.com.tr\/wp-content\/uploads\/2019\/02\/12mm-vida-s%C3%BCr%C3%BCml%C3%BC.jpg?resize=594%2C358&#038;ssl=1\" alt=\"\" width=\"594\" height=\"358\" title=\"\" srcset=\"https:\/\/i0.wp.com\/tuzlahortum.com.tr\/wp-content\/uploads\/2019\/02\/12mm-vida-s%C3%BCr%C3%BCml%C3%BC.jpg?w=633&amp;ssl=1 633w, https:\/\/i0.wp.com\/tuzlahortum.com.tr\/wp-content\/uploads\/2019\/02\/12mm-vida-s%C3%BCr%C3%BCml%C3%BC.jpg?resize=600%2C362&amp;ssl=1 600w\" sizes=\"auto, (max-width: 594px) 100vw, 594px\" \/><img data-recalc-dims=\"1\" loading=\"lazy\" decoding=\"async\" class=\"alignnone size-full wp-image-10417\" src=\"https:\/\/i0.wp.com\/tuzlahortum.com.tr\/wp-content\/uploads\/2019\/02\/12-MM-V%C4%B0DA-S%C3%9CR%C3%9CML%C3%9C-KELEP%C3%87E-2-1.jpg?resize=370%2C359&#038;ssl=1\" alt=\"\" width=\"370\" height=\"359\" title=\"\"><\/p>","protected":false},"excerpt":{"rendered":"<p>12mm Vida S\u00fcr\u00fcml\u00fc Kelep\u00e7eler 12mm bant geni\u015fli\u011finde\u00a0DIN 3017\u00a0normuna g\u00f6re \u00fcretilen Kale vida s\u00fcr\u00fcml\u00fc hortum kelep\u00e7esi modelleri, geni\u015f \u00e7ap se\u00e7enekleri ile bir \u00e7ok sekt\u00f6rde rahatl\u0131kla kullan\u0131lmaktad\u0131r. KALE vida s\u00fcr\u00fcml\u00fc hortum kelep\u00e7esi modelleri, bant\/yuva\/vida malzeme kombinasyonlar\u0131 (W2B, W2, W3, W4, W5), 7mm alt\u0131gen vida ba\u015f\u0131 (y\u0131ld\u0131z ve d\u00fcz tornavida a\u011f\u0131zl\u0131) se\u00e7enekleri ile kullan\u0131c\u0131lara uygulama noktas\u0131n\u0131n \u00f6zelliklerine ba\u011fl\u0131 [&#8230;]\n","protected":false},"featured_media":10410,"comment_status":"open","ping_status":"closed","template":"","meta":{"jetpack_post_was_ever_published":false},"product_brand":[],"product_cat":[113],"product_tag":[873,2241,2242,2262,857,876,877,852,874,875],"class_list":{"0":"post-745","1":"product","2":"type-product","3":"status-publish","4":"has-post-thumbnail","6":"product_cat-vida-surumlu-kelepceler","7":"product_tag-12mm-vida-surumlu-kelepce","8":"product_tag-2241","9":"product_tag-2242","10":"product_tag-2262","11":"product_tag-hortum-kelepcesi","12":"product_tag-kale","13":"product_tag-kale-kelepce","14":"product_tag-kelepce","15":"product_tag-vida","16":"product_tag-vida-surumlu","18":"first","19":"instock","20":"taxable","21":"shipping-taxable","22":"product-type-variable"},"jetpack-related-posts":[{"id":945,"url":"https:\/\/tuzlahortum.com.tr\/fr\/produit\/9mm-vida-surumlu-kelepceler\/","url_meta":{"origin":745,"position":0},"title":"Pinces \u00e0 vis de 9 mm","author":"admin","date":"6 f\u00e9vrier 2019","format":false,"excerpt":"9mm Vida S\u00fcr\u00fcml\u00fc Kelep\u00e7eler 9mm bant geni\u015fli\u011finde\u00a0DIN 3017\u00a0normuna g\u00f6re \u00fcretilen Kale vida s\u00fcr\u00fcml\u00fc hortum kelep\u00e7esi modelleri, geni\u015f \u00e7ap se\u00e7enekleri ile bir \u00e7ok sekt\u00f6rde rahatl\u0131kla kullan\u0131lmaktad\u0131r. KALE vida s\u00fcr\u00fcml\u00fc hortum kelep\u00e7esi modelleri, bant\/yuva\/vida malzeme kombinasyonlar\u0131 (W2B, W2, W3, W4, W5), 7mm alt\u0131gen vida ba\u015f\u0131 (y\u0131ld\u0131z ve d\u00fcz tornavida a\u011f\u0131zl\u0131) se\u00e7enekleri ile\u2026","rel":"","context":"Article similaire","block_context":{"text":"Article similaire","link":""},"img":{"alt_text":"","src":"https:\/\/i0.wp.com\/tuzlahortum.com.tr\/wp-content\/uploads\/2019\/02\/9-MM-V%C4%B0DA-S%C3%9CR%C3%9CML%C3%9C-KELEP%C3%87E.jpg?fit=699%2C753&ssl=1&resize=350%2C200","width":350,"height":200,"srcset":"https:\/\/i0.wp.com\/tuzlahortum.com.tr\/wp-content\/uploads\/2019\/02\/9-MM-V%C4%B0DA-S%C3%9CR%C3%9CML%C3%9C-KELEP%C3%87E.jpg?fit=699%2C753&ssl=1&resize=350%2C200 1x, https:\/\/i0.wp.com\/tuzlahortum.com.tr\/wp-content\/uploads\/2019\/02\/9-MM-V%C4%B0DA-S%C3%9CR%C3%9CML%C3%9C-KELEP%C3%87E.jpg?fit=699%2C753&ssl=1&resize=525%2C300 1.5x"},"classes":[]},{"id":748,"url":"https:\/\/tuzlahortum.com.tr\/fr\/produit\/yay-gerilmeli-agir-is-kelepcesi\/","url_meta":{"origin":745,"position":1},"title":"Pince de serrage robuste \u00e0 tension de ressort","author":"admin","date":"6 f\u00e9vrier 2019","format":false,"excerpt":"Yay Gerilmeli A\u011f\u0131r \u0130\u015f Kelep\u00e7esiVida s\u00fcr\u00fcml\u00fc mant\u0131\u011f\u0131nda \u00e7al\u0131\u015fan y\u00fcksek \u0131s\u0131 ve bas\u0131n\u00e7 alt\u0131nda hortum \u00e7ap\u0131ndaki de\u011fi\u015fiklikleri absorbe eden yayl\u0131 kelep\u00e7e t\u00fcr\u00fcd\u00fcr.\u00a0","rel":"","context":"Article similaire","block_context":{"text":"Article similaire","link":""},"img":{"alt_text":"","src":"https:\/\/i0.wp.com\/tuzlahortum.com.tr\/wp-content\/uploads\/2019\/02\/yay-gerilmeli-a%C4%9F%C4%B1r-i%C5%9F-kelep%C3%A7esi-2.jpg?fit=598%2C603&ssl=1&resize=350%2C200","width":350,"height":200,"srcset":"https:\/\/i0.wp.com\/tuzlahortum.com.tr\/wp-content\/uploads\/2019\/02\/yay-gerilmeli-a%C4%9F%C4%B1r-i%C5%9F-kelep%C3%A7esi-2.jpg?fit=598%2C603&ssl=1&resize=350%2C200 1x, https:\/\/i0.wp.com\/tuzlahortum.com.tr\/wp-content\/uploads\/2019\/02\/yay-gerilmeli-a%C4%9F%C4%B1r-i%C5%9F-kelep%C3%A7esi-2.jpg?fit=598%2C603&ssl=1&resize=525%2C300 1.5x"},"classes":[]},{"id":942,"url":"https:\/\/tuzlahortum.com.tr\/fr\/produit\/galvaniz-8-5-mm-hortum-kelepceleri\/","url_meta":{"origin":745,"position":2},"title":"Colliers de serrage galvanis\u00e9s de 8,5 mm","author":"admin","date":"6 f\u00e9vrier 2019","format":false,"excerpt":"Galvaniz 8.5 mm Hortum Kelep\u00e7eleriKelep\u00e7e band & Kapak Norm Standart\u0131 \u2022\u00a0DIN 1623 P2 \u2013 So\u011fuk Haddelenmi\u015f \u00c7elik. \u2022\u00a0DIN EN 10130:1999 \u2013 \u00c7ekme i\u015flemine uygun so\u011fuk haddelenmi\u015f \u00e7elik. Kelep\u00e7e band tipleri \u2022\u00a0W1 (\u00e7inko kaplama) \u2013 delikli band \u2022\u00a0Band geni\u015fli\u011fi 8.5 mm \u2022\u00a0G\u00fcvenli d\u0131\u015f b\u00fckey band kenarlar\u0131yla s\u0131k\u0131lan hortumun zarar g\u00f6rmesi engellenmi\u015ftir.\u2026","rel":"","context":"Article similaire","block_context":{"text":"Article similaire","link":""},"img":{"alt_text":"","src":"https:\/\/i0.wp.com\/tuzlahortum.com.tr\/wp-content\/uploads\/2019\/02\/tork-kelep%C3%A7e-d.jpg?fit=605%2C601&ssl=1&resize=350%2C200","width":350,"height":200,"srcset":"https:\/\/i0.wp.com\/tuzlahortum.com.tr\/wp-content\/uploads\/2019\/02\/tork-kelep%C3%A7e-d.jpg?fit=605%2C601&ssl=1&resize=350%2C200 1x, https:\/\/i0.wp.com\/tuzlahortum.com.tr\/wp-content\/uploads\/2019\/02\/tork-kelep%C3%A7e-d.jpg?fit=605%2C601&ssl=1&resize=525%2C300 1.5x"},"classes":[]},{"id":742,"url":"https:\/\/tuzlahortum.com.tr\/fr\/produit\/strip-steel-serit-kelepce\/","url_meta":{"origin":745,"position":3},"title":"Bande d&#039;acier - Pince \u00e0 bande","author":"admin","date":"6 f\u00e9vrier 2019","format":false,"excerpt":"Strip Steel - \u015eerit Kelep\u00e7eStrip-Steel Serbest Boy Paslanmaz kelep\u00e7eler 30 metrelik rulolar halindedir. Klipsleri sayesinde uygulama noktas\u0131nda istenilen \u00e7apta kullan\u0131ma olanak sa\u011flarlar. BANT MALZEMES\u0130 PASLANMAZ \u00c7EL\u0130K (W2- 430 KAL\u0130TE) BANT KALINLI\u011eI 0,60 mm BANT GEN\u0130\u015eL\u0130\u011e\u0130 9 mm BANT UZUNLU\u011eU 30 mt","rel":"","context":"Article similaire","block_context":{"text":"Article similaire","link":""},"img":{"alt_text":"","src":"https:\/\/i0.wp.com\/tuzlahortum.com.tr\/wp-content\/uploads\/urunler\/kelepceler\/st-strip-steel-kelepce.jpg?fit=500%2C300&ssl=1&resize=350%2C200","width":350,"height":200},"classes":[]},{"id":944,"url":"https:\/\/tuzlahortum.com.tr\/fr\/produit\/galvaniz-14-mm-hortum-kelepceleri\/","url_meta":{"origin":745,"position":4},"title":"Colliers de serrage galvanis\u00e9s de 14 mm","author":"admin","date":"6 f\u00e9vrier 2019","format":false,"excerpt":"Galvaniz 14 mm Hortum Kelep\u00e7eleriKelep\u00e7e band & Kapak Norm Standart\u0131 \u2022\u00a0DIN 1623 P2 \u2013 So\u011fuk Haddelenmi\u015f \u00c7elik. \u2022\u00a0DIN EN 10130:1999 \u2013 \u00c7ekme i\u015flemine uygunso\u011fuk haddelenmi\u015f \u00e7elik. Kelep\u00e7e band tipleri \u2022\u00a0W1 (\u00e7inko kaplama) \u2013 delikli band \u2022\u00a0Band geni\u015fli\u011fi 14mm \u2022\u00a0G\u00fcvenli d\u0131\u015f b\u00fckey bandkenarlar\u0131yla s\u0131k\u0131lan hortumun zarar g\u00f6rmesi engellenmi\u015ftir. Vida Norm Standard\u2026","rel":"","context":"Article similaire","block_context":{"text":"Article similaire","link":""},"img":{"alt_text":"","src":"https:\/\/i0.wp.com\/tuzlahortum.com.tr\/wp-content\/uploads\/2019\/02\/tork-kelep%C3%A7e-d.jpg?fit=605%2C601&ssl=1&resize=350%2C200","width":350,"height":200,"srcset":"https:\/\/i0.wp.com\/tuzlahortum.com.tr\/wp-content\/uploads\/2019\/02\/tork-kelep%C3%A7e-d.jpg?fit=605%2C601&ssl=1&resize=350%2C200 1x, https:\/\/i0.wp.com\/tuzlahortum.com.tr\/wp-content\/uploads\/2019\/02\/tork-kelep%C3%A7e-d.jpg?fit=605%2C601&ssl=1&resize=525%2C300 1.5x"},"classes":[]},{"id":943,"url":"https:\/\/tuzlahortum.com.tr\/fr\/produit\/galvaniz-10-mm-hortum-kelepceleri\/","url_meta":{"origin":745,"position":5},"title":"Colliers de serrage galvanis\u00e9s de 10 mm","author":"admin","date":"6 f\u00e9vrier 2019","format":false,"excerpt":"Galvaniz 10 mm Hortum Kelep\u00e7eleriKelep\u00e7e band & Kapak Norm Standart\u0131 \u2022\u00a0DIN 1623 P2 \u2013 So\u011fuk Haddelenmi\u015f \u00c7elik. \u2022\u00a0DIN EN 10130:1999 \u2013 \u00c7ekme i\u015flemine uygunso\u011fuk haddelenmi\u015f \u00e7elik. Kelep\u00e7e band tipleri \u2022\u00a0W1 (\u00e7inko kaplama) \u2013 delikli band \u2022\u00a0Band geni\u015fli\u011fi 10mm \u2022\u00a0G\u00fcvenli d\u0131\u015f b\u00fckey bandkenarlar\u0131yla s\u0131k\u0131lan hortumun zarar g\u00f6rmesi engellenmi\u015ftir. Vida Norm Standard\u2026","rel":"","context":"Article similaire","block_context":{"text":"Article similaire","link":""},"img":{"alt_text":"","src":"https:\/\/i0.wp.com\/tuzlahortum.com.tr\/wp-content\/uploads\/2019\/02\/tork-kelep%C3%A7e-d.jpg?fit=605%2C601&ssl=1&resize=350%2C200","width":350,"height":200,"srcset":"https:\/\/i0.wp.com\/tuzlahortum.com.tr\/wp-content\/uploads\/2019\/02\/tork-kelep%C3%A7e-d.jpg?fit=605%2C601&ssl=1&resize=350%2C200 1x, https:\/\/i0.wp.com\/tuzlahortum.com.tr\/wp-content\/uploads\/2019\/02\/tork-kelep%C3%A7e-d.jpg?fit=605%2C601&ssl=1&resize=525%2C300 1.5x"},"classes":[]}],"jetpack_sharing_enabled":true,"jetpack_likes_enabled":true,"_links":{"self":[{"href":"https:\/\/tuzlahortum.com.tr\/fr\/wp-json\/wp\/v2\/product\/745","targetHints":{"allow":["GET"]}}],"collection":[{"href":"https:\/\/tuzlahortum.com.tr\/fr\/wp-json\/wp\/v2\/product"}],"about":[{"href":"https:\/\/tuzlahortum.com.tr\/fr\/wp-json\/wp\/v2\/types\/product"}],"replies":[{"embeddable":true,"href":"https:\/\/tuzlahortum.com.tr\/fr\/wp-json\/wp\/v2\/comments?post=745"}],"wp:featuredmedia":[{"embeddable":true,"href":"https:\/\/tuzlahortum.com.tr\/fr\/wp-json\/wp\/v2\/media\/10410"}],"wp:attachment":[{"href":"https:\/\/tuzlahortum.com.tr\/fr\/wp-json\/wp\/v2\/media?parent=745"}],"wp:term":[{"taxonomy":"product_brand","embeddable":true,"href":"https:\/\/tuzlahortum.com.tr\/fr\/wp-json\/wp\/v2\/product_brand?post=745"},{"taxonomy":"product_cat","embeddable":true,"href":"https:\/\/tuzlahortum.com.tr\/fr\/wp-json\/wp\/v2\/product_cat?post=745"},{"taxonomy":"product_tag","embeddable":true,"href":"https:\/\/tuzlahortum.com.tr\/fr\/wp-json\/wp\/v2\/product_tag?post=745"}],"curies":[{"name":"wp","href":"https:\/\/api.w.org\/{rel}","templated":true}]}}