{"id":744,"date":"2019-02-06T23:53:20","date_gmt":"2019-02-06T20:53:20","guid":{"rendered":"http:\/\/hortum.com.tr\/product\/import-placeholder-for-134\/"},"modified":"2024-03-21T17:43:09","modified_gmt":"2024-03-21T14:43:09","slug":"supra-paslanmaz-kelepce-w2-w4","status":"publish","type":"product","link":"https:\/\/tuzlahortum.com.tr\/fr\/produit\/supra-paslanmaz-kelepce-w2-w4\/","title":{"rendered":"Pince en acier inoxydable Supra (W2\/W4)"},"content":{"rendered":"<h2>Pince en acier inoxydable Supra (W2\/W4)<\/h2>\n<p class=\"p-text\">Gr\u00e2ce \u00e0 son pont sup\u00e9rieur r\u00e9volutionnaire, le collier de serrage en acier inoxydable Supra peut \u00eatre install\u00e9 dans les applications les plus exigeantes sans qu&#039;il soit n\u00e9cessaire de retirer le tuyau.<\/p>\n<p class=\"ptext-circle-bullet\">Le collier de serrage Supra en acier inoxydable est un collier de serrage robuste.<\/p>\n<p class=\"ptext-circle-bullet\">Aucun retrait du tuyau n&#039;est n\u00e9cessaire pour installer ce collier de serrage. Par cons\u00e9quent, le processus d&#039;assemblage devient beaucoup plus facile.<\/p>\n<p class=\"ptext-circle-bullet\">Gr\u00e2ce \u00e0 ses bords incurv\u00e9s, le tuyau est prot\u00e9g\u00e9 contre les dommages.<\/p>\n<p class=\"ptext-circle-bullet\">Collier de serrage en acier inoxydable Supra dat\u00e9 du 1er juin 2006\u00a0\u00a0<strong>UE 20032\/95\/CE<\/strong>\u00a0La directive est enti\u00e8rement conforme \u00e0 RoHs.<\/p>\n<p class=\"ptext-circle-bullet\">Il vous permet de connecter les ensembles de flexibles les plus exigeants avec le syst\u00e8me de boulon, \u00e9crou fixe et pont en acier inoxydable. Le mod\u00e8le de collier de serrage Supra est un collier enti\u00e8rement en acier inoxydable con\u00e7u pour les applications exigeantes o\u00f9 une r\u00e9sistance \u00e9lev\u00e9e \u00e0 la corrosion est essentielle.<\/p>\n<p class=\"ptext-circle-bullet\">Cette pince \u00e0 usage intensif, la meilleure de sa cat\u00e9gorie, est id\u00e9ale pour les applications de l&#039;industrie marine et alimentaire, ainsi que pour de nombreuses applications industrielles o\u00f9 l&#039;acier inoxydable AISI-304 est requis.<\/p>\n<p class=\"ptext-circle-bullet\"><img data-recalc-dims=\"1\" decoding=\"async\" src=\"https:\/\/i0.wp.com\/www.tuzlahortum.com.tr\/image\/data\/urunler\/kelepceler\/spsuprapaslanmazkelepceteknikresim.gif?w=1020\" alt=\"\" title=\"\"><img data-recalc-dims=\"1\" loading=\"lazy\" decoding=\"async\" class=\"size-full wp-image-10425 alignright\" src=\"https:\/\/i0.wp.com\/tuzlahortum.com.tr\/wp-content\/uploads\/2019\/02\/SUPRA-KELEP%C3%87E-4.jpg?resize=458%2C760&#038;ssl=1\" alt=\"\" width=\"458\" height=\"760\" title=\"\" srcset=\"https:\/\/i0.wp.com\/tuzlahortum.com.tr\/wp-content\/uploads\/2019\/02\/SUPRA-KELEP%C3%87E-4.jpg?w=458&amp;ssl=1 458w, https:\/\/i0.wp.com\/tuzlahortum.com.tr\/wp-content\/uploads\/2019\/02\/SUPRA-KELEP%C3%87E-4.jpg?resize=241%2C400&amp;ssl=1 241w\" sizes=\"auto, (max-width: 458px) 100vw, 458px\" \/><img data-recalc-dims=\"1\" loading=\"lazy\" decoding=\"async\" class=\"wp-image-10423 alignleft\" src=\"https:\/\/i0.wp.com\/tuzlahortum.com.tr\/wp-content\/uploads\/2019\/02\/SUPRA-KELEP%C3%87E-2.jpg?resize=404%2C258&#038;ssl=1\" alt=\"\" width=\"404\" height=\"258\" title=\"\"><\/p>\n<p><img data-recalc-dims=\"1\" loading=\"lazy\" decoding=\"async\" class=\"wp-image-10424 alignleft\" src=\"https:\/\/i0.wp.com\/tuzlahortum.com.tr\/wp-content\/uploads\/2019\/02\/SUPRA-KELEP%C3%87E-3.jpg?resize=411%2C398&#038;ssl=1\" alt=\"\" width=\"411\" height=\"398\" title=\"\" srcset=\"https:\/\/i0.wp.com\/tuzlahortum.com.tr\/wp-content\/uploads\/2019\/02\/SUPRA-KELEP%C3%87E-3.jpg?w=489&amp;ssl=1 489w, https:\/\/i0.wp.com\/tuzlahortum.com.tr\/wp-content\/uploads\/2019\/02\/SUPRA-KELEP%C3%87E-3.jpg?resize=413%2C400&amp;ssl=1 413w\" sizes=\"auto, (max-width: 411px) 100vw, 411px\" \/><\/p>","protected":false},"excerpt":{"rendered":"<p>Supra Paslanmaz Kelep\u00e7e (W2\/W4) Supra Paslanmaz Hortum Kelep\u00e7esi devrim niteli\u011findeki \u00fcst k\u00f6pr\u00fcs\u00fcnden dolay\u0131, hortumu \u00e7\u0131kartma gereksinimi olmadan en zorlu uygulamalara monte edilebilir. Supra Paslanmaz Hortum kelep\u00e7esi bir a\u011f\u0131r i\u015f kelep\u00e7esidir. Bu hortum kelep\u00e7esinin montaj\u0131 i\u00e7in hortumun yerinden \u00e7\u0131kar\u0131lmas\u0131na gerek kalmaz. Dolay\u0131s\u0131 ile montaj i\u015flemi \u00e7ok daha kolayla\u015fm\u0131\u015f olur. E\u011fimli kenarlar\u0131 sayesinde, hortum hasar g\u00f6rmekten korunur. [&#8230;]\n","protected":false},"featured_media":10421,"comment_status":"open","ping_status":"closed","template":"","meta":{"jetpack_post_was_ever_published":false},"product_brand":[],"product_cat":[108],"product_tag":[2241,872,560,852,870,666,869,863,871],"class_list":{"0":"post-744","1":"product","2":"type-product","3":"status-publish","4":"has-post-thumbnail","6":"product_cat-cember-kelepceler","7":"product_tag-2241","8":"product_tag-deniz-uygulamalari","9":"product_tag-gida-endustrisi","10":"product_tag-kelepce","11":"product_tag-korozyon-direnci","12":"product_tag-paslanmaz","13":"product_tag-sabit-somun","14":"product_tag-supra-kelepce","15":"product_tag-zorlu","17":"first","18":"instock","19":"featured","20":"taxable","21":"shipping-taxable","22":"product-type-variable"},"jetpack-related-posts":[{"id":741,"url":"https:\/\/tuzlahortum.com.tr\/fr\/produit\/smooth-kelepceler\/","url_meta":{"origin":744,"position":0},"title":"Pinces lisses","author":"admin","date":"6 f\u00e9vrier 2019","format":false,"excerpt":"Smooth Kelep\u00e7elerA\u011f\u0131r i\u015f tipi i\u00e7in tasarlanm\u0131\u015f olan bu paslanmaz \u00e7elik Smooth kelep\u00e7eler bir s\u0131kma aparat\u0131 ile montaj edilirler. Band\u0131n \u00e7ekerek s\u0131k\u0131\u015ft\u0131r\u0131lmas\u0131 prensibi ile montaj\u0131 ger\u00e7ekle\u015fen bu hortum kelep\u00e7esi modelleri maksimum s\u0131kma tork de\u011ferlerini rahatl\u0131kla sa\u011flamaktad\u0131rlar.","rel":"","context":"Article similaire","block_context":{"text":"Article similaire","link":""},"img":{"alt_text":"","src":"https:\/\/i0.wp.com\/tuzlahortum.com.tr\/wp-content\/uploads\/2019\/02\/BJR-SMOOTH-KELEP%C3%87E-3.jpg?fit=930%2C605&ssl=1&resize=350%2C200","width":350,"height":200,"srcset":"https:\/\/i0.wp.com\/tuzlahortum.com.tr\/wp-content\/uploads\/2019\/02\/BJR-SMOOTH-KELEP%C3%87E-3.jpg?fit=930%2C605&ssl=1&resize=350%2C200 1x, https:\/\/i0.wp.com\/tuzlahortum.com.tr\/wp-content\/uploads\/2019\/02\/BJR-SMOOTH-KELEP%C3%87E-3.jpg?fit=930%2C605&ssl=1&resize=525%2C300 1.5x, https:\/\/i0.wp.com\/tuzlahortum.com.tr\/wp-content\/uploads\/2019\/02\/BJR-SMOOTH-KELEP%C3%87E-3.jpg?fit=930%2C605&ssl=1&resize=700%2C400 2x"},"classes":[]},{"id":931,"url":"https:\/\/tuzlahortum.com.tr\/fr\/produit\/band-buckle-kelepce\/","url_meta":{"origin":744,"position":1},"title":"Bande et Boucle Pince","author":"admin","date":"6 f\u00e9vrier 2019","format":false,"excerpt":"Band & Buckle Kelep\u00e7eBand & Buckle paslanmaz \u00e7elik serbest boy kelep\u00e7e modelleri standartlar\u0131n \u00fczerindeki \u00e7aplarda s\u0131zd\u0131rmazl\u0131k ve sabitleme ama\u00e7l\u0131 tasarlanm\u0131\u015flard\u0131r. Bu serbest boy kelep\u00e7elerin korozyon diren\u00e7leri y\u00fcksektir. DIN 1.4301 (AISI 304) malzemeden \u00fcretilmektedir. \u0130stenilen \u00e7ap i\u00e7in uygulanmas\u0131 olduk\u00e7a basit olan bu serbest boy paslanmaz hortum kelep\u00e7esi modelleri bir s\u0131kma aparat\u0131\u2026","rel":"","context":"Article similaire","block_context":{"text":"Article similaire","link":""},"img":{"alt_text":"","src":"https:\/\/i0.wp.com\/tuzlahortum.com.tr\/wp-content\/uploads\/urunler\/kelepceler\/bandbucklekelepce.jpg?fit=500%2C350&ssl=1&resize=350%2C200","width":350,"height":200},"classes":[]},{"id":747,"url":"https:\/\/tuzlahortum.com.tr\/fr\/produit\/se-kademesiz-kulakli-kelepceler\/","url_meta":{"origin":744,"position":2},"title":"SE - Pinces \u00e0 oreille en continu","author":"admin","date":"6 f\u00e9vrier 2019","format":false,"excerpt":"SE - Kademesiz Kulakl\u0131 Kelep\u00e7elerSE - Kademesiz Kulakl\u0131 Kelep\u00e7eler bir\u00e7ok hortum ba\u011flant\u0131lar\u0131 montaj\u0131 i\u00e7in uygulamas\u0131 h\u0131zl\u0131, basit ve ekonomik bir kelep\u00e7edir. S\u0131kma esnas\u0131nda hortuma zarar vermez. Hava ve s\u0131v\u0131 ta\u015f\u0131y\u0131c\u0131 hortumlarda kullan\u0131labilir.","rel":"","context":"Article similaire","block_context":{"text":"Article similaire","link":""},"img":{"alt_text":"","src":"https:\/\/i0.wp.com\/tuzlahortum.com.tr\/wp-content\/uploads\/2019\/02\/SE-KADEMES%C4%B0Z-KELEP%C3%87ELER.jpg?fit=717%2C724&ssl=1&resize=350%2C200","width":350,"height":200,"srcset":"https:\/\/i0.wp.com\/tuzlahortum.com.tr\/wp-content\/uploads\/2019\/02\/SE-KADEMES%C4%B0Z-KELEP%C3%87ELER.jpg?fit=717%2C724&ssl=1&resize=350%2C200 1x, https:\/\/i0.wp.com\/tuzlahortum.com.tr\/wp-content\/uploads\/2019\/02\/SE-KADEMES%C4%B0Z-KELEP%C3%87ELER.jpg?fit=717%2C724&ssl=1&resize=525%2C300 1.5x, https:\/\/i0.wp.com\/tuzlahortum.com.tr\/wp-content\/uploads\/2019\/02\/SE-KADEMES%C4%B0Z-KELEP%C3%87ELER.jpg?fit=717%2C724&ssl=1&resize=700%2C400 2x"},"classes":[]},{"id":945,"url":"https:\/\/tuzlahortum.com.tr\/fr\/produit\/9mm-vida-surumlu-kelepceler\/","url_meta":{"origin":744,"position":3},"title":"Pinces \u00e0 vis de 9 mm","author":"admin","date":"6 f\u00e9vrier 2019","format":false,"excerpt":"9mm Vida S\u00fcr\u00fcml\u00fc Kelep\u00e7eler 9mm bant geni\u015fli\u011finde\u00a0DIN 3017\u00a0normuna g\u00f6re \u00fcretilen Kale vida s\u00fcr\u00fcml\u00fc hortum kelep\u00e7esi modelleri, geni\u015f \u00e7ap se\u00e7enekleri ile bir \u00e7ok sekt\u00f6rde rahatl\u0131kla kullan\u0131lmaktad\u0131r. KALE vida s\u00fcr\u00fcml\u00fc hortum kelep\u00e7esi modelleri, bant\/yuva\/vida malzeme kombinasyonlar\u0131 (W2B, W2, W3, W4, W5), 7mm alt\u0131gen vida ba\u015f\u0131 (y\u0131ld\u0131z ve d\u00fcz tornavida a\u011f\u0131zl\u0131) se\u00e7enekleri ile\u2026","rel":"","context":"Article similaire","block_context":{"text":"Article similaire","link":""},"img":{"alt_text":"","src":"https:\/\/i0.wp.com\/tuzlahortum.com.tr\/wp-content\/uploads\/2019\/02\/9-MM-V%C4%B0DA-S%C3%9CR%C3%9CML%C3%9C-KELEP%C3%87E.jpg?fit=699%2C753&ssl=1&resize=350%2C200","width":350,"height":200,"srcset":"https:\/\/i0.wp.com\/tuzlahortum.com.tr\/wp-content\/uploads\/2019\/02\/9-MM-V%C4%B0DA-S%C3%9CR%C3%9CML%C3%9C-KELEP%C3%87E.jpg?fit=699%2C753&ssl=1&resize=350%2C200 1x, https:\/\/i0.wp.com\/tuzlahortum.com.tr\/wp-content\/uploads\/2019\/02\/9-MM-V%C4%B0DA-S%C3%9CR%C3%9CML%C3%9C-KELEP%C3%87E.jpg?fit=699%2C753&ssl=1&resize=525%2C300 1.5x"},"classes":[]},{"id":745,"url":"https:\/\/tuzlahortum.com.tr\/fr\/produit\/12mm-vida-surumlu-kelepceler\/","url_meta":{"origin":744,"position":4},"title":"Pinces \u00e0 vis de 12 mm","author":"admin","date":"6 f\u00e9vrier 2019","format":false,"excerpt":"12mm Vida S\u00fcr\u00fcml\u00fc Kelep\u00e7eler 12mm bant geni\u015fli\u011finde\u00a0DIN 3017\u00a0normuna g\u00f6re \u00fcretilen Kale vida s\u00fcr\u00fcml\u00fc hortum kelep\u00e7esi modelleri, geni\u015f \u00e7ap se\u00e7enekleri ile bir \u00e7ok sekt\u00f6rde rahatl\u0131kla kullan\u0131lmaktad\u0131r. KALE vida s\u00fcr\u00fcml\u00fc hortum kelep\u00e7esi modelleri, bant\/yuva\/vida malzeme kombinasyonlar\u0131 (W2B, W2, W3, W4, W5), 7mm alt\u0131gen vida ba\u015f\u0131 (y\u0131ld\u0131z ve d\u00fcz tornavida a\u011f\u0131zl\u0131) se\u00e7enekleri ile\u2026","rel":"","context":"Article similaire","block_context":{"text":"Article similaire","link":""},"img":{"alt_text":"","src":"https:\/\/i0.wp.com\/tuzlahortum.com.tr\/wp-content\/uploads\/2019\/02\/12-MM-V%C4%B0DA-S%C3%9CR%C3%9CML%C3%9C-KELEP%C3%87E.jpg?fit=691%2C725&ssl=1&resize=350%2C200","width":350,"height":200,"srcset":"https:\/\/i0.wp.com\/tuzlahortum.com.tr\/wp-content\/uploads\/2019\/02\/12-MM-V%C4%B0DA-S%C3%9CR%C3%9CML%C3%9C-KELEP%C3%87E.jpg?fit=691%2C725&ssl=1&resize=350%2C200 1x, https:\/\/i0.wp.com\/tuzlahortum.com.tr\/wp-content\/uploads\/2019\/02\/12-MM-V%C4%B0DA-S%C3%9CR%C3%9CML%C3%9C-KELEP%C3%87E.jpg?fit=691%2C725&ssl=1&resize=525%2C300 1.5x"},"classes":[]},{"id":743,"url":"https:\/\/tuzlahortum.com.tr\/fr\/produit\/supra-kelepcew1\/","url_meta":{"origin":744,"position":5},"title":"Pince Supra(W1)","author":"admin","date":"6 f\u00e9vrier 2019","format":false,"excerpt":"Supra Kelep\u00e7e(W1)Y\u00fcksek mukavemetli 8.8 s\u0131n\u0131f\u0131 \u00e7elik somun ve T-c\u0131vatas\u0131 Supra kelep\u00e7enin, konik kenarlar hortumu hasar g\u00f6rmekten korurken bir\u00e7ok farkl\u0131 \u00e7e\u015fit tak\u0131m kullan\u0131larak sert bir \u015fekilde s\u0131k\u0131labilece\u011fi anlam\u0131na gelmektedir. S\u00fcper kelep\u00e7e tar\u0131m uygulamalar\u0131nda, at\u0131k suyun \u00e7\u0131kart\u0131lmas\u0131nda, madencilikte, ta\u015f ocak\u00e7\u0131l\u0131\u011f\u0131nda yo\u011fun bir \u015fekilde kullan\u0131l\u0131rlar.Rekabet\u00e7i bir \u015fekilde fiyatland\u0131r\u0131lm\u0131\u015f\u00a0 sa\u011flam bir a\u011f\u0131r hizmet kelep\u00e7esinin\u2026","rel":"","context":"Article similaire","block_context":{"text":"Article similaire","link":""},"img":{"alt_text":"","src":"https:\/\/i0.wp.com\/tuzlahortum.com.tr\/wp-content\/uploads\/2019\/02\/SUPRA-KELEP%C3%87E.jpg?fit=764%2C704&ssl=1&resize=350%2C200","width":350,"height":200,"srcset":"https:\/\/i0.wp.com\/tuzlahortum.com.tr\/wp-content\/uploads\/2019\/02\/SUPRA-KELEP%C3%87E.jpg?fit=764%2C704&ssl=1&resize=350%2C200 1x, https:\/\/i0.wp.com\/tuzlahortum.com.tr\/wp-content\/uploads\/2019\/02\/SUPRA-KELEP%C3%87E.jpg?fit=764%2C704&ssl=1&resize=525%2C300 1.5x, https:\/\/i0.wp.com\/tuzlahortum.com.tr\/wp-content\/uploads\/2019\/02\/SUPRA-KELEP%C3%87E.jpg?fit=764%2C704&ssl=1&resize=700%2C400 2x"},"classes":[]}],"jetpack_sharing_enabled":true,"jetpack_likes_enabled":true,"_links":{"self":[{"href":"https:\/\/tuzlahortum.com.tr\/fr\/wp-json\/wp\/v2\/product\/744","targetHints":{"allow":["GET"]}}],"collection":[{"href":"https:\/\/tuzlahortum.com.tr\/fr\/wp-json\/wp\/v2\/product"}],"about":[{"href":"https:\/\/tuzlahortum.com.tr\/fr\/wp-json\/wp\/v2\/types\/product"}],"replies":[{"embeddable":true,"href":"https:\/\/tuzlahortum.com.tr\/fr\/wp-json\/wp\/v2\/comments?post=744"}],"wp:featuredmedia":[{"embeddable":true,"href":"https:\/\/tuzlahortum.com.tr\/fr\/wp-json\/wp\/v2\/media\/10421"}],"wp:attachment":[{"href":"https:\/\/tuzlahortum.com.tr\/fr\/wp-json\/wp\/v2\/media?parent=744"}],"wp:term":[{"taxonomy":"product_brand","embeddable":true,"href":"https:\/\/tuzlahortum.com.tr\/fr\/wp-json\/wp\/v2\/product_brand?post=744"},{"taxonomy":"product_cat","embeddable":true,"href":"https:\/\/tuzlahortum.com.tr\/fr\/wp-json\/wp\/v2\/product_cat?post=744"},{"taxonomy":"product_tag","embeddable":true,"href":"https:\/\/tuzlahortum.com.tr\/fr\/wp-json\/wp\/v2\/product_tag?post=744"}],"curies":[{"name":"wp","href":"https:\/\/api.w.org\/{rel}","templated":true}]}}