{"id":743,"date":"2019-02-06T23:53:20","date_gmt":"2019-02-06T20:53:20","guid":{"rendered":"http:\/\/hortum.com.tr\/product\/import-placeholder-for-133\/"},"modified":"2024-03-21T17:43:10","modified_gmt":"2024-03-21T14:43:10","slug":"supra-kelepcew1","status":"publish","type":"product","link":"https:\/\/tuzlahortum.com.tr\/fr\/produit\/supra-kelepcew1\/","title":{"rendered":"Pince Supra(W1)"},"content":{"rendered":"<h2>Pince Supra(W1)<\/h2>\n<p class=\"p-text\">L&#039;\u00e9crou et le boulon en T en acier haute r\u00e9sistance de grade 8.8 permettent de serrer fermement le collier Supra \u00e0 l&#039;aide de nombreux types d&#039;outils diff\u00e9rents, tandis que les bords effil\u00e9s prot\u00e8gent le tuyau contre les dommages.<\/p>\n<p class=\"ptext-circle-bullet\">La super pince est largement utilis\u00e9e dans les applications agricoles, l&#039;extraction des eaux us\u00e9es, les mines, les carri\u00e8res. Elle peut \u00eatre utilis\u00e9e lorsqu&#039;une pince robuste et r\u00e9sistante est requise \u00e0 un prix comp\u00e9titif.<\/p>\n<p><img data-recalc-dims=\"1\" loading=\"lazy\" decoding=\"async\" class=\"size-full wp-image-10425 alignright\" src=\"https:\/\/i0.wp.com\/tuzlahortum.com.tr\/wp-content\/uploads\/2019\/02\/SUPRA-KELEP%C3%87E-4.jpg?resize=458%2C760&#038;ssl=1\" alt=\"\" width=\"458\" height=\"760\" title=\"\" srcset=\"https:\/\/i0.wp.com\/tuzlahortum.com.tr\/wp-content\/uploads\/2019\/02\/SUPRA-KELEP%C3%87E-4.jpg?w=458&amp;ssl=1 458w, https:\/\/i0.wp.com\/tuzlahortum.com.tr\/wp-content\/uploads\/2019\/02\/SUPRA-KELEP%C3%87E-4.jpg?resize=241%2C400&amp;ssl=1 241w\" sizes=\"auto, (max-width: 458px) 100vw, 458px\" \/><img data-recalc-dims=\"1\" loading=\"lazy\" decoding=\"async\" class=\"wp-image-10423 alignleft\" src=\"https:\/\/i0.wp.com\/tuzlahortum.com.tr\/wp-content\/uploads\/2019\/02\/SUPRA-KELEP%C3%87E-2.jpg?resize=397%2C254&#038;ssl=1\" alt=\"\" width=\"397\" height=\"254\" title=\"\"><img data-recalc-dims=\"1\" loading=\"lazy\" decoding=\"async\" class=\"wp-image-10424 alignnone\" style=\"font-size: 14.4px;\" src=\"https:\/\/i0.wp.com\/tuzlahortum.com.tr\/wp-content\/uploads\/2019\/02\/SUPRA-KELEP%C3%87E-3.jpg?resize=374%2C363&#038;ssl=1\" alt=\"\" width=\"374\" height=\"363\" title=\"\" srcset=\"https:\/\/i0.wp.com\/tuzlahortum.com.tr\/wp-content\/uploads\/2019\/02\/SUPRA-KELEP%C3%87E-3.jpg?w=489&amp;ssl=1 489w, https:\/\/i0.wp.com\/tuzlahortum.com.tr\/wp-content\/uploads\/2019\/02\/SUPRA-KELEP%C3%87E-3.jpg?resize=413%2C400&amp;ssl=1 413w\" sizes=\"auto, (max-width: 374px) 100vw, 374px\" \/><\/p>","protected":false},"excerpt":{"rendered":"<p>Supra Kelep\u00e7e(W1) Y\u00fcksek mukavemetli 8.8 s\u0131n\u0131f\u0131 \u00e7elik somun ve T-c\u0131vatas\u0131 Supra kelep\u00e7enin, konik kenarlar hortumu hasar g\u00f6rmekten korurken bir\u00e7ok farkl\u0131 \u00e7e\u015fit tak\u0131m kullan\u0131larak sert bir \u015fekilde s\u0131k\u0131labilece\u011fi anlam\u0131na gelmektedir. S\u00fcper kelep\u00e7e tar\u0131m uygulamalar\u0131nda, at\u0131k suyun \u00e7\u0131kart\u0131lmas\u0131nda, madencilikte, ta\u015f ocak\u00e7\u0131l\u0131\u011f\u0131nda yo\u011fun bir \u015fekilde kullan\u0131l\u0131rlar.Rekabet\u00e7i bir \u015fekilde fiyatland\u0131r\u0131lm\u0131\u015f\u00a0 sa\u011flam bir a\u011f\u0131r hizmet kelep\u00e7esinin gerekli oldu\u011fu yerlerde kullan\u0131labilir.<\/p>","protected":false},"featured_media":10421,"comment_status":"open","ping_status":"closed","template":"","meta":{"jetpack_post_was_ever_published":false},"product_brand":[],"product_cat":[108],"product_tag":[864,866,852,867,863,865,868],"class_list":{"0":"post-743","1":"product","2":"type-product","3":"status-publish","4":"has-post-thumbnail","6":"product_cat-cember-kelepceler","7":"product_tag-8-8-sinifi-celik-somun-ve-t-civatasi","8":"product_tag-atik-suyun-cikartilmasinda","9":"product_tag-kelepce","10":"product_tag-madencilikte","11":"product_tag-supra-kelepce","12":"product_tag-tarim-uygulamalarinda","13":"product_tag-tas-ocakciliginda","15":"first","16":"instock","17":"taxable","18":"shipping-taxable","19":"product-type-variable"},"jetpack-related-posts":[{"id":744,"url":"https:\/\/tuzlahortum.com.tr\/fr\/produit\/supra-paslanmaz-kelepce-w2-w4\/","url_meta":{"origin":743,"position":0},"title":"Pince en acier inoxydable Supra (W2\/W4)","author":"admin","date":"6 f\u00e9vrier 2019","format":false,"excerpt":"Supra Paslanmaz Kelep\u00e7e (W2\/W4)Supra Paslanmaz Hortum Kelep\u00e7esi devrim niteli\u011findeki \u00fcst k\u00f6pr\u00fcs\u00fcnden dolay\u0131, hortumu \u00e7\u0131kartma gereksinimi olmadan en zorlu uygulamalara monte edilebilir. Supra Paslanmaz Hortum kelep\u00e7esi bir a\u011f\u0131r i\u015f kelep\u00e7esidir. Bu hortum kelep\u00e7esinin montaj\u0131 i\u00e7in hortumun yerinden \u00e7\u0131kar\u0131lmas\u0131na gerek kalmaz. Dolay\u0131s\u0131 ile montaj i\u015flemi \u00e7ok daha kolayla\u015fm\u0131\u015f olur. E\u011fimli kenarlar\u0131 sayesinde,\u2026","rel":"","context":"Article similaire","block_context":{"text":"Article similaire","link":""},"img":{"alt_text":"","src":"https:\/\/i0.wp.com\/tuzlahortum.com.tr\/wp-content\/uploads\/2019\/02\/SUPRA-KELEP%C3%87E.jpg?fit=764%2C704&ssl=1&resize=350%2C200","width":350,"height":200,"srcset":"https:\/\/i0.wp.com\/tuzlahortum.com.tr\/wp-content\/uploads\/2019\/02\/SUPRA-KELEP%C3%87E.jpg?fit=764%2C704&ssl=1&resize=350%2C200 1x, https:\/\/i0.wp.com\/tuzlahortum.com.tr\/wp-content\/uploads\/2019\/02\/SUPRA-KELEP%C3%87E.jpg?fit=764%2C704&ssl=1&resize=525%2C300 1.5x, https:\/\/i0.wp.com\/tuzlahortum.com.tr\/wp-content\/uploads\/2019\/02\/SUPRA-KELEP%C3%87E.jpg?fit=764%2C704&ssl=1&resize=700%2C400 2x"},"classes":[]},{"id":13221,"url":"https:\/\/tuzlahortum.com.tr\/fr\/produit\/flow-kelebek-dairesel-fiskiye\/","url_meta":{"origin":743,"position":1},"title":"FONTAINE CIRCULAIRE FLUX PAPILLON","author":"admin","date":"28 mars 2024","format":false,"excerpt":"FLOW KELEBEK DA\u0130RESEL FISK\u0130YE FLOW Kelebek Dairesel F\u0131skiye, bah\u00e7enizdeki bitkileri d\u00fczenli ve etkili bir \u015fekilde sulamak i\u00e7in tasarlanm\u0131\u015ft\u0131r. Yayd\u0131\u011f\u0131 suyu geni\u015f bir alana e\u015fit olarak da\u011f\u0131tarak bitkilerin sa\u011fl\u0131kl\u0131 b\u00fcy\u00fcmesine yard\u0131mc\u0131 olur. \u00d6zellikler: Dairesel Sulama Alan\u0131: Kelebek \u015feklindeki tasar\u0131m\u0131 sayesinde, f\u0131skiye yayd\u0131\u011f\u0131 suyu 360 derece d\u00f6ner bir \u015fekilde da\u011f\u0131t\u0131r. Bu sayede\u2026","rel":"","context":"Article similaire","block_context":{"text":"Article similaire","link":""},"img":{"alt_text":"FLOW KELEBEK DA\u0130RESEL FISK\u0130YE","src":"https:\/\/i0.wp.com\/tuzlahortum.com.tr\/wp-content\/uploads\/2024\/03\/bahce_fiskiyekelebekli_2.jpg?fit=800%2C800&ssl=1&resize=350%2C200","width":350,"height":200,"srcset":"https:\/\/i0.wp.com\/tuzlahortum.com.tr\/wp-content\/uploads\/2024\/03\/bahce_fiskiyekelebekli_2.jpg?fit=800%2C800&ssl=1&resize=350%2C200 1x, https:\/\/i0.wp.com\/tuzlahortum.com.tr\/wp-content\/uploads\/2024\/03\/bahce_fiskiyekelebekli_2.jpg?fit=800%2C800&ssl=1&resize=525%2C300 1.5x, https:\/\/i0.wp.com\/tuzlahortum.com.tr\/wp-content\/uploads\/2024\/03\/bahce_fiskiyekelebekli_2.jpg?fit=800%2C800&ssl=1&resize=700%2C400 2x"},"classes":[]},{"id":13222,"url":"https:\/\/tuzlahortum.com.tr\/fr\/produit\/flow-salinimli-fiskiye\/","url_meta":{"origin":743,"position":2},"title":"FONTAINE BALAN\u00c7ANTE \u00c0 D\u00c9BIT","author":"admin","date":"28 mars 2024","format":false,"excerpt":"FLOW SALINIMLI FISK\u0130YE FLOW Sal\u0131n\u0131ml\u0131 F\u0131skiye, bah\u00e7e sulama sistemlerinde kullan\u0131lan ve suyun belirli bir alana d\u00fczenli bir \u015fekilde p\u00fcsk\u00fcrt\u00fclmesini sa\u011flayan bir sulama aksesuar\u0131d\u0131r. \u00d6zellikler: Sal\u0131n\u0131ml\u0131 Tasar\u0131m: F\u0131skiye ba\u015fl\u0131\u011f\u0131, suyun p\u00fcsk\u00fcrt\u00fclme esnas\u0131nda belirli bir sal\u0131n\u0131m hareketi yapmas\u0131n\u0131 sa\u011flayacak \u015fekilde tasarlanm\u0131\u015ft\u0131r. Bu sayede suyun daha geni\u015f bir alana e\u015fit \u015fekilde da\u011f\u0131lmas\u0131 sa\u011flan\u0131r.\u2026","rel":"","context":"Article similaire","block_context":{"text":"Article similaire","link":""},"img":{"alt_text":"FLOW SALINIMLI FISK\u0130YE","src":"https:\/\/i0.wp.com\/tuzlahortum.com.tr\/wp-content\/uploads\/2024\/03\/dairesel_sulama_3.jpg?fit=800%2C800&ssl=1&resize=350%2C200","width":350,"height":200,"srcset":"https:\/\/i0.wp.com\/tuzlahortum.com.tr\/wp-content\/uploads\/2024\/03\/dairesel_sulama_3.jpg?fit=800%2C800&ssl=1&resize=350%2C200 1x, https:\/\/i0.wp.com\/tuzlahortum.com.tr\/wp-content\/uploads\/2024\/03\/dairesel_sulama_3.jpg?fit=800%2C800&ssl=1&resize=525%2C300 1.5x, https:\/\/i0.wp.com\/tuzlahortum.com.tr\/wp-content\/uploads\/2024\/03\/dairesel_sulama_3.jpg?fit=800%2C800&ssl=1&resize=700%2C400 2x"},"classes":[]},{"id":13224,"url":"https:\/\/tuzlahortum.com.tr\/fr\/produit\/flow-plastik-hortum-askisi\/","url_meta":{"origin":743,"position":3},"title":"CINTRE DE TUYAU EN PLASTIQUE FLOW","author":"admin","date":"28 mars 2024","format":false,"excerpt":"FLOW PLAST\u0130K HORTUM ASKISI FLOW Plastik Hortum Ask\u0131s\u0131, bah\u00e7e hortumlar\u0131n\u0131z\u0131 d\u00fczenli tutmak ve saklamak i\u00e7in ideal bir \u00e7\u00f6z\u00fcmd\u00fcr. \u00d6zellikler: Dayan\u0131kl\u0131 Plastik Malzeme: Y\u00fcksek kaliteli plastikten \u00fcretilmi\u015ftir, bu da uzun s\u00fcreli kullan\u0131m i\u00e7in dayan\u0131kl\u0131 ve sa\u011flam bir yap\u0131 sa\u011flar. Kolay Montaj: Basit montaj \u00f6zelli\u011fi sayesinde, duvar veya bah\u00e7e duvarlar\u0131na kolayca monte\u2026","rel":"","context":"Article similaire","block_context":{"text":"Article similaire","link":""},"img":{"alt_text":"","src":"https:\/\/i0.wp.com\/tuzlahortum.com.tr\/wp-content\/uploads\/2024\/03\/hortum_askisi_1.jpg?fit=800%2C800&ssl=1&resize=350%2C200","width":350,"height":200,"srcset":"https:\/\/i0.wp.com\/tuzlahortum.com.tr\/wp-content\/uploads\/2024\/03\/hortum_askisi_1.jpg?fit=800%2C800&ssl=1&resize=350%2C200 1x, https:\/\/i0.wp.com\/tuzlahortum.com.tr\/wp-content\/uploads\/2024\/03\/hortum_askisi_1.jpg?fit=800%2C800&ssl=1&resize=525%2C300 1.5x, https:\/\/i0.wp.com\/tuzlahortum.com.tr\/wp-content\/uploads\/2024\/03\/hortum_askisi_1.jpg?fit=800%2C800&ssl=1&resize=700%2C400 2x"},"classes":[]},{"id":13244,"url":"https:\/\/tuzlahortum.com.tr\/fr\/produit\/flow-jak-musluk-adaptoru\/","url_meta":{"origin":743,"position":4},"title":"ADAPTATEUR DE PRISE DE D\u00c9BIT","author":"admin","date":"28 mars 2024","format":false,"excerpt":"FLOW JAK MUSLUK ADAPT\u00d6R\u00dc Bah\u00e7e sulama sistemlerinizi musluklarla uyumlu hale getirmek i\u00e7in tasarlanan FLOW JAK Musluk Adapt\u00f6r\u00fc, pratik ve g\u00fcvenilir bir \u00e7\u00f6z\u00fcm sunar. \u00d6zellikler: Evrensel Uyumluluk: FLOW JAK Musluk Adapt\u00f6r\u00fc, \u00e7o\u011fu standart muslukla uyumlu olarak tasarlanm\u0131\u015ft\u0131r. Bu sayede bah\u00e7e sulama ekipmanlar\u0131n\u0131z\u0131 musluklar\u0131n\u0131za kolayca ba\u011flayabilirsiniz. Dayan\u0131kl\u0131 Malzeme: Y\u00fcksek kaliteli malzemelerden \u00fcretilmi\u015f\u2026","rel":"","context":"Article similaire","block_context":{"text":"Article similaire","link":""},"img":{"alt_text":"","src":"https:\/\/i0.wp.com\/tuzlahortum.com.tr\/wp-content\/uploads\/2024\/03\/jak_mustuk_adaptoru_2.jpg?fit=800%2C800&ssl=1&resize=350%2C200","width":350,"height":200,"srcset":"https:\/\/i0.wp.com\/tuzlahortum.com.tr\/wp-content\/uploads\/2024\/03\/jak_mustuk_adaptoru_2.jpg?fit=800%2C800&ssl=1&resize=350%2C200 1x, https:\/\/i0.wp.com\/tuzlahortum.com.tr\/wp-content\/uploads\/2024\/03\/jak_mustuk_adaptoru_2.jpg?fit=800%2C800&ssl=1&resize=525%2C300 1.5x, https:\/\/i0.wp.com\/tuzlahortum.com.tr\/wp-content\/uploads\/2024\/03\/jak_mustuk_adaptoru_2.jpg?fit=800%2C800&ssl=1&resize=700%2C400 2x"},"classes":[]},{"id":13079,"url":"https:\/\/tuzlahortum.com.tr\/fr\/produit\/tabanca-kilifi\/","url_meta":{"origin":743,"position":5},"title":"\u00c9tui","author":"admin","date":"16 mars 2024","format":false,"excerpt":"\u00c9tuis pour pistolets Les \u00e9tuis pour pistolets \u00e0 carburant 11A sont des \u00e9tuis sp\u00e9ciaux con\u00e7us pour la protection et le transport des pistolets de type 11A, qui sont g\u00e9n\u00e9ralement utilis\u00e9s dans les stations-service. Ces \u00e9tuis prot\u00e8gent les pistolets contre les influences environnementales et permettent aux utilisateurs de les transporter en toute s\u00e9curit\u00e9. En outre, les \u00e9tuis sont fabriqu\u00e9s \u00e0 partir de mat\u00e9riaux durables con\u00e7us pour assurer la long\u00e9vit\u00e9 des pistolets. Les \u00e9tuis pour pistolets permettent aux utilisateurs de porter leurs pistolets en toute s\u00e9curit\u00e9 pendant...","rel":"","context":"Article similaire","block_context":{"text":"Article similaire","link":""},"img":{"alt_text":"","src":"https:\/\/i0.wp.com\/tuzlahortum.com.tr\/wp-content\/uploads\/2024\/03\/Akaryakit_Tabanca_Kilifi.jpg?fit=1200%2C1200&ssl=1&resize=350%2C200","width":350,"height":200,"srcset":"https:\/\/i0.wp.com\/tuzlahortum.com.tr\/wp-content\/uploads\/2024\/03\/Akaryakit_Tabanca_Kilifi.jpg?fit=1200%2C1200&ssl=1&resize=350%2C200 1x, https:\/\/i0.wp.com\/tuzlahortum.com.tr\/wp-content\/uploads\/2024\/03\/Akaryakit_Tabanca_Kilifi.jpg?fit=1200%2C1200&ssl=1&resize=525%2C300 1.5x, https:\/\/i0.wp.com\/tuzlahortum.com.tr\/wp-content\/uploads\/2024\/03\/Akaryakit_Tabanca_Kilifi.jpg?fit=1200%2C1200&ssl=1&resize=700%2C400 2x, https:\/\/i0.wp.com\/tuzlahortum.com.tr\/wp-content\/uploads\/2024\/03\/Akaryakit_Tabanca_Kilifi.jpg?fit=1200%2C1200&ssl=1&resize=1050%2C600 3x"},"classes":[]}],"jetpack_sharing_enabled":true,"jetpack_likes_enabled":true,"_links":{"self":[{"href":"https:\/\/tuzlahortum.com.tr\/fr\/wp-json\/wp\/v2\/product\/743","targetHints":{"allow":["GET"]}}],"collection":[{"href":"https:\/\/tuzlahortum.com.tr\/fr\/wp-json\/wp\/v2\/product"}],"about":[{"href":"https:\/\/tuzlahortum.com.tr\/fr\/wp-json\/wp\/v2\/types\/product"}],"replies":[{"embeddable":true,"href":"https:\/\/tuzlahortum.com.tr\/fr\/wp-json\/wp\/v2\/comments?post=743"}],"wp:featuredmedia":[{"embeddable":true,"href":"https:\/\/tuzlahortum.com.tr\/fr\/wp-json\/wp\/v2\/media\/10421"}],"wp:attachment":[{"href":"https:\/\/tuzlahortum.com.tr\/fr\/wp-json\/wp\/v2\/media?parent=743"}],"wp:term":[{"taxonomy":"product_brand","embeddable":true,"href":"https:\/\/tuzlahortum.com.tr\/fr\/wp-json\/wp\/v2\/product_brand?post=743"},{"taxonomy":"product_cat","embeddable":true,"href":"https:\/\/tuzlahortum.com.tr\/fr\/wp-json\/wp\/v2\/product_cat?post=743"},{"taxonomy":"product_tag","embeddable":true,"href":"https:\/\/tuzlahortum.com.tr\/fr\/wp-json\/wp\/v2\/product_tag?post=743"}],"curies":[{"name":"wp","href":"https:\/\/api.w.org\/{rel}","templated":true}]}}