{"id":738,"date":"2019-02-06T23:53:18","date_gmt":"2019-02-06T20:53:18","guid":{"rendered":"http:\/\/hortum.com.tr\/product\/import-placeholder-for-138\/"},"modified":"2024-03-21T17:43:14","modified_gmt":"2024-03-21T14:43:14","slug":"cc-kablo-ve-boru-baglanti-kelepcesi","status":"publish","type":"product","link":"https:\/\/tuzlahortum.com.tr\/fr\/produit\/cc-kablo-ve-boru-baglanti-kelepcesi\/","title":{"rendered":"C\u00e2ble CC et collier de serrage (D1)"},"content":{"rendered":"<h2>C\u00e2ble CC et collier de serrage (D1)<\/h2>\n<p class=\"p-text\">Pinces de raccordement CC,<strong>\u00a0DIN 3016<\/strong> produit selon la norme. Ces mod\u00e8les de pinces sont particuli\u00e8rement adapt\u00e9s \u00e0 la fixation de c\u00e2bles et de tuyaux.<\/p>\n<p class=\"p-text\">ils sont utilis\u00e9s. Dans les environnements vibrants, il ne permet pas de d\u00e9formation permanente des c\u00e2bles et des tuyaux gr\u00e2ce au rev\u00eatement en caoutchouc sur le mat\u00e9riau.<\/p>\n<p class=\"p-text\">Ces mod\u00e8les de pinces, fabriqu\u00e9s \u00e0 partir de diff\u00e9rents mat\u00e9riaux, sont particuli\u00e8rement adapt\u00e9s pour l&#039;automobile, la climatisation, les g\u00e9n\u00e9rateurs, les machines agricoles, les appareils \u00e9lectrom\u00e9nagers, etc. aussi dans les secteurs<\/p>\n<p class=\"p-text\">ils sont utilis\u00e9s.<\/p>\n<p><img data-recalc-dims=\"1\" loading=\"lazy\" decoding=\"async\" class=\"size-full wp-image-10406 alignleft\" style=\"font-size: 14.4px;\" src=\"https:\/\/i0.wp.com\/tuzlahortum.com.tr\/wp-content\/uploads\/2019\/02\/CC-KELEP%C3%87E-4.jpg?resize=317%2C324&#038;ssl=1\" alt=\"\" width=\"317\" height=\"324\" title=\"\"><img data-recalc-dims=\"1\" loading=\"lazy\" decoding=\"async\" class=\"wp-image-10408 alignleft\" style=\"font-size: 14.4px;\" src=\"https:\/\/i0.wp.com\/tuzlahortum.com.tr\/wp-content\/uploads\/2019\/02\/CC-KELEP%C3%87E-3.jpg?resize=283%2C170&#038;ssl=1\" alt=\"\" width=\"283\" height=\"170\" title=\"\"><img data-recalc-dims=\"1\" loading=\"lazy\" decoding=\"async\" class=\"wp-image-10407 alignnone\" src=\"https:\/\/i0.wp.com\/tuzlahortum.com.tr\/wp-content\/uploads\/2019\/02\/CC-KELEP%C3%87E-2.jpg?resize=240%2C198&#038;ssl=1\" alt=\"\" width=\"240\" height=\"198\" title=\"\"><\/p>\n<p>&nbsp;<\/p>\n<p>&nbsp;<\/p>\n<p>&nbsp;<\/p>\n<p><img data-recalc-dims=\"1\" loading=\"lazy\" decoding=\"async\" class=\"wp-image-10409 alignleft\" src=\"https:\/\/i0.wp.com\/tuzlahortum.com.tr\/wp-content\/uploads\/2019\/02\/CC-KELEP%C3%87E-5.jpg?resize=556%2C548&#038;ssl=1\" alt=\"\" width=\"556\" height=\"548\" title=\"\" srcset=\"https:\/\/i0.wp.com\/tuzlahortum.com.tr\/wp-content\/uploads\/2019\/02\/CC-KELEP%C3%87E-5.jpg?w=651&amp;ssl=1 651w, https:\/\/i0.wp.com\/tuzlahortum.com.tr\/wp-content\/uploads\/2019\/02\/CC-KELEP%C3%87E-5.jpg?resize=406%2C400&amp;ssl=1 406w, https:\/\/i0.wp.com\/tuzlahortum.com.tr\/wp-content\/uploads\/2019\/02\/CC-KELEP%C3%87E-5.jpg?resize=600%2C592&amp;ssl=1 600w, https:\/\/i0.wp.com\/tuzlahortum.com.tr\/wp-content\/uploads\/2019\/02\/CC-KELEP%C3%87E-5.jpg?resize=100%2C100&amp;ssl=1 100w\" sizes=\"auto, (max-width: 556px) 100vw, 556px\" \/><\/p>","protected":false},"excerpt":{"rendered":"<p>CC Kablo ve Boru Ba\u011flant\u0131 Kelep\u00e7esi(D1) CC Ba\u011flant\u0131 kelep\u00e7eleri,\u00a0DIN 3016 normuna g\u00f6re \u00fcretilmektedir. Bu kelep\u00e7e modelleri, \u00f6zellikle kablo ve borular\u0131n sabitlenmesinde kullan\u0131l\u0131rlar. Titre\u015fimli ortamlarda, malzeme \u00fczerine giydirilen lastik sayesinde kablo ve borularda kal\u0131c\u0131 deformasyona izin vermemektedir. De\u011fi\u015fik malzemelerden \u00fcretilen bu kelep\u00e7e modelleri, \u00f6zellikle otomotiv, klima, jenerat\u00f6r, tar\u0131m makinalar\u0131, beyaz e\u015fya vb. sekt\u00f6rlerde de kullan\u0131l\u0131rlar. &nbsp; [&#8230;]\n","protected":false},"featured_media":9011,"comment_status":"open","ping_status":"closed","template":"","meta":{"jetpack_post_was_ever_published":false},"product_brand":[],"product_cat":[107],"product_tag":[850,2252,2251,848,2253,486,296,849,847],"class_list":{"0":"post-738","1":"product","2":"type-product","3":"status-publish","4":"has-post-thumbnail","6":"product_cat-baglanti-kelepceleri","7":"product_tag-beyaz-esya","8":"product_tag-cc-baglanti-kelepcesi","9":"product_tag-cc-kelepce","10":"product_tag-jenerator","11":"product_tag-kablo-boru-sabitleme","12":"product_tag-klima","13":"product_tag-otomotiv","14":"product_tag-tarim-makinalari","15":"product_tag-titresimli-ortam","17":"first","18":"instock","19":"taxable","20":"shipping-taxable","21":"product-type-variable"},"jetpack-related-posts":[],"jetpack_sharing_enabled":true,"jetpack_likes_enabled":true,"_links":{"self":[{"href":"https:\/\/tuzlahortum.com.tr\/fr\/wp-json\/wp\/v2\/product\/738","targetHints":{"allow":["GET"]}}],"collection":[{"href":"https:\/\/tuzlahortum.com.tr\/fr\/wp-json\/wp\/v2\/product"}],"about":[{"href":"https:\/\/tuzlahortum.com.tr\/fr\/wp-json\/wp\/v2\/types\/product"}],"replies":[{"embeddable":true,"href":"https:\/\/tuzlahortum.com.tr\/fr\/wp-json\/wp\/v2\/comments?post=738"}],"wp:featuredmedia":[{"embeddable":true,"href":"https:\/\/tuzlahortum.com.tr\/fr\/wp-json\/wp\/v2\/media\/9011"}],"wp:attachment":[{"href":"https:\/\/tuzlahortum.com.tr\/fr\/wp-json\/wp\/v2\/media?parent=738"}],"wp:term":[{"taxonomy":"product_brand","embeddable":true,"href":"https:\/\/tuzlahortum.com.tr\/fr\/wp-json\/wp\/v2\/product_brand?post=738"},{"taxonomy":"product_cat","embeddable":true,"href":"https:\/\/tuzlahortum.com.tr\/fr\/wp-json\/wp\/v2\/product_cat?post=738"},{"taxonomy":"product_tag","embeddable":true,"href":"https:\/\/tuzlahortum.com.tr\/fr\/wp-json\/wp\/v2\/product_tag?post=738"}],"curies":[{"name":"wp","href":"https:\/\/api.w.org\/{rel}","templated":true}]}}