{"id":735,"date":"2019-02-06T23:53:17","date_gmt":"2019-02-06T20:53:17","guid":{"rendered":"http:\/\/hortum.com.tr\/product\/import-placeholder-for-62\/"},"modified":"2024-03-21T17:43:17","modified_gmt":"2024-03-21T14:43:17","slug":"telli-su-alici-verici-hortumlar","status":"publish","type":"product","link":"https:\/\/tuzlahortum.com.tr\/fr\/produit\/telli-su-alici-verici-hortumlar\/","title":{"rendered":"Tuyaux \u00e9metteurs-r\u00e9cepteurs d&#039;eau c\u00e2bl\u00e9s"},"content":{"rendered":"<h2>Tuyaux \u00e9metteurs-r\u00e9cepteurs d&#039;eau c\u00e2bl\u00e9s<\/h2>\n<div>DOMAINES D&#039;UTILISATION\u00a0: Il s&#039;agit d&#039;un tuyau r\u00e9cepteur et \u00e9metteur robuste et flexible adapt\u00e9 aux conditions d&#039;application lourdes de l&#039;industrie, de la construction et de l&#039;agriculture.<\/div>\n<div><\/div>\n<div>CONSTRUCTION<\/div>\n<div>Fond : SBR\/NR noir, r\u00e9sistant aux eaux us\u00e9es (pH 5 \u00e0 9)<\/div>\n<div>Renforcement\u00a0: tissu de corde \u00e0 haute r\u00e9sistance, fil d&#039;acier int\u00e9gr\u00e9 intercalaire<\/div>\n<div>Tige : SBR noir, uni, r\u00e9sistant aux intemp\u00e9ries et \u00e0 l&#039;abrasion<\/div>\n<div><\/div>\n<div><div class=\"video video-fit mb\" style=\"padding-top:56.25%;\"><p><iframe loading=\"lazy\" title=\"Confusion des mesures (pouces, doigts, brume, millim\u00e8tres)\" width=\"1020\" height=\"574\" src=\"https:\/\/www.youtube.com\/embed\/uKk6AG_AZls?feature=oembed\" frameborder=\"0\" allow=\"accelerometer; autoplay; clipboard-write; encrypted-media; gyroscope; picture-in-picture; web-share\" referrerpolicy=\"strict-origin-when-cross-origin\" allowfullscreen><\/iframe><\/p>\n<\/div><\/div>","protected":false},"excerpt":{"rendered":"<p>Tuyaux de r\u00e9ception et de transmission de l'eau par fil m\u00e9tallique DOMAINES D'UTILISATION : Tuyau de r\u00e9ception et de transmission robuste et flexible, adapt\u00e9 aux conditions d'application lourdes de l'industrie, de la construction et de l'agriculture. CONTENU Fond : SBR\/NR noir, r\u00e9sistant aux eaux us\u00e9es (5 \u00e0 9 pH) Renforcement : Tissu cord\u00e9 \u00e0 haute r\u00e9sistance, fil d'acier encastr\u00e9 entre les couches Dessus : SBR noir, lisse, r\u00e9sistant aux intemp\u00e9ries et \u00e0 l'abrasion<\/p>","protected":false},"featured_media":1682,"comment_status":"open","ping_status":"closed","template":"","meta":{"jetpack_post_was_ever_published":false},"product_brand":[],"product_cat":[163],"product_tag":[785,786,787,789,842,788,818,841,793,794,791,792,652,840],"class_list":{"0":"post-735","1":"product","2":"type-product","3":"status-publish","4":"has-post-thumbnail","6":"product_cat-su-hortumlari","7":"product_tag-bezli-su-hortumlari","8":"product_tag-bezli-su-hortumu","9":"product_tag-kaucuk-su-hortumu","10":"product_tag-lastik-su-hortumu","11":"product_tag-sa","12":"product_tag-sargili-su-hortumu","13":"product_tag-siyah-su-hortumu","14":"product_tag-spiralli-su-emici-hortumlar","15":"product_tag-su-basma-hortumu","16":"product_tag-su-bosaltma-hortumu","17":"product_tag-su-nakil","18":"product_tag-su-tahliye-hortumu","19":"product_tag-tarim","20":"product_tag-telli-su-alici-verici-hortumlar","22":"first","23":"instock","24":"featured","25":"taxable","26":"shipping-taxable","27":"product-type-variable"},"jetpack-related-posts":[{"id":8622,"url":"https:\/\/tuzlahortum.com.tr\/fr\/produit\/bezli-su-verici-hortum10-bar\/","url_meta":{"origin":735,"position":0},"title":"Tuyau de distributeur d&#039;eau en tissu (10 bars)","author":"\u0130smail \u00c7elik","date":"21 mars 2019","format":false,"excerpt":"Tuyau en tissu pour transmetteur d'eau (10 Bar) DOMAINES D'UTILISATION : Il s'agit d'un tuyau robuste, flexible et r\u00e9cepteur adapt\u00e9 aux conditions d'application lourdes de l'industrie, de la construction et de l'agriculture. CONTR\u00d4LE Fond : SBR\/NR noir, brillant Renforcement : Tissu cord\u00e9 \u00e0 haute r\u00e9sistance Dessus : SBR noir, r\u00e9sistant \u00e0 toutes les conditions climatiques fghfgh test","rel":"","context":"Article similaire","block_context":{"text":"Article similaire","link":""},"img":{"alt_text":"","src":"https:\/\/i0.wp.com\/tuzlahortum.com.tr\/wp-content\/uploads\/urunler\/kaucuk\/superlas-bezli-su-verici-hortum.jpg?fit=360%2C270&ssl=1&resize=350%2C200","width":350,"height":200},"classes":[]},{"id":778,"url":"https:\/\/tuzlahortum.com.tr\/fr\/produit\/kumlama-alici-verici-hortumlari-vakum\/","url_meta":{"origin":735,"position":1},"title":"Tuyaux d&#039;\u00e9metteur-r\u00e9cepteur de sablage (vide)","author":"admin","date":"6 f\u00e9vrier 2019","format":false,"excerpt":"Kumlama Al\u0131c\u0131-Verici Hortumlar\u0131 (Vakum)KULLANIM ALANLARI : Her t\u00fcrl\u00fc kum emme ve bo\u015faltma i\u015flerinde ve tahliyesinde SERT\u0130F\u0130KALAR : Hortumlar TSE markal\u0131d\u0131r. TS5928 EN ISO 3861 KONTR\u00dcKS\u0130YON Alt : A\u015f\u0131nma mukavemeti y\u00fcksek, siyah, kal\u0131n, d\u00fcz Takviye : Y\u00fcksek mukavemetli kord bezi, iletken bak\u0131r tel, katlararas\u0131 \u00e7elik tel \u00dcst : SBR\/NR, siyah, s\u00fcrt\u00fcnmeye\u2026","rel":"","context":"Article similaire","block_context":{"text":"Article similaire","link":""},"img":{"alt_text":"","src":"https:\/\/i0.wp.com\/tuzlahortum.com.tr\/wp-content\/uploads\/urunler\/kaucuk\/superlas-silobas-alici-verici-hortum.jpg?fit=360%2C270&ssl=1&resize=350%2C200","width":350,"height":200},"classes":[]},{"id":646,"url":"https:\/\/tuzlahortum.com.tr\/fr\/produit\/gida-icme-suyu-alici-verici-hortumlar\/","url_meta":{"origin":735,"position":2},"title":"Nourriture Eau potable \u00c9metteur-r\u00e9cepteur Tuyaux","author":"admin","date":"6 f\u00e9vrier 2019","format":false,"excerpt":"G\u0131da \u0130\u00e7me Suyu Al\u0131c\u0131-Verici HortumlarKULLANIM ALANLARI : \u0130ste\u011fe g\u00f6re, her t\u00fcrl\u00fc alkoll\u00fc i\u00e7ecek, ya\u011fl\u0131 g\u0131da ve i\u00e7me suyunun nakil ve emi\u015flerinde kullan\u0131l\u0131r. FDA (G\u0131da) Normlar\u0131na Uygun Olarak \u00dcretilmektedir KONTR\u00dcKS\u0130YON Alt : NR\/NBR, beyaz, d\u00fcz, g\u0131da t\u00fcz\u00fc\u011f\u00fcne uygun Takviye : Y\u00fcksek mukavemetli kord bezi, katlararas\u0131 \u00e7elik tel \u00dcst : NR\/EPDM, NBR\/PVC\/SBR\u2026","rel":"","context":"Article similaire","block_context":{"text":"Article similaire","link":""},"img":{"alt_text":"","src":"https:\/\/i0.wp.com\/tuzlahortum.com.tr\/wp-content\/uploads\/urunler\/kaucuk\/superlas-sut-yagli-gida-alici-verici-hortum.jpg?fit=360%2C270&ssl=1&resize=350%2C200","width":350,"height":200},"classes":[]},{"id":901,"url":"https:\/\/tuzlahortum.com.tr\/fr\/produit\/bezli-su-verici-hortum5-bar\/","url_meta":{"origin":735,"position":3},"title":"Tuyau de distributeur d&#039;eau en tissu (5 bars)","author":"admin","date":"6 f\u00e9vrier 2019","format":false,"excerpt":"Tuyau de transmission d'eau en tissu (5 Bar) DOMAINES D'UTILISATION : Il est utilis\u00e9 comme tuyau transmetteur dans les pompes de refoulement. Pr\u00e9par\u00e9 pour un transport et un stockage faciles. CONTR\u00d4LE Fond : SBR\/NR noir, brillant Renforcement : Tissu cord\u00e9 \u00e0 haute r\u00e9sistance Dessus : SBR noir, r\u00e9sistant \u00e0 toutes les conditions climatiques","rel":"","context":"Article similaire","block_context":{"text":"Article similaire","link":""},"img":{"alt_text":"","src":"https:\/\/i0.wp.com\/tuzlahortum.com.tr\/wp-content\/uploads\/urunler\/kaucuk\/superlas-bezli-su-verici-hortum.jpg?fit=360%2C270&ssl=1&resize=350%2C200","width":350,"height":200},"classes":[]},{"id":543,"url":"https:\/\/tuzlahortum.com.tr\/fr\/produit\/beton-cimento-alici-verici-hortumlar\/","url_meta":{"origin":735,"position":4},"title":"Tuyaux \u00e9metteurs-r\u00e9cepteurs B\u00e9ton \u2013 Ciment","author":"admin","date":"6 f\u00e9vrier 2019","format":false,"excerpt":"Beton - \u00c7imento Al\u0131c\u0131-Verici HortumlarKULLANIM ALANLARI : \u00c7imento fabrikalar\u0131nda ve silolar\u0131nda her t\u00fcrl\u00fc beton ve \u00e7imento (emme), nakletme ve d\u00f6kme i\u015flerinde KONSTR\u00dcKS\u0130YON Alt : Sentetik ve do\u011fal kau\u00e7uk kar\u0131\u015f\u0131m\u0131, siyah,d\u00fcz Takviye : Y\u00fcksek mukavemetli kord bezi, iletken bak\u0131r tel (katlararas\u0131 \u00e7elik tel) \u00dcst : SBR, siyah, s\u00fcrt\u00fcnmeye ve iklim \u015fartlar\u0131na\u2026","rel":"","context":"Article similaire","block_context":{"text":"Article similaire","link":""},"img":{"alt_text":"","src":"https:\/\/i0.wp.com\/tuzlahortum.com.tr\/wp-content\/uploads\/urunler\/kaucuk\/superlas-silobas-alici-verici-hortum.jpg?fit=360%2C270&ssl=1&resize=350%2C200","width":350,"height":200},"classes":[]},{"id":730,"url":"https:\/\/tuzlahortum.com.tr\/fr\/produit\/yagli-gida-alici-verici-hortumlar\/","url_meta":{"origin":735,"position":5},"title":"Tuyaux \u00e9metteurs-r\u00e9cepteurs pour aliments gras","author":"admin","date":"6 f\u00e9vrier 2019","format":false,"excerpt":"Ya\u011fl\u0131 G\u0131da Al\u0131c\u0131-Verici HortumlarKULLANIM ALANLARI :\u00a0S\u00fct, ya\u011f ve her t\u00fcrl\u00fc\u00a0alkols\u00fcz i\u00e7ecek\u00a0nakil ve emi\u015flerinde kullan\u0131l\u0131r. FDA (G\u0131da) Normlar\u0131na Uygun Olarak \u00dcretilmektedir KONTR\u00dcKS\u0130YON Alt : NR\/NBR, beyaz, d\u00fcz, g\u0131da t\u00fcz\u00fc\u011f\u00fcne uygun Takviye : Y\u00fcksek mukavemetli kord bezi, katlararas\u0131 \u00e7elik tel \u00dcst : NR\/EPDM, NBR\/PVC\/SBR k\u0131rm\u0131z\u0131 veya mavi, a\u015f\u0131nmaya ve her t\u00fcrl\u00fc iklim\u2026","rel":"","context":"Article similaire","block_context":{"text":"Article similaire","link":""},"img":{"alt_text":"","src":"https:\/\/i0.wp.com\/tuzlahortum.com.tr\/wp-content\/uploads\/urunler\/kaucuk\/superlas-sut-yagli-gida-alici-verici-hortum.jpg?fit=360%2C270&ssl=1&resize=350%2C200","width":350,"height":200},"classes":[]}],"jetpack_sharing_enabled":true,"jetpack_likes_enabled":true,"_links":{"self":[{"href":"https:\/\/tuzlahortum.com.tr\/fr\/wp-json\/wp\/v2\/product\/735","targetHints":{"allow":["GET"]}}],"collection":[{"href":"https:\/\/tuzlahortum.com.tr\/fr\/wp-json\/wp\/v2\/product"}],"about":[{"href":"https:\/\/tuzlahortum.com.tr\/fr\/wp-json\/wp\/v2\/types\/product"}],"replies":[{"embeddable":true,"href":"https:\/\/tuzlahortum.com.tr\/fr\/wp-json\/wp\/v2\/comments?post=735"}],"wp:featuredmedia":[{"embeddable":true,"href":"https:\/\/tuzlahortum.com.tr\/fr\/wp-json\/wp\/v2\/media\/1682"}],"wp:attachment":[{"href":"https:\/\/tuzlahortum.com.tr\/fr\/wp-json\/wp\/v2\/media?parent=735"}],"wp:term":[{"taxonomy":"product_brand","embeddable":true,"href":"https:\/\/tuzlahortum.com.tr\/fr\/wp-json\/wp\/v2\/product_brand?post=735"},{"taxonomy":"product_cat","embeddable":true,"href":"https:\/\/tuzlahortum.com.tr\/fr\/wp-json\/wp\/v2\/product_cat?post=735"},{"taxonomy":"product_tag","embeddable":true,"href":"https:\/\/tuzlahortum.com.tr\/fr\/wp-json\/wp\/v2\/product_tag?post=735"}],"curies":[{"name":"wp","href":"https:\/\/api.w.org\/{rel}","templated":true}]}}