{"id":734,"date":"2019-02-06T23:53:17","date_gmt":"2019-02-06T20:53:17","guid":{"rendered":"http:\/\/hortum.com.tr\/product\/import-placeholder-for-64\/"},"modified":"2024-03-21T17:43:18","modified_gmt":"2024-03-21T14:43:18","slug":"hava-pompa-hortumlari","status":"publish","type":"product","link":"https:\/\/tuzlahortum.com.tr\/fr\/produit\/hava-pompa-hortumlari\/","title":{"rendered":"Tuyaux de pompe \u00e0 air"},"content":{"rendered":"<h2>Tuyaux de pompe \u00e0 air<\/h2>\n<div>DOMAINES D&#039;UTILISATION\u00a0: principalement utilis\u00e9s dans les pompes \u00e0 air des stations-service et les applications d&#039;air comprim\u00e9.<\/div>\n<div><\/div>\n<div>CERTIFICATS : Les flexibles sont de marque TSE. TS 745 EN ISO 2398<\/div>\n<div><\/div>\n<div>CONSTRUCTION<\/div>\n<div>Fond : SBR\/NBR, noir, uni<\/div>\n<div>Renforcement : Tresse textile haute r\u00e9sistance<\/div>\n<div>Tige : SBR\/NBR, noir, uni, r\u00e9sistant aux intemp\u00e9ries et \u00e0 l&#039;abrasion<\/div>\n<div><\/div>\n<div><div class=\"video video-fit mb\" style=\"padding-top:56.25%;\"><p><iframe loading=\"lazy\" title=\"Confusion des mesures (pouces, doigts, brume, millim\u00e8tres)\" width=\"1020\" height=\"574\" src=\"https:\/\/www.youtube.com\/embed\/uKk6AG_AZls?feature=oembed\" frameborder=\"0\" allow=\"accelerometer; autoplay; clipboard-write; encrypted-media; gyroscope; picture-in-picture\" allowfullscreen><\/iframe><\/p>\n<\/div><\/div>","protected":false},"excerpt":{"rendered":"<p>Tuyaux pour pompes \u00e0 air DOMAINES D'UTILISATION : Principalement utilis\u00e9 dans les pompes \u00e0 air et les applications d'air comprim\u00e9 dans les stations-service. CERTIFICATS : Les tuyaux sont de marque TSE. TS 745 EN ISO 2398 CONTR\u00d4LE Fond : SBR \/ NBR, noir, lisse Renforcement : Tresse textile haute r\u00e9sistance Dessus : SBR\/NBR, noir, uni, r\u00e9sistant aux conditions climatiques et \u00e0 l'abrasion<\/p>","protected":false},"featured_media":1715,"comment_status":"open","ping_status":"closed","template":"","meta":{"jetpack_post_was_ever_published":false},"product_brand":[],"product_cat":[156],"product_tag":[837,838,839],"class_list":{"0":"post-734","1":"product","2":"type-product","3":"status-publish","4":"has-post-thumbnail","6":"product_cat-hava-hortumlari","7":"product_tag-hava-pompa-hortumlari","8":"product_tag-servis-istasyonlarindaki-hava-pompalari","9":"product_tag-tazyikli-hava-uygulamalarinda","11":"first","12":"instock","13":"taxable","14":"shipping-taxable","15":"product-type-variable"},"jetpack-related-posts":[],"jetpack_sharing_enabled":true,"jetpack_likes_enabled":true,"_links":{"self":[{"href":"https:\/\/tuzlahortum.com.tr\/fr\/wp-json\/wp\/v2\/product\/734","targetHints":{"allow":["GET"]}}],"collection":[{"href":"https:\/\/tuzlahortum.com.tr\/fr\/wp-json\/wp\/v2\/product"}],"about":[{"href":"https:\/\/tuzlahortum.com.tr\/fr\/wp-json\/wp\/v2\/types\/product"}],"replies":[{"embeddable":true,"href":"https:\/\/tuzlahortum.com.tr\/fr\/wp-json\/wp\/v2\/comments?post=734"}],"wp:featuredmedia":[{"embeddable":true,"href":"https:\/\/tuzlahortum.com.tr\/fr\/wp-json\/wp\/v2\/media\/1715"}],"wp:attachment":[{"href":"https:\/\/tuzlahortum.com.tr\/fr\/wp-json\/wp\/v2\/media?parent=734"}],"wp:term":[{"taxonomy":"product_brand","embeddable":true,"href":"https:\/\/tuzlahortum.com.tr\/fr\/wp-json\/wp\/v2\/product_brand?post=734"},{"taxonomy":"product_cat","embeddable":true,"href":"https:\/\/tuzlahortum.com.tr\/fr\/wp-json\/wp\/v2\/product_cat?post=734"},{"taxonomy":"product_tag","embeddable":true,"href":"https:\/\/tuzlahortum.com.tr\/fr\/wp-json\/wp\/v2\/product_tag?post=734"}],"curies":[{"name":"wp","href":"https:\/\/api.w.org\/{rel}","templated":true}]}}