{"id":731,"date":"2019-02-06T23:53:16","date_gmt":"2019-02-06T20:53:16","guid":{"rendered":"http:\/\/hortum.com.tr\/product\/import-placeholder-for-90\/"},"modified":"2024-03-21T17:43:21","modified_gmt":"2024-03-21T14:43:21","slug":"yuksek-isiya-dayanikli-gida-alici-verici-hortum","status":"publish","type":"product","link":"https:\/\/tuzlahortum.com.tr\/fr\/produit\/yuksek-isiya-dayanikli-gida-alici-verici-hortum\/","title":{"rendered":"Tuyau \u00e9metteur-r\u00e9cepteur alimentaire r\u00e9sistant aux hautes temp\u00e9ratures"},"content":{"rendered":"<h2>Tuyau \u00e9metteur-r\u00e9cepteur alimentaire r\u00e9sistant aux hautes temp\u00e9ratures<\/h2>\n<div>DOMAINES D&#039;UTILISATION: Il est utilis\u00e9 dans le transport et l&#039;aspiration de solides et de sirops \u00e0 haute temp\u00e9rature en usine ou \u00e0 partir de camions-citernes.<\/div>\n<div><\/div>\n<div>Produit conform\u00e9ment aux normes FDA (alimentaires)<\/div>\n<div><\/div>\n<div>CONSTRUCTION<\/div>\n<div>Dessous : Caoutchouc synth\u00e9tique sp\u00e9cial, blanc, conforme \u00e0 la r\u00e9glementation alimentaire<\/div>\n<div>Renforcement\u00a0: tissu de corde \u00e0 haute r\u00e9sistance, fil d&#039;acier int\u00e9gr\u00e9 intercalaire<\/div>\n<div>Tige : Caoutchouc synth\u00e9tique sp\u00e9cial, r\u00e9sistant \u00e0 l&#039;abrasion et \u00e0 toutes sortes de conditions climatiques.<\/div>\n<div><\/div>\n<div>\n<div class=\"video video-fit mb\" style=\"padding-top:56.25%;\"><p><iframe loading=\"lazy\" title=\"Quel tuyau alimentaire choisir ?\" width=\"1020\" height=\"574\" src=\"https:\/\/www.youtube.com\/embed\/1RIgy8WF1Ao?feature=oembed\" frameborder=\"0\" allow=\"accelerometer; autoplay; clipboard-write; encrypted-media; gyroscope; picture-in-picture; web-share\" referrerpolicy=\"strict-origin-when-cross-origin\" allowfullscreen><\/iframe><\/p>\n<\/div>\n<div class=\"video video-fit mb\" style=\"padding-top:56.25%;\"><p><iframe loading=\"lazy\" title=\"Confusion des mesures (pouces, doigts, brume, millim\u00e8tres)\" width=\"1020\" height=\"574\" src=\"https:\/\/www.youtube.com\/embed\/uKk6AG_AZls?feature=oembed\" frameborder=\"0\" allow=\"accelerometer; autoplay; clipboard-write; encrypted-media; gyroscope; picture-in-picture; web-share\" referrerpolicy=\"strict-origin-when-cross-origin\" allowfullscreen><\/iframe><\/p>\n<\/div>\n<\/div>","protected":false},"excerpt":{"rendered":"<p>Y\u00fcksek Is\u0131ya Dayan\u0131kl\u0131 G\u0131da Al\u0131c\u0131-Verici Hortum KULLANIM ALANLARI : Y\u00fcksek \u0131s\u0131daki kat\u0131 ve \u015furup gibi maddelerin fabrika i\u00e7inde veya tankerlerden nakil ve emi\u015flerinde kullan\u0131l\u0131r. FDA (G\u0131da) Normlar\u0131na Uygun Olarak \u00dcretilmektedir KONTR\u00dcKS\u0130YON Alt : \u00d6zel sentetik kau\u00e7uk, beyaz, g\u0131da t\u00fcz\u00fc\u011f\u00fcne uygun Takviye : Y\u00fcksek mukavemetli kord bezi, katlararas\u0131 g\u00f6m\u00fcl\u00fc \u00e7elik tel \u00dcst : \u00d6zel sentetik kau\u00e7uki, [&#8230;]\n","protected":false},"featured_media":1696,"comment_status":"open","ping_status":"closed","template":"","meta":{"jetpack_post_was_ever_published":false},"product_brand":[],"product_cat":[155],"product_tag":[833,834,531,832],"class_list":{"0":"post-731","1":"product","2":"type-product","3":"status-publish","4":"has-post-thumbnail","6":"product_cat-gida-hortumlari","7":"product_tag-kati-ve-surup-maddelerin-nakliye-ve-emis-hortumu","8":"product_tag-kizgin-yag","9":"product_tag-sicak-su","10":"product_tag-yuksek-isiya-dayanikli-gida-alici-verici-hortum","12":"first","13":"instock","14":"taxable","15":"shipping-taxable","16":"product-type-variable"},"jetpack-related-posts":[{"id":733,"url":"https:\/\/tuzlahortum.com.tr\/fr\/produit\/yuksek-isiya-dayanikli-gida-verici-hortum\/","url_meta":{"origin":731,"position":0},"title":"Tuyau de distributeur d&#039;aliments r\u00e9sistant aux hautes temp\u00e9ratures","author":"admin","date":"6 f\u00e9vrier 2019","format":false,"excerpt":"Y\u00fcksek Is\u0131ya Dayan\u0131kl\u0131 G\u0131da Verici HortumKULLANIM ALANLARI : Y\u00fcksek \u0131s\u0131daki kat\u0131 ve \u015furup gibi maddelerin fabrika i\u00e7i ve tankerden nakillerinde kullan\u0131l\u0131r. FDA (G\u0131da) Normlar\u0131na Uygun Olarak \u00dcretilmektedir KONTR\u00dcKS\u0130YON Alt : \u00d6zel sentetik kau\u00e7uk, beyaz, g\u0131da t\u00fcz\u00fc\u011f\u00fcne uygun Takviye : Y\u00fcksek mukavemetli kord bezi \u00dcst : \u00d6zel sentetik kau\u00e7uk, mavi, a\u015f\u0131nmaya\u2026","rel":"","context":"Article similaire","block_context":{"text":"Article similaire","link":""},"img":{"alt_text":"","src":"https:\/\/i0.wp.com\/tuzlahortum.com.tr\/wp-content\/uploads\/urunler\/kaucuk\/superlas-sarap-bira-verici-hortum.jpg?fit=360%2C270&ssl=1&resize=350%2C200","width":350,"height":200},"classes":[]},{"id":647,"url":"https:\/\/tuzlahortum.com.tr\/fr\/produit\/kati-gida-alici-verici-hortum\/","url_meta":{"origin":731,"position":1},"title":"Tuyau \u00e9metteur-r\u00e9cepteur pour aliments solides","author":"admin","date":"6 f\u00e9vrier 2019","format":false,"excerpt":"Kat\u0131 G\u0131da Al\u0131c\u0131-Verici HortumKULLANIM ALANLARI : Tankerle ta\u015f\u0131nan veya fabrika dahili tahliye i\u015flerinde kullan\u0131lan un, \u015feker gibi a\u015f\u0131nd\u0131r\u0131c\u0131 kuru g\u0131da emme ve nakliyesinde . FDA (G\u0131da) Normlar\u0131na Uygun Olarak \u00dcretilmektedir KONTR\u00dcKS\u0130YON Alt : Y\u00fcksek kalitede NR, g\u0131da t\u00fcz\u00fc\u011f\u00fcne uygun, a\u015f\u0131nmaya dayan\u0131kl\u0131 Takviye : Y\u00fcksek mukavemetli kord bezi, katlararas\u0131 g\u00f6m\u00fcl\u00fc \u00e7elik\u2026","rel":"","context":"Article similaire","block_context":{"text":"Article similaire","link":""},"img":{"alt_text":"","src":"https:\/\/i0.wp.com\/tuzlahortum.com.tr\/wp-content\/uploads\/urunler\/kaucuk\/superlas-gida-silo-alici-verici-hortum.jpg?fit=360%2C270&ssl=1&resize=350%2C200","width":350,"height":200},"classes":[]},{"id":730,"url":"https:\/\/tuzlahortum.com.tr\/fr\/produit\/yagli-gida-alici-verici-hortumlar\/","url_meta":{"origin":731,"position":2},"title":"Tuyaux \u00e9metteurs-r\u00e9cepteurs pour aliments gras","author":"admin","date":"6 f\u00e9vrier 2019","format":false,"excerpt":"Ya\u011fl\u0131 G\u0131da Al\u0131c\u0131-Verici HortumlarKULLANIM ALANLARI :\u00a0S\u00fct, ya\u011f ve her t\u00fcrl\u00fc\u00a0alkols\u00fcz i\u00e7ecek\u00a0nakil ve emi\u015flerinde kullan\u0131l\u0131r. FDA (G\u0131da) Normlar\u0131na Uygun Olarak \u00dcretilmektedir KONTR\u00dcKS\u0130YON Alt : NR\/NBR, beyaz, d\u00fcz, g\u0131da t\u00fcz\u00fc\u011f\u00fcne uygun Takviye : Y\u00fcksek mukavemetli kord bezi, katlararas\u0131 \u00e7elik tel \u00dcst : NR\/EPDM, NBR\/PVC\/SBR k\u0131rm\u0131z\u0131 veya mavi, a\u015f\u0131nmaya ve her t\u00fcrl\u00fc iklim\u2026","rel":"","context":"Article similaire","block_context":{"text":"Article similaire","link":""},"img":{"alt_text":"","src":"https:\/\/i0.wp.com\/tuzlahortum.com.tr\/wp-content\/uploads\/urunler\/kaucuk\/superlas-sut-yagli-gida-alici-verici-hortum.jpg?fit=360%2C270&ssl=1&resize=350%2C200","width":350,"height":200},"classes":[]},{"id":646,"url":"https:\/\/tuzlahortum.com.tr\/fr\/produit\/gida-icme-suyu-alici-verici-hortumlar\/","url_meta":{"origin":731,"position":3},"title":"Nourriture Eau potable \u00c9metteur-r\u00e9cepteur Tuyaux","author":"admin","date":"6 f\u00e9vrier 2019","format":false,"excerpt":"G\u0131da \u0130\u00e7me Suyu Al\u0131c\u0131-Verici HortumlarKULLANIM ALANLARI : \u0130ste\u011fe g\u00f6re, her t\u00fcrl\u00fc alkoll\u00fc i\u00e7ecek, ya\u011fl\u0131 g\u0131da ve i\u00e7me suyunun nakil ve emi\u015flerinde kullan\u0131l\u0131r. FDA (G\u0131da) Normlar\u0131na Uygun Olarak \u00dcretilmektedir KONTR\u00dcKS\u0130YON Alt : NR\/NBR, beyaz, d\u00fcz, g\u0131da t\u00fcz\u00fc\u011f\u00fcne uygun Takviye : Y\u00fcksek mukavemetli kord bezi, katlararas\u0131 \u00e7elik tel \u00dcst : NR\/EPDM, NBR\/PVC\/SBR\u2026","rel":"","context":"Article similaire","block_context":{"text":"Article similaire","link":""},"img":{"alt_text":"","src":"https:\/\/i0.wp.com\/tuzlahortum.com.tr\/wp-content\/uploads\/urunler\/kaucuk\/superlas-sut-yagli-gida-alici-verici-hortum.jpg?fit=360%2C270&ssl=1&resize=350%2C200","width":350,"height":200},"classes":[]},{"id":649,"url":"https:\/\/tuzlahortum.com.tr\/fr\/produit\/kati-gida-verici-hortum\/","url_meta":{"origin":731,"position":4},"title":"Tuyau de livraison d&#039;aliments solides","author":"admin","date":"6 f\u00e9vrier 2019","format":false,"excerpt":"Kat\u0131 G\u0131da Verici HortumKULLANIM ALANLARI : Tankerle ta\u015f\u0131nan veya fabrika dahili tahliye i\u015flerinde kullan\u0131lan un, \u015feker gibi a\u015f\u0131nd\u0131r\u0131c\u0131 kuru g\u0131da nakliyesinde . FDA (G\u0131da) Normlar\u0131na Uygun Olarak \u00dcretilmektedir KONTR\u00dcKS\u0130YON Alt : Y\u00fcksek kalitede NR, g\u0131da t\u00fcz\u00fc\u011f\u00fcne uygun, a\u015f\u0131nmaya dayan\u0131kl\u0131 Takviye : Y\u00fcksek mukavemetli kord bezi, \u00dcst : SBR\/NR, mavi,a\u015f\u0131nmaya ve\u2026","rel":"","context":"Article similaire","block_context":{"text":"Article similaire","link":""},"img":{"alt_text":"","src":"https:\/\/i0.wp.com\/tuzlahortum.com.tr\/wp-content\/uploads\/urunler\/kaucuk\/superlas-gida-silo-hortumu-2.jpg?fit=360%2C270&ssl=1&resize=350%2C200","width":350,"height":200},"classes":[]},{"id":732,"url":"https:\/\/tuzlahortum.com.tr\/fr\/produit\/gida-icme-suyu-verici-hortum\/","url_meta":{"origin":731,"position":5},"title":"Tuyau de distributeur d&#039;eau potable","author":"admin","date":"6 f\u00e9vrier 2019","format":false,"excerpt":"G\u0131da \u0130\u00e7me Suyu Verici HortumKULLANIM ALANLARI : \u0130\u00e7me suyunun ta\u015f\u0131nma ve nakillerinde kullan\u0131l\u0131r. FDA (G\u0131da) Normlar\u0131na Uygun Olarak \u00dcretilmektedir KONTR\u00dcKS\u0130YON Alt : NR\/NBR, beyaz, d\u00fcz, g\u0131da t\u00fcz\u00fc\u011f\u00fcne uygun Takviye : Y\u00fcksek mukavemetli kord bezi \u00dcst : NR\/EPDM, NBR\/PVC\/SBR k\u0131rm\u0131z\u0131 veya mavi, a\u015f\u0131nmaya ve her t\u00fcrl\u00fc iklim \u015fartlar\u0131na dayan\u0131kl\u0131","rel":"","context":"Article similaire","block_context":{"text":"Article similaire","link":""},"img":{"alt_text":"","src":"https:\/\/i0.wp.com\/tuzlahortum.com.tr\/wp-content\/uploads\/urunler\/kaucuk\/superlas-sut-yagli-gida-verici-hortum.jpg?fit=360%2C270&ssl=1&resize=350%2C200","width":350,"height":200},"classes":[]}],"jetpack_sharing_enabled":true,"jetpack_likes_enabled":true,"_links":{"self":[{"href":"https:\/\/tuzlahortum.com.tr\/fr\/wp-json\/wp\/v2\/product\/731","targetHints":{"allow":["GET"]}}],"collection":[{"href":"https:\/\/tuzlahortum.com.tr\/fr\/wp-json\/wp\/v2\/product"}],"about":[{"href":"https:\/\/tuzlahortum.com.tr\/fr\/wp-json\/wp\/v2\/types\/product"}],"replies":[{"embeddable":true,"href":"https:\/\/tuzlahortum.com.tr\/fr\/wp-json\/wp\/v2\/comments?post=731"}],"wp:featuredmedia":[{"embeddable":true,"href":"https:\/\/tuzlahortum.com.tr\/fr\/wp-json\/wp\/v2\/media\/1696"}],"wp:attachment":[{"href":"https:\/\/tuzlahortum.com.tr\/fr\/wp-json\/wp\/v2\/media?parent=731"}],"wp:term":[{"taxonomy":"product_brand","embeddable":true,"href":"https:\/\/tuzlahortum.com.tr\/fr\/wp-json\/wp\/v2\/product_brand?post=731"},{"taxonomy":"product_cat","embeddable":true,"href":"https:\/\/tuzlahortum.com.tr\/fr\/wp-json\/wp\/v2\/product_cat?post=731"},{"taxonomy":"product_tag","embeddable":true,"href":"https:\/\/tuzlahortum.com.tr\/fr\/wp-json\/wp\/v2\/product_tag?post=731"}],"curies":[{"name":"wp","href":"https:\/\/api.w.org\/{rel}","templated":true}]}}