{"id":729,"date":"2019-02-06T23:53:16","date_gmt":"2019-02-06T20:53:16","guid":{"rendered":"http:\/\/hortum.com.tr\/product\/import-placeholder-for-84\/"},"modified":"2024-03-21T17:43:23","modified_gmt":"2024-03-21T14:43:23","slug":"cam-elyafli-buhar-hortumlari","status":"publish","type":"product","link":"https:\/\/tuzlahortum.com.tr\/fr\/produit\/cam-elyafli-buhar-hortumlari\/","title":{"rendered":"Tuyaux vapeur en fibre de verre"},"content":{"rendered":"<h2>Tuyaux vapeur en fibre de verre<\/h2>\n<div>DOMAINES D&#039;UTILISATION\u00a0: Dans les travaux de transfert de vapeur et d&#039;eau chaude o\u00f9 le rayonnement thermique et les particules surchauff\u00e9es (jusqu&#039;\u00e0 550\u00a0oC) sont pr\u00e9sents.<\/div>\n<div><\/div>\n<div>CERTIFICATS : Les flexibles sont de marque TSE. TS2149 CLASSE 1 \/ TYPE 1<\/div>\n<div><\/div>\n<div>CONSTRUCTION<\/div>\n<div>Fond : EPDM, noir, r\u00e9sistant \u00e0 la vapeur 165oC<\/div>\n<div>Renforcement : Renfort textile haute r\u00e9sistance et r\u00e9sistant \u00e0 la chaleur<\/div>\n<div>Dessus : m\u00e9lange EPDM\/CSM, qui offre une haute r\u00e9sistance \u00e0 la chaleur, envelopp\u00e9 de fibre de verre et coll\u00e9<\/div>\n<div>\n<div class=\"video video-fit mb\" style=\"padding-top:56.25%;\"><p><iframe loading=\"lazy\" title=\"Confusion des mesures (pouces, doigts, brume, millim\u00e8tres)\" width=\"1020\" height=\"574\" src=\"https:\/\/www.youtube.com\/embed\/uKk6AG_AZls?feature=oembed\" frameborder=\"0\" allow=\"accelerometer; autoplay; clipboard-write; encrypted-media; gyroscope; picture-in-picture; web-share\" referrerpolicy=\"strict-origin-when-cross-origin\" allowfullscreen><\/iframe><\/p>\n<\/div>\n<div class=\"video video-fit mb\" style=\"padding-top:56.25%;\"><p>https:\/\/www.youtube.com\/watch?v=O8ZlzKEjfEQ%20<\/p>\n<\/div>\n<\/div>","protected":false},"excerpt":{"rendered":"<p>Cam Elyafl\u0131 Buhar Hortumlar\u0131 KULLANIM ALANLARI : Is\u0131 radyasyonu ve k\u0131zg\u0131n zerreciklerin (550oC&#8217;ye kadar) bulundu\u011fu buhar ve s\u0131cak su nakil i\u015flerinde SERT\u0130F\u0130KALAR : Hortumlar TSE markal\u0131d\u0131r. TS2149 SINIF 1 \/ T\u0130P 1 KONTR\u00dcKS\u0130YON Alt : EPDM, siyah, 165oC buhara dayan\u0131kl\u0131 Takviye : Y\u00fcksek mukavemetli ve \u0131s\u0131ya dayan\u0131kl\u0131 tekstil takviye \u00dcst : Y\u00fcksek \u0131s\u0131ya mukavemeti sa\u011flayan [&#8230;]\n","protected":false},"featured_media":1691,"comment_status":"open","ping_status":"closed","template":"","meta":{"jetpack_post_was_ever_published":false},"product_brand":[],"product_cat":[154],"product_tag":[827,826,830,829,828],"class_list":{"0":"post-729","1":"product","2":"type-product","3":"status-publish","4":"has-post-thumbnail","6":"product_cat-buhar-hortumlari","7":"product_tag-buhar-ve-sicak-su-nakil-hortumu","8":"product_tag-cam-elyafli-buhar-hortumlari","9":"product_tag-cok-yuksek-isi","10":"product_tag-kivilcima-dayanikli","11":"product_tag-kizgin-zerreciklere-dayanikli","13":"first","14":"instock","15":"taxable","16":"shipping-taxable","17":"product-type-variable"},"jetpack-related-posts":[],"jetpack_sharing_enabled":true,"jetpack_likes_enabled":true,"_links":{"self":[{"href":"https:\/\/tuzlahortum.com.tr\/fr\/wp-json\/wp\/v2\/product\/729","targetHints":{"allow":["GET"]}}],"collection":[{"href":"https:\/\/tuzlahortum.com.tr\/fr\/wp-json\/wp\/v2\/product"}],"about":[{"href":"https:\/\/tuzlahortum.com.tr\/fr\/wp-json\/wp\/v2\/types\/product"}],"replies":[{"embeddable":true,"href":"https:\/\/tuzlahortum.com.tr\/fr\/wp-json\/wp\/v2\/comments?post=729"}],"wp:featuredmedia":[{"embeddable":true,"href":"https:\/\/tuzlahortum.com.tr\/fr\/wp-json\/wp\/v2\/media\/1691"}],"wp:attachment":[{"href":"https:\/\/tuzlahortum.com.tr\/fr\/wp-json\/wp\/v2\/media?parent=729"}],"wp:term":[{"taxonomy":"product_brand","embeddable":true,"href":"https:\/\/tuzlahortum.com.tr\/fr\/wp-json\/wp\/v2\/product_brand?post=729"},{"taxonomy":"product_cat","embeddable":true,"href":"https:\/\/tuzlahortum.com.tr\/fr\/wp-json\/wp\/v2\/product_cat?post=729"},{"taxonomy":"product_tag","embeddable":true,"href":"https:\/\/tuzlahortum.com.tr\/fr\/wp-json\/wp\/v2\/product_tag?post=729"}],"curies":[{"name":"wp","href":"https:\/\/api.w.org\/{rel}","templated":true}]}}